{"id":1123,"date":"2021-03-16T09:52:19","date_gmt":"2021-03-16T08:52:19","guid":{"rendered":"https:\/\/www.polandtastesgood.pl\/deklaracja-dostepnosci\/"},"modified":"2021-03-24T15:04:16","modified_gmt":"2021-03-24T14:04:16","slug":"deklaracja-dostepnosci","status":"publish","type":"page","link":"https:\/\/www.polandtastesgood.pl\/zh-hant\/deklaracja-dostepnosci\/","title":{"rendered":"\u6ce2\u862d\u53e3\u5473\u826f\u597d\u7684\u7db2\u7ad9\u53ef\u7528\u6027\u8072\u660e"},"content":{"rendered":"<h2 id=\"a11y-wstep\">Wst\u0119p Deklaracji<\/h2>\n<p><span id=\"a11y-podmiot\">Krajowy O\u015brodek Wsparcia Rolnictwa<\/span> zobowi\u0105zuje si\u0119 zapewni\u0107 dost\u0119pno\u015b\u0107 swojej strony internetowej zgodnie z ustaw\u0105 z dnia 4 kwietnia 2019 r. o dost\u0119pno\u015bci cyfrowej stron internetowych i aplikacji mobilnych podmiot\u00f3w publicznych. O\u015bwiadczenie w sprawie dost\u0119pno\u015bci ma zastosowanie do\u00a0<a id=\"a11y-url\" href=\"https:\/\/polandtastesgood.pl\" target=\"_blank\" rel=\"noopener\">Poland Tastes Good.<\/a><\/p>\n<p>Data publikacji strony internetowej: <span id=\"a11y-data-publikacja\">2021-03-18<\/span><br \/>\nData ostatniej du\u017cej aktualizacji: <span id=\"a11y-data-aktualizacja\">2021-03-18<\/span><\/p>\n<h2>Status pod wzgl\u0119dem zgodno\u015bci z ustaw\u0105<\/h2>\n<p><span id=\"a11y-status\">Strona internetowa jest\u00a0<strong>cz\u0119\u015bciowo zgodna<\/strong>\u00a0z ustaw\u0105 o dost\u0119pno\u015bci cyfrowej stron internetowych i aplikacji mobilnych podmiot\u00f3w publicznych z powodu niezgodno\u015bci lub wy\u0142\u0105cze\u0144 wymienionych poni\u017cej:<\/span><\/p>\n<ol>\n<li>zamieszczone na stronie publikacje w formie plik\u00f3w PDF nie s\u0105 dost\u0119pne cyfrowo w ca\u0142o\u015bci,<\/li>\n<li>cz\u0119\u015b\u0107 z opublikowanych zdj\u0119\u0107 nie posiada opisu alternatywnego,<\/li>\n<li>na niekt\u00f3rych stronach brak odpowiedniej struktury nag\u0142\u00f3wkowej artyku\u0142\u00f3w,<\/li>\n<li>brak mo\u017cliwo\u015bci zmiany odst\u0119p\u00f3w mi\u0119dzy wyrazami lub liniami tekstu.<\/li>\n<\/ol>\n<h4>Wy\u0142\u0105czenia:<\/h4>\n<ol>\n<li>mapy s\u0105 wy\u0142\u0105czone z obowi\u0105zku zapewniania dost\u0119pno\u015bci,<\/li>\n<li>filmy opublikowane przed wej\u015bciem w \u017cycie ustawy o dost\u0119pno\u015bci cyfrowej.<\/li>\n<\/ol>\n<p>O\u015bwiadczenie sporz\u0105dzono dnia:\u00a0<span id=\"a11y-data-sporzadzenie\">2021-03-18<\/span>. Deklaracj\u0119 sporz\u0105dzono na podstawie oceny przeprowadzonej przez podmiot prywatny\u00a0 MANT Mateusz Kr\u00f3l.<\/p>\n<h3 id=\"a11y-kontakt\">Informacje zwrotne i dane kontaktowe<\/h3>\n<p>Za rozpatrywanie uwag i wniosk\u00f3w odpowiada:<\/p>\n<ul>\n<li><span id=\"a11y-osoba\">Micha\u0142 Dziewior<\/span><\/li>\n<li>E-mail:\u00a0<a id=\"a11y-email\" href=\"michal.dziewior@kowr.gov.pl\">michal.dziewior@kowr.gov.pl<\/a><\/li>\n<li>Telefon:\u00a0<a id=\"a11y-telefon\" href=\"tel:+48 606 479 004\">+48 606 479 004<\/a><\/li>\n<\/ul>\n<div id=\"a11y-procedura\">\n<h4>Ka\u017cdy ma prawo:<\/h4>\n<ul>\n<li>zg\u0142osi\u0107 uwagi dotycz\u0105ce dost\u0119pno\u015bci cyfrowej strony lub jej elementu,<\/li>\n<li>zg\u0142osi\u0107 \u017c\u0105danie zapewnienia dost\u0119pno\u015bci cyfrowej strony lub jej elementu,<\/li>\n<li>wnioskowa\u0107 o udost\u0119pnienie niedost\u0119pnej informacji w innej alternatywnej formie.<\/li>\n<\/ul>\n<h4>\u017b\u0105danie musi zawiera\u0107:<\/h4>\n<ul>\n<li>dane kontaktowe osoby zg\u0142aszaj\u0105cej,<\/li>\n<li>wskazanie strony lub elementu strony, kt\u00f3rej dotyczy \u017c\u0105danie,<\/li>\n<li>wskazanie dogodnej formy udost\u0119pnienia informacji, je\u015bli \u017c\u0105danie dotyczy udost\u0119pnienia w formie alternatywnej informacji niedost\u0119pnej.<\/li>\n<\/ul>\n<p>Rozpatrzenie zg\u0142oszenia powinno nast\u0105pi\u0107 niezw\u0142ocznie, najp\u00f3\u017aniej w ci\u0105gu 7 dni. Je\u015bli w tym terminie zapewnienie dost\u0119pno\u015bci albo zapewnienie dost\u0119pu w alternatywnej formie nie jest mo\u017cliwe, powinno nast\u0105pi\u0107 najdalej w ci\u0105gu 2 miesi\u0119cy od daty zg\u0142oszenia.<\/p>\n<h3>Skargi i odwo\u0142ania<\/h3>\n<p>Na niedotrzymanie tych termin\u00f3w oraz na odmow\u0119 realizacji \u017c\u0105dania mo\u017cna z\u0142o\u017cy\u0107 skarg\u0119 do organu nadzoruj\u0105cego poczt\u0105 lub drog\u0105 elektroniczn\u0105 na adres:<\/p>\n<ul>\n<li>Organ nadzoruj\u0105cy: Rzecznika Praw Obywatelskich<\/li>\n<li>E-mail: <a href=\"biurorzecznika@brpo.gov.pl\">biurorzecznika@brpo.gov.pl<\/a><\/li>\n<li>Telefon: <a href=\"tel:(22) 55 17 700\">(22) 55 17 700<\/a><\/li>\n<li>Adres: Biuro Rzecznika Praw Obywatelskich<br \/>\nal. Solidarno\u015bci 77<br \/>\n00-090 Warszawa<\/li>\n<\/ul>\n<h4>Ka\u017cdy ma prawo:<\/h4>\n<ul>\n<li>zg\u0142osi\u0107 uwagi dotycz\u0105ce dost\u0119pno\u015bci cyfrowej strony lub jej elementu,<\/li>\n<li>zg\u0142osi\u0107 \u017c\u0105danie zapewnienia dost\u0119pno\u015bci cyfrowej strony lub jej elementu,<\/li>\n<li>wnioskowa\u0107 o udost\u0119pnienie niedost\u0119pnej informacji w innej alternatywnej formie.<\/li>\n<\/ul>\n<h4>\u017b\u0105danie musi zawiera\u0107:<\/h4>\n<ul>\n<li>dane kontaktowe osoby zg\u0142aszaj\u0105cej,<\/li>\n<li>wskazanie strony lub elementu strony, kt\u00f3rej dotyczy \u017c\u0105danie,<\/li>\n<li>wskazanie dogodnej formy udost\u0119pnienia informacji, je\u015bli \u017c\u0105danie dotyczy udost\u0119pnienia w formie alternatywnej informacji niedost\u0119pnej.<\/li>\n<\/ul>\n<p>Rozpatrzenie zg\u0142oszenia powinno nast\u0105pi\u0107 niezw\u0142ocznie, najp\u00f3\u017aniej w ci\u0105gu 7 dni. Je\u015bli w tym terminie zapewnienie dost\u0119pno\u015bci albo zapewnienie dost\u0119pu w alternatywnej formie nie jest mo\u017cliwe, powinno nast\u0105pi\u0107 najdalej w ci\u0105gu 2 miesi\u0119cy od daty zg\u0142oszenia.<\/p>\n<p>Ka\u017cdy ma prawo do wyst\u0105pienia z \u017c\u0105daniem zapewnienia dost\u0119pno\u015bci cyfrowej strony internetowej, aplikacji mobilnej lub jakiego\u015b ich elementu. Mo\u017cna tak\u017ce za\u017c\u0105da\u0107 udost\u0119pnienia informacji w formach alternatywnych, na przyk\u0142ad odczytanie niedost\u0119pnego cyfrowo dokumentu, opisania zawarto\u015bci filmu bez audiodeskrypcji itp. \u017b\u0105danie powinno zawiera\u0107 dane osoby zg\u0142aszaj\u0105cej \u017c\u0105danie, wskazanie, o kt\u00f3r\u0105 stron\u0119 internetow\u0105 lub aplikacj\u0119 mobiln\u0105 chodzi oraz spos\u00f3b kontaktu. Je\u017celi osoba \u017c\u0105daj\u0105ca zg\u0142asza potrzeb\u0119 otrzymania informacji w formie alternatywnej, powinna tak\u017ce okre\u015bli\u0107 form\u0119 tej informacji.<\/p>\n<p>Podmiot publiczny powinien zrealizowa\u0107 \u017c\u0105danie niezw\u0142ocznie i nie p\u00f3\u017aniej, ni\u017c w ci\u0105gu 7 dni. Je\u017celi dotrzymanie tego terminu nie jest mo\u017cliwe, podmiot publiczny niezw\u0142ocznie informuje o tym, kiedy realizacja \u017c\u0105dania b\u0119dzie mo\u017cliwa, przy czym termin ten nie mo\u017ce by\u0107 d\u0142u\u017cszy ni\u017c 2 miesi\u0105ce. Je\u017celi zapewnienie dost\u0119pno\u015bci nie jest mo\u017cliwe, podmiot publiczny mo\u017ce zaproponowa\u0107 alternatywny spos\u00f3b dost\u0119pu do informacji.<\/p>\n<p>W przypadku, gdy podmiot odm\u00f3wi realizacji \u017c\u0105dania zapewnienia dost\u0119pno\u015bci lub alternatywnego dost\u0119pu do informacji, mo\u017cna z\u0142o\u017cy\u0107 skarg\u0119 na takie dzia\u0142anie.<\/p>\n<p>Po wyczerpaniu wszystkich mo\u017cliwo\u015bci skarg\u0119 mo\u017cna przes\u0142a\u0107 tak\u017ce do Rzecznika Praw Obywatelskich <a href=\"https:\/\/www.rpo.gov.pl\/content\/jak-zglosic-sie-do-rzecznika-praw-obywatelskich\" rel=\"nofollow noopener\" target=\"_blank\">https:\/\/www.rpo.gov.pl\/content\/jak-zglosic-sie-do-rzecznika-praw-obywatelskich<\/a><\/p>\n<p>Skarg\u0119 mo\u017cna z\u0142o\u017cy\u0107 r\u00f3wnie\u017c do\u00a0<a href=\"https:\/\/www.rpo.gov.pl\/content\/jak-zglosic-sie-do-rzecznika-praw-obywatelskich\" target=\"_blank\" rel=\"noopener noreferrer nofollow\">Rzecznika Praw Obywatelskich.<\/a><\/p>\n<\/div>\n<h2>Skr\u00f3ty klawiaturowe<\/h2>\n<p>Strona nie wykorzystuje dedykowanych skr\u00f3t\u00f3w klawiaturowych mog\u0105cych wchodzi\u0107 w interakcj\u0119 z technologiami asystuj\u0105cymi.<\/p>\n<h2>Udogodnienia<\/h2>\n<p>Serwis udost\u0119pnia nast\u0119puj\u0105ce funkcje u\u0142atwie\u0144 dost\u0119pu:<\/p>\n<ul>\n<li>prze\u0142\u0105cznik wersji wysokiego kontrastu,<\/li>\n<li>prze\u0142\u0105cznik podkre\u015blenia \u0142\u0105czy URL,<\/li>\n<li>przyciski zwi\u0119kszenia\/pomniejszenia wielko\u015bci fontu,<\/li>\n<li>skip linki pozwalaj\u0105ce na pomini\u0119cie powtarzanych blok\u00f3w,<\/li>\n<li>wska\u017anik fokus podczas nawigacji za pomoc\u0105 klawiatury.<\/li>\n<\/ul>\n<h2 id=\"a11y-architektura\">Dost\u0119pno\u015b\u0107 architektoniczna<\/h2>\n<p>Krajowy O\u015brodek Wsparcia Rolnictwa (KOWR) ma swoj\u0105 Central\u0119 na ul. Karolkowa 30, 01-207 Warszawa<\/p>\n<ol>\n<li>Do budynku, w kt\u00f3rym KOWR ma swoj\u0105 siedzib\u0119 prowadz\u0105 3 wej\u015bcia przeznaczone dla go\u015bci tj. dwa wej\u015bcia od ul. Karolkowej &#8211; w tym jedno z drzwiami obrotowymi, kt\u00f3re jest wej\u015bciem g\u0142\u00f3wnym do budynku oraz jedno wej\u015bcie na ty\u0142ach budynku od ulicy wewn\u0119trznej K2.<\/li>\n<li>Wszystkie wej\u015bcia zapewniaj\u0105 swobodny dost\u0119p do budynku przez osoby niepe\u0142nosprawne, bezpo\u015brednio z chodnika, bez ogranicze\u0144 architektonicznych.<\/li>\n<li>W holu g\u0142\u00f3wnym budynku znajduje si\u0119 Recepcja budynku, kt\u00f3ra udziela niezb\u0119dnych informacji jak porusza\u0107 si\u0119 po budynku oraz kieruje go\u015bci do Kancelarii KOWR mieszcz\u0105cej si\u0119 na 1 pi\u0119trze budynku. Do Kancelarii KOWR osoba niepe\u0142nosprawna mo\u017ce dosta\u0107 si\u0119 za pomoc\u0105 wind znajduj\u0105cych si\u0119 holu g\u0142\u00f3wnym budynku, do kt\u00f3rych prowadz\u0105 bramki umo\u017cliwiaj\u0105ce przejazd osobom na w\u00f3zku.<\/li>\n<li>Szeroko\u015b\u0107 drzwi oraz ci\u0105g\u00f3w komunikacyjnych w ca\u0142ym budynku dostosowana do potrzeb os\u00f3b niepe\u0142nosprawnych. W budynku nie wyst\u0119puj\u0105 progi pod\u0142ogowe.<\/li>\n<li>Windy w budynku umo\u017cliwiaj\u0105 przew\u00f3z os\u00f3b z trudno\u015bciami w poruszaniu si\u0119.<\/li>\n<li>Na powierzchni KOWR (pi\u0119tra 2-7) znajduje si\u0119 10 toalet przystosowanych do potrzeb os\u00f3b niepe\u0142nosprawnych \u2013 toaleta dla niepe\u0142nosprawnych znajduje si\u0119 na ka\u017cdej kondygnacji zajmowanej przez KOWR.<\/li>\n<li>Do budynku oraz na powierzchni\u0119 KOWR niepe\u0142nosprawni mog\u0105 porusza\u0107 si\u0119 z psem asystuj\u0105cym i psem przewodnikiem.<\/li>\n<li>Wok\u00f3\u0142 budynku jest mo\u017cliwo\u015b\u0107 skorzystania z miejsc parkingowych wyznaczonych dla os\u00f3b niepe\u0142nosprawnych.<\/li>\n<li>W budynku nie ma oznacze\u0144 w alfabecie brajla ani oznacze\u0144 kontrastowych lub w druku powi\u0119kszonym dla os\u00f3b niewidomych lub s\u0142abowidz\u0105cych.<\/li>\n<li>W budynku nie ma p\u0119tli indukcyjnej.<\/li>\n<li>Mo\u017cliwo\u015b\u0107 skorzystania z t\u0142umacza j\u0119zyka migowego. Szczeg\u00f3\u0142y dost\u0119pne pod adresem\u00a0<a title=\"Otwarcie w nowym oknie\" href=\"https:\/\/kowr.gov.pl\/kontakt\/niezbedne-informacje-dla-osob-nieslyszacych\" target=\"_blank\" rel=\"noopener nofollow\">https:\/\/kowr.gov.pl\/kontakt\/niezbedne-informacje-dla-osob-nieslyszacych<\/a>.<\/li>\n<li>W pobli\u017cu budynku znajduje si\u0119 stacja metra Rondo Daszy\u0144skiego oraz przystanki komunikacji miejskiej: tramwajowy dla linii nr 10, oraz autobusowy dla linii 102, 105, 109, 155, 171, 178, 190, 255.<\/li>\n<\/ol>\n<h2>Informacje dodatkowe<\/h2>\n<p>Na stronie internetowej mo\u017cna korzysta\u0107 ze standardowych skr\u00f3t\u00f3w klawiaturowych.<\/p>\n","protected":false},"excerpt":{"rendered":"<p>Wst\u0119p Deklaracji Krajowy O\u015brod&#8230;<\/p>\n","protected":false},"author":10,"featured_media":0,"parent":0,"menu_order":0,"comment_status":"closed","ping_status":"closed","template":"","meta":{"_acf_changed":false,"footnotes":""},"acf":[],"_links":{"self":[{"href":"https:\/\/www.polandtastesgood.pl\/zh-hant\/wp-json\/wp\/v2\/pages\/1123"}],"collection":[{"href":"https:\/\/www.polandtastesgood.pl\/zh-hant\/wp-json\/wp\/v2\/pages"}],"about":[{"href":"https:\/\/www.polandtastesgood.pl\/zh-hant\/wp-json\/wp\/v2\/types\/page"}],"author":[{"embeddable":true,"href":"https:\/\/www.polandtastesgood.pl\/zh-hant\/wp-json\/wp\/v2\/users\/10"}],"replies":[{"embeddable":true,"href":"https:\/\/www.polandtastesgood.pl\/zh-hant\/wp-json\/wp\/v2\/comments?post=1123"}],"version-history":[{"count":0,"href":"https:\/\/www.polandtastesgood.pl\/zh-hant\/wp-json\/wp\/v2\/pages\/1123\/revisions"}],"wp:attachment":[{"href":"https:\/\/www.polandtastesgood.pl\/zh-hant\/wp-json\/wp\/v2\/media?parent=1123"}],"curies":[{"name":"wp","href":"https:\/\/api.w.org\/{rel}","templated":true}]}}