{"id":442,"date":"2021-02-16T13:41:05","date_gmt":"2021-02-16T12:41:05","guid":{"rendered":"http:\/\/www.polandtastesgood.pl\/?page_id=442"},"modified":"2021-04-17T23:51:49","modified_gmt":"2021-04-17T21:51:49","slug":"o-projekcie","status":"publish","type":"page","link":"https:\/\/www.polandtastesgood.pl\/pl\/o-projekcie\/","title":{"rendered":"O projekcie"},"content":{"rendered":"<div class=\"wpb-content-wrapper\"><p>[vc_row][vc_column width=&#8221;2\/3&#8243;][vc_column_text]Budowanie pozytywnego wizerunku i\u00a0rozpoznawalno\u015bci polskiej \u017cywno\u015bci za\u00a0granic\u0105 pod\u00a0mark\u0105 \u201e<strong>POLAND TASTES GOOD<\/strong>\u201d to\u00a0jedno z\u00a0najwa\u017cniejszych zada\u0144 Krajowego O\u015brodka Wsparcia Rolnictwa. KOWR, jako agencja rz\u0105dowa nadzorowana przez\u00a0Ministerstwo Rolnic\u00adtwa i\u00a0Rozwoju Wsi,\u00a0 jest w\u00a0Polsce g\u0142\u00f3wnym podmiotem wdra\u017caj\u0105cym instrumenty polityki promocji w\u00a0sektorze rolno-\u017cywno\u015bciowym.<\/p>\n<p>Marka \u201e<strong>POLAND TASTES GOOD<\/strong>\u201d jest gwarantem smaku i\u00a0synonimem polskich produkt\u00f3w spo\u017cywczych najwy\u017cszej jako\u015bci, a\u00a0tak\u017ce odpowiedzi\u0105 na\u00a0rosn\u0105ce zapotrzebowanie na\u00a0\u017cywno\u015b\u0107 zdrow\u0105, wytwarzan\u0105 w\u00a0zgodzie ze\u00a0\u015brodowiskiem naturalnym, w\u00a0oparciu o\u00a0tradycyjne technologie i\u00a0sposoby produkcji.[\/vc_column_text][\/vc_column][vc_column width=&#8221;1\/3&#8243;][vc_single_image image=&#8221;34&#8243; img_size=&#8221;full&#8221; alignment=&#8221;center&#8221;][\/vc_column][\/vc_row]<\/p>\n<\/div>","protected":false},"excerpt":{"rendered":"<p>[vc_row][vc_column width=&#8221;2\/3&#8243;][vc_column_text]Budowanie pozytywnego wizerunku i\u00a0rozpoznawalno\u015bci polskiej \u017cywno\u015bci za\u00a0granic\u0105 pod\u00a0mark\u0105 \u201ePOLAND TASTES GOOD\u201d to\u00a0jedno z\u00a0najwa\u017cniejszych zada\u0144 Krajowego O\u015brodka Wsparcia Rolnictwa. KOWR, jako agencja rz\u0105dowa nadzorowana przez\u00a0Ministerstwo Rolnic\u00adtwa i\u00a0Rozwoju Wsi,\u00a0 jest w\u00a0Polsce&#8230;<\/p>\n","protected":false},"author":10,"featured_media":0,"parent":0,"menu_order":0,"comment_status":"closed","ping_status":"closed","template":"page-sidebar.php","meta":{"_acf_changed":false,"footnotes":""},"acf":[],"_links":{"self":[{"href":"https:\/\/www.polandtastesgood.pl\/pl\/wp-json\/wp\/v2\/pages\/442"}],"collection":[{"href":"https:\/\/www.polandtastesgood.pl\/pl\/wp-json\/wp\/v2\/pages"}],"about":[{"href":"https:\/\/www.polandtastesgood.pl\/pl\/wp-json\/wp\/v2\/types\/page"}],"author":[{"embeddable":true,"href":"https:\/\/www.polandtastesgood.pl\/pl\/wp-json\/wp\/v2\/users\/10"}],"replies":[{"embeddable":true,"href":"https:\/\/www.polandtastesgood.pl\/pl\/wp-json\/wp\/v2\/comments?post=442"}],"version-history":[{"count":6,"href":"https:\/\/www.polandtastesgood.pl\/pl\/wp-json\/wp\/v2\/pages\/442\/revisions"}],"predecessor-version":[{"id":2890,"href":"https:\/\/www.polandtastesgood.pl\/pl\/wp-json\/wp\/v2\/pages\/442\/revisions\/2890"}],"wp:attachment":[{"href":"https:\/\/www.polandtastesgood.pl\/pl\/wp-json\/wp\/v2\/media?parent=442"}],"curies":[{"name":"wp","href":"https:\/\/api.w.org\/{rel}","templated":true}]}}