{"id":420,"date":"2021-02-14T18:27:34","date_gmt":"2021-02-14T17:27:34","guid":{"rendered":"http:\/\/www.polandtastesgood.pl\/?page_id=420"},"modified":"2021-04-06T22:54:28","modified_gmt":"2021-04-06T20:54:28","slug":"zagraniczne-dzialania-promocyjne-kowr","status":"publish","type":"page","link":"https:\/\/www.polandtastesgood.pl\/pl\/o-projekcie\/zagraniczne-dzialania-promocyjne-kowr\/","title":{"rendered":"Zagraniczne Dzia\u0142ania Promocyjne KOWR"},"content":{"rendered":"<div class=\"wpb-content-wrapper\"><p>[vc_row][vc_column width=&#8221;1\/2&#8243;][vc_column_text]KOWR wspiera polskich przedsi\u0119biorc\u00f3w sektora rolno-spo\u017cywczego w dzia\u0142aniach na rzecz zdobycia nowych rynk\u00f3w zbytu, organizuj\u0105c z ich udzia\u0142em misje gospodarcze i stoiska narodowe na zagranicznych targach spo\u017cywczych. Przedsi\u0119biorcy uzyskuj\u0105 pomoc, pocz\u0105wszy od spraw organizacyjnych (np. transport i nocleg), przez organizacj\u0119 wizyt w punktach handlowych, a sko\u0144czywszy na spotkaniach biznesowych.<\/p>\n<p>KOWR pomaga polskim przedsi\u0119biorcom, organizuj\u0105c spotkania informacyjne po\u015bwi\u0119cone uwarunkowaniom prowadzenia biznesu na rynkach zagranicznych oraz przyjazdowe misje gospodarcze zagranicznych importer\u00f3w.<\/p>\n<p>KOWR organizuje i wsp\u00f3\u0142organizuje szereg dzia\u0142a\u0144 promuj\u0105cych polsk\u0105 \u017cywno\u015b\u0107 i tradycj\u0119 kulinarn\u0105, a tak\u017ce uczestniczy w przedsi\u0119wzi\u0119ciach organizowanych za granic\u0105 przez polskie plac\u00f3wki dyplomatyczne i inne instytucje rz\u0105dowe na rzecz promocji polskiej \u017cywno\u015bci wysokiej jako\u015bci.<\/p>\n<p>KOWR analizuje i przekazuje informacje o zmieniaj\u0105cych si\u0119 warunkach na rynkach zagranicznych.<\/p>\n<p>KOWR udziela tak\u017ce wsparcia organizacjom bran\u017cowym i mi\u0119dzybran\u017cowym w ramach realizacji program\u00f3w promocyjnych i informacyjnych akceptowanych przez Komisj\u0119 Europejsk\u0105 w zakresie wsp\u00f3lnej polityki rolnej.[\/vc_column_text][\/vc_column][vc_column width=&#8221;1\/2&#8243;][vc_single_image image=&#8221;1494&#8243; img_size=&#8221;full&#8221; alignment=&#8221;center&#8221;][\/vc_column][\/vc_row]<\/p>\n<\/div>","protected":false},"excerpt":{"rendered":"<p>[vc_row][vc_column width=&#8221;1\/2&#8243;][vc_column_text]KOWR wspiera polskich przedsi\u0119biorc\u00f3w sektora rolno-spo\u017cywczego w dzia\u0142aniach na rzecz zdobycia nowych rynk\u00f3w zbytu, organizuj\u0105c z ich udzia\u0142em misje gospodarcze i stoiska narodowe na zagranicznych targach spo\u017cywczych. Przedsi\u0119biorcy uzyskuj\u0105&#8230;<\/p>\n","protected":false},"author":10,"featured_media":0,"parent":442,"menu_order":0,"comment_status":"closed","ping_status":"closed","template":"page-sidebar.php","meta":{"_acf_changed":false,"footnotes":""},"acf":[],"_links":{"self":[{"href":"https:\/\/www.polandtastesgood.pl\/pl\/wp-json\/wp\/v2\/pages\/420"}],"collection":[{"href":"https:\/\/www.polandtastesgood.pl\/pl\/wp-json\/wp\/v2\/pages"}],"about":[{"href":"https:\/\/www.polandtastesgood.pl\/pl\/wp-json\/wp\/v2\/types\/page"}],"author":[{"embeddable":true,"href":"https:\/\/www.polandtastesgood.pl\/pl\/wp-json\/wp\/v2\/users\/10"}],"replies":[{"embeddable":true,"href":"https:\/\/www.polandtastesgood.pl\/pl\/wp-json\/wp\/v2\/comments?post=420"}],"version-history":[{"count":0,"href":"https:\/\/www.polandtastesgood.pl\/pl\/wp-json\/wp\/v2\/pages\/420\/revisions"}],"up":[{"embeddable":true,"href":"https:\/\/www.polandtastesgood.pl\/pl\/wp-json\/wp\/v2\/pages\/442"}],"wp:attachment":[{"href":"https:\/\/www.polandtastesgood.pl\/pl\/wp-json\/wp\/v2\/media?parent=420"}],"curies":[{"name":"wp","href":"https:\/\/api.w.org\/{rel}","templated":true}]}}