{"id":412,"date":"2021-02-14T18:25:55","date_gmt":"2021-02-14T17:25:55","guid":{"rendered":"http:\/\/www.polandtastesgood.pl\/?page_id=412"},"modified":"2023-09-05T14:20:35","modified_gmt":"2023-09-05T12:20:35","slug":"perspektywiczne-kierunki-eksportowe","status":"publish","type":"page","link":"https:\/\/www.polandtastesgood.pl\/pl\/o-projekcie\/perspektywiczne-kierunki-eksportowe\/","title":{"rendered":"Perspektywiczne Kierunki Eksportowe"},"content":{"rendered":"<p><img loading=\"lazy\" decoding=\"async\" class=\"aligncenter size-full wp-image-413\" src=\"http:\/\/www.polandtastesgood.pl\/wp-content\/uploads\/2021\/02\/Group-10126.png\" alt=\"\" width=\"1378\" height=\"941\" srcset=\"https:\/\/www.polandtastesgood.pl\/wp-content\/uploads\/2021\/02\/Group-10126.png 1378w, https:\/\/www.polandtastesgood.pl\/wp-content\/uploads\/2021\/02\/Group-10126-300x205.png 300w, https:\/\/www.polandtastesgood.pl\/wp-content\/uploads\/2021\/02\/Group-10126-768x524.png 768w, https:\/\/www.polandtastesgood.pl\/wp-content\/uploads\/2021\/02\/Group-10126-1024x699.png 1024w, https:\/\/www.polandtastesgood.pl\/wp-content\/uploads\/2021\/02\/Group-10126-24x16.png 24w, https:\/\/www.polandtastesgood.pl\/wp-content\/uploads\/2021\/02\/Group-10126-36x25.png 36w, https:\/\/www.polandtastesgood.pl\/wp-content\/uploads\/2021\/02\/Group-10126-48x33.png 48w\" sizes=\"(max-width: 1378px) 100vw, 1378px\" \/>Realizowane przez KOWR dzia\u0142ania promocyjno-informacyjne, zgodnie ze \u201eStrategi\u0105 promocji \u017cywno\u015bci Ministerstwa Rolnictwa i Rozwoju Wsi\u201d, koncentruj\u0105 si\u0119 na rynkach Azji (Chiny, Indie, Japonia, Singapur, Wietnam), Afryki (Egipt, Algieria, RPA), Ameryki P\u00f3\u0142nocnej (Kanada, USA), Europy (kluczowe rynki Unii Europejskiej: Niemcy, Francja) oraz Bliskiego Wschodu (Arabia Saudyjska, Zjednoczone Emiraty Arabskie).<\/p>\n<p>Oferta promocyjna KOWR zosta\u0142a r\u00f3wnie\u017c poszerzona o rynki, na kt\u00f3rych do tej pory nie skupiano dzia\u0142a\u0144 promocyjnych (m.in. Tajlandia, Indonezja, Korea Po\u0142udniowa, Meksyk, Izrael). Nale\u017cy wykorzysta\u0107 potencja\u0142 importowy tych kraj\u00f3w i budowa\u0107 \u015bwiadomo\u015b\u0107 jako\u015bci polskich produkt\u00f3w rolno-spo\u017cywczych w nowych miejscach na \u015bwiecie. Rozwa\u017cane s\u0105 r\u00f3wnie\u017c dzia\u0142ania promocyjne na innych perspektywicznych rynkach.<\/p>\n","protected":false},"excerpt":{"rendered":"<p>Realizowane przez KOWR dzia\u0142ania promocyjno-informacyjne, zgodnie ze \u201eStrategi\u0105 promocji \u017cywno\u015bci Ministerstwa Rolnictwa i Rozwoju Wsi\u201d, koncentruj\u0105 si\u0119 na rynkach Azji (Chiny, Indie, Japonia, Singapur, Wietnam), Afryki (Egipt, Algieria, RPA), Ameryki&#8230;<\/p>\n","protected":false},"author":10,"featured_media":0,"parent":442,"menu_order":0,"comment_status":"closed","ping_status":"closed","template":"page-sidebar.php","meta":{"_acf_changed":false,"footnotes":""},"acf":[],"_links":{"self":[{"href":"https:\/\/www.polandtastesgood.pl\/pl\/wp-json\/wp\/v2\/pages\/412"}],"collection":[{"href":"https:\/\/www.polandtastesgood.pl\/pl\/wp-json\/wp\/v2\/pages"}],"about":[{"href":"https:\/\/www.polandtastesgood.pl\/pl\/wp-json\/wp\/v2\/types\/page"}],"author":[{"embeddable":true,"href":"https:\/\/www.polandtastesgood.pl\/pl\/wp-json\/wp\/v2\/users\/10"}],"replies":[{"embeddable":true,"href":"https:\/\/www.polandtastesgood.pl\/pl\/wp-json\/wp\/v2\/comments?post=412"}],"version-history":[{"count":1,"href":"https:\/\/www.polandtastesgood.pl\/pl\/wp-json\/wp\/v2\/pages\/412\/revisions"}],"predecessor-version":[{"id":8269,"href":"https:\/\/www.polandtastesgood.pl\/pl\/wp-json\/wp\/v2\/pages\/412\/revisions\/8269"}],"up":[{"embeddable":true,"href":"https:\/\/www.polandtastesgood.pl\/pl\/wp-json\/wp\/v2\/pages\/442"}],"wp:attachment":[{"href":"https:\/\/www.polandtastesgood.pl\/pl\/wp-json\/wp\/v2\/media?parent=412"}],"curies":[{"name":"wp","href":"https:\/\/api.w.org\/{rel}","templated":true}]}}