{"id":409,"date":"2021-02-14T18:22:58","date_gmt":"2021-02-14T17:22:58","guid":{"rendered":"http:\/\/www.polandtastesgood.pl\/?page_id=409"},"modified":"2021-04-18T15:32:04","modified_gmt":"2021-04-18T13:32:04","slug":"produkty","status":"publish","type":"page","link":"https:\/\/www.polandtastesgood.pl\/pl\/o-projekcie\/produkty\/","title":{"rendered":"Polska \u017cywno\u015b\u0107"},"content":{"rendered":"<div class=\"wpb-content-wrapper\"><p>[vc_row][vc_column width=&#8221;1\/2&#8243;][vc_column_text]<\/p>\n<h4>Polska jest jednym z wiod\u0105cych pro\u00adducent\u00f3w p\u0142od\u00f3w rolnych i artyku\u00ad\u0142\u00f3w spo\u017cywczych w Unii Europejskiej i na \u015bwiecie.<\/h4>\n<p>&nbsp;<\/p>\n<p>Polska \u017cywno\u015b\u0107 jest wy\u00adsokiej jako\u015bci, bezpieczna, naturalna oraz smaczna.[\/vc_column_text][\/vc_column][vc_column width=&#8221;1\/2&#8243;]<div class=\"image-with-cover\"><img decoding=\"async\" src=\"https:\/\/www.polandtastesgood.pl\/wp-content\/uploads\/2021\/04\/spizarnia2-1024x805.jpg\" class=\"img-fluid\" alt=\"Polska \u017cywno\u015b\u0107\" \/><\/div>[\/vc_column][\/vc_row][vc_row css=&#8221;.vc_custom_1613343702667{margin-top: 30px !important;}&#8221;][vc_column]<div class=\"food-section\"><div class=\"featured-list\"><div class=\"featured-list-row row mb-4 pb-1\"><div class=\"col-12 col-md-6 col-lg-3\"><a href=\"#\"><span class=\"featured-list-thumb d-block\" style=\"background-image: url('https:\/\/www.polandtastesgood.pl\/wp-content\/uploads\/2021\/04\/1-MIESO-1-150x150.jpg');\"><img decoding=\"async\" src=\"https:\/\/www.polandtastesgood.pl\/wp-content\/uploads\/2021\/04\/1-MIESO-1-150x150.jpg\" alt=\"Mi\u0119so \u2013 Dr\u00f3b, Wo\u0142owina, Wieprzowina\"\/><\/span><\/a><\/div><div class=\"col-12 col-md-6 col-lg-9\"><h3 class=\"m-0 mx-sm-4 my-sm-4\">Mi\u0119so \u2013 Dr\u00f3b, Wo\u0142owina, Wieprzowina<\/h3><p>Polska ma bogate tradycje w produkcji drobiu, wo\u0142owiny i wieprzowiny. Od 2014 r. jeste\u015bmy najwi\u0119kszym producentem mi\u0119sa drobiowego w UE. Polskie mi\u0119so wyr\u00f3\u017cnia si\u0119 wysok\u0105 jako\u015bci\u0105 i doskona\u0142ymi walorami kulinarnymi. Aby zapewni\u0107 najwy\u017csz\u0105 jako\u015b\u0107 produkt\u00f3w, w Polsce znaczna cz\u0119\u015b\u0107 produkcji mi\u0119snej jest prowadzona w ramach krajowych system\u00f3w jako\u015bci \u017cywno\u015bci, takich jak: Pork Quality System (PQS), Quality Assurance for Food Products (QAFP) czy Quality Meat Program (QMP). Polska ma r\u00f3wnie\u017c d\u0142ug\u0105 tradycj\u0119 w produkcji w\u0119dlin \u2013 kie\u0142bas (w tym cenionych na ca\u0142ym \u015bwiecie kabanos\u00f3w), szynek, schab\u00f3w, boczk\u00f3w i pasztet\u00f3w.<\/p><\/div><\/div><div class=\"featured-list-row row mb-4 pb-1\"><div class=\"col-12 col-md-6 col-lg-3\"><a href=\"#\"><span class=\"featured-list-thumb d-block\" style=\"background-image: url('https:\/\/www.polandtastesgood.pl\/wp-content\/uploads\/2021\/04\/2.-MLEKO-I-PRODUKTY-MLECZNE-1-150x150.jpg');\"><img decoding=\"async\" src=\"https:\/\/www.polandtastesgood.pl\/wp-content\/uploads\/2021\/04\/2.-MLEKO-I-PRODUKTY-MLECZNE-1-150x150.jpg\" alt=\"MLEKO I PRODUKTY MLECZNE \"\/><\/span><\/a><\/div><div class=\"col-12 col-md-6 col-lg-9\"><h3 class=\"m-0 mx-sm-4 my-sm-4\">MLEKO I PRODUKTY MLECZNE <\/h3><p>Polski przemys\u0142 mleczarski dysponuje techno\u00adlogiami na wysokim \u015bwiatowym poziomie. Naj\u00adwa\u017cniejsz\u0105 pozycj\u0105 w eksporcie przetwor\u00f3w mlecznych z Polski s\u0105 sery i twarogi, kt\u00f3rych je\u00adste\u015bmy sz\u00f3stym producentem na \u015bwiecie i pi\u0105\u00adtym w UE. <\/p><\/div><\/div><div class=\"featured-list-row row mb-4 pb-1\"><div class=\"col-12 col-md-6 col-lg-3\"><a href=\"#\"><span class=\"featured-list-thumb d-block\" style=\"background-image: url('https:\/\/www.polandtastesgood.pl\/wp-content\/uploads\/2021\/04\/Zdjecia-studyjne-zestaw-owocow-miekkich-150x150.jpg');\"><img decoding=\"async\" src=\"https:\/\/www.polandtastesgood.pl\/wp-content\/uploads\/2021\/04\/Zdjecia-studyjne-zestaw-owocow-miekkich-150x150.jpg\" alt=\"OWOCE I WARZYWA \"\/><\/span><\/a><\/div><div class=\"col-12 col-md-6 col-lg-9\"><h3 class=\"m-0 mx-sm-4 my-sm-4\">OWOCE I WARZYWA <\/h3><p>Jab\u0142ka s\u0105 polskim hitem eksportowym. Produk\u00adcja polskiego sadownictwa i warzywnictwa jest baz\u0105 dla krajowego przemys\u0142u przetw\u00f3rczego. Jednymi z najwa\u017cniejszych produkt\u00f3w wytwa\u00adrzanych przez ten przemys\u0142 s\u0105: koncentrat soku jab\u0142kowego oraz wysokogatunkowe soki owo\u00adcowe i warzywne. Polska jest zaliczana r\u00f3wnie\u017c do czo\u0142owych unijnych producent\u00f3w mro\u017co\u00adnych owoc\u00f3w i warzyw. <\/p><\/div><\/div><div class=\"featured-list-row row mb-4 pb-1\"><div class=\"col-12 col-md-6 col-lg-3\"><a href=\"#\"><span class=\"featured-list-thumb d-block\" style=\"background-image: url('https:\/\/www.polandtastesgood.pl\/wp-content\/uploads\/2021\/04\/Zdjecia-studyjne-chleb-razowy-lancucki-1-150x150.jpg');\"><img decoding=\"async\" src=\"https:\/\/www.polandtastesgood.pl\/wp-content\/uploads\/2021\/04\/Zdjecia-studyjne-chleb-razowy-lancucki-1-150x150.jpg\" alt=\"PRODUKTY PRZETW\u00d3RSTWA ZB\u00d3\u017b \"\/><\/span><\/a><\/div><div class=\"col-12 col-md-6 col-lg-9\"><h3 class=\"m-0 mx-sm-4 my-sm-4\">PRODUKTY PRZETW\u00d3RSTWA ZB\u00d3\u017b <\/h3><p>Przemys\u0142 piekarniczy, poza produktami trady\u00adcyjnymi, oferuje m.in. pieczywo o przed\u0142u\u017co\u00adnej trwa\u0142o\u015bci,pieczywo tostowe lub chrupkie, bu\u0142ki do hamburger\u00f3w i hot-dog\u00f3w, a tak\u017ce specjalnie pakowane p\u00f3\u0142produkty do pieczenia w domach oraz pieczywo g\u0142\u0119boko mro\u017cone przeznaczone dla sektora gastronomicznego. Na ca\u0142ym \u015bwiecie nabywc\u00f3w znajduj\u0105 tak\u017ce pol\u00adskie makarony. <\/p><\/div><\/div><div class=\"featured-list-row row mb-4 pb-1\"><div class=\"col-12 col-md-6 col-lg-3\"><a href=\"#\"><span class=\"featured-list-thumb d-block\" style=\"background-image: url('https:\/\/www.polandtastesgood.pl\/wp-content\/uploads\/2021\/04\/Zdjecia-studyjne-miod-spadziowy-150x150.jpg');\"><img decoding=\"async\" src=\"https:\/\/www.polandtastesgood.pl\/wp-content\/uploads\/2021\/04\/Zdjecia-studyjne-miod-spadziowy-150x150.jpg\" alt=\"Mi\u00f3d\"\/><\/span><\/a><\/div><div class=\"col-12 col-md-6 col-lg-9\"><h3 class=\"m-0 mx-sm-4 my-sm-4\">Mi\u00f3d<\/h3><p>Polska jest pi\u0105tym co do wielko\u015bci producentem miodu w Unii Europejskiej. Miody pochodz\u0105ce z Polski nale\u017c\u0105 do najcenniejszych dar\u00f3w natury. Charakteryzuj\u0105 si\u0119 r\u00f3\u017cnorodno\u015bci\u0105 odmian oraz wyj\u0105tkowymi w\u0142a\u015bciwo\u015bciami sensorycznymi i zdrowotnymi. Dzi\u0119ki niepowtarzalnym walorom staj\u0105 si\u0119 coraz bardziej popularne na rynkach zagranicznych.<\/p><\/div><\/div><div class=\"featured-list-row row mb-4 pb-1\"><div class=\"col-12 col-md-6 col-lg-3\"><a href=\"#\"><span class=\"featured-list-thumb d-block\" style=\"background-image: url('https:\/\/www.polandtastesgood.pl\/wp-content\/uploads\/2021\/04\/6.-WYROBY-PIEKARNICZE-1-1-150x150.jpg');\"><img decoding=\"async\" src=\"https:\/\/www.polandtastesgood.pl\/wp-content\/uploads\/2021\/04\/6.-WYROBY-PIEKARNICZE-1-1-150x150.jpg\" alt=\"Wyroby Czekoladowe i S\u0142odycze\"\/><\/span><\/a><\/div><div class=\"col-12 col-md-6 col-lg-9\"><h3 class=\"m-0 mx-sm-4 my-sm-4\">Wyroby Czekoladowe i S\u0142odycze<\/h3><p>Polska jest jednym z lider\u00f3w w produkcji wyrob\u00f3w czekoladowych w Europie. S\u0142odycze produkowane w kraju zachwycaj\u0105 szerok\u0105 gam\u0105 oferty handlowej i smak\u00f3w. Polska sprzedaje produkty cukiernicze do ponad 130 kraj\u00f3w na \u015bwiecie.<\/p><\/div><\/div><div class=\"featured-list-row row mb-4 pb-1\"><div class=\"col-12 col-md-6 col-lg-3\"><a href=\"#\"><span class=\"featured-list-thumb d-block\" style=\"background-image: url('https:\/\/www.polandtastesgood.pl\/wp-content\/uploads\/2021\/04\/logo_eko-150x102.jpg');\"><img decoding=\"async\" src=\"https:\/\/www.polandtastesgood.pl\/wp-content\/uploads\/2021\/04\/logo_eko-150x102.jpg\" alt=\"\u017bywno\u015b\u0107 ekologiczna\"\/><\/span><\/a><\/div><div class=\"col-12 col-md-6 col-lg-9\"><h3 class=\"m-0 mx-sm-4 my-sm-4\">\u017bywno\u015b\u0107 ekologiczna<\/h3><p>Polska jest rozwijaj\u0105cym si\u0119 producentem \u017cywno\u015bci ekologicznej w Unii Europejskiej i na \u015bwiecie. \u0141\u0105czna powierzchnia u\u017cytk\u00f3w rolnych u\u017cytkowanych w rolnictwie ekologicznym wynosi w Polsce ponad 500 tys. ha, co daje Polsce 9 miejsce w\u015br\u00f3d kraj\u00f3w UE i 19 na \u015bwiecie. Najwi\u0119ksz\u0105 powierzchni\u0119 u\u017cytk\u00f3w rolnych wykorzystywanych pod uprawy ekologiczne zajmuj\u0105 zbo\u017ca - ponad 12 tys. ha, co daje Polsce 9 miejsce na \u015bwiecie w tej kategorii. \nPolska zajmuje 7 miejsce w UE pod wzgl\u0119dem liczby zarejestrowanych rolnik\u00f3w ekologicznych. W 2019 roku w Polsce dzia\u0142a\u0142o ponad 20 tys. ekologicznych podmiot\u00f3w gospodarczych. Najwi\u0119ksz\u0105 grup\u0105 licz\u0105c\u0105 ponad 18 tys. rolnik\u00f3w byli producenci rolni. <\/p><\/div><\/div><\/div><\/div><div><a class=\"btn btn-primary nf-element mt-3\" href=\"\/pl\/wp-json\/wp\/v2\/pages\/409?export_to=pdf&#038;module=polish_food&#038;lang=pl_PL\"> Pobierz wszystko w PDF<\/a><\/div>[\/vc_column][\/vc_row]<\/p>\n<\/div>","protected":false},"excerpt":{"rendered":"<p>[vc_row][vc_column width=&#8221;1\/2&#8243;][vc_column_text] Polska jest jednym z wiod\u0105cych pro\u00adducent\u00f3w p\u0142od\u00f3w rolnych i artyku\u00ad\u0142\u00f3w spo\u017cywczych w Unii Europejskiej i na \u015bwiecie. &nbsp; Polska \u017cywno\u015b\u0107 jest wy\u00adsokiej jako\u015bci, bezpieczna, naturalna oraz smaczna.[\/vc_column_text][\/vc_column][vc_column width=&#8221;1\/2&#8243;][\/vc_column][\/vc_row][vc_row&#8230;<\/p>\n","protected":false},"author":10,"featured_media":0,"parent":442,"menu_order":0,"comment_status":"closed","ping_status":"closed","template":"page-sidebar.php","meta":{"_acf_changed":false,"footnotes":""},"acf":[],"_links":{"self":[{"href":"https:\/\/www.polandtastesgood.pl\/pl\/wp-json\/wp\/v2\/pages\/409"}],"collection":[{"href":"https:\/\/www.polandtastesgood.pl\/pl\/wp-json\/wp\/v2\/pages"}],"about":[{"href":"https:\/\/www.polandtastesgood.pl\/pl\/wp-json\/wp\/v2\/types\/page"}],"author":[{"embeddable":true,"href":"https:\/\/www.polandtastesgood.pl\/pl\/wp-json\/wp\/v2\/users\/10"}],"replies":[{"embeddable":true,"href":"https:\/\/www.polandtastesgood.pl\/pl\/wp-json\/wp\/v2\/comments?post=409"}],"version-history":[{"count":11,"href":"https:\/\/www.polandtastesgood.pl\/pl\/wp-json\/wp\/v2\/pages\/409\/revisions"}],"predecessor-version":[{"id":2783,"href":"https:\/\/www.polandtastesgood.pl\/pl\/wp-json\/wp\/v2\/pages\/409\/revisions\/2783"}],"up":[{"embeddable":true,"href":"https:\/\/www.polandtastesgood.pl\/pl\/wp-json\/wp\/v2\/pages\/442"}],"wp:attachment":[{"href":"https:\/\/www.polandtastesgood.pl\/pl\/wp-json\/wp\/v2\/media?parent=409"}],"curies":[{"name":"wp","href":"https:\/\/api.w.org\/{rel}","templated":true}]}}