{"id":35924,"date":"2026-04-07T11:00:31","date_gmt":"2026-04-07T09:00:31","guid":{"rendered":"https:\/\/www.polandtastesgood.pl\/?page_id=35924"},"modified":"2026-04-07T11:44:51","modified_gmt":"2026-04-07T09:44:51","slug":"siam-2026-catalogue-des-exposants","status":"publish","type":"page","link":"https:\/\/www.polandtastesgood.pl\/fr\/siam-2026-catalogue-des-exposants\/","title":{"rendered":"SIAM 2026 \u2013 CATALOGUE DES EXPOSANTS"},"content":{"rendered":"<div class=\"wpb-content-wrapper\"><p>[vc_row][vc_column][vc_column_text css=\u00a0\u00bb\u00a0\u00bb][\/vc_column_text][\/vc_column][\/vc_row][vc_row][vc_column width=\u00a0\u00bb1\/4&Prime;][vc_single_image image=\u00a0\u00bb36&Prime; img_size=\u00a0\u00bbmedium\u00a0\u00bb css=\u00a0\u00bb\u00a0\u00bb][\/vc_column][vc_column width=\u00a0\u00bb3\/4&Prime;][vc_column_text css=\u00a0\u00bb\u00a0\u00bb]<\/p>\n<h2>SIAM 2026<\/h2>\n<h3>20-28 avril 2026<\/h3>\n<p><strong>\u00a0<\/strong><\/p>\n<p><strong>P\u00d4LE INTERNATTIONAL<\/strong><\/p>\n<p><strong>NUM\u00c9RO DU PAVILLON : I-9<\/strong>[\/vc_column_text][\/vc_column][\/vc_row][vc_row][vc_column][vc_column_text css=\u00a0\u00bb\u00a0\u00bb][\/vc_column_text][\/vc_column][\/vc_row][vc_row][vc_column width=\u00a0\u00bb1\/4&Prime;][vc_single_image image=\u00a0\u00bb2159&Prime; img_size=\u00a0\u00bbmedium\u00a0\u00bb onclick=\u00a0\u00bbcustom_link\u00a0\u00bb css=\u00a0\u00bb\u00a0\u00bb link=\u00a0\u00bbhttps:\/\/www.polandtastesgood.pl\/en\/producenci-zywnosci\/exemlary-profile\/\u00a0\u00bb][\/vc_column][vc_column width=\u00a0\u00bb3\/4&Prime;][vc_column_text css=\u00a0\u00bb\u00a0\u00bb]<\/p>\n<div class=\"wpb_text_column wpb_content_element\">\n<div class=\"wpb_wrapper\">\n<p>Le <strong>Centre national du Soutien \u00e0 l\u2019Agriculture (KOWR)<\/strong> est une agence gouvernementale supervis\u00e9e par le <strong>minist\u00e8re de l\u2019agriculture et du d\u00e9veloppement rural<\/strong>.<\/p>\n<\/div>\n<p>En Pologne, le KOWR est la principale entit\u00e9 mettant en \u0153uvre les instruments de la politique de promotion dans le secteur agroalimentaire.<\/p>\n<p>Une marque forte de produits alimentaires polonais est en train de se construire sous un slogan commun : \u00ab\u00a0La Pologne a bon go\u00fbt\u00a0\u00bb \/ \u00ab\u00a0Poland tastes good\u00a0\u00bb. L\u2019une des principales t\u00e2ches du Centre national du Soutien \u00e0 l\u2019Agriculture est de donner une image positive et de faire conna\u00eetre les produits alimentaires polonais \u00e0 l\u2019\u00e9tranger sous la marque \u00ab\u00a0POLAND TASTES GOOD\u00a0\u00bb.<\/p>\n<\/div>\n<p>[\/vc_column_text][\/vc_column][\/vc_row][vc_row][vc_column][vc_column_text css=\u00a0\u00bb\u00a0\u00bb][\/vc_column_text][\/vc_column][\/vc_row][vc_row][vc_column][vc_column_text css=\u00a0\u00bb\u00a0\u00bb]<\/p>\n<h1 style=\"text-align: center;\"><span style=\"font-size: 24pt;\"><strong>CATALOGUE DES EXPOSANTS POLONAIS<\/strong><\/span><\/h1>\n<p>[\/vc_column_text][\/vc_column][\/vc_row][vc_row][vc_column][vc_column_text css=\u00a0\u00bb\u00a0\u00bb][\/vc_column_text][\/vc_column][\/vc_row][vc_row][vc_column width=\u00a0\u00bb1\/3&Prime;][vc_column_text css=\u00a0\u00bb\u00a0\u00bb]<\/p>\n<h1 class=\"entry-title\">BALZER FOOD<\/h1>\n<p>[\/vc_column_text][vc_single_image image=\u00a0\u00bb35941&Prime; img_size=\u00a0\u00bbmedium\u00a0\u00bb alignment=\u00a0\u00bbcenter\u00a0\u00bb css=\u00a0\u00bb\u00a0\u00bb][vc_column_text css=\u00a0\u00bb\u00a0\u00bb]BalzerFood, une entreprise polonaise d\u2019exportation et d\u2019importation de produits alimentaires, sp\u00e9cialis\u00e9e dans les secteurs de la viande, des produits laitiers, de la boulangerie et des fruits et l\u00e9gumes. Nos produits proviennent de fournisseurs certifi\u00e9s en Pologne et dans l\u2019Union europ\u00e9enne. Notre soci\u00e9t\u00e9 est active sur les march\u00e9s de l\u2019Union europ\u00e9enne et de l\u2019Afrique du Nord.[\/vc_column_text][\/vc_column][vc_column width=\u00a0\u00bb1\/3&Prime;][vc_column_text css=\u00a0\u00bb\u00a0\u00bb]<\/p>\n<h1 class=\"entry-title\">BIALSKI OWOC SP. Z O.O.<\/h1>\n<p>[\/vc_column_text][vc_single_image image=\u00a0\u00bb35969&Prime; img_size=\u00a0\u00bbmedium\u00a0\u00bb alignment=\u00a0\u00bbcenter\u00a0\u00bb css=\u00a0\u00bb\u00a0\u00bb][vc_column_text css=\u00a0\u00bb\u00a0\u00bb]Bialski Owoc Sp. z o.o. est un groupe de producteurs cr\u00e9\u00e9 en 2010, sp\u00e9cialis\u00e9 dans la production de fruits de haute qualit\u00e9, principalement des pommes et des poires. Nous commercialisons nos fruits presque toute l&rsquo;ann\u00e9e. Les fruits de notre gamme se distinguent par leur qualit\u00e9 \u00e9lev\u00e9e et la diversit\u00e9 des vari\u00e9t\u00e9s propos\u00e9es.<\/p>\n<h2><a href=\"https:\/\/www.polandtastesgood.pl\/fr\/producenci-zywnosci\/bialski-owoc-sp-z-o-o\/\" target=\"_blank\" rel=\"noopener\">lire la suite<\/a><\/h2>\n<p>[\/vc_column_text][\/vc_column][vc_column width=\u00a0\u00bb1\/3&Prime;][vc_column_text css=\u00a0\u00bb\u00a0\u00bb]<\/p>\n<h1>EFARM<\/h1>\n<p>[\/vc_column_text][vc_single_image image=\u00a0\u00bb35948&Prime; img_size=\u00a0\u00bbmedium\u00a0\u00bb alignment=\u00a0\u00bbcenter\u00a0\u00bb css=\u00a0\u00bb\u00a0\u00bb][vc_column_text css=\u00a0\u00bb\u00a0\u00bb]L&rsquo;entreprise existe depuis 1999 et est sp\u00e9cialis\u00e9e dans la production de viande de dinde et de poulet ainsi que de kebabs. Elle dispose de son propre \u00e9levage de volaille et de ses propres cultures c\u00e9r\u00e9ali\u00e8res, ce qui lui assure un contr\u00f4le total de la qualit\u00e9. Gr\u00e2ce \u00e0 son site de production moderne et \u00e0 ses 150 employ\u00e9s, elle est en mesure d&rsquo;exporter vers la plupart des pays de l&rsquo;UE et certains march\u00e9s mondiaux, ainsi que de fabriquer des produits sur commande.[\/vc_column_text][\/vc_column][\/vc_row][vc_row][vc_column width=\u00a0\u00bb1\/3&Prime;][vc_column_text css=\u00a0\u00bb\u00a0\u00bb]<\/p>\n<h1 class=\"entry-title\">LipCo Foods<\/h1>\n<p>[\/vc_column_text][vc_single_image image=\u00a0\u00bb35962&Prime; img_size=\u00a0\u00bbmedium\u00a0\u00bb alignment=\u00a0\u00bbcenter\u00a0\u00bb css=\u00a0\u00bb\u00a0\u00bb][vc_column_text css=\u00a0\u00bb\u00a0\u00bb]Nous sommes un leader dans l\u2019\u00e9levage et la transformation de volailles en Pologne, op\u00e9rant selon un mod\u00e8le d\u2019int\u00e9gration verticale. Notre gamme comprend de la viande fra\u00eeche et pr\u00eate \u00e0 consommer, ainsi que des plats pr\u00e9par\u00e9s.\u00a0 Nous op\u00e9rons dans des segments tels que les plats pr\u00e9par\u00e9s, le poisson, les fruits de mer, les produits v\u00e9g\u00e9taux et les aliments pour animaux. Une marque de boissons et de plats pr\u00e9par\u00e9s asiatiques est \u00e9galement en cours de cr\u00e9ation. Le catalogue est en train de s\u2019\u00e9largir avec des produits pan\u00e9s et des m\u00e9langes fonctionnels.<\/p>\n<h2><a href=\"https:\/\/www.polandtastesgood.pl\/fr\/producenci-zywnosci\/lipco-foods-superdrob-cpf-poland\/\" target=\"_blank\" rel=\"noopener\">lire la suite<\/a><\/h2>\n<p>[\/vc_column_text][\/vc_column][vc_column width=\u00a0\u00bb1\/3&Prime;][vc_column_text css=\u00a0\u00bb\u00a0\u00bb]<\/p>\n<h1 class=\"entry-title\">POLAND FOOD<\/h1>\n<p>[\/vc_column_text][vc_single_image image=\u00a0\u00bb35976&Prime; img_size=\u00a0\u00bbmedium\u00a0\u00bb alignment=\u00a0\u00bbcenter\u00a0\u00bb css=\u00a0\u00bb\u00a0\u00bb][vc_column_text css=\u00a0\u00bb\u00a0\u00bb]POLAND FOOD est une entreprise polonaise bas\u00e9e \u00e0 Gniezno, bien implant\u00e9e sur le march\u00e9, qui s&rsquo;est forg\u00e9 une r\u00e9putation de partenaire fiable et solide. Nous disposons de notre propre approvisionnement en lait. Actuellement, nous travaillons avec environ 300 agriculteurs, chez qui nous collectons le lait quotidiennement. Nous sommes sp\u00e9cialis\u00e9s dans la vente de produits laitiers polonais sur les march\u00e9s nationaux et internationaux. Nos produits proviennent de producteurs modernes qui r\u00e9pondent aux exigences les plus strictes de l&rsquo;Union europ\u00e9enne. Nous livrons des produits laitiers \u00e0 des partenaires en Europe, en Asie, en Afrique et dans d&rsquo;autres pays tiers.<br \/>\nNous vous invitons \u00e0 coop\u00e9rer avec nous ![\/vc_column_text][\/vc_column][vc_column width=\u00a0\u00bb1\/3&Prime;][vc_column_text css=\u00a0\u00bb\u00a0\u00bb]<\/p>\n<h1>SAWEX FOODS SA<\/h1>\n<p>[\/vc_column_text][vc_single_image image=\u00a0\u00bb35983&Prime; img_size=\u00a0\u00bbmedium\u00a0\u00bb alignment=\u00a0\u00bbcenter\u00a0\u00bb css=\u00a0\u00bb\u00a0\u00bb][vc_column_text css=\u00a0\u00bb\u00a0\u00bb]Sawex Foods a \u00e9t\u00e9 fond\u00e9e en 1989 et est pass\u00e9e d&rsquo;une entreprise familiale \u00e0 une soci\u00e9t\u00e9 dynamique comptant pr\u00e8s de 100 employ\u00e9s. Nous proposons du riz, des gruaux, des flocons et des l\u00e9gumineuses sous des marques telles que Halina, Britta, Rani, Sotto, Sugoi et Ocelio (sans gluten). Nous approvisionnons le commerce de d\u00e9tail, le secteur HoReCa, le B2B et les marques de distributeur, notamment Carrefour, Auchan, Leclerc et Metro. Nous exportons vers l&rsquo;UE et les \u00c9tats-Unis. Nos installations modernes et notre laboratoire garantissent la qualit\u00e9, comme en t\u00e9moigne notre certification IFS.<\/p>\n<h2><a href=\"https:\/\/www.polandtastesgood.pl\/fr\/producenci-zywnosci\/sawex-foods\/\" target=\"_blank\" rel=\"noopener\">lire la suite<\/a><\/h2>\n<p>[\/vc_column_text][\/vc_column][\/vc_row][vc_row][vc_column width=\u00a0\u00bb1\/3&Prime;][vc_column_text css=\u00a0\u00bb\u00a0\u00bb]<\/p>\n<h1 class=\"entry-title\">SK\u0141ODOWSCY SP. Z O.O.<\/h1>\n<p>[\/vc_column_text][vc_single_image image=\u00a0\u00bb35997&Prime; img_size=\u00a0\u00bbmedium\u00a0\u00bb alignment=\u00a0\u00bbcenter\u00a0\u00bb css=\u00a0\u00bb\u00a0\u00bb][vc_column_text css=\u00a0\u00bb\u00a0\u00bb]SK\u0141ODOWSCY Sp. z o.o. est un producteur polonais de viande bovine et de produits d\u00e9riv\u00e9s de haute qualit\u00e9. L&rsquo;entreprise est sp\u00e9cialis\u00e9e dans la d\u00e9coupe de viande bovine et la fabrication de produits culinaires destin\u00e9s au secteur HoReCa et \u00e0 l&rsquo;industrie agroalimentaire. Gr\u00e2ce \u00e0 des normes de production modernes et \u00e0 des certifications de qualit\u00e9, elle fournit ses produits sur les march\u00e9s nationaux et internationaux.[\/vc_column_text][\/vc_column][vc_column width=\u00a0\u00bb1\/3&Prime;][vc_column_text css=\u00a0\u00bb\u00a0\u00bb]<\/p>\n<h1 class=\"entry-title\">Exploitation agricole SZKOTOWO<\/h1>\n<p>[\/vc_column_text][vc_single_image image=\u00a0\u00bb35955&Prime; img_size=\u00a0\u00bbmedium\u00a0\u00bb alignment=\u00a0\u00bbcenter\u00a0\u00bb css=\u00a0\u00bb\u00a0\u00bb][vc_column_text css=\u00a0\u00bb\u00a0\u00bb]L&rsquo;exploitation agricole SZKOTOWO est sp\u00e9cialis\u00e9e dans la production de pommes de terre de semence de haute qualit\u00e9. La production est assur\u00e9e dans la r\u00e9gion propre de Mazurie. Nous respectons les normes d&rsquo;agrotourisme en mati\u00e8re de qualit\u00e9 et de salubrit\u00e9 des produits. Nous utilisons des technologies modernes d&rsquo;irrigation. L&rsquo;exploitation cultive des pommes de terre de semence destin\u00e9es \u00e0 la consommation, \u00e0 la fabrication de chips, de frites et \u00e0 l&rsquo;industrie.[\/vc_column_text][\/vc_column][\/vc_row]<\/p>\n<\/div>","protected":false},"excerpt":{"rendered":"<p>[vc_row][vc_column][vc_column_text css=\u00a0\u00bb\u00a0\u00bb][\/vc_column_text][\/vc_column][\/vc_row][vc_row][vc_column width=\u00a0\u00bb1\/4&Prime;][vc_single_image image=\u00a0\u00bb36&Prime; img_size=\u00a0\u00bbmedium\u00a0\u00bb css=\u00a0\u00bb\u00a0\u00bb][\/vc_column][vc_column width=\u00a0\u00bb3\/4&Prime;][vc_column_text css=\u00a0\u00bb\u00a0\u00bb] SIAM 2026 20-28 avril 2026 \u00a0 P\u00d4LE INTERNATTIONAL NUM\u00c9RO DU PAVILLON : I-9[\/vc_column_text][\/vc_column][\/vc_row][vc_row][vc_column][vc_column_text css=\u00a0\u00bb\u00a0\u00bb][\/vc_column_text][\/vc_column][\/vc_row][vc_row][vc_column width=\u00a0\u00bb1\/4&Prime;][vc_single_image image=\u00a0\u00bb2159&Prime; img_size=\u00a0\u00bbmedium\u00a0\u00bb onclick=\u00a0\u00bbcustom_link\u00a0\u00bb css=\u00a0\u00bb\u00a0\u00bb link=\u00a0\u00bbhttps:\/\/www.polandtastesgood.pl\/en\/producenci-zywnosci\/exemlary-profile\/\u00a0\u00bb][\/vc_column][vc_column width=\u00a0\u00bb3\/4&Prime;][vc_column_text css=\u00a0\u00bb\u00a0\u00bb]&#8230;<\/p>\n","protected":false},"author":9,"featured_media":33985,"parent":0,"menu_order":0,"comment_status":"closed","ping_status":"closed","template":"","meta":{"_acf_changed":false,"footnotes":""},"acf":[],"_links":{"self":[{"href":"https:\/\/www.polandtastesgood.pl\/fr\/wp-json\/wp\/v2\/pages\/35924"}],"collection":[{"href":"https:\/\/www.polandtastesgood.pl\/fr\/wp-json\/wp\/v2\/pages"}],"about":[{"href":"https:\/\/www.polandtastesgood.pl\/fr\/wp-json\/wp\/v2\/types\/page"}],"author":[{"embeddable":true,"href":"https:\/\/www.polandtastesgood.pl\/fr\/wp-json\/wp\/v2\/users\/9"}],"replies":[{"embeddable":true,"href":"https:\/\/www.polandtastesgood.pl\/fr\/wp-json\/wp\/v2\/comments?post=35924"}],"version-history":[{"count":5,"href":"https:\/\/www.polandtastesgood.pl\/fr\/wp-json\/wp\/v2\/pages\/35924\/revisions"}],"predecessor-version":[{"id":36005,"href":"https:\/\/www.polandtastesgood.pl\/fr\/wp-json\/wp\/v2\/pages\/35924\/revisions\/36005"}],"wp:featuredmedia":[{"embeddable":true,"href":"https:\/\/www.polandtastesgood.pl\/fr\/wp-json\/wp\/v2\/media\/33985"}],"wp:attachment":[{"href":"https:\/\/www.polandtastesgood.pl\/fr\/wp-json\/wp\/v2\/media?parent=35924"}],"curies":[{"name":"wp","href":"https:\/\/api.w.org\/{rel}","templated":true}]}}