{"id":35134,"date":"2026-03-09T12:43:39","date_gmt":"2026-03-09T11:43:39","guid":{"rendered":"https:\/\/www.polandtastesgood.pl\/?page_id=35134"},"modified":"2026-03-09T13:08:10","modified_gmt":"2026-03-09T12:08:10","slug":"sial-canada-2026-catalogue-des-exposants","status":"publish","type":"page","link":"https:\/\/www.polandtastesgood.pl\/fr\/sial-canada-2026-catalogue-des-exposants\/","title":{"rendered":"SIAL CANADA 2026 \u2013 CATALOGUE DES EXPOSANTS"},"content":{"rendered":"<div class=\"wpb-content-wrapper\"><p>[vc_row][vc_column][vc_column_text css=\u00a0\u00bb\u00a0\u00bb][\/vc_column_text][\/vc_column][\/vc_row][vc_row][vc_column width=\u00a0\u00bb1\/4&Prime;][vc_single_image image=\u00a0\u00bb36&Prime; img_size=\u00a0\u00bbmedium\u00a0\u00bb css=\u00a0\u00bb\u00a0\u00bb][\/vc_column][vc_column width=\u00a0\u00bb3\/4&Prime;][vc_column_text css=\u00a0\u00bb\u00a0\u00bb]<\/p>\n<h2>SIAL CANADA 2026<\/h2>\n<h3>29 avril &#8211; 1er mai 2026<\/h3>\n<p>[\/vc_column_text][\/vc_column][\/vc_row][vc_row][vc_column][vc_column_text css=\u00a0\u00bb\u00a0\u00bb][\/vc_column_text][\/vc_column][\/vc_row][vc_row][vc_column width=\u00a0\u00bb1\/4&Prime;][vc_single_image image=\u00a0\u00bb2159&Prime; img_size=\u00a0\u00bbmedium\u00a0\u00bb onclick=\u00a0\u00bbcustom_link\u00a0\u00bb css=\u00a0\u00bb\u00a0\u00bb link=\u00a0\u00bbhttps:\/\/www.polandtastesgood.pl\/en\/producenci-zywnosci\/exemlary-profile\/\u00a0\u00bb][\/vc_column][vc_column width=\u00a0\u00bb3\/4&Prime;][vc_column_text css=\u00a0\u00bb\u00a0\u00bb]<\/p>\n<div class=\"wpb_text_column wpb_content_element\">\n<div class=\"wpb_wrapper\">\n<p>Le <strong>Centre national du Soutien \u00e0 l\u2019Agriculture (KOWR)<\/strong> est une agence gouvernementale supervis\u00e9e par le <strong>minist\u00e8re de l\u2019agriculture et du d\u00e9veloppement rural<\/strong>.<\/p>\n<\/div>\n<p>En Pologne, le KOWR est la principale entit\u00e9 mettant en \u0153uvre les instruments de la politique de promotion dans le secteur agroalimentaire.<\/p>\n<p>Une marque forte de produits alimentaires polonais est en train de se construire sous un slogan commun : \u00ab\u00a0La Pologne a bon go\u00fbt\u00a0\u00bb \/ \u00ab\u00a0Poland tastes good\u00a0\u00bb. L\u2019une des principales t\u00e2ches du Centre national du Soutien \u00e0 l\u2019Agriculture est de donner une image positive et de faire conna\u00eetre les produits alimentaires polonais \u00e0 l\u2019\u00e9tranger sous la marque \u00ab\u00a0POLAND TASTES GOOD\u00a0\u00bb.<\/p>\n<\/div>\n<p>[\/vc_column_text][\/vc_column][\/vc_row][vc_row][vc_column][vc_column_text css=\u00a0\u00bb\u00a0\u00bb][\/vc_column_text][\/vc_column][\/vc_row][vc_row][vc_column][vc_column_text css=\u00a0\u00bb\u00a0\u00bb]<\/p>\n<h1 style=\"text-align: center;\"><span style=\"font-size: 36pt;\">CATALOGUE DES EXPOSANTS<\/span><\/h1>\n<p>[\/vc_column_text][\/vc_column][\/vc_row][vc_row][vc_column][vc_column_text css=\u00a0\u00bb\u00a0\u00bb][\/vc_column_text][\/vc_column][\/vc_row][vc_row][vc_column width=\u00a0\u00bb1\/3&Prime;][vc_column_text css=\u00a0\u00bb\u00a0\u00bb]<\/p>\n<h1 class=\"entry-title\">AKSAM<\/h1>\n<p>[\/vc_column_text][vc_single_image image=\u00a0\u00bb16740&Prime; img_size=\u00a0\u00bbmedium\u00a0\u00bb alignment=\u00a0\u00bbcenter\u00a0\u00bb css=\u00a0\u00bb\u00a0\u00bb][vc_column_text css=\u00a0\u00bb\u00a0\u00bb]Aksam a \u00e9t\u00e9 cr\u00e9\u00e9e en 1993. Il s\u2019agit depuis le d\u00e9but d\u2019une entreprise familiale. Son histoire a commenc\u00e9 avec la production des Beskidzkie Paluszki (des b\u00e2tonnets), qui ont renforc\u00e9 leur position sur le march\u00e9 des produits de grande consommation en Pologne d\u2019ann\u00e9e en ann\u00e9e. Aujourd\u2019hui, Aksam est l\u2019une des entreprises polonaises les plus populaires dans le domaine des en-cas sal\u00e9s. Son offre comprend : des b\u00e2tonnets, des crackers, des chips, chips de crevettes, des noix, du pop-corn, des produits pour enfants et des snacks sucr\u00e9s.<\/p>\n<h2><a href=\"https:\/\/www.polandtastesgood.pl\/fr\/producenci-zywnosci\/aksam\/\" target=\"_blank\" rel=\"noopener\">lire la suite<\/a><\/h2>\n<p>[\/vc_column_text][\/vc_column][vc_column width=\u00a0\u00bb1\/3&Prime;][vc_column_text css=\u00a0\u00bb\u00a0\u00bb]<\/p>\n<h1 class=\"entry-title\">Antonius Caviar<\/h1>\n<p>[\/vc_column_text][vc_single_image image=\u00a0\u00bb20104&Prime; img_size=\u00a0\u00bbmedium\u00a0\u00bb alignment=\u00a0\u00bbcenter\u00a0\u00bb css=\u00a0\u00bb\u00a0\u00bb][vc_column_text css=\u00a0\u00bb\u00a0\u00bb]Antonius Caviar est une marque polonaise exceptionnelle, fruit de plusieurs d\u00e9cennies d\u2019exp\u00e9rience et d\u2019un besoin constant d\u2019innovation. L\u2019entreprise n\u2019est pas seulement un leader dans l\u2019\u00e9levage d\u2019esturgeons et l\u2019un des principaux producteurs de caviar (le plus grand en Europe et le deuxi\u00e8me au monde) \u2013 c\u2019est avant tout une famille, compos\u00e9e non seulement des fondateurs et des g\u00e9n\u00e9rations successives qui d\u00e9veloppent l\u2019entreprise, mais aussi de collaborateurs \u00e0 tous les niveaux.<\/p>\n<h2><a href=\"https:\/\/www.polandtastesgood.pl\/fr\/producenci-zywnosci\/antonius-caviar\/\" target=\"_blank\" rel=\"noopener\">lire la suite<\/a><\/h2>\n<p>[\/vc_column_text][\/vc_column][vc_column width=\u00a0\u00bb1\/3&Prime;][vc_column_text css=\u00a0\u00bb\u00a0\u00bb]<\/p>\n<h1 class=\"entry-title\">COLIAN<\/h1>\n<p>[\/vc_column_text][vc_single_image image=\u00a0\u00bb16384&Prime; img_size=\u00a0\u00bbmedium\u00a0\u00bb alignment=\u00a0\u00bbcenter\u00a0\u00bb css=\u00a0\u00bb\u00a0\u00bb][vc_column_text css=\u00a0\u00bb\u00a0\u00bb]\u00abNous sommes une entreprise familiale polonaise, pr\u00e9sente sur le march\u00e9 depuis 1990. Nous nous concentrons sur le d\u00e9veloppement, nous n\u2019avons pas peur du changement et nous nous tournons r\u00e9solument vers l\u2019avenir. Nous offrons aux consommateurs des produits alimentaires de haute qualit\u00e9 qui leur procurent de petits plaisirs quotidiens et leur permettent de profiter de la vie ! Les produits Colian sont export\u00e9s dans pr\u00e8s de 70 pays \u00e0 travers le monde. Ils atteignent les coins les plus recul\u00e9s du monde, satisfaisant les palais des consommateurs de tous les continents. Le maintien des normes de s\u00e9curit\u00e9 les plus \u00e9lev\u00e9es dans nos installations de production est une priorit\u00e9 pour nous.<\/p>\n<h2><a href=\"https:\/\/www.polandtastesgood.pl\/fr\/producenci-zywnosci\/colian-ltd\/\" target=\"_blank\" rel=\"noopener\">lire la suite<\/a><\/h2>\n<p>[\/vc_column_text][\/vc_column][\/vc_row][vc_row][vc_column width=\u00a0\u00bb1\/3&Prime;][vc_column_text css=\u00a0\u00bb\u00a0\u00bb]<\/p>\n<h1 class=\"entry-title\">EVRAFISH<\/h1>\n<p>[\/vc_column_text][vc_single_image image=\u00a0\u00bb27934&Prime; img_size=\u00a0\u00bbmedium\u00a0\u00bb alignment=\u00a0\u00bbcenter\u00a0\u00bb css=\u00a0\u00bb\u00a0\u00bb][vc_column_text css=\u00a0\u00bb\u00a0\u00bb][\/vc_column_text][\/vc_column][vc_column width=\u00a0\u00bb1\/3&Prime;][vc_column_text css=\u00a0\u00bb\u00a0\u00bb]<\/p>\n<h1 class=\"entry-title\">INDYKPOL<\/h1>\n<p>[\/vc_column_text][vc_single_image image=\u00a0\u00bb14276&Prime; img_size=\u00a0\u00bbmedium\u00a0\u00bb alignment=\u00a0\u00bbcenter\u00a0\u00bb css=\u00a0\u00bb\u00a0\u00bb][vc_column_text css=\u00a0\u00bb\u00a0\u00bb]Indykpol est une entreprise qui a plus de 30 ans d\u2019exp\u00e9rience et dont la production est bas\u00e9e sur la viande de dinde.<\/p>\n<p>Nous proposons une gamme de produits large et compl\u00e9mentaire \u2013 viande de dinde et pr\u00e9parations, y compris saucisses, jambons et p\u00e2t\u00e9s. Nous assumons l\u2019enti\u00e8re responsabilit\u00e9 de nos produits, en contr\u00f4lant le processus depuis l\u2019alimentation jusqu\u2019aux rayons du magasin.<\/p>\n<h2><a href=\"https:\/\/www.polandtastesgood.pl\/fr\/producenci-zywnosci\/indykpol\/\" target=\"_blank\" rel=\"noopener\">lire la suite<\/a><\/h2>\n<p>[\/vc_column_text][\/vc_column][vc_column width=\u00a0\u00bb1\/3&Prime;][vc_column_text css=\u00a0\u00bb\u00a0\u00bb]<\/p>\n<h1 class=\"entry-title\">KUPIEC Sp. z o.o.<\/h1>\n<p>[\/vc_column_text][vc_single_image image=\u00a0\u00bb12740&Prime; img_size=\u00a0\u00bbmedium\u00a0\u00bb alignment=\u00a0\u00bbcenter\u00a0\u00bb css=\u00a0\u00bb\u00a0\u00bb][vc_column_text css=\u00a0\u00bb\u00a0\u00bb]Nous sommes une entreprise familiale polonaise connue sur le march\u00e9 depuis plus de 30 ans.<\/p>\n<p>Plus de 200 produits diff\u00e9rents sont cr\u00e9\u00e9s dans notre usine, sous marque de fabrique ou sous marque de distributeur. Nous cr\u00e9ons des produits innovants et naturels. Nous nous concentrons \u00e0 la fois sur les m\u00e9thodes de production modernes et sur la qualit\u00e9 des mati\u00e8res premi\u00e8res. Nous sommes l\u2019un des plus grands producteurs d\u2019aliments sains en Pologne.<\/p>\n<h2><a href=\"https:\/\/www.polandtastesgood.pl\/fr\/producenci-zywnosci\/kupiec-sp-z-o-o\/\" target=\"_blank\" rel=\"noopener\">lire la suite<\/a><\/h2>\n<p>[\/vc_column_text][\/vc_column][\/vc_row][vc_row][vc_column width=\u00a0\u00bb1\/3&Prime;][vc_column_text css=\u00a0\u00bb\u00a0\u00bb]<\/p>\n<h1>MASPEX B2B<\/h1>\n<p>[\/vc_column_text][vc_single_image image=\u00a0\u00bb27045&Prime; img_size=\u00a0\u00bbmedium\u00a0\u00bb alignment=\u00a0\u00bbcenter\u00a0\u00bb css=\u00a0\u00bb\u00a0\u00bb][vc_column_text css=\u00a0\u00bb\u00a0\u00bb]L\u2019Unit\u00e9 commerciale B2B est charg\u00e9e de la collaboration avec les clients institutionnels en Pologne ainsi qu\u2019avec des entreprises internationales. Parmi nos partenaires figurent notamment des groupes agroalimentaires internationaux, des producteurs majeurs de yaourts ainsi que des entreprises du secteur de la confiserie et des produits convenience. En travaillant avec nos clients professionnels, nous nous effor\u00e7ons d\u2019adapter notre offre \u00e0 leurs besoins sp\u00e9cifiques ou de d\u00e9velopper des produits r\u00e9pondant aux exigences particuli\u00e8res de chaque partenaire.<\/p>\n<h2><a href=\"https:\/\/www.polandtastesgood.pl\/fr\/producenci-zywnosci\/maspex-b2b\/\" target=\"_blank\" rel=\"noopener\">lire la suite<\/a><\/h2>\n<p>[\/vc_column_text][\/vc_column][vc_column width=\u00a0\u00bb1\/3&Prime;][vc_column_text css=\u00a0\u00bb\u00a0\u00bb]<\/p>\n<h1 class=\"entry-title\">OnyyaOrganic Sp. z o.o.<\/h1>\n<p>[\/vc_column_text][vc_single_image image=\u00a0\u00bb35085&Prime; img_size=\u00a0\u00bbmedium\u00a0\u00bb alignment=\u00a0\u00bbcenter\u00a0\u00bb css=\u00a0\u00bb\u00a0\u00bb][vc_column_text css=\u00a0\u00bb\u00a0\u00bb][\/vc_column_text][\/vc_column][vc_column width=\u00a0\u00bb1\/3&Prime;][vc_column_text css=\u00a0\u00bb\u00a0\u00bb]<\/p>\n<h1 class=\"entry-title\">Sante Sp. z o.o.<\/h1>\n<p>[\/vc_column_text][vc_single_image image=\u00a0\u00bb26868&Prime; img_size=\u00a0\u00bbmedium\u00a0\u00bb alignment=\u00a0\u00bbcenter\u00a0\u00bb css=\u00a0\u00bb\u00a0\u00bb][vc_column_text css=\u00a0\u00bb\u00a0\u00bb]<strong>Sante<\/strong>\u00a0est une entreprise polonaise fond\u00e9e en 1992 en tant qu\u2019entreprise familiale, qui a, d\u00e8s ses d\u00e9buts, d\u00e9fini les tendances sur le march\u00e9 de l\u2019alimentation saine. Le nom de l\u2019entreprise trouve son origine dans le mot fran\u00e7ais\u00a0<em>sant\u00e9<\/em>, en parfaite harmonie avec sa mission. Son objectif principal est de veiller tout particuli\u00e8rement \u00e0 fournir aux consommateurs des produits alimentaires ayant les effets les plus b\u00e9n\u00e9fiques sur la sant\u00e9.<\/p>\n<p>L\u2019offre riche et vari\u00e9e de Sante comprend environ 200 produits r\u00e9partis en plusieurs cat\u00e9gories\u00a0: c\u00e9r\u00e9ales pour le petit-d\u00e9jeuner, biscuits et barres c\u00e9r\u00e9ali\u00e8res, semoules et gruaux, graines, barres prot\u00e9in\u00e9es, beurres de noix, boissons v\u00e9g\u00e9tales, tartinables et p\u00e2t\u00e9s v\u00e9g\u00e9taux, compl\u00e9ments nutritionnels professionnels pour les sportifs, ainsi que bien d\u2019autres produits.<\/p>\n<h2><a href=\"https:\/\/www.polandtastesgood.pl\/fr\/producenci-zywnosci\/sante-sp-z-o-o\/\" target=\"_blank\" rel=\"noopener\">lire la suite<\/a><\/h2>\n<p>[\/vc_column_text][\/vc_column][\/vc_row][vc_row][vc_column width=\u00a0\u00bb1\/3&Prime;][vc_column_text css=\u00a0\u00bb\u00a0\u00bb]<\/p>\n<h1 class=\"entry-title\">ZPC CHYLAK<\/h1>\n<p>[\/vc_column_text][vc_single_image image=\u00a0\u00bb28918&Prime; img_size=\u00a0\u00bbmedium\u00a0\u00bb alignment=\u00a0\u00bbcenter\u00a0\u00bb css=\u00a0\u00bb\u00a0\u00bb][vc_column_text css=\u00a0\u00bb\u00a0\u00bb]Zak\u0142ad Piekarniczo-Cukierniczy J. Chylak est une entreprise familiale fond\u00e9e en 1947. Producteur de biscuits, de rouleaux gaufr\u00e9s et de caramels mous (<em>kr\u00f3wki<\/em>).<\/p>\n<h2><a href=\"https:\/\/www.polandtastesgood.pl\/fr\/producenci-zywnosci\/zpc-chylak-mulino\/\" target=\"_blank\" rel=\"noopener\">Lire la suite<\/a><\/h2>\n<p>[\/vc_column_text][\/vc_column][\/vc_row]<\/p>\n<\/div>","protected":false},"excerpt":{"rendered":"<p>[vc_row][vc_column][vc_column_text css=\u00a0\u00bb\u00a0\u00bb][\/vc_column_text][\/vc_column][\/vc_row][vc_row][vc_column width=\u00a0\u00bb1\/4&Prime;][vc_single_image image=\u00a0\u00bb36&Prime; img_size=\u00a0\u00bbmedium\u00a0\u00bb css=\u00a0\u00bb\u00a0\u00bb][\/vc_column][vc_column width=\u00a0\u00bb3\/4&Prime;][vc_column_text css=\u00a0\u00bb\u00a0\u00bb] SIAL CANADA 2026 29 avril &#8211; 1er mai 2026 [\/vc_column_text][\/vc_column][\/vc_row][vc_row][vc_column][vc_column_text css=\u00a0\u00bb\u00a0\u00bb][\/vc_column_text][\/vc_column][\/vc_row][vc_row][vc_column width=\u00a0\u00bb1\/4&Prime;][vc_single_image image=\u00a0\u00bb2159&Prime; img_size=\u00a0\u00bbmedium\u00a0\u00bb onclick=\u00a0\u00bbcustom_link\u00a0\u00bb css=\u00a0\u00bb\u00a0\u00bb link=\u00a0\u00bbhttps:\/\/www.polandtastesgood.pl\/en\/producenci-zywnosci\/exemlary-profile\/\u00a0\u00bb][\/vc_column][vc_column width=\u00a0\u00bb3\/4&Prime;][vc_column_text css=\u00a0\u00bb\u00a0\u00bb] Le Centre national&#8230;<\/p>\n","protected":false},"author":9,"featured_media":0,"parent":0,"menu_order":0,"comment_status":"closed","ping_status":"closed","template":"","meta":{"_acf_changed":false,"footnotes":""},"acf":[],"_links":{"self":[{"href":"https:\/\/www.polandtastesgood.pl\/fr\/wp-json\/wp\/v2\/pages\/35134"}],"collection":[{"href":"https:\/\/www.polandtastesgood.pl\/fr\/wp-json\/wp\/v2\/pages"}],"about":[{"href":"https:\/\/www.polandtastesgood.pl\/fr\/wp-json\/wp\/v2\/types\/page"}],"author":[{"embeddable":true,"href":"https:\/\/www.polandtastesgood.pl\/fr\/wp-json\/wp\/v2\/users\/9"}],"replies":[{"embeddable":true,"href":"https:\/\/www.polandtastesgood.pl\/fr\/wp-json\/wp\/v2\/comments?post=35134"}],"version-history":[{"count":4,"href":"https:\/\/www.polandtastesgood.pl\/fr\/wp-json\/wp\/v2\/pages\/35134\/revisions"}],"predecessor-version":[{"id":35204,"href":"https:\/\/www.polandtastesgood.pl\/fr\/wp-json\/wp\/v2\/pages\/35134\/revisions\/35204"}],"wp:attachment":[{"href":"https:\/\/www.polandtastesgood.pl\/fr\/wp-json\/wp\/v2\/media?parent=35134"}],"curies":[{"name":"wp","href":"https:\/\/api.w.org\/{rel}","templated":true}]}}