{"id":22327,"date":"2025-01-14T09:07:59","date_gmt":"2025-01-14T08:07:59","guid":{"rendered":"https:\/\/www.polandtastesgood.pl\/?page_id=22327"},"modified":"2025-01-14T09:13:20","modified_gmt":"2025-01-14T08:13:20","slug":"pommes-polonaises","status":"publish","type":"page","link":"https:\/\/www.polandtastesgood.pl\/fr\/pommes-polonaises\/","title":{"rendered":"Pommes polonaises"},"content":{"rendered":"<div class=\"wpb-content-wrapper\"><p>[vc_row][vc_column width=\u00a0\u00bb1\/4&Prime;][vc_single_image image=\u00a0\u00bb22248&Prime; img_size=\u00a0\u00bbfull\u00a0\u00bb css=\u00a0\u00bb\u00a0\u00bb][\/vc_column][vc_column width=\u00a0\u00bb3\/4&Prime;][vc_column_text css=\u00a0\u00bb\u00a0\u00bb]<\/p>\n<h1><strong>Un go\u00fbt du patrimoine polonais : l&rsquo;histoire de la pomme<\/strong><\/h1>\n<p>&nbsp;<\/p>\n<p>Imaginez-vous d\u00e9ambulant \u00e0 travers le plus grand verger de pommiers d\u2019Europe : vous \u00eates probablement en Pologne, o\u00f9 les pommiers s\u2019\u00e9tendent \u00e0 perte de vue. En 2023, la Pologne s\u2019est fi\u00e8rement impos\u00e9e comme le premier producteur de pommes de l\u2019Union europ\u00e9enne et le quatri\u00e8me au niveau mondial.<\/p>\n<p>L\u2019histoire des pommes polonaises remonte au Moyen \u00c2ge, lorsque les moines cisterciens et b\u00e9n\u00e9dictins ont plant\u00e9 ces pr\u00e9cieux arbres sur les terres polonaises. La nature a dot\u00e9 la Pologne de conditions id\u00e9ales pour la culture des pommes : des hivers suffisamment froids pour permettre aux arbres de se reposer et des \u00e9t\u00e9s assez chauds pour obtenir un parfait \u00e9quilibre entre douceur et acidit\u00e9. Ce climat unique donne naissance \u00e0 des pommes au caract\u00e8re distinctif, souvent v\u00eatues de \u00ab manteaux \u00bb bicolores et offrant une agr\u00e9able pointe d\u2019acidit\u00e9 qui les rend uniques.[\/vc_column_text][\/vc_column][\/vc_row][vc_row][vc_column][vc_column_text css=\u00a0\u00bb\u00a0\u00bb]Croquer dans une pomme polonaise, c\u2019est go\u00fbter des g\u00e9n\u00e9rations de savoir-faire familial. La plupart des vergers polonais sont des entreprises familiales, o\u00f9 les techniques de culture se transmettent de g\u00e9n\u00e9ration en g\u00e9n\u00e9ration. Mais ces familles ne se contentent pas de s\u2019appuyer sur la tradition. Au cours des trois derni\u00e8res d\u00e9cennies, elles ont adopt\u00e9 des syst\u00e8mes d\u2019irrigation modernes et des installations de stockage frigorifique \u00e0 la pointe de la technologie, leur permettant de rivaliser avec les meilleurs producteurs du monde.<\/p>\n<p>L\u2019impact des pommes polonaises d\u00e9passe largement les portes des vergers. Imaginez un effet d\u2019entra\u00eenement : des agriculteurs qui soignent leurs arbres aux ouvriers des usines de transformation, des chauffeurs-livreurs transportant des fruits frais aux chefs \u00e9laborant des d\u00e9lices \u00e0 base de pommes dans les restaurants. L\u2019industrie de la pomme est devenue une composante essentielle du tissu \u00e9conomique polonais.<\/p>\n<p>Aujourd\u2019hui, les pommes polonaises voyagent dans plus de 70 pays, des nations europ\u00e9ennes voisines \u00e0 des destinations lointaines comme le Vietnam, la Colombie, l\u2019\u00c9gypte ou encore les \u00c9mirats arabes unis. Environ un cinqui\u00e8me de la r\u00e9colte de pommes polonaises part pour ces voyages internationaux, qu\u2019il s\u2019agisse de fruits frais ou transform\u00e9s en jus rafra\u00eechissants.<\/p>\n<p>Parmi ces fruits, deux groupes se distinguent particuli\u00e8rement : les pommes de \u0141\u0105cko (<em>jab\u0142ka \u0142\u0105ckie<\/em>) et les pommes de Gr\u00f3jec (<em>jab\u0142ka gr\u00f3jeckie<\/em>), tous deux reconnus par l\u2019Union europ\u00e9enne en tant qu\u2019Indications G\u00e9ographiques Prot\u00e9g\u00e9es. Ces pommes, \u00e0 l\u2019instar des grands crus, tirent leurs qualit\u00e9s uniques des r\u00e9gions sp\u00e9cifiques o\u00f9 elles sont cultiv\u00e9es.[\/vc_column_text][\/vc_column][\/vc_row][vc_row][vc_column width=\u00a0\u00bb5\/6&Prime;][vc_column_text css=\u00a0\u00bb\u00a0\u00bb]<\/p>\n<h3><strong>Jab\u0142ka \u0142\u0105ckie<\/strong><\/h3>\n<p>Les pommes de \u0141\u0105cko, cultiv\u00e9es dans la r\u00e9gion montagneuse de la vo\u00efvodie de Ma\u0142opolskie, poss\u00e8dent ce que les experts appellent une \u00ab note verte montagnarde \u00bb \u2013 un go\u00fbt distinctif avec une acidit\u00e9 rafra\u00eechissante, fruit de leur microclimat unique. Ces pommes se distinguent \u00e9galement par leur capacit\u00e9 \u00e0 conserver un aspect frais plus longtemps que la plupart des autres vari\u00e9t\u00e9s : une fois coup\u00e9es, elles r\u00e9sistent au brunissement, comme si elles cherchaient \u00e0 pr\u00e9server leur beaut\u00e9 un peu plus longtemps.<\/p>\n<p>Seules les pommes des vari\u00e9t\u00e9s Idared, Jonagold, Champion, Ligol, Golden Delicious, Gala, Boskoop, Red Boskoop, Elise, Early Geneva, Topaz, Lobo, Rubin, Gloster et Jonagored, cultiv\u00e9es dans le Bassin de \u0141\u0105cko, peuvent \u00eatre commercialis\u00e9es sous le nom de \u00ab jab\u0142ka \u0142\u0105ckie \u00bb.[\/vc_column_text][\/vc_column][vc_column width=\u00a0\u00bb1\/6&Prime;][vc_single_image image=\u00a0\u00bb22217&Prime; img_size=\u00a0\u00bblarge\u00a0\u00bb alignment=\u00a0\u00bbright\u00a0\u00bb css=\u00a0\u00bb\u00a0\u00bb][\/vc_column][\/vc_row][vc_row][vc_column width=\u00a0\u00bb1\/4&Prime;][vc_single_image image=\u00a0\u00bb22269&Prime; img_size=\u00a0\u00bbmedium\u00a0\u00bb css=\u00a0\u00bb\u00a0\u00bb][\/vc_column][vc_column width=\u00a0\u00bb3\/4&Prime;][vc_column_text css=\u00a0\u00bb\u00a0\u00bb]<\/p>\n<h3><strong>Jab\u0142ka gr\u00f3jeckie<\/strong><\/h3>\n<p>La r\u00e9gion de Gr\u00f3jec, souvent appel\u00e9e \u00ab le plus grand verger d\u2019Europe \u00bb, raconte une histoire tout aussi fascinante. La tradition de la culture des pommes y a commenc\u00e9 au XVI\u1d49 si\u00e8cle gr\u00e2ce \u00e0 la reine Bona Sforza, qui avait imagin\u00e9 ces terres comme des jardins fruitiers royaux. Les sols et le climat uniques de la r\u00e9gion conf\u00e8rent aux pommes des couleurs plus vives et des saveurs plus complexes que celles de leurs cousines issues d\u2019autres r\u00e9gions. Toutes les pommes de Gr\u00f3jec poss\u00e8dent un niveau d\u2019acidit\u00e9 sp\u00e9cifique, en moyenne 5 % sup\u00e9rieur \u00e0 celui des vari\u00e9t\u00e9s d\u2019autres r\u00e9gions. Une autre caract\u00e9ristique distinctive des pommes de Gr\u00f3jec est leur rougeur intense, due \u00e0 une teneur plus \u00e9lev\u00e9e en pigments sous la peau, \u00e9galement en moyenne sup\u00e9rieure de 5 %.<\/p>\n<p>Le terme \u00ab jab\u0142ka gr\u00f3jeckie \u00bb (pommes de Gr\u00f3jec) d\u00e9signe 27 vari\u00e9t\u00e9s de pommes, dont Gala, Gloster, Idared, Lobo et Ligol, provenant de cette r\u00e9gion. Seules les pommes de cat\u00e9gorie \u00ab extra \u00bb et de cat\u00e9gorie I, r\u00e9pondant aux exigences minimales en mati\u00e8re de coloration, de taille et de fermet\u00e9 de la chair, peuvent \u00eatre commercialis\u00e9es sous cette appellation.[\/vc_column_text][\/vc_column][\/vc_row][vc_row][vc_column][vc_column_text css=\u00a0\u00bb\u00a0\u00bb]<\/p>\n<h3><strong>Faits rapides sur les pommes polonaises:<\/strong><\/h3>\n<ul style=\"list-style-type: disc;\">\n<li>Chaque ann\u00e9e, sur 80 500 vergers couvrant 150 000 hectares, la Pologne produit environ 4 millions de tonnes de pommes.<\/li>\n<li>En 2023, 815 000 tonnes de ces pommes ont \u00e9t\u00e9 export\u00e9es sur les march\u00e9s internationaux.<\/li>\n<li>Bien que des vari\u00e9t\u00e9s comme Idared, Champion, Ligol, Golden Delicious, Red Delicious, Gala, Gloster, Lobo et Cortland soient largement connues, la Pologne cultive \u00e9galement ses propres vari\u00e9t\u00e9s uniques, notamment Kosztela, Alwa, Delicates, Witos, Primula et Ligol, chacune racontant une histoire singuli\u00e8re d&rsquo;innovation et de tradition agricoles polonaises.<\/li>\n<\/ul>\n<p>[\/vc_column_text][\/vc_column][\/vc_row]<\/p>\n<\/div>","protected":false},"excerpt":{"rendered":"<p>[vc_row][vc_column width=\u00a0\u00bb1\/4&Prime;][vc_single_image image=\u00a0\u00bb22248&Prime; img_size=\u00a0\u00bbfull\u00a0\u00bb css=\u00a0\u00bb\u00a0\u00bb][\/vc_column][vc_column width=\u00a0\u00bb3\/4&Prime;][vc_column_text css=\u00a0\u00bb\u00a0\u00bb] Un go\u00fbt du patrimoine polonais : l&rsquo;histoire de la pomme &nbsp; Imaginez-vous d\u00e9ambulant \u00e0 travers le plus grand verger de pommiers d\u2019Europe :&#8230;<\/p>\n","protected":false},"author":16,"featured_media":0,"parent":0,"menu_order":0,"comment_status":"closed","ping_status":"closed","template":"","meta":{"_acf_changed":false,"footnotes":""},"acf":[],"_links":{"self":[{"href":"https:\/\/www.polandtastesgood.pl\/fr\/wp-json\/wp\/v2\/pages\/22327"}],"collection":[{"href":"https:\/\/www.polandtastesgood.pl\/fr\/wp-json\/wp\/v2\/pages"}],"about":[{"href":"https:\/\/www.polandtastesgood.pl\/fr\/wp-json\/wp\/v2\/types\/page"}],"author":[{"embeddable":true,"href":"https:\/\/www.polandtastesgood.pl\/fr\/wp-json\/wp\/v2\/users\/16"}],"replies":[{"embeddable":true,"href":"https:\/\/www.polandtastesgood.pl\/fr\/wp-json\/wp\/v2\/comments?post=22327"}],"version-history":[{"count":6,"href":"https:\/\/www.polandtastesgood.pl\/fr\/wp-json\/wp\/v2\/pages\/22327\/revisions"}],"predecessor-version":[{"id":22334,"href":"https:\/\/www.polandtastesgood.pl\/fr\/wp-json\/wp\/v2\/pages\/22327\/revisions\/22334"}],"wp:attachment":[{"href":"https:\/\/www.polandtastesgood.pl\/fr\/wp-json\/wp\/v2\/media?parent=22327"}],"curies":[{"name":"wp","href":"https:\/\/api.w.org\/{rel}","templated":true}]}}