{"id":1174,"date":"2021-02-14T17:14:41","date_gmt":"2021-02-14T16:14:41","guid":{"rendered":"https:\/\/www.polandtastesgood.pl\/o-projekcie\/krotko-o-kowr\/"},"modified":"2022-12-21T15:39:18","modified_gmt":"2022-12-21T14:39:18","slug":"krotko-o-kowr","status":"publish","type":"page","link":"https:\/\/www.polandtastesgood.pl\/fr\/o-projekcie\/krotko-o-kowr\/","title":{"rendered":"Quelques mots \u00e0 propos du KOWR"},"content":{"rendered":"<div class=\"wpb-content-wrapper\"><p>[vc_row][vc_column width=\u00a0\u00bb2\/3&Prime;][vc_column_text]Le Centre national du Soutien \u00e0 l&rsquo;Agriculture KOWR est une agence gouvernementale supervis\u00e9e par le minist\u00e8re de l&rsquo;agriculture et du d\u00e9veloppement rural.<\/p>\n<p>En Pologne, le KOWR est la principale entit\u00e9 mettant en \u0153uvre les instruments de la politique de promotion dans le secteur agroalimentaire. Notre mission consiste \u00e0 soutenir les producteurs polonais qui produisent et exportent des produits alimentaires.<\/p>\n<p>&nbsp;<\/p>\n<p><img loading=\"lazy\" decoding=\"async\" class=\"alignnone size-full wp-image-37\" src=\"https:\/\/www.polandtastesgood.pl\/wp-content\/uploads\/2021\/01\/kisspng-poland-food-dinner-restaurant-company-good-taste-5b0dc337aa6bb2.3293453515276285996981.png\" alt=\"\" width=\"259\" height=\"115\" \/><\/p>\n<p>&nbsp;<\/p>\n<p>Une marque forte de produits alimentaires polonais est en train de se construire sous un slogan commun : \u00ab\u00a0La Pologne a bon go\u00fbt\u00a0\u00bb \/ \u00ab\u00a0Poland tastes good\u00a0\u00bb. L&rsquo;une des principales t\u00e2ches du Centre national du Soutien \u00e0 l&rsquo;Agriculture est de donner une image positive et de faire conna\u00eetre les produits alimentaires polonais \u00e0 l&rsquo;\u00e9tranger sous la marque \u00ab\u00a0POLAND TASTES GOOD\u00a0\u00bb.<\/p>\n<p>La marque \u00ab\u00a0POLAND TASTES GOOD\u00a0\u00bb est une garantie de go\u00fbt et un synonyme de produits alimentaires polonais de la plus haute qualit\u00e9, ainsi qu&rsquo;une r\u00e9ponse \u00e0 la demande croissante d&rsquo;aliments sains, produits en harmonie avec l&rsquo;environnement naturel, sur la base de technologies et de m\u00e9thodes de production traditionnelles.[\/vc_column_text][\/vc_column][vc_column width=\u00a0\u00bb1\/3&Prime;][vc_single_image image=\u00a0\u00bb5290&Prime; img_size=\u00a0\u00bbfull\u00a0\u00bb alignment=\u00a0\u00bbcenter\u00a0\u00bb][vc_single_image image=\u00a0\u00bb2157&Prime; img_size=\u00a0\u00bbfull\u00a0\u00bb alignment=\u00a0\u00bbcenter\u00a0\u00bb][\/vc_column][\/vc_row]<\/p>\n<\/div>","protected":false},"excerpt":{"rendered":"<p>[vc_row][vc_column width=\u00a0\u00bb2\/3&Prime;][vc_column_text]Le Centre national du Soutien \u00e0 l&rsquo;Agriculture KOWR est une agence gouvernementale supervis\u00e9e par le minist\u00e8re de l&rsquo;agriculture et du d\u00e9veloppement rural. En Pologne, le KOWR est la principale&#8230;<\/p>\n","protected":false},"author":10,"featured_media":0,"parent":1059,"menu_order":0,"comment_status":"closed","ping_status":"closed","template":"page-sidebar.php","meta":{"_acf_changed":false,"footnotes":""},"acf":[],"_links":{"self":[{"href":"https:\/\/www.polandtastesgood.pl\/fr\/wp-json\/wp\/v2\/pages\/1174"}],"collection":[{"href":"https:\/\/www.polandtastesgood.pl\/fr\/wp-json\/wp\/v2\/pages"}],"about":[{"href":"https:\/\/www.polandtastesgood.pl\/fr\/wp-json\/wp\/v2\/types\/page"}],"author":[{"embeddable":true,"href":"https:\/\/www.polandtastesgood.pl\/fr\/wp-json\/wp\/v2\/users\/10"}],"replies":[{"embeddable":true,"href":"https:\/\/www.polandtastesgood.pl\/fr\/wp-json\/wp\/v2\/comments?post=1174"}],"version-history":[{"count":9,"href":"https:\/\/www.polandtastesgood.pl\/fr\/wp-json\/wp\/v2\/pages\/1174\/revisions"}],"predecessor-version":[{"id":5298,"href":"https:\/\/www.polandtastesgood.pl\/fr\/wp-json\/wp\/v2\/pages\/1174\/revisions\/5298"}],"up":[{"embeddable":true,"href":"https:\/\/www.polandtastesgood.pl\/fr\/wp-json\/wp\/v2\/pages\/1059"}],"wp:attachment":[{"href":"https:\/\/www.polandtastesgood.pl\/fr\/wp-json\/wp\/v2\/media?parent=1174"}],"curies":[{"name":"wp","href":"https:\/\/api.w.org\/{rel}","templated":true}]}}