{"id":1162,"date":"2021-02-14T18:22:58","date_gmt":"2021-02-14T17:22:58","guid":{"rendered":"https:\/\/www.polandtastesgood.pl\/o-projekcie\/produkty\/"},"modified":"2021-08-12T10:33:27","modified_gmt":"2021-08-12T08:33:27","slug":"produkty","status":"publish","type":"page","link":"https:\/\/www.polandtastesgood.pl\/fr\/o-projekcie\/produkty\/","title":{"rendered":"Denr\u00e9es alimentaires polonaises"},"content":{"rendered":"<div class=\"wpb-content-wrapper\"><p>[vc_row][vc_column width=\u00a0\u00bb1\/2&Prime;][vc_column_text]<\/p>\n<h4>La Pologne est l&rsquo;un des principaux producteurs de produits agricoles et de denr\u00e9es alimentaires en Union europ\u00e9enne et dans le monde.<\/h4>\n<p>&nbsp;<\/p>\n<p>La nourriture polonaise est de haute qualit\u00e9, s\u00fbre, naturelle et savoureuse.[\/vc_column_text][\/vc_column][vc_column width=\u00a0\u00bb1\/2&Prime;]<div class=\"image-with-cover\"><img decoding=\"async\" src=\"https:\/\/www.polandtastesgood.pl\/wp-content\/uploads\/2021\/04\/spizarnia2-1024x805.jpg\" class=\"img-fluid\" alt=\"Denr\u00e9es alimentaires polonaises\" \/><\/div>[\/vc_column][\/vc_row][vc_row][vc_column]<div class=\"food-section\"><div class=\"featured-list\"><div class=\"featured-list-row row mb-4 pb-1\"><div class=\"col-12 col-md-6 col-lg-3\"><a href=\"#\"><span class=\"featured-list-thumb d-block\" style=\"background-image: url('https:\/\/www.polandtastesgood.pl\/wp-content\/uploads\/2021\/04\/1-MIESO-1-150x150.jpg');\"><img decoding=\"async\" src=\"https:\/\/www.polandtastesgood.pl\/wp-content\/uploads\/2021\/04\/1-MIESO-1-150x150.jpg\" alt=\"Viande - volaille, b\u0153uf, porc\"\/><\/span><\/a><\/div><div class=\"col-12 col-md-6 col-lg-9\"><h3 class=\"m-0 mx-sm-4 my-sm-4\">Viande - volaille, b\u0153uf, porc<\/h3><p>La Pologne poss\u00e8de une riche tradition dans la production de volaille, de viande bovine et porcine. Depuis 2014, nous sommes le plus grand producteur de viande de volaille de l'UE. La viande polonaise se distingue par sa grande qualit\u00e9 et ses excellentes caract\u00e9ristiques culinaires. Afin de garantir la plus haute qualit\u00e9 des produits, une part importante de la production de viande en Pologne est r\u00e9alis\u00e9e dans le cadre de syst\u00e8mes nationaux de qualit\u00e9 alimentaire, tels que le Pork Quality System (PQS), le Quality Assurance for Food Products (QAFP) ou le Quality Meat Program (QMP). La Pologne a \u00e9galement une longue tradition dans la production de charcuterie - saucisses (y compris les kabanos \u2013 saucisses s\u00e8ches fines de renomm\u00e9e internationale), jambons, longes, lard et p\u00e2t\u00e9s.<\/p><\/div><\/div><div class=\"featured-list-row row mb-4 pb-1\"><div class=\"col-12 col-md-6 col-lg-3\"><a href=\"#\"><span class=\"featured-list-thumb d-block\" style=\"background-image: url('https:\/\/www.polandtastesgood.pl\/wp-content\/uploads\/2021\/04\/2.-MLEKO-I-PRODUKTY-MLECZNE-1-150x150.jpg');\"><img decoding=\"async\" src=\"https:\/\/www.polandtastesgood.pl\/wp-content\/uploads\/2021\/04\/2.-MLEKO-I-PRODUKTY-MLECZNE-1-150x150.jpg\" alt=\"LAIT ET PRODUITS LAITIERS\"\/><\/span><\/a><\/div><div class=\"col-12 col-md-6 col-lg-9\"><h3 class=\"m-0 mx-sm-4 my-sm-4\">LAIT ET PRODUITS LAITIERS<\/h3><p>L'industrie laiti\u00e8re polonaise dispose de technologies de classe mondiale. Le principal produit laitier export\u00e9 par la Pologne est le fromage et le fromage blanc, dont nous sommes le sixi\u00e8me plus grand producteur au monde et le cinqui\u00e8me dans l'UE.<\/p><\/div><\/div><div class=\"featured-list-row row mb-4 pb-1\"><div class=\"col-12 col-md-6 col-lg-3\"><a href=\"#\"><span class=\"featured-list-thumb d-block\" style=\"background-image: url('https:\/\/www.polandtastesgood.pl\/wp-content\/uploads\/2021\/04\/Zdjecia-studyjne-zestaw-owocow-miekkich-150x150.jpg');\"><img decoding=\"async\" src=\"https:\/\/www.polandtastesgood.pl\/wp-content\/uploads\/2021\/04\/Zdjecia-studyjne-zestaw-owocow-miekkich-150x150.jpg\" alt=\"FRUITS ET L\u00c9GUMES\"\/><\/span><\/a><\/div><div class=\"col-12 col-md-6 col-lg-9\"><h3 class=\"m-0 mx-sm-4 my-sm-4\">FRUITS ET L\u00c9GUMES<\/h3><p>Les pommes sont un grand succ\u00e8s des exportations polonaises. La production des fruits des vergers et des l\u00e9gumes polonais constitue la base de l'industrie de transformation nationale. Parmi les produits les plus importants de cette industrie figurent le jus de pomme concentr\u00e9 et les jus de fruits et de l\u00e9gumes de haute qualit\u00e9. La Pologne figure \u00e9galement parmi les principaux producteurs europ\u00e9ens de fruits et l\u00e9gumes surgel\u00e9s.<\/p><\/div><\/div><div class=\"featured-list-row row mb-4 pb-1\"><div class=\"col-12 col-md-6 col-lg-3\"><a href=\"#\"><span class=\"featured-list-thumb d-block\" style=\"background-image: url('https:\/\/www.polandtastesgood.pl\/wp-content\/uploads\/2021\/04\/Zdjecia-studyjne-chleb-razowy-lancucki-1-150x150.jpg');\"><img decoding=\"async\" src=\"https:\/\/www.polandtastesgood.pl\/wp-content\/uploads\/2021\/04\/Zdjecia-studyjne-chleb-razowy-lancucki-1-150x150.jpg\" alt=\"PRODUITS DE TRANSFORMATION DES C\u00c9R\u00c9ALES\"\/><\/span><\/a><\/div><div class=\"col-12 col-md-6 col-lg-9\"><h3 class=\"m-0 mx-sm-4 my-sm-4\">PRODUITS DE TRANSFORMATION DES C\u00c9R\u00c9ALES<\/h3><p>Outre les produits traditionnels, l'industrie de la boulangerie propose, entre autres, des produits de boulangerie \u00e0 dur\u00e9e de conservation prolong\u00e9e, du pain grill\u00e9 ou croustillant, des petits pains pour hamburgers et hot dogs, ainsi que des produits semi-finis sp\u00e9cialement emball\u00e9s pour la cuisson \u00e0 domicile et du pain surgel\u00e9 pour le secteur de la restauration. Les p\u00e2tes polonaises sont \u00e9galement vendues dans le monde entier.<\/p><\/div><\/div><div class=\"featured-list-row row mb-4 pb-1\"><div class=\"col-12 col-md-6 col-lg-3\"><a href=\"#\"><span class=\"featured-list-thumb d-block\" style=\"background-image: url('https:\/\/www.polandtastesgood.pl\/wp-content\/uploads\/2021\/04\/Zdjecia-studyjne-miod-spadziowy-150x150.jpg');\"><img decoding=\"async\" src=\"https:\/\/www.polandtastesgood.pl\/wp-content\/uploads\/2021\/04\/Zdjecia-studyjne-miod-spadziowy-150x150.jpg\" alt=\"Miel\"\/><\/span><\/a><\/div><div class=\"col-12 col-md-6 col-lg-9\"><h3 class=\"m-0 mx-sm-4 my-sm-4\">Miel<\/h3><p>La Pologne est le cinqui\u00e8me producteur de miel de l'Union europ\u00e9enne. Les miels originaires de Pologne comptent parmi les dons les plus pr\u00e9cieux de la nature. Ils se caract\u00e9risent par leurs nombreuses vari\u00e9t\u00e9s et leurs propri\u00e9t\u00e9s sensorielles et salubrit\u00e9 exceptionnelle. Gr\u00e2ce \u00e0 leurs qualit\u00e9s uniques, ils deviennent de plus en plus populaires sur les march\u00e9s \u00e9trangers.<\/p><\/div><\/div><div class=\"featured-list-row row mb-4 pb-1\"><div class=\"col-12 col-md-6 col-lg-3\"><a href=\"#\"><span class=\"featured-list-thumb d-block\" style=\"background-image: url('https:\/\/www.polandtastesgood.pl\/wp-content\/uploads\/2021\/04\/6.-WYROBY-PIEKARNICZE-1-1-150x150.jpg');\"><img decoding=\"async\" src=\"https:\/\/www.polandtastesgood.pl\/wp-content\/uploads\/2021\/04\/6.-WYROBY-PIEKARNICZE-1-1-150x150.jpg\" alt=\"Produits chocolat\u00e9s et sucreries\"\/><\/span><\/a><\/div><div class=\"col-12 col-md-6 col-lg-9\"><h3 class=\"m-0 mx-sm-4 my-sm-4\">Produits chocolat\u00e9s et sucreries<\/h3><p>La Pologne est l'un des leaders de la production de marchandises chocolat\u00e9es en Europe. Les sucreries fabriqu\u00e9es dans le pays ravissent avec leur large gamme de produits et de saveurs. La Pologne vend des produits de confiserie vers plus de 130 pays dans le monde.<\/p><\/div><\/div><div class=\"featured-list-row row mb-4 pb-1\"><div class=\"col-12 col-md-6 col-lg-3\"><a href=\"#\"><span class=\"featured-list-thumb d-block\" style=\"background-image: url('https:\/\/www.polandtastesgood.pl\/wp-content\/uploads\/2021\/04\/EU_Organic_Logo-150x150.png');\"><img decoding=\"async\" src=\"https:\/\/www.polandtastesgood.pl\/wp-content\/uploads\/2021\/04\/EU_Organic_Logo-150x150.png\" alt=\"Produits alimentaires bio\"\/><\/span><\/a><\/div><div class=\"col-12 col-md-6 col-lg-9\"><h3 class=\"m-0 mx-sm-4 my-sm-4\">Produits alimentaires bio<\/h3><p>La Pologne est un producteur croissant de produits alimentaires bio dans l'Union europ\u00e9enne et dans le monde. La superficie totale des terres arables utilis\u00e9es pour l'agriculture biologique en Pologne est de plus de 500 000 ha, ce qui place la Pologne au 9e rang des pays de l'UE et au 19e rang mondial. La plus grande superficie de terres arables utilis\u00e9es pour l'agriculture biologique est occup\u00e9e par les c\u00e9r\u00e9ales - plus de 12 000 ha, ce qui conf\u00e8re \u00e0 la Pologne la 9e place mondiale dans cette cat\u00e9gorie. La Pologne se classe au 7e rang dans l'UE en termes de nombre d'agriculteurs biologiques enregistr\u00e9s. En 2019, il y avait plus de 20 000 op\u00e9rateurs bio en Pologne. Les producteurs agricoles constituaient le groupe le plus important avec plus de 18 000 agriculteurs.<\/p><\/div><\/div><\/div><\/div><div><a class=\"btn btn-primary nf-element mt-3\" href=\"\/fr\/wp-json\/wp\/v2\/pages\/1162?export_to=pdf&#038;module=polish_food&#038;lang=fr_FR\"> T\u00e9l\u00e9chargez tout en PDF<\/a><\/div>[\/vc_column][\/vc_row]<\/p>\n<\/div>","protected":false},"excerpt":{"rendered":"<p>[vc_row][vc_column width=\u00a0\u00bb1\/2&Prime;][vc_column_text] La Pologne est l&rsquo;un des principaux producteurs de produits agricoles et de denr\u00e9es alimentaires en Union europ\u00e9enne et dans le monde. &nbsp; La nourriture polonaise est de haute&#8230;<\/p>\n","protected":false},"author":10,"featured_media":0,"parent":1059,"menu_order":0,"comment_status":"closed","ping_status":"closed","template":"page-sidebar.php","meta":{"_acf_changed":false,"footnotes":""},"acf":[],"_links":{"self":[{"href":"https:\/\/www.polandtastesgood.pl\/fr\/wp-json\/wp\/v2\/pages\/1162"}],"collection":[{"href":"https:\/\/www.polandtastesgood.pl\/fr\/wp-json\/wp\/v2\/pages"}],"about":[{"href":"https:\/\/www.polandtastesgood.pl\/fr\/wp-json\/wp\/v2\/types\/page"}],"author":[{"embeddable":true,"href":"https:\/\/www.polandtastesgood.pl\/fr\/wp-json\/wp\/v2\/users\/10"}],"replies":[{"embeddable":true,"href":"https:\/\/www.polandtastesgood.pl\/fr\/wp-json\/wp\/v2\/comments?post=1162"}],"version-history":[{"count":8,"href":"https:\/\/www.polandtastesgood.pl\/fr\/wp-json\/wp\/v2\/pages\/1162\/revisions"}],"predecessor-version":[{"id":2822,"href":"https:\/\/www.polandtastesgood.pl\/fr\/wp-json\/wp\/v2\/pages\/1162\/revisions\/2822"}],"up":[{"embeddable":true,"href":"https:\/\/www.polandtastesgood.pl\/fr\/wp-json\/wp\/v2\/pages\/1059"}],"wp:attachment":[{"href":"https:\/\/www.polandtastesgood.pl\/fr\/wp-json\/wp\/v2\/media?parent=1162"}],"curies":[{"name":"wp","href":"https:\/\/api.w.org\/{rel}","templated":true}]}}