{"id":1170,"date":"2021-02-14T17:14:41","date_gmt":"2021-02-14T16:14:41","guid":{"rendered":"https:\/\/www.polandtastesgood.pl\/o-projekcie\/krotko-o-kowr\/"},"modified":"2022-12-21T15:06:54","modified_gmt":"2022-12-21T14:06:54","slug":"krotko-o-kowr","status":"publish","type":"page","link":"https:\/\/www.polandtastesgood.pl\/es\/o-projekcie\/krotko-o-kowr\/","title":{"rendered":"Brevemente sobre del Centro Nacional de Apoyo a la Agricultura (KOWR)"},"content":{"rendered":"<div class=\"wpb-content-wrapper\"><p>[vc_row][vc_column width=\u00bb2\/3&#8243;][vc_column_text]El Centro Nacional de Apoyo a la Agricultura (KOWR) es una agencia gubernamental supervisada por el Ministerio de Agricultura y Desarrollo Rural.<\/p>\n<p>KOWR es la principal entidad que implementa instrumentos de pol\u00edtica de promoci\u00f3n en el sector agroalimentario en Polonia. Nuestra tarea es apoyar a los productores polacos que producen y exportan productos alimenticios.<\/p>\n<p>&nbsp;<\/p>\n<p><img loading=\"lazy\" decoding=\"async\" class=\"alignnone size-full wp-image-40\" src=\"https:\/\/www.polandtastesgood.pl\/wp-content\/uploads\/2021\/01\/kisspng-poland-food-dinner-restaurant-company-good-taste-5b0dc337aa6bb2.3293453515276285996981.png\" alt=\"\" width=\"259\" height=\"115\" \/><\/p>\n<p>&nbsp;<\/p>\n<p>Una marca fuerte de productos alimenticios polacos se construye bajo un lema com\u00fan: \u201cPolonia sabe bien\u201d \/ \u201cPoland tastes good\u201d. Una de las principales tareas del Centro Nacional de Apoyo a la Agricultura (KOWR) es construir una imagen positiva y el reconocimiento de la comida polaca en el extranjero bajo la marca \u00abPOLAND TASTES GOOD\u00bb.<\/p>\n<p>La marca \u00abPOLAND TASTES GOOD\u00bb es garant\u00eda de sabor y sin\u00f3nimo de productos alimenticios polacos de la m\u00e1s alta calidad, as\u00ed como una respuesta a la creciente demanda de alimentos saludables, producidos de acuerdo con el medio natural, basados \u200b\u200ben tecnolog\u00edas y m\u00e9todos de producci\u00f3n tradicionales.[\/vc_column_text][\/vc_column][vc_column width=\u00bb1\/3&#8243;][vc_single_image image=\u00bb5293&#8243; img_size=\u00bbfull\u00bb alignment=\u00bbcenter\u00bb][vc_single_image image=\u00bb2161&#8243; img_size=\u00bbfull\u00bb alignment=\u00bbcenter\u00bb][\/vc_column][\/vc_row]<\/p>\n<\/div>","protected":false},"excerpt":{"rendered":"<p>[vc_row][vc_column width=\u00bb2\/3&#8243;][vc_column_text]El Centro Nacional de Apoyo a la Agricultura (KOWR) es una agencia gubernamental supervisada por el Ministerio de Agricultura y Desarrollo Rural. KOWR es la principal entidad que implementa&#8230;<\/p>\n","protected":false},"author":10,"featured_media":0,"parent":1062,"menu_order":0,"comment_status":"closed","ping_status":"closed","template":"page-sidebar.php","meta":{"_acf_changed":false,"footnotes":""},"acf":[],"_links":{"self":[{"href":"https:\/\/www.polandtastesgood.pl\/es\/wp-json\/wp\/v2\/pages\/1170"}],"collection":[{"href":"https:\/\/www.polandtastesgood.pl\/es\/wp-json\/wp\/v2\/pages"}],"about":[{"href":"https:\/\/www.polandtastesgood.pl\/es\/wp-json\/wp\/v2\/types\/page"}],"author":[{"embeddable":true,"href":"https:\/\/www.polandtastesgood.pl\/es\/wp-json\/wp\/v2\/users\/10"}],"replies":[{"embeddable":true,"href":"https:\/\/www.polandtastesgood.pl\/es\/wp-json\/wp\/v2\/comments?post=1170"}],"version-history":[{"count":13,"href":"https:\/\/www.polandtastesgood.pl\/es\/wp-json\/wp\/v2\/pages\/1170\/revisions"}],"predecessor-version":[{"id":5296,"href":"https:\/\/www.polandtastesgood.pl\/es\/wp-json\/wp\/v2\/pages\/1170\/revisions\/5296"}],"up":[{"embeddable":true,"href":"https:\/\/www.polandtastesgood.pl\/es\/wp-json\/wp\/v2\/pages\/1062"}],"wp:attachment":[{"href":"https:\/\/www.polandtastesgood.pl\/es\/wp-json\/wp\/v2\/media?parent=1170"}],"curies":[{"name":"wp","href":"https:\/\/api.w.org\/{rel}","templated":true}]}}