{"id":1169,"date":"2021-02-14T18:22:58","date_gmt":"2021-02-14T17:22:58","guid":{"rendered":"https:\/\/www.polandtastesgood.pl\/o-projekcie\/produkty\/"},"modified":"2021-08-11T10:11:29","modified_gmt":"2021-08-11T08:11:29","slug":"produkty","status":"publish","type":"page","link":"https:\/\/www.polandtastesgood.pl\/es\/o-projekcie\/produkty\/","title":{"rendered":"Alimentaci\u00f3n polaca"},"content":{"rendered":"<div class=\"wpb-content-wrapper\"><p>[vc_row][vc_column width=\u00bb1\/2&#8243;][vc_column_text]<\/p>\n<h4>Polonia es uno de los principales productores de productos agr\u00edcolas y alimenticios de la Uni\u00f3n Europea y del mundo.<\/h4>\n<p>&nbsp;<\/p>\n<p>La comida polaca es de alta calidad, segura, natural y sabrosa.[\/vc_column_text][\/vc_column][vc_column width=\u00bb1\/2&#8243;]<div class=\"image-with-cover\"><img decoding=\"async\" src=\"https:\/\/www.polandtastesgood.pl\/wp-content\/uploads\/2021\/04\/spizarnia2-1024x805.jpg\" class=\"img-fluid\" alt=\"Alimentaci\u00f3n polaca\" \/><\/div>[\/vc_column][\/vc_row][vc_row css=\u00bb.vc_custom_1613343702667{margin-top: 30px !important;}\u00bb][vc_column]<div class=\"food-section\"><div class=\"featured-list\"><div class=\"featured-list-row row mb-4 pb-1\"><div class=\"col-12 col-md-6 col-lg-3\"><a href=\"#\"><span class=\"featured-list-thumb d-block\" style=\"background-image: url('https:\/\/www.polandtastesgood.pl\/wp-content\/uploads\/2021\/04\/1-MIESO-1-150x150.jpg');\"><img decoding=\"async\" src=\"https:\/\/www.polandtastesgood.pl\/wp-content\/uploads\/2021\/04\/1-MIESO-1-150x150.jpg\" alt=\"Carne: aves, ternera, cerdo\"\/><\/span><\/a><\/div><div class=\"col-12 col-md-6 col-lg-9\"><h3 class=\"m-0 mx-sm-4 my-sm-4\">Carne: aves, ternera, cerdo<\/h3><p>Polonia tiene una rica tradici\u00f3n en la producci\u00f3n de aves de corral, carne de res y cerdo. Desde 2014, somos el mayor productor de carne de aves de corral de la UE. La carne polaca se distingue por su alta calidad y excelentes valores culinarios. Para garantizar la m\u00e1s alta calidad de los productos, una parte importante de la producci\u00f3n de carne se lleva a cabo bajo los sistemas nacionales de calidad alimentaria, tales como: Pork Quality System (PQS), Quality Assurance for Food Products (QAFP) o Quality Meat Program (QMP). Polonia tiene tambi\u00e9n una larga tradici\u00f3n en la producci\u00f3n de embutidos: salchichas (incluidas las salchichas kabanos valoradas internacionalmente), jamones, lomos de cerdo, tocino y pat\u00e9s.<\/p><\/div><\/div><div class=\"featured-list-row row mb-4 pb-1\"><div class=\"col-12 col-md-6 col-lg-3\"><a href=\"#\"><span class=\"featured-list-thumb d-block\" style=\"background-image: url('https:\/\/www.polandtastesgood.pl\/wp-content\/uploads\/2021\/04\/2.-MLEKO-I-PRODUKTY-MLECZNE-1-150x150.jpg');\"><img decoding=\"async\" src=\"https:\/\/www.polandtastesgood.pl\/wp-content\/uploads\/2021\/04\/2.-MLEKO-I-PRODUKTY-MLECZNE-1-150x150.jpg\" alt=\"LECHE Y PRODUCTOS L\u00c1CTEOS\"\/><\/span><\/a><\/div><div class=\"col-12 col-md-6 col-lg-9\"><h3 class=\"m-0 mx-sm-4 my-sm-4\">LECHE Y PRODUCTOS L\u00c1CTEOS<\/h3><p>La industria l\u00e1ctea polaca cuenta con tecnolog\u00edas de clase mundial. El rubro m\u00e1s importante en la exportaci\u00f3n de productos l\u00e1cteos de Polonia son quesos y requesones, de los que somos el sexto productor del mundo y el quinto de la UE.<\/p><\/div><\/div><div class=\"featured-list-row row mb-4 pb-1\"><div class=\"col-12 col-md-6 col-lg-3\"><a href=\"#\"><span class=\"featured-list-thumb d-block\" style=\"background-image: url('https:\/\/www.polandtastesgood.pl\/wp-content\/uploads\/2021\/04\/Zdjecia-studyjne-zestaw-owocow-miekkich-150x150.jpg');\"><img decoding=\"async\" src=\"https:\/\/www.polandtastesgood.pl\/wp-content\/uploads\/2021\/04\/Zdjecia-studyjne-zestaw-owocow-miekkich-150x150.jpg\" alt=\"FRUTAS Y VERDURAS\"\/><\/span><\/a><\/div><div class=\"col-12 col-md-6 col-lg-9\"><h3 class=\"m-0 mx-sm-4 my-sm-4\">FRUTAS Y VERDURAS<\/h3><p>La manzana es un producto estrella de la exportaci\u00f3n polaca. La producci\u00f3n de frutas y hortalizas polacas es la base de la industria procesadora nacional. Uno de los productos m\u00e1s importantes que fabrica esta industria son: zumo concentrado de manzana y zumos de frutas y verduras de alta calidad. Polonia es tambi\u00e9n uno de los principales productores de frutas y hortalizas congeladas de la UE.<\/p><\/div><\/div><div class=\"featured-list-row row mb-4 pb-1\"><div class=\"col-12 col-md-6 col-lg-3\"><a href=\"#\"><span class=\"featured-list-thumb d-block\" style=\"background-image: url('https:\/\/www.polandtastesgood.pl\/wp-content\/uploads\/2021\/04\/Zdjecia-studyjne-chleb-razowy-lancucki-1-150x150.jpg');\"><img decoding=\"async\" src=\"https:\/\/www.polandtastesgood.pl\/wp-content\/uploads\/2021\/04\/Zdjecia-studyjne-chleb-razowy-lancucki-1-150x150.jpg\" alt=\"PRODUCTOS DE PROCESAMIENTO DE CEREALES\"\/><\/span><\/a><\/div><div class=\"col-12 col-md-6 col-lg-9\"><h3 class=\"m-0 mx-sm-4 my-sm-4\">PRODUCTOS DE PROCESAMIENTO DE CEREALES<\/h3><p>La industria de panader\u00eda, adem\u00e1s de los productos tradicionales, ofrece, entre otros, pan de larga duraci\u00f3n, pan tostado o crujiente, bollos para hamburguesas y perritos calientes, as\u00ed como productos semiacabados especialmente envasados para la reposter\u00eda casera y pan ultracongelado destinado al sector de la restauraci\u00f3n. La pasta polaca tambi\u00e9n es apreciada por los compradores de todo el mundo.<\/p><\/div><\/div><div class=\"featured-list-row row mb-4 pb-1\"><div class=\"col-12 col-md-6 col-lg-3\"><a href=\"#\"><span class=\"featured-list-thumb d-block\" style=\"background-image: url('https:\/\/www.polandtastesgood.pl\/wp-content\/uploads\/2021\/04\/Zdjecia-studyjne-miod-spadziowy-150x150.jpg');\"><img decoding=\"async\" src=\"https:\/\/www.polandtastesgood.pl\/wp-content\/uploads\/2021\/04\/Zdjecia-studyjne-miod-spadziowy-150x150.jpg\" alt=\"Miel\"\/><\/span><\/a><\/div><div class=\"col-12 col-md-6 col-lg-9\"><h3 class=\"m-0 mx-sm-4 my-sm-4\">Miel<\/h3><p>Polonia es el quinto fabricante de miel de la Uni\u00f3n Europea. Las mieles provenientes de Polonia son uno de los regalos m\u00e1s preciados de la naturaleza. Se caracterizan por un gran abanico de variedades, as\u00ed como propiedades sensoriales y saludables excepcionales. Gracias a sus cualidades \u00fanicas, se est\u00e1n volviendo cada vez m\u00e1s populares en los mercados extranjeros.<\/p><\/div><\/div><div class=\"featured-list-row row mb-4 pb-1\"><div class=\"col-12 col-md-6 col-lg-3\"><a href=\"#\"><span class=\"featured-list-thumb d-block\" style=\"background-image: url('https:\/\/www.polandtastesgood.pl\/wp-content\/uploads\/2021\/04\/6.-WYROBY-PIEKARNICZE-1-1-150x150.jpg');\"><img decoding=\"async\" src=\"https:\/\/www.polandtastesgood.pl\/wp-content\/uploads\/2021\/04\/6.-WYROBY-PIEKARNICZE-1-1-150x150.jpg\" alt=\"Chocolates y dulces\"\/><\/span><\/a><\/div><div class=\"col-12 col-md-6 col-lg-9\"><h3 class=\"m-0 mx-sm-4 my-sm-4\">Chocolates y dulces<\/h3><p>Polonia es uno de los l\u00edderes de la industria chocolatera en Europa. Los dulces producidos en el pa\u00eds deleitan con una amplia oferta comercial y de sabores. Polonia vende productos de confiter\u00eda a m\u00e1s de 130 pa\u00edses de todo el mundo.<\/p><\/div><\/div><div class=\"featured-list-row row mb-4 pb-1\"><div class=\"col-12 col-md-6 col-lg-3\"><a href=\"#\"><span class=\"featured-list-thumb d-block\" style=\"background-image: url('https:\/\/www.polandtastesgood.pl\/wp-content\/uploads\/2021\/04\/EU_Organic_Logo-150x150.png');\"><img decoding=\"async\" src=\"https:\/\/www.polandtastesgood.pl\/wp-content\/uploads\/2021\/04\/EU_Organic_Logo-150x150.png\" alt=\"Comida ecol\u00f3gica\"\/><\/span><\/a><\/div><div class=\"col-12 col-md-6 col-lg-9\"><h3 class=\"m-0 mx-sm-4 my-sm-4\">Comida ecol\u00f3gica<\/h3><p>Polonia es un fabricante en desarrollo de alimentos org\u00e1nicos en la Uni\u00f3n Europea y en el mundo. La superficie total de tierras agr\u00edcolas utilizadas en la agricultura org\u00e1nica en Polonia es de m\u00e1s de 500 mil hect\u00e1reas, lo que le coloca a Polonia en el noveno lugar entre los pa\u00edses de la UE y el 19 en el mundo. La mayor superficie de tierra cultivable utilizada para el cultivo ecol\u00f3gico son los cereales: m\u00e1s de 12 mil hect\u00e1reas, lo que le coloca a Polonia en el noveno lugar en el mundo en esta categor\u00eda. Polonia ocupa el s\u00e9ptimo lugar en la UE en t\u00e9rminos de n\u00famero de agricultores org\u00e1nicos registrados. En 2019, m\u00e1s de 20.000 entidades empresariales ecol\u00f3gicas operaban en Polonia. El grupo m\u00e1s grande de m\u00e1s de 18.000 los agricultores eran productores del sector de agricultura.<\/p><\/div><\/div><\/div><\/div><div><a class=\"btn btn-primary nf-element mt-3\" href=\"\/es\/wp-json\/wp\/v2\/pages\/1169?export_to=pdf&#038;module=polish_food&#038;lang=es_ES\"> Descarga todo en PDF<\/a><\/div>[\/vc_column][\/vc_row]<\/p>\n<\/div>","protected":false},"excerpt":{"rendered":"<p>[vc_row][vc_column width=\u00bb1\/2&#8243;][vc_column_text] Polonia es uno de los principales productores de productos agr\u00edcolas y alimenticios de la Uni\u00f3n Europea y del mundo. &nbsp; La comida polaca es de alta calidad, segura,&#8230;<\/p>\n","protected":false},"author":10,"featured_media":0,"parent":1062,"menu_order":0,"comment_status":"closed","ping_status":"closed","template":"page-sidebar.php","meta":{"_acf_changed":false,"footnotes":""},"acf":[],"_links":{"self":[{"href":"https:\/\/www.polandtastesgood.pl\/es\/wp-json\/wp\/v2\/pages\/1169"}],"collection":[{"href":"https:\/\/www.polandtastesgood.pl\/es\/wp-json\/wp\/v2\/pages"}],"about":[{"href":"https:\/\/www.polandtastesgood.pl\/es\/wp-json\/wp\/v2\/types\/page"}],"author":[{"embeddable":true,"href":"https:\/\/www.polandtastesgood.pl\/es\/wp-json\/wp\/v2\/users\/10"}],"replies":[{"embeddable":true,"href":"https:\/\/www.polandtastesgood.pl\/es\/wp-json\/wp\/v2\/comments?post=1169"}],"version-history":[{"count":7,"href":"https:\/\/www.polandtastesgood.pl\/es\/wp-json\/wp\/v2\/pages\/1169\/revisions"}],"predecessor-version":[{"id":2784,"href":"https:\/\/www.polandtastesgood.pl\/es\/wp-json\/wp\/v2\/pages\/1169\/revisions\/2784"}],"up":[{"embeddable":true,"href":"https:\/\/www.polandtastesgood.pl\/es\/wp-json\/wp\/v2\/pages\/1062"}],"wp:attachment":[{"href":"https:\/\/www.polandtastesgood.pl\/es\/wp-json\/wp\/v2\/media?parent=1169"}],"curies":[{"name":"wp","href":"https:\/\/api.w.org\/{rel}","templated":true}]}}