{"id":1151,"date":"2021-02-14T18:25:55","date_gmt":"2021-02-14T17:25:55","guid":{"rendered":"https:\/\/www.polandtastesgood.pl\/o-projekcie\/perspektywiczne-kierunki-eksportowe\/"},"modified":"2023-09-05T14:26:54","modified_gmt":"2023-09-05T12:26:54","slug":"perspektywiczne-kierunki-eksportowe","status":"publish","type":"page","link":"https:\/\/www.polandtastesgood.pl\/es\/o-projekcie\/perspektywiczne-kierunki-eksportowe\/","title":{"rendered":"Direcciones prospectivas de la exportaci\u00f3n"},"content":{"rendered":"<p><img loading=\"lazy\" decoding=\"async\" class=\"aligncenter size-full wp-image-418\" src=\"https:\/\/www.polandtastesgood.pl\/wp-content\/uploads\/2021\/02\/Group-10126.png\" alt=\"\" width=\"1378\" height=\"941\" srcset=\"https:\/\/www.polandtastesgood.pl\/wp-content\/uploads\/2021\/02\/Group-10126.png 1378w, https:\/\/www.polandtastesgood.pl\/wp-content\/uploads\/2021\/02\/Group-10126-300x205.png 300w, https:\/\/www.polandtastesgood.pl\/wp-content\/uploads\/2021\/02\/Group-10126-1024x699.png 1024w, https:\/\/www.polandtastesgood.pl\/wp-content\/uploads\/2021\/02\/Group-10126-768x524.png 768w, https:\/\/www.polandtastesgood.pl\/wp-content\/uploads\/2021\/02\/Group-10126-24x16.png 24w, https:\/\/www.polandtastesgood.pl\/wp-content\/uploads\/2021\/02\/Group-10126-36x25.png 36w, https:\/\/www.polandtastesgood.pl\/wp-content\/uploads\/2021\/02\/Group-10126-48x33.png 48w\" sizes=\"(max-width: 1378px) 100vw, 1378px\" \/>Las actividades de promoci\u00f3n e informaci\u00f3n llevadas a cabo por KOWR, de conformidad con la \u201cEstrategia de promoci\u00f3n alimentaria del Ministerio de Agricultura y Desarrollo Rural\u00bb, se centran en los mercados de Asia (China, India, Jap\u00f3n, Singapur, Vietnam), \u00c1frica (Egipto, Argelia, Sud\u00e1frica), Am\u00e9rica del Norte (Canad\u00e1, EE.UU.), Europa (mercados clave de la Uni\u00f3n Europea: Alemania, Francia) y Oriente Medio (Arabia Saudita, Emiratos \u00c1rabes Unidos).<\/p>\n<p>La oferta promocional del Centro Nacional de Apoyo a la Agricultura (KOWR) tambi\u00e9n se ha ampliado por mercados donde hasta ahora no se han desarrollado las actividades promocionales (incluidos Tailandia, Indonesia, Corea del Sur, M\u00e9xico, Israel). Es necesario utilizar el potencial de importaci\u00f3n de estos pa\u00edses y crear conciencia sobre la calidad de los productos agroalimentarios polacos en nuevos lugares del mundo. Tambi\u00e9n se est\u00e1n considerando las actividades promocionales en otros mercados potenciales.<\/p>\n","protected":false},"excerpt":{"rendered":"<p>Las actividades de promoci\u00f3n e informaci\u00f3n llevadas a cabo por KOWR, de conformidad con la \u201cEstrategia de promoci\u00f3n alimentaria del Ministerio de Agricultura y Desarrollo Rural\u00bb, se centran en los&#8230;<\/p>\n","protected":false},"author":10,"featured_media":0,"parent":1062,"menu_order":0,"comment_status":"closed","ping_status":"closed","template":"page-sidebar.php","meta":{"_acf_changed":false,"footnotes":""},"acf":[],"_links":{"self":[{"href":"https:\/\/www.polandtastesgood.pl\/es\/wp-json\/wp\/v2\/pages\/1151"}],"collection":[{"href":"https:\/\/www.polandtastesgood.pl\/es\/wp-json\/wp\/v2\/pages"}],"about":[{"href":"https:\/\/www.polandtastesgood.pl\/es\/wp-json\/wp\/v2\/types\/page"}],"author":[{"embeddable":true,"href":"https:\/\/www.polandtastesgood.pl\/es\/wp-json\/wp\/v2\/users\/10"}],"replies":[{"embeddable":true,"href":"https:\/\/www.polandtastesgood.pl\/es\/wp-json\/wp\/v2\/comments?post=1151"}],"version-history":[{"count":5,"href":"https:\/\/www.polandtastesgood.pl\/es\/wp-json\/wp\/v2\/pages\/1151\/revisions"}],"predecessor-version":[{"id":8277,"href":"https:\/\/www.polandtastesgood.pl\/es\/wp-json\/wp\/v2\/pages\/1151\/revisions\/8277"}],"up":[{"embeddable":true,"href":"https:\/\/www.polandtastesgood.pl\/es\/wp-json\/wp\/v2\/pages\/1062"}],"wp:attachment":[{"href":"https:\/\/www.polandtastesgood.pl\/es\/wp-json\/wp\/v2\/media?parent=1151"}],"curies":[{"name":"wp","href":"https:\/\/api.w.org\/{rel}","templated":true}]}}