{"id":1140,"date":"2021-02-14T18:27:34","date_gmt":"2021-02-14T17:27:34","guid":{"rendered":"https:\/\/www.polandtastesgood.pl\/o-projekcie\/zagraniczne-dzialania-promocyjne-kowr\/"},"modified":"2021-08-11T09:58:05","modified_gmt":"2021-08-11T07:58:05","slug":"zagraniczne-dzialania-promocyjne-kowr","status":"publish","type":"page","link":"https:\/\/www.polandtastesgood.pl\/es\/o-projekcie\/zagraniczne-dzialania-promocyjne-kowr\/","title":{"rendered":"Actividades promocionales del KOWR en el extranjero"},"content":{"rendered":"<div class=\"wpb-content-wrapper\"><p>[vc_row][vc_column width=\u00bb1\/2&#8243;][vc_column_text]El Centro Nacional de Apoyo a la Agricultura (KOWR) apoya a los empresarios polacos del sector agroalimentario en sus esfuerzos por ganar nuevos mercados de venta, organizando misiones econ\u00f3micas y stands nacionales en ferias alimentarias extranjeras con su participaci\u00f3n. Los emprendedores reciben asistencia, empezando por cuestiones organizativas (por ejemplo, transporte y alojamiento), pasando por la organizaci\u00f3n de visitas a puntos de venta y finalizando con reuniones de negocios.<\/p>\n<p>KOWR ayuda a los empresarios polacos organizando reuniones de informaci\u00f3n dedicadas a las condiciones de funcionamiento de una empresa en los mercados extranjeros y organizando las misiones econ\u00f3micas de los importadores extranjeros.<\/p>\n<p>KOWR organiza y coorganiza una serie de actividades que promueven la comida y la tradici\u00f3n culinaria polacas, as\u00ed como participa en proyectos organizados en el extranjero por las misiones diplom\u00e1ticas polacas y otras instituciones gubernamentales para promover la comida polaca de alta calidad.<\/p>\n<p>KOWR analiza y proporciona informaci\u00f3n sobre las condiciones cambiantes en los mercados extranjeros.<\/p>\n<p>KOWR tambi\u00e9n brinda apoyo a la industria y las organizaciones interindustriales como parte de la implementaci\u00f3n de programas de promoci\u00f3n e informaci\u00f3n aprobados por la Comisi\u00f3n Europea en el campo de la pol\u00edtica agr\u00edcola com\u00fan.[\/vc_column_text][\/vc_column][vc_column width=\u00bb1\/2&#8243;][vc_single_image image=\u00bb1500&#8243; img_size=\u00bbfull\u00bb alignment=\u00bbcenter\u00bb][\/vc_column][\/vc_row]<\/p>\n<\/div>","protected":false},"excerpt":{"rendered":"<p>[vc_row][vc_column width=\u00bb1\/2&#8243;][vc_column_text]El Centro Nacional de Apoyo a la Agricultura (KOWR) apoya a los empresarios polacos del sector agroalimentario en sus esfuerzos por ganar nuevos mercados de venta, organizando misiones econ\u00f3micas&#8230;<\/p>\n","protected":false},"author":10,"featured_media":0,"parent":1062,"menu_order":0,"comment_status":"closed","ping_status":"closed","template":"page-sidebar.php","meta":{"_acf_changed":false,"footnotes":""},"acf":[],"_links":{"self":[{"href":"https:\/\/www.polandtastesgood.pl\/es\/wp-json\/wp\/v2\/pages\/1140"}],"collection":[{"href":"https:\/\/www.polandtastesgood.pl\/es\/wp-json\/wp\/v2\/pages"}],"about":[{"href":"https:\/\/www.polandtastesgood.pl\/es\/wp-json\/wp\/v2\/types\/page"}],"author":[{"embeddable":true,"href":"https:\/\/www.polandtastesgood.pl\/es\/wp-json\/wp\/v2\/users\/10"}],"replies":[{"embeddable":true,"href":"https:\/\/www.polandtastesgood.pl\/es\/wp-json\/wp\/v2\/comments?post=1140"}],"version-history":[{"count":7,"href":"https:\/\/www.polandtastesgood.pl\/es\/wp-json\/wp\/v2\/pages\/1140\/revisions"}],"predecessor-version":[{"id":2781,"href":"https:\/\/www.polandtastesgood.pl\/es\/wp-json\/wp\/v2\/pages\/1140\/revisions\/2781"}],"up":[{"embeddable":true,"href":"https:\/\/www.polandtastesgood.pl\/es\/wp-json\/wp\/v2\/pages\/1062"}],"wp:attachment":[{"href":"https:\/\/www.polandtastesgood.pl\/es\/wp-json\/wp\/v2\/media?parent=1140"}],"curies":[{"name":"wp","href":"https:\/\/api.w.org\/{rel}","templated":true}]}}