{"id":1062,"date":"2021-02-16T13:41:05","date_gmt":"2021-02-16T12:41:05","guid":{"rendered":"https:\/\/www.polandtastesgood.pl\/o-projekcie\/"},"modified":"2021-08-04T12:29:30","modified_gmt":"2021-08-04T10:29:30","slug":"o-projekcie","status":"publish","type":"page","link":"https:\/\/www.polandtastesgood.pl\/es\/o-projekcie\/","title":{"rendered":"Sobre el proyecto"},"content":{"rendered":"<div class=\"wpb-content-wrapper\"><p>[vc_row][vc_column width=\u00bb2\/3&#8243;][vc_column_text]El Centro Nacional de Apoyo a la Agricultura de Polonia es la principal entidad que implementa los instrumentos de pol\u00edtica de promoci\u00f3n en el sector agroalimentario.<br \/>\nNuestra tarea es apoyar a los productores polacos que producen y exportan productos alimenticios.<br \/>\nUna marca fuerte de productos alimenticios polacos se construye bajo un lema com\u00fan: \u201cPolska sabe bien\u201d. Construir una imagen positiva y el reconocimiento de los alimentos polacos en el extranjero bajo la marca \u201cPOLAND TASTES GOOD\u201d es una de las principales tareas del Centro Nacional de Apoyo Agr\u00edcola.<\/p>\n<p>La marca \u201cPOLAND TASTES GOOD\u201d es garant\u00eda de sabor y sin\u00f3nimo de productos alimenticios polacos de la m\u00e1s alta calidad, as\u00ed como una respuesta a la creciente demanda de alimentos saludables, producidos de acuerdo con el medio natural, basados \u200b\u200ben tecnolog\u00edas tradicionales y m\u00e9todos de producci\u00f3n.[\/vc_column_text][\/vc_column][vc_column width=\u00bb1\/3&#8243;][vc_single_image image=\u00bb40&#8243; img_size=\u00bbfull\u00bb alignment=\u00bbcenter\u00bb][\/vc_column][\/vc_row]<\/p>\n<\/div>","protected":false},"excerpt":{"rendered":"<p>[vc_row][vc_column width=\u00bb2\/3&#8243;][vc_column_text]El Centro Nacional de Apoyo a la Agricultura de Polonia es la principal entidad que implementa los instrumentos de pol\u00edtica de promoci\u00f3n en el sector agroalimentario. Nuestra tarea es&#8230;<\/p>\n","protected":false},"author":10,"featured_media":0,"parent":0,"menu_order":0,"comment_status":"closed","ping_status":"closed","template":"page-sidebar.php","meta":{"_acf_changed":false,"footnotes":""},"acf":[],"_links":{"self":[{"href":"https:\/\/www.polandtastesgood.pl\/es\/wp-json\/wp\/v2\/pages\/1062"}],"collection":[{"href":"https:\/\/www.polandtastesgood.pl\/es\/wp-json\/wp\/v2\/pages"}],"about":[{"href":"https:\/\/www.polandtastesgood.pl\/es\/wp-json\/wp\/v2\/types\/page"}],"author":[{"embeddable":true,"href":"https:\/\/www.polandtastesgood.pl\/es\/wp-json\/wp\/v2\/users\/10"}],"replies":[{"embeddable":true,"href":"https:\/\/www.polandtastesgood.pl\/es\/wp-json\/wp\/v2\/comments?post=1062"}],"version-history":[{"count":4,"href":"https:\/\/www.polandtastesgood.pl\/es\/wp-json\/wp\/v2\/pages\/1062\/revisions"}],"predecessor-version":[{"id":2688,"href":"https:\/\/www.polandtastesgood.pl\/es\/wp-json\/wp\/v2\/pages\/1062\/revisions\/2688"}],"wp:attachment":[{"href":"https:\/\/www.polandtastesgood.pl\/es\/wp-json\/wp\/v2\/media?parent=1062"}],"curies":[{"name":"wp","href":"https:\/\/api.w.org\/{rel}","templated":true}]}}