{"id":37162,"date":"2026-05-04T17:02:32","date_gmt":"2026-05-04T15:02:32","guid":{"rendered":"https:\/\/www.polandtastesgood.pl\/?page_id=37162"},"modified":"2026-05-04T17:50:39","modified_gmt":"2026-05-04T15:50:39","slug":"sial-shanghai-2026-catalogue-of-exhibitors","status":"publish","type":"page","link":"https:\/\/www.polandtastesgood.pl\/en\/sial-shanghai-2026-catalogue-of-exhibitors\/","title":{"rendered":"SIAL SHANGHAI 2026 &#8211; CATALOGUE OF EXHIBITORS"},"content":{"rendered":"<div class=\"wpb-content-wrapper\"><p>[vc_row][vc_column][vc_column_text css=&#8221;&#8221;][\/vc_column_text][\/vc_column][\/vc_row][vc_row][vc_column width=&#8221;1\/4&#8243;][vc_single_image image=&#8221;36&#8243; img_size=&#8221;medium&#8221; css=&#8221;&#8221;][\/vc_column][vc_column width=&#8221;3\/4&#8243;][vc_column_text css=&#8221;&#8221;]<\/p>\n<h2><span style=\"font-size: 24pt;\">SIAL SHANGHAI 2026<\/span><\/h2>\n<h3>18-20 May 2026<\/h3>\n<p>&nbsp;<\/p>\n<h4><strong>Hall W3, stand\u00a0 <\/strong><strong>F 074, F 087 \u00a0<\/strong><\/h4>\n<p>[\/vc_column_text][\/vc_column][\/vc_row][vc_row][vc_column][vc_column_text css=&#8221;&#8221;][\/vc_column_text][\/vc_column][\/vc_row][vc_row][vc_column width=&#8221;1\/4&#8243;][vc_single_image image=&#8221;2159&#8243; img_size=&#8221;medium&#8221; onclick=&#8221;custom_link&#8221; css=&#8221;&#8221; link=&#8221;https:\/\/www.polandtastesgood.pl\/en\/producenci-zywnosci\/exemlary-profile\/&#8221;][\/vc_column][vc_column width=&#8221;3\/4&#8243;][vc_column_text css=&#8221;&#8221;]<\/p>\n<div class=\"wpb_text_column wpb_content_element\">\n<div class=\"wpb_wrapper\">\n<p>The <strong>National Support Centre for Agriculture (KOWR)<\/strong> is a Polish governmental agency, supervised by the <strong>Minister of Agriculture and Rural Development<\/strong>.<\/p>\n<p>The KOWR is the main institution implementing promotion measures in the agri-food sector in Poland.<\/p>\n<p>A strong brand of Polish food products is built under a common slogan: \u201cPOLAND TASTES GOOD\u201d. Building a positive image and recognition of Polish food abroad under the \u201cPOLAND TASTES GOOD\u201d brand is one of the main tasks of the National Center for Agricultural Support.<\/p>\n<\/div>\n<\/div>\n<p>[\/vc_column_text][\/vc_column][\/vc_row][vc_row][vc_column][vc_column_text css=&#8221;&#8221;][\/vc_column_text][\/vc_column][\/vc_row][vc_row][vc_column][vc_column_text css=&#8221;&#8221;]<\/p>\n<h1 style=\"text-align: center;\"><strong><span style=\"font-size: 36pt;\">CATALOGUE OF EXHIBITORS<\/span><\/strong><\/h1>\n<p>[\/vc_column_text][\/vc_column][\/vc_row][vc_row][vc_column width=&#8221;1\/3&#8243;][vc_column_text css=&#8221;&#8221;]<\/p>\n<h1 class=\"entry-title\">AGROCOMPLEX Sp. z o.o.<\/h1>\n<p>[\/vc_column_text][vc_single_image image=&#8221;25125&#8243; img_size=&#8221;medium&#8221; alignment=&#8221;center&#8221; css=&#8221;&#8221;][vc_column_text css=&#8221;&#8221;]Agrocomplex is a modern, family-run company established in 1989. The company specialises in the production and sale of carefully selected dairy products, including caseinates, casein, protein concentrates, as well as whey powder, milk powder, and a wide range of dairy blends. Our in-house production facilities enable us to provide our customers with high-quality products. The production process is supported by a state-of-the-art quality and development department. The entire process is based on a well-organised and comprehensive logistics and warehousing infrastructure. The quality of our products and services is confirmed by a broad group of satisfied customers in over 50 countries worldwide.<\/p>\n<h2><a href=\"https:\/\/www.polandtastesgood.pl\/en\/producenci-zywnosci\/agrocomplex-sp-z-o-o\/\" target=\"_blank\" rel=\"noopener\">read more<\/a><\/h2>\n<p>[\/vc_column_text][\/vc_column][vc_column width=&#8221;1\/3&#8243;][vc_column_text css=&#8221;&#8221;]<\/p>\n<h1 class=\"entry-title\">AKSAM<\/h1>\n<p>[\/vc_column_text][vc_single_image image=&#8221;16740&#8243; img_size=&#8221;medium&#8221; alignment=&#8221;center&#8221; css=&#8221;&#8221;][vc_column_text css=&#8221;&#8221;]Aksam was established in 1993. From the very beginning, it has been operating as a family company. Our story began with the production of Beskidzkie Paluszki (Beskidzkie Sticks), which has been strengthening their position on the FMCG market in Poland year after year. \u00a0Today, Aksam is one of the most popular Polish companies offering savoury snacks. Our offer includes among others: sticks, crackers, crisps, chips, nuts, popcorn, products for children and sweet snacks.<\/p>\n<h2><a href=\"https:\/\/www.polandtastesgood.pl\/en\/producenci-zywnosci\/aksam\/\">read more<\/a><\/h2>\n<p>[\/vc_column_text][\/vc_column][vc_column width=&#8221;1\/3&#8243;][vc_column_text css=&#8221;&#8221;]<\/p>\n<h1 class=\"entry-title\">COLIAN<\/h1>\n<p>[\/vc_column_text][vc_single_image image=&#8221;16384&#8243; img_size=&#8221;medium&#8221; alignment=&#8221;center&#8221; css=&#8221;&#8221;][vc_column_text css=&#8221;&#8221;]We are a Polish family company operating on the market since 1990. We focus on development, seek changes and boldly face the future. Our consumers are offered high-quality food products, which bring them simple, everyday pleasures and life happiness! The <strong>Colian<\/strong> products are exported to nearly 70 countries around the world. They reach far corners of the world, delighting the taste buds of consumers across the continents. Keeping the highest safety standards in the production plants is our priority.<\/p>\n<h2><a href=\"https:\/\/www.polandtastesgood.pl\/en\/producenci-zywnosci\/colian-ltd\/\">read more<\/a><\/h2>\n<p>[\/vc_column_text][\/vc_column][\/vc_row][vc_row][vc_column width=&#8221;1\/3&#8243;][vc_column_text css=&#8221;&#8221;]<\/p>\n<h1 class=\"entry-title\">Diaspolis Sp. z o.o.<\/h1>\n<p>[\/vc_column_text][vc_single_image image=&#8221;30760&#8243; img_size=&#8221;medium&#8221; alignment=&#8221;center&#8221; css=&#8221;&#8221;][vc_column_text css=&#8221;&#8221;]We are one of the leading companies in the processing of grains as well as nut, fig and raisin mixes for the food industry.<br \/>\nWe process the highest-quality raw materials, subject them to special cleaning, roasting and sterilisation and then distribute them to the world\u2019s major producers. Thanks to our modern, strategically located large warehouses, we are able to fulfil even the largest orders quickly and on time.<\/p>\n<h2><a href=\"https:\/\/www.polandtastesgood.pl\/en\/producenci-zywnosci\/diaspolis\/\" target=\"_blank\" rel=\"noopener\">read more<\/a><\/h2>\n<p>[\/vc_column_text][\/vc_column][vc_column width=&#8221;1\/3&#8243;][vc_column_text css=&#8221;&#8221;]<\/p>\n<h1 class=\"entry-title\">KASKAT DAIRY Sp. z o.o.<\/h1>\n<p>[\/vc_column_text][vc_single_image image=&#8221;25156&#8243; img_size=&#8221;medium&#8221; alignment=&#8221;center&#8221; css=&#8221;&#8221;][vc_column_text css=&#8221;&#8221;]KASKAT Dairy Sp. z o.o. is a recognised and reliable supplier of all types of dairy products. Since 1997, we have been delivering top-quality and consistently high-standard food and feed products sourced from carefully selected suppliers. Today, after many years of successful operations, we possess extensive knowledge that allows us to fully support both existing and new customers and build long-term partnerships.<\/p>\n<h2><a href=\"https:\/\/www.polandtastesgood.pl\/en\/producenci-zywnosci\/kaskat-dairy-sp-z-o-o\/\" target=\"_blank\" rel=\"noopener\">read more<\/a><\/h2>\n<p>[\/vc_column_text][\/vc_column][vc_column width=&#8221;1\/3&#8243;][vc_column_text css=&#8221;&#8221;]<\/p>\n<h1>MASPEX B2B<\/h1>\n<p>[\/vc_column_text][vc_single_image image=&#8221;27045&#8243; img_size=&#8221;medium&#8221; alignment=&#8221;center&#8221; css=&#8221;&#8221;][vc_column_text css=&#8221;&#8221;]<strong>Maspex<\/strong> is the largest private Polish company in the food industry and one of the largest in Central and Eastern Europe. The B2B sales department is responsible for cooperation with institutional customers from Poland as well as foreign companies. Our customers include international food corporations, leading yoghurt producers and companies from the confectionery and convenience sector. Our products are distinguished by their excellent quality, which we achieve by using the best raw materials, high class technology and by trusting in the experience and high qualifications of our employees.<\/p>\n<h2><a href=\"https:\/\/www.polandtastesgood.pl\/en\/producenci-zywnosci\/maspex-b2b\/\">read more<\/a><\/h2>\n<p>[\/vc_column_text][\/vc_column][\/vc_row][vc_row][vc_column width=&#8221;1\/3&#8243;][vc_column_text css=&#8221;&#8221;]<\/p>\n<h1 class=\"entry-title\">Majami Sp. z o.o.<\/h1>\n<p>[\/vc_column_text][vc_single_image image=&#8221;26486&#8243; img_size=&#8221;medium&#8221; alignment=&#8221;center&#8221; css=&#8221;&#8221;][vc_column_text css=&#8221;&#8221;]Majami is a company with a rich tradition, operating on the Polish market since 1989. Over more than three decades, it has become one of the leading producers of sweets, including fudge, sesame snaps, and chocolate-coated marshmallows. Thanks to its commitment to quality, the company has earned the trust of consumers both in Poland and abroad.<\/p>\n<h2><a href=\"https:\/\/www.polandtastesgood.pl\/en\/producenci-zywnosci\/majami-sp-z-o-o\/\" target=\"_blank\" rel=\"noopener\">read more<\/a><\/h2>\n<p>[\/vc_column_text][\/vc_column][vc_column width=&#8221;1\/3&#8243;][vc_column_text css=&#8221;&#8221;]<\/p>\n<h1 class=\"entry-title\">MAKARONY POLSKIE S.A.<\/h1>\n<p>[\/vc_column_text][vc_single_image image=&#8221;19926&#8243; img_size=&#8221;medium&#8221; alignment=&#8221;center&#8221; css=&#8221;&#8221;][vc_column_text css=&#8221;&#8221;]Makarony Polskie SA is one of the largest and dynamically developing producers of pastas and prepared dishes in Poland. It is based on rich traditions and long-term experience and makes all efforts to meet the expectations of our customers.<\/p>\n<p>We offer a wide range of pastas \u2013 made of the top-quality durum wheat and soft wheat, vegetable pastas based on leguminous flours, egg and egg-free pastas. Our products are distributed both in Poland and on the foreign markets.<\/p>\n<p>Our export activity covers also the production and supply of private-label goods.<\/p>\n<h2><a href=\"https:\/\/www.polandtastesgood.pl\/en\/producenci-zywnosci\/makarony-polskie-sa\/\" target=\"_blank\" rel=\"noopener\">read more<\/a><\/h2>\n<p>[\/vc_column_text][\/vc_column][vc_column width=&#8221;1\/3&#8243;][vc_column_text css=&#8221;&#8221;]<\/p>\n<h1 class=\"entry-title\">PD Drobex<\/h1>\n<p>[\/vc_column_text][vc_single_image image=&#8221;23752&#8243; img_size=&#8221;medium&#8221; alignment=&#8221;center&#8221; css=&#8221;&#8221;][vc_column_text css=&#8221;&#8221;]The Drobex company with its seat in Solec Kujawski has been known in the food sector for more than 40 years as one of the leading producers of top quality poultry meat and products. The company is a part of the Drobex group composed of closely related entities ensuring continuous supervision over each production stage, from parent flocks breeding, production of hatching eggs, chick hatching, broiler farming, production of compound feed, to poultry slaughtering, meat packaging and production of cold meats.<\/p>\n<h2><a href=\"https:\/\/www.polandtastesgood.pl\/en\/producenci-zywnosci\/pd-drobex\/\" target=\"_blank\" rel=\"noopener\">read more<\/a><\/h2>\n<p>[\/vc_column_text][\/vc_column][\/vc_row][vc_row][vc_column width=&#8221;1\/3&#8243;][vc_column_text css=&#8221;&#8221;]<\/p>\n<h1 class=\"entry-title\">SM MLEKOVITA<\/h1>\n<p>[\/vc_column_text][vc_single_image image=&#8221;14321&#8243; img_size=&#8221;medium&#8221; alignment=&#8221;center&#8221; onclick=&#8221;custom_link&#8221; css=&#8221;&#8221; link=&#8221;https:\/\/www.polandtastesgood.pl\/en\/producenci-zywnosci\/activ-sp-z-o-o\/&#8221;][vc_column_text css=&#8221;&#8221;]The MLEKOVITA Group is the largest dairy group in Poland and Central and Eastern Europe. It is a Polish company established in 1928, with 100% Polish capital.<\/p>\n<p>MLEKOVITA is successfully building its market position with Dariusz Sapi\u0144ski, President of the Management Board, and 5,000 qualified employees.<\/p>\n<p>MLEKOVITA offers products with kosher and HALAL certificates. Production processes are carried out in accordance with the Integrated Management System: FSFC 22000 (including BRC and IFS), ISO 9001 and ISO 14001, which guarantees the highest standard of products.\u00a0MLEKOVITA exports over 30% of its production and holds permits for exports to 167 countries.<\/p>\n<p><span style=\"font-size: 12pt; font-family: georgia, palatino, serif;\"><a href=\"https:\/\/www.polandtastesgood.pl\/en\/producenci-zywnosci\/sm-mlekovita\/\" target=\"_blank\" rel=\"noopener\">read more<\/a><\/span>[\/vc_column_text][\/vc_column][vc_column width=&#8221;1\/3&#8243;][vc_column_text css=&#8221;&#8221;]<\/p>\n<h1>Sp\u00f3\u0142dzielnia &#8220;POK\u00d3J&#8221;<\/h1>\n<p>[\/vc_column_text][vc_single_image image=&#8221;26272&#8243; img_size=&#8221;medium&#8221; alignment=&#8221;center&#8221; css=&#8221;&#8221;][vc_column_text css=&#8221;&#8221;]Since 1949, Sp\u00f3\u0142dzielnia Pok\u00f3j has been offering high-quality milk caramel products to customers all over the world. We are a market leader in many international markets. In Poland, our products are available through both traditional and modern distribution channels.<\/p>\n<h2><a href=\"https:\/\/www.polandtastesgood.pl\/en\/producenci-zywnosci\/spoldzielnia-pokoj\/\">read more<\/a><\/h2>\n<p>[\/vc_column_text][\/vc_column][vc_column width=&#8221;1\/3&#8243;][vc_column_text css=&#8221;&#8221;]<\/p>\n<h1 class=\"entry-title\">Suszarnia Warzyw Jaworski<\/h1>\n<p>[\/vc_column_text][vc_single_image image=&#8221;29520&#8243; img_size=&#8221;medium&#8221; alignment=&#8221;center&#8221; onclick=&#8221;custom_link&#8221; css=&#8221;&#8221; link=&#8221;https:\/\/www.polandtastesgood.pl\/en\/producenci-zywnosci\/activ-sp-z-o-o\/&#8221;][vc_column_text css=&#8221;&#8221;]<strong>Suszarnia Warzyw Jaworski<\/strong>\u00a0is a well-established company on the European market, with a history dating back to 1984, when it began as a small family business in the village of Bramki near B\u0142onie. From the very beginning, the company\u2019s mission has been to develop the production of dried vegetables and herbs of the highest possible quality, which has repeatedly led to commercial success and growing customer trust both in Poland and abroad. Through decades of consistent hard work, Jaworski has gained a reputation that sets it apart from other food producers \u2013 today, it is one of the largest vegetable drying facilities in Europe, synonymous with quality, reliability and professionalism.<\/p>\n<p><span style=\"font-size: 12pt; font-family: georgia, palatino, serif;\"><a href=\"https:\/\/www.polandtastesgood.pl\/en\/producenci-zywnosci\/suszarnia-warzyw-jaworski\/\" target=\"_blank\" rel=\"noopener\">read more<\/a><\/span>[\/vc_column_text][\/vc_column][\/vc_row][vc_row][vc_column width=&#8221;1\/3&#8243;][vc_column_text css=&#8221;&#8221;]<\/p>\n<h1 class=\"entry-title\">VITAMIZU<\/h1>\n<p>[\/vc_column_text][vc_single_image image=&#8221;18456&#8243; img_size=&#8221;medium&#8221; alignment=&#8221;center&#8221; onclick=&#8221;custom_link&#8221; css=&#8221;&#8221; link=&#8221;https:\/\/www.polandtastesgood.pl\/en\/producenci-zywnosci\/activ-sp-z-o-o\/&#8221;][vc_column_text css=&#8221;&#8221;]Vitamizu is an innovative Polish company producing top-quality beverages in the \u201curban drinks\u201d category and licensed beverages for youth and children since 2016. \u00a0An extensive range of products, compelling recipes, high-quality ingredients, captivating design and a history behind each beverage have erned us fans both among the Polish and foreign consumers.<\/p>\n<p><span style=\"font-size: 12pt; font-family: georgia, palatino, serif;\"><a href=\"https:\/\/www.polandtastesgood.pl\/en\/producenci-zywnosci\/vitamizu\/\" target=\"_blank\" rel=\"noopener\">read more<\/a><\/span>[\/vc_column_text][\/vc_column][vc_column width=&#8221;1\/3&#8243;][vc_column_text css=&#8221;&#8221;]<\/p>\n<h1 class=\"entry-title\">POL-MAK S.A.<\/h1>\n<p>[\/vc_column_text][vc_single_image image=&#8221;8674&#8243; img_size=&#8221;medium&#8221; alignment=&#8221;center&#8221; onclick=&#8221;custom_link&#8221; css=&#8221;&#8221; link=&#8221;https:\/\/www.polandtastesgood.pl\/en\/producenci-zywnosci\/activ-sp-z-o-o\/&#8221;][vc_column_text css=&#8221;&#8221;]Homemade Pasta Factory POL-MAK S.A. is Poland\u2019s third-largest private-label producer of egg pasta (Nielsen report for 2020). POL-MAK specialises in the production of egg pasta. Our mission is to provide consumers with high-quality products that taste as close to homemade as possible. Our offer includes traditional pasta, made from knife-rolled and cut dough, and modern shapes that give dishes a unique character. Our latest innovation, GI 38 pasta, is the only pasta with a glycemic index defined as low 38. It is similar in taste, texture and appearance to traditional wheat flour pasta and is suitable for diabetics and people with carbohydrate metabolism disorders. The Polmak pasta factory enjoys the recognition of contractors and consumers, as evidenced by the number of satisfied customers throughout Poland and in foreign markets.<\/p>\n<p><span style=\"font-size: 12pt; font-family: georgia, palatino, serif;\"><a href=\"https:\/\/www.polandtastesgood.pl\/en\/producenci-zywnosci\/pol-mak-s-a\/\" target=\"_blank\" rel=\"noopener\">read more<\/a><\/span>[\/vc_column_text][\/vc_column][vc_column width=&#8221;1\/3&#8243;][vc_column_text css=&#8221;&#8221;]<\/p>\n<h1 class=\"entry-title\">ZPC CHYLAK<\/h1>\n<p>[\/vc_column_text][vc_single_image image=&#8221;28918&#8243; img_size=&#8221;medium&#8221; alignment=&#8221;center&#8221; css=&#8221;&#8221;][vc_column_text css=&#8221;&#8221;]Zak\u0142ad Piekarniczo-Cukierniczy J. Chylak is a family company operating since 1947. Producer of cookies, wafer sticks and fudges.<\/p>\n<h2><a href=\"https:\/\/www.polandtastesgood.pl\/en\/producenci-zywnosci\/zpc-chylak-mulino\/\">read more<\/a><\/h2>\n<p>[\/vc_column_text][\/vc_column][\/vc_row][vc_row][vc_column width=&#8221;1\/3&#8243;][vc_column_text css=&#8221;&#8221;]<\/p>\n<h1 class=\"entry-title\">ZAK\u0141ADY MLECZARSKIE &#8220;LAKTOPOL-A&#8221; SP. Z O.O. W \u0141OSICACH<\/h1>\n<p>[\/vc_column_text][\/vc_column][\/vc_row]<\/p>\n<\/div>","protected":false},"excerpt":{"rendered":"<p>[vc_row][vc_column][vc_column_text css=&#8221;&#8221;][\/vc_column_text][\/vc_column][\/vc_row][vc_row][vc_column width=&#8221;1\/4&#8243;][vc_single_image image=&#8221;36&#8243; img_size=&#8221;medium&#8221; css=&#8221;&#8221;][\/vc_column][vc_column width=&#8221;3\/4&#8243;][vc_column_text css=&#8221;&#8221;] SIAL SHANGHAI 2026 18-20 May 2026 &nbsp; Hall W3, stand\u00a0 F 074, F 087 \u00a0 [\/vc_column_text][\/vc_column][\/vc_row][vc_row][vc_column][vc_column_text css=&#8221;&#8221;][\/vc_column_text][\/vc_column][\/vc_row][vc_row][vc_column width=&#8221;1\/4&#8243;][vc_single_image image=&#8221;2159&#8243; img_size=&#8221;medium&#8221; onclick=&#8221;custom_link&#8221; css=&#8221;&#8221;&#8230;<\/p>\n","protected":false},"author":9,"featured_media":0,"parent":0,"menu_order":0,"comment_status":"closed","ping_status":"closed","template":"","meta":{"_acf_changed":false,"footnotes":""},"acf":[],"_links":{"self":[{"href":"https:\/\/www.polandtastesgood.pl\/en\/wp-json\/wp\/v2\/pages\/37162"}],"collection":[{"href":"https:\/\/www.polandtastesgood.pl\/en\/wp-json\/wp\/v2\/pages"}],"about":[{"href":"https:\/\/www.polandtastesgood.pl\/en\/wp-json\/wp\/v2\/types\/page"}],"author":[{"embeddable":true,"href":"https:\/\/www.polandtastesgood.pl\/en\/wp-json\/wp\/v2\/users\/9"}],"replies":[{"embeddable":true,"href":"https:\/\/www.polandtastesgood.pl\/en\/wp-json\/wp\/v2\/comments?post=37162"}],"version-history":[{"count":7,"href":"https:\/\/www.polandtastesgood.pl\/en\/wp-json\/wp\/v2\/pages\/37162\/revisions"}],"predecessor-version":[{"id":37171,"href":"https:\/\/www.polandtastesgood.pl\/en\/wp-json\/wp\/v2\/pages\/37162\/revisions\/37171"}],"wp:attachment":[{"href":"https:\/\/www.polandtastesgood.pl\/en\/wp-json\/wp\/v2\/media?parent=37162"}],"curies":[{"name":"wp","href":"https:\/\/api.w.org\/{rel}","templated":true}]}}