{"id":36737,"date":"2026-04-24T15:15:04","date_gmt":"2026-04-24T13:15:04","guid":{"rendered":"https:\/\/www.polandtastesgood.pl\/?page_id=36737"},"modified":"2026-04-24T15:45:36","modified_gmt":"2026-04-24T13:45:36","slug":"tuttofood-2026-catalogue-of-exhibitors","status":"publish","type":"page","link":"https:\/\/www.polandtastesgood.pl\/en\/tuttofood-2026-catalogue-of-exhibitors\/","title":{"rendered":"TUTTOFOOD 2026 &#8211; CATALOGUE OF EXHIBITORS"},"content":{"rendered":"<div class=\"wpb-content-wrapper\"><p>[vc_row][vc_column][vc_column_text css=&#8221;&#8221;][\/vc_column_text][\/vc_column][\/vc_row][vc_row][vc_column width=&#8221;1\/4&#8243;][vc_single_image image=&#8221;36&#8243; img_size=&#8221;medium&#8221; css=&#8221;&#8221;][\/vc_column][vc_column width=&#8221;3\/4&#8243;][vc_column_text css=&#8221;&#8221;]<\/p>\n<h2><span style=\"font-size: 24pt;\"><strong>TUTTOFOOD 2026<\/strong><\/span><\/h2>\n<h3>11-14 May 2026<\/h3>\n<p>&nbsp;<\/p>\n<h4><strong>Pavilion 5, stand P01<\/strong><\/h4>\n<p>[\/vc_column_text][\/vc_column][\/vc_row][vc_row][vc_column][vc_column_text css=&#8221;&#8221;][\/vc_column_text][\/vc_column][\/vc_row][vc_row][vc_column width=&#8221;1\/4&#8243;][vc_single_image image=&#8221;2159&#8243; img_size=&#8221;medium&#8221; onclick=&#8221;custom_link&#8221; css=&#8221;&#8221; link=&#8221;https:\/\/www.polandtastesgood.pl\/en\/producenci-zywnosci\/exemlary-profile\/&#8221;][\/vc_column][vc_column width=&#8221;3\/4&#8243;][vc_column_text css=&#8221;&#8221;]<\/p>\n<div class=\"wpb_text_column wpb_content_element\">\n<div class=\"wpb_wrapper\">\n<p>The <strong>National Support Centre for Agriculture (KOWR)<\/strong> is a Polish governmental agency, supervised by the <strong>Minister of Agriculture and Rural Development<\/strong>.<\/p>\n<p>The KOWR is the main institution implementing promotion measures in the agri-food sector in Poland.<\/p>\n<p>A strong brand of Polish food products is built under a common slogan: \u201cPOLAND TASTES GOOD\u201d. Building a positive image and recognition of Polish food abroad under the \u201cPOLAND TASTES GOOD\u201d brand is one of the main tasks of the National Center for Agricultural Support.<\/p>\n<\/div>\n<\/div>\n<p>[\/vc_column_text][\/vc_column][\/vc_row][vc_row][vc_column][vc_column_text css=&#8221;&#8221;][\/vc_column_text][\/vc_column][\/vc_row][vc_row][vc_column][vc_column_text css=&#8221;&#8221;]<\/p>\n<h1 style=\"text-align: center;\"><strong><span style=\"font-size: 36pt;\">CATALOGUE OF EXHIBITORS<\/span><\/strong><\/h1>\n<p>[\/vc_column_text][\/vc_column][\/vc_row][vc_row][vc_column width=&#8221;1\/3&#8243;][vc_column_text css=&#8221;&#8221;]<\/p>\n<h1 class=\"entry-title\">CD S.A.<\/h1>\n<p>[\/vc_column_text][vc_single_image image=&#8221;31687&#8243; img_size=&#8221;medium&#8221; alignment=&#8221;center&#8221; css=&#8221;&#8221;][vc_column_text css=&#8221;&#8221;]Since 1989, we\u2019ve been delivering top-quality honey and delicious spreads to retail partners across the globe. Carefully selected from the most ecological regions, our products offer authentic taste, nutritional value, and full transparency.<\/p>\n<h2><a href=\"https:\/\/www.polandtastesgood.pl\/en\/producenci-zywnosci\/cd-s-a\/\">read more<\/a><\/h2>\n<p>[\/vc_column_text][\/vc_column][vc_column width=&#8221;1\/3&#8243;][vc_column_text css=&#8221;&#8221;]<\/p>\n<h1 class=\"entry-title\">Celiko S.A.<\/h1>\n<p>[\/vc_column_text][vc_single_image image=&#8221;22647&#8243; img_size=&#8221;medium&#8221; alignment=&#8221;center&#8221; css=&#8221;&#8221;][vc_column_text css=&#8221;&#8221;]Celiko is the experienced Polish food producer, in particular of functional and dietary food. The company was established in 1982 and has been specialising and developing in the area of food production, especially dry food concentrates, from the very beginning of its operation. We have commenced our activity with difficult production requiring strict regime i.e. dietary food for elimination diets, in particular for celiac syndrome.<\/p>\n<h2><a href=\"https:\/\/www.polandtastesgood.pl\/en\/producenci-zywnosci\/celiko-s-a\/\">read more<\/a><\/h2>\n<p>[\/vc_column_text][\/vc_column][vc_column width=&#8221;1\/3&#8243;][vc_column_text css=&#8221;&#8221;]<\/p>\n<h1 class=\"entry-title\">Chocomoco Sp. z o.o.<\/h1>\n<p>[\/vc_column_text][vc_single_image image=&#8221;6502&#8243; img_size=&#8221;medium&#8221; alignment=&#8221;center&#8221; css=&#8221;&#8221;][vc_column_text css=&#8221;&#8221;]Chocomoco is a chocolate factory established in 1995, specialized in producing chocolate bars, couvertures, pralines, and creams. The factory\u2019s biggest advantage is creating chocolate masses from scratch. The factory processes cocoa mass, cocoa fat, sugar, and milk into delicious products exported to 30 countries worldwide.<\/p>\n<h2><a href=\"https:\/\/www.polandtastesgood.pl\/en\/producenci-zywnosci\/chocomoco-sp-z-o-o\/\">read more<\/a><\/h2>\n<p>[\/vc_column_text][\/vc_column][\/vc_row][vc_row][vc_column width=&#8221;1\/3&#8243;][vc_column_text css=&#8221;&#8221;]<\/p>\n<h1 class=\"entry-title\">EVRAFISH<\/h1>\n<p>[\/vc_column_text][vc_single_image image=&#8221;27934&#8243; img_size=&#8221;medium&#8221; alignment=&#8221;center&#8221; css=&#8221;&#8221;][vc_column_text css=&#8221;&#8221;]<strong>EVRAFISH<\/strong> is a company based in Brusy, North Poland and a proud member of the PHR group. Established as a leading producer of canned fish, our company specializes in mackerel, herring, sardines, sprats, salmon, fish salads, and fish pastes. With a strong commitment to quality and innovation, we offer private label services and new product development (NPD) tailored to our clients\u2019 needs.[\/vc_column_text][\/vc_column][vc_column width=&#8221;1\/3&#8243;][vc_column_text css=&#8221;&#8221;]<\/p>\n<h1 class=\"entry-title\">Frank&amp;Oli<\/h1>\n<p>[\/vc_column_text][vc_single_image image=&#8221;12538&#8243; img_size=&#8221;medium&#8221; alignment=&#8221;center&#8221; css=&#8221;&#8221;][vc_column_text css=&#8221;&#8221;]Frank&amp;Oli is a company that was born out of a passion for sports and a love for healthy food. We put our whole heart and the best ingredients into our products. We create well-thought-out recipes in which every ingredient has a purpose \u2013 to replenish vitamins and minerals, provide energy or improve well-being.<\/p>\n<h2><a href=\"https:\/\/www.polandtastesgood.pl\/en\/producenci-zywnosci\/frankoli\/\">read more<\/a><\/h2>\n<p>[\/vc_column_text][\/vc_column][vc_column width=&#8221;1\/3&#8243;][vc_column_text css=&#8221;&#8221;]<\/p>\n<h1 class=\"entry-title\">GRANA Sp. z o.o.<\/h1>\n<p>[\/vc_column_text][vc_single_image image=&#8221;16344&#8243; img_size=&#8221;medium&#8221; alignment=&#8221;center&#8221; css=&#8221;&#8221;][vc_column_text css=&#8221;&#8221;]<\/p>\n<div class=\"addtoany_share_save_container addtoany_content addtoany_content_top\">\n<div class=\"a2a_kit a2a_kit_size_32 addtoany_list\" data-a2a-url=\"https:\/\/www.polandtastesgood.pl\/en\/producenci-zywnosci\/grana\/\" data-a2a-title=\"GRANA\">GRANA is a world leading producer of instant cereal and chicory-based beverages \u2013 the perfect coffee alternative. Our beverages are based only on natural ingredients, such as: cereals (barley, spelt, rye and barley malt) and roots (chicory and dandelion). The beverages produced by our company are low in calories, contain no caffeine and are rich in fibre.<\/div>\n<\/div>\n<h2><a href=\"https:\/\/www.polandtastesgood.pl\/en\/producenci-zywnosci\/grana\/\">read more<\/a><\/h2>\n<p>[\/vc_column_text][\/vc_column][\/vc_row][vc_row][vc_column width=&#8221;1\/3&#8243;][vc_column_text css=&#8221;&#8221;]<\/p>\n<h1 class=\"entry-title\">KUPIEC Sp. z o.o.<\/h1>\n<p>[\/vc_column_text][vc_single_image image=&#8221;12740&#8243; img_size=&#8221;medium&#8221; alignment=&#8221;center&#8221; css=&#8221;&#8221;][vc_column_text css=&#8221;&#8221;]We are a Polish, family-owned company, known in the market for more than 30 years.<\/p>\n<p>Our factory produces more than 200 different products in brand and private labels. We create innovative and natural products. We focus on both modern production methods and the quality of raw materials. We are one of the largest producers of healthy food in Poland.<\/p>\n<h2><a href=\"https:\/\/www.polandtastesgood.pl\/en\/producenci-zywnosci\/kupiec-sp-z-o-o\/\">read more<\/a><\/h2>\n<p>[\/vc_column_text][\/vc_column][vc_column width=&#8221;1\/3&#8243;][vc_column_text css=&#8221;&#8221;]<\/p>\n<h1 class=\"entry-title\">Nowalijka<\/h1>\n<p>[\/vc_column_text][vc_single_image image=&#8221;24655&#8243; img_size=&#8221;medium&#8221; alignment=&#8221;center&#8221; css=&#8221;&#8221;][vc_column_text css=&#8221;&#8221;]One of the largest fruit and vegetable companies in Poland involved in the production and wholesale of these products. We have been cultivating, producing and distributing our products for 25 years. These include among others valuable meal ingredients, such as hydroponic herbs and lettuces in pots or various vegetables as well as ready-to-eat meals in the form of preservative-free soups and lunchboxes. The products are available in the largest retail chains in the country and abroad. The \u201cZ NATURY\u201d, \u201cBONA\u201d and \u201cZielony smak\u201d brands owned by Nowalijka make together a truly healthy menu.<\/p>\n<h2><a href=\"https:\/\/www.polandtastesgood.pl\/en\/producenci-zywnosci\/nowalijka\/\">read more<\/a><\/h2>\n<p>[\/vc_column_text][\/vc_column][vc_column width=&#8221;1\/3&#8243;][vc_column_text css=&#8221;&#8221;]<\/p>\n<h1 class=\"entry-title\">OnyyaOrganic Sp. z o.o.<\/h1>\n<p>[\/vc_column_text][vc_single_image image=&#8221;35085&#8243; img_size=&#8221;medium&#8221; alignment=&#8221;center&#8221; css=&#8221;&#8221;][vc_column_text css=&#8221;&#8221;]Since the very beginning our company has been associated with the fruit and vegetable processing industry and international trade. Apart from natural resources our business is based on innovative technologies. Thanks to unique processes we deliver products that offer their natural nutritional values undisturbed composition of micro ingredients and vitamins and their natural aroma and flavour.[\/vc_column_text][\/vc_column][\/vc_row][vc_row][vc_column width=&#8221;1\/3&#8243;][vc_column_text css=&#8221;&#8221;]<\/p>\n<h1 class=\"entry-title\">SM Mlekovita<\/h1>\n<p>[\/vc_column_text][vc_single_image image=&#8221;14321&#8243; img_size=&#8221;medium&#8221; alignment=&#8221;center&#8221; css=&#8221;&#8221;][vc_column_text css=&#8221;&#8221;]<\/p>\n<div class=\"addtoany_share_save_container addtoany_content addtoany_content_top\">\n<div class=\"a2a_kit a2a_kit_size_32 addtoany_list\" data-a2a-url=\"https:\/\/www.polandtastesgood.pl\/en\/producenci-zywnosci\/grana\/\" data-a2a-title=\"GRANA\">\n<p>The MLEKOVITA Group is the largest dairy group in Poland and Central and Eastern Europe. It is a Polish company established in 1928, with 100% Polish capital.<\/p>\n<p>MLEKOVITA is successfully building its market position with Dariusz Sapi\u0144ski, President of the Management Board, and 5,000 qualified employees.<\/p>\n<p>It has been enjoying the trust of customers and setting market trends for over 90 years.<\/p>\n<p>Currently, the company has 25 production plants and 36 distribution centres in Poland and 185 production lines. High-quality milk is supplied to the company by 15 thousand Polish farmers. The company processes 8 million litres of milk per day.<\/p>\n<\/div>\n<\/div>\n<h2><a href=\"https:\/\/www.polandtastesgood.pl\/en\/producenci-zywnosci\/sm-mlekovita\/\">read more<\/a><\/h2>\n<p>[\/vc_column_text][\/vc_column][vc_column width=&#8221;1\/3&#8243;][vc_column_text css=&#8221;&#8221;]<\/p>\n<h1 class=\"entry-title\">SP\u00d3\u0141DZIELNIA POK\u00d3J<\/h1>\n<p>[\/vc_column_text][vc_single_image image=&#8221;26272&#8243; img_size=&#8221;medium&#8221; alignment=&#8221;center&#8221; css=&#8221;&#8221;][vc_column_text css=&#8221;&#8221;]<\/p>\n<div class=\"addtoany_share_save_container addtoany_content addtoany_content_top\">\n<div class=\"a2a_kit a2a_kit_size_32 addtoany_list\" data-a2a-url=\"https:\/\/www.polandtastesgood.pl\/en\/producenci-zywnosci\/grana\/\" data-a2a-title=\"GRANA\">Since 1949, Sp\u00f3\u0142dzielnia Pok\u00f3j has been offering high-quality milk caramel products to customers all over the world. We are a market leader in many international markets. In Poland, our products are available through both traditional and modern distribution channels.<\/div>\n<\/div>\n<h2><a href=\"https:\/\/www.polandtastesgood.pl\/en\/producenci-zywnosci\/spoldzielnia-pokoj\/\">read more<\/a><\/h2>\n<p>[\/vc_column_text][\/vc_column][vc_column width=&#8221;1\/3&#8243;][vc_column_text css=&#8221;&#8221;]<\/p>\n<h1 class=\"entry-title\">VITAMIZU Sp. z o.o.<\/h1>\n<p>[\/vc_column_text][vc_single_image image=&#8221;18456&#8243; img_size=&#8221;medium&#8221; alignment=&#8221;center&#8221; css=&#8221;&#8221;][vc_column_text css=&#8221;&#8221;]Vitamizu is an innovative Polish company producing top-quality beverages in the \u201curban drinks\u201d category and licensed beverages for youth and children since 2016. An extensive range of products, compelling recipes, high-quality ingredients, captivating design and a history behind each beverage have erned us fans both among the Polish and foreign consumers.<\/p>\n<h2><a href=\"https:\/\/www.polandtastesgood.pl\/en\/producenci-zywnosci\/vitamizu\/\">read more<\/a><\/h2>\n<p>[\/vc_column_text][\/vc_column][\/vc_row][vc_row][vc_column width=&#8221;1\/3&#8243;][vc_column_text css=&#8221;&#8221;]<\/p>\n<h1 class=\"entry-title\">VOBRO Sp. z o.o. Sp.k.<\/h1>\n<p>[\/vc_column_text][vc_single_image image=&#8221;17170&#8243; img_size=&#8221;medium&#8221; alignment=&#8221;center&#8221; css=&#8221;&#8221;][vc_column_text css=&#8221;&#8221;]VOBRO is a confectionery manufacturer with over 35 years of experience. The company specialises in producing pralines, candies, bars, and jellies, offering a variety of packaging options, including boxes of chocolates, gift sets, casual packaging, and loose products.<\/p>\n<h2><a href=\"https:\/\/www.polandtastesgood.pl\/en\/producenci-zywnosci\/vobro\/\">read more<\/a><\/h2>\n<p>[\/vc_column_text][\/vc_column][\/vc_row][vc_row][vc_column width=&#8221;1\/3&#8243;][vc_column_text css=&#8221;&#8221;]<\/p>\n<h1>HANDSMAN SP. Z O.O.<\/h1>\n<p>[\/vc_column_text][\/vc_column][vc_column width=&#8221;1\/3&#8243;][vc_column_text css=&#8221;&#8221;]<\/p>\n<h1>NUTURA SP. Z O.O.<\/h1>\n<p>[\/vc_column_text][\/vc_column][vc_column width=&#8221;1\/3&#8243;][vc_column_text css=&#8221;&#8221;]<\/p>\n<h1>OKR\u0118GOWA SP\u00d3\u0141DZIELNIA MLECZARSKA W PI\u0104TNICY<\/h1>\n<p>[\/vc_column_text][\/vc_column][\/vc_row][vc_row][vc_column width=&#8221;1\/3&#8243;][vc_column_text css=&#8221;&#8221;]<\/p>\n<h1>PROVITUS D\u0104BROWSCY MALESA SP\u00d3\u0141KA JAWNA<\/h1>\n<p>[\/vc_column_text][\/vc_column][vc_column width=&#8221;1\/3&#8243;][vc_column_text css=&#8221;&#8221;]<\/p>\n<h1>SMAKMAK SP. Z O.O.<\/h1>\n<p>[\/vc_column_text][\/vc_column][vc_column width=&#8221;1\/3&#8243;][vc_column_text css=&#8221;&#8221;]<\/p>\n<h1>TARSMAK PRYMAT\u00a0 SP. Z O.O.\u00a0 SP.K.<\/h1>\n<p>[\/vc_column_text][\/vc_column][\/vc_row]<\/p>\n<\/div>","protected":false},"excerpt":{"rendered":"<p>[vc_row][vc_column][vc_column_text css=&#8221;&#8221;][\/vc_column_text][\/vc_column][\/vc_row][vc_row][vc_column width=&#8221;1\/4&#8243;][vc_single_image image=&#8221;36&#8243; img_size=&#8221;medium&#8221; css=&#8221;&#8221;][\/vc_column][vc_column width=&#8221;3\/4&#8243;][vc_column_text css=&#8221;&#8221;] TUTTOFOOD 2026 11-14 May 2026 &nbsp; Pavilion 5, stand P01 [\/vc_column_text][\/vc_column][\/vc_row][vc_row][vc_column][vc_column_text css=&#8221;&#8221;][\/vc_column_text][\/vc_column][\/vc_row][vc_row][vc_column width=&#8221;1\/4&#8243;][vc_single_image image=&#8221;2159&#8243; img_size=&#8221;medium&#8221; onclick=&#8221;custom_link&#8221; css=&#8221;&#8221; link=&#8221;https:\/\/www.polandtastesgood.pl\/en\/producenci-zywnosci\/exemlary-profile\/&#8221;][\/vc_column][vc_column width=&#8221;3\/4&#8243;][vc_column_text css=&#8221;&#8221;] The National&#8230;<\/p>\n","protected":false},"author":9,"featured_media":0,"parent":0,"menu_order":0,"comment_status":"closed","ping_status":"closed","template":"","meta":{"_acf_changed":false,"footnotes":""},"acf":[],"_links":{"self":[{"href":"https:\/\/www.polandtastesgood.pl\/en\/wp-json\/wp\/v2\/pages\/36737"}],"collection":[{"href":"https:\/\/www.polandtastesgood.pl\/en\/wp-json\/wp\/v2\/pages"}],"about":[{"href":"https:\/\/www.polandtastesgood.pl\/en\/wp-json\/wp\/v2\/types\/page"}],"author":[{"embeddable":true,"href":"https:\/\/www.polandtastesgood.pl\/en\/wp-json\/wp\/v2\/users\/9"}],"replies":[{"embeddable":true,"href":"https:\/\/www.polandtastesgood.pl\/en\/wp-json\/wp\/v2\/comments?post=36737"}],"version-history":[{"count":6,"href":"https:\/\/www.polandtastesgood.pl\/en\/wp-json\/wp\/v2\/pages\/36737\/revisions"}],"predecessor-version":[{"id":36743,"href":"https:\/\/www.polandtastesgood.pl\/en\/wp-json\/wp\/v2\/pages\/36737\/revisions\/36743"}],"wp:attachment":[{"href":"https:\/\/www.polandtastesgood.pl\/en\/wp-json\/wp\/v2\/media?parent=36737"}],"curies":[{"name":"wp","href":"https:\/\/api.w.org\/{rel}","templated":true}]}}