{"id":35517,"date":"2026-03-17T09:30:04","date_gmt":"2026-03-17T08:30:04","guid":{"rendered":"https:\/\/www.polandtastesgood.pl\/?page_id=35517"},"modified":"2026-03-19T12:10:31","modified_gmt":"2026-03-19T11:10:31","slug":"fha-singapur-2026-catalogue-of-exhibitors","status":"publish","type":"page","link":"https:\/\/www.polandtastesgood.pl\/en\/fha-singapur-2026-catalogue-of-exhibitors\/","title":{"rendered":"FHA Singapur 2026 &#8211; CATALOGUE OF EXHIBITORS"},"content":{"rendered":"<div class=\"wpb-content-wrapper\"><p>[vc_row][vc_column][vc_column_text css=&#8221;&#8221;][\/vc_column_text][vc_column_text css=&#8221;&#8221;][\/vc_column_text][\/vc_column][\/vc_row][vc_row][vc_column width=&#8221;1\/4&#8243;][vc_single_image image=&#8221;36&#8243; img_size=&#8221;medium&#8221; css=&#8221;&#8221;][\/vc_column][vc_column width=&#8221;3\/4&#8243;][vc_column_text css=&#8221;&#8221;]<\/p>\n<h1><strong><span style=\"font-size: 24pt;\">Food and Hotel Asia &#8211; Singapur 2026<\/span><\/strong><\/h1>\n<h2 style=\"text-align: left;\"><span style=\"font-size: 14pt;\">21-24 April 2026<\/span><\/h2>\n<h4>Hall 5,\u00a0 stand no. F2-01 &amp; F1-06<\/h4>\n<p>[\/vc_column_text][\/vc_column][\/vc_row][vc_row][vc_column][vc_column_text css=&#8221;&#8221;][\/vc_column_text][vc_column_text css=&#8221;&#8221;][\/vc_column_text][\/vc_column][\/vc_row][vc_row][vc_column width=&#8221;1\/4&#8243;][vc_single_image image=&#8221;2159&#8243; img_size=&#8221;medium&#8221; onclick=&#8221;custom_link&#8221; css=&#8221;&#8221; link=&#8221;https:\/\/www.polandtastesgood.pl\/en\/producenci-zywnosci\/exemlary-profile\/&#8221;][\/vc_column][vc_column width=&#8221;3\/4&#8243;][vc_column_text css=&#8221;&#8221;]<\/p>\n<div class=\"wpb_text_column wpb_content_element\">\n<div class=\"wpb_wrapper\">\n<p>The <strong>National Support Centre for Agriculture (KOWR)<\/strong> is a Polish governmental agency, supervised by the <strong>Minister of Agriculture and Rural Development<\/strong>.<\/p>\n<p>The KOWR is the main institution implementing promotion measures in the agri-food sector in Poland.<\/p>\n<p>A strong brand of Polish food products is built under a common slogan: \u201cPOLAND TASTES GOOD\u201d. Building a positive image and recognition of Polish food abroad under the \u201cPOLAND TASTES GOOD\u201d brand is one of the main tasks of the National Center for Agricultural Support.<\/p>\n<\/div>\n<\/div>\n<p>[\/vc_column_text][\/vc_column][\/vc_row][vc_row][vc_column][vc_column_text css=&#8221;&#8221;][\/vc_column_text][vc_column_text css=&#8221;&#8221;][\/vc_column_text][\/vc_column][\/vc_row][vc_row][vc_column][vc_column_text css=&#8221;&#8221;]<\/p>\n<h1><\/h1>\n<h1 style=\"text-align: center;\"><strong><span style=\"font-size: 36pt;\">CATALOGUE OF EXHIBITORS<\/span><\/strong><\/h1>\n<p>[\/vc_column_text][\/vc_column][\/vc_row][vc_row][vc_column][vc_column_text css=&#8221;&#8221;][\/vc_column_text][vc_column_text css=&#8221;&#8221;][\/vc_column_text][\/vc_column][\/vc_row][vc_row][vc_column width=&#8221;1\/3&#8243;][vc_column_text css=&#8221;&#8221;]<\/p>\n<h2 class=\"entry-title\"><strong>BARTEX<\/strong><\/h2>\n<p>[\/vc_column_text][vc_single_image image=&#8221;6893&#8243; img_size=&#8221;medium&#8221; alignment=&#8221;center&#8221; css=&#8221;&#8221;][vc_column_text css=&#8221;&#8221;]BARTEX Sp. z o.o. was established in 1995 and specializes in the production of high-quality milk powders. It was the first company in Poland to produce milk powder blends and has earned a great number of followers.\u00a0The company is an undisputed pioneer in the food industry. We offer a full range of milk powder products: FCMP, SMP, SWP, DWP, WPC, MPC, Lactose, Permeate, as well as milk powder blends: Full Cream Milk Powder with various parameters, Fat Filled Milk Powders, Skimmed Milk Powder blends, etc.<\/p>\n<h2><a href=\"https:\/\/www.polandtastesgood.pl\/en\/producenci-zywnosci\/bartex\/\">read more<\/a><\/h2>\n<p>[\/vc_column_text][\/vc_column][vc_column width=&#8221;1\/3&#8243;][vc_column_text css=&#8221;&#8221;]<\/p>\n<h2 class=\"entry-title\"><strong>BRZE\u015a\u0106 Sipa sp.k.<\/strong><\/h2>\n<p>[\/vc_column_text][vc_single_image image=&#8221;6619&#8243; img_size=&#8221;medium&#8221; alignment=&#8221;center&#8221; css=&#8221;&#8221;][vc_column_text css=&#8221;&#8221;]BRZE\u015a\u0106 Sipa sp.k. is a family company that has been manufacturing since 1984. It\u00a0 produces confectionery and snacks based on steamed dough on fully automated lines. Its flagship product is puff straws in various flavours: with sugar, cinnamon, and seeds \u2013 Mini Eclairs and fillable puff pastries. Production is carried out in accordance with BRC, US FDA certification and meets Halal requirements.<\/p>\n<h2><a href=\"https:\/\/www.polandtastesgood.pl\/en\/producenci-zywnosci\/brzesc-sipa-sp-k\/\">read more<\/a><\/h2>\n<p>[\/vc_column_text][\/vc_column][vc_column width=&#8221;1\/3&#8243;][vc_column_text css=&#8221;&#8221;]<\/p>\n<h2 class=\"entry-title\"><strong>CEDROB FOODS S.A.<\/strong><\/h2>\n<p>[\/vc_column_text][vc_single_image image=&#8221;20380&#8243; img_size=&#8221;medium&#8221; alignment=&#8221;center&#8221; css=&#8221;&#8221;][vc_column_text css=&#8221;&#8221;]Cedrob Foods is leading company in the meat industry in Poland, specializing in processing. The company produces a variery of products including cold meats, convenience foods, wieners, frankfurters, meat snacks such as cabanossi, dry sausage and pates.<\/p>\n<h2><a href=\"https:\/\/www.polandtastesgood.pl\/en\/producenci-zywnosci\/cedrob-foods-s-a\/\">read more<\/a><\/h2>\n<p>[\/vc_column_text][\/vc_column][\/vc_row][vc_row][vc_column width=&#8221;1\/3&#8243;][vc_column_text css=&#8221;&#8221;]<\/p>\n<h2 class=\"entry-title\"><strong>DIASPOLIS<\/strong><\/h2>\n<p>[\/vc_column_text][vc_single_image image=&#8221;32973&#8243; img_size=&#8221;medium&#8221; alignment=&#8221;center&#8221; css=&#8221;&#8221;][vc_column_text css=&#8221;&#8221;]We are one of the leading companies in the processing of grains as well as nut, fig and raisin mixes for the food industry.<br \/>\nWe process the highest-quality raw materials, subject them to special cleaning, roasting and sterilisation and then distribute them to the world\u2019s major producers. Thanks to our modern, strategically located large warehouses, we are able to fulfil even the largest orders quickly and on time.<\/p>\n<h2><a href=\"https:\/\/www.polandtastesgood.pl\/en\/producenci-zywnosci\/diaspolis\/\">read more<\/a><\/h2>\n<p>[\/vc_column_text][\/vc_column][vc_column width=&#8221;1\/3&#8243;][vc_column_text css=&#8221;&#8221;]<\/p>\n<h2 class=\"entry-title\"><strong>Lotte Wedel Sp. z o.o.<\/strong><\/h2>\n<p>[\/vc_column_text][vc_single_image image=&#8221;27573&#8243; img_size=&#8221;medium&#8221; alignment=&#8221;center&#8221; css=&#8221;&#8221;][vc_column_text css=&#8221;&#8221;]Founded in 1851, E.Wedel has long been a symbol of quality and innovation in the world of confectionery. Over the past century and a half, the brand has grown from a single chocolate shop in Warsaw into a beloved name in Poland and beyond. Today, E.Wedel is embarking on an exciting journey of global expansion, bringing its rich heritage and delectable treats to new markets around the world.<\/p>\n<h2><a href=\"https:\/\/www.polandtastesgood.pl\/en\/producenci-zywnosci\/lotte-wedel-sp-z-o-o\/\">read more<\/a><\/h2>\n<p>[\/vc_column_text][\/vc_column][vc_column width=&#8221;1\/3&#8243;][vc_column_text css=&#8221;&#8221;]<\/p>\n<h2 class=\"entry-title\"><strong>LEI FOOD&amp;DRINKS<\/strong><\/h2>\n<p>[\/vc_column_text][vc_single_image image=&#8221;26355&#8243; img_size=&#8221;medium&#8221; alignment=&#8221;center&#8221; css=&#8221;&#8221;][vc_column_text css=&#8221;&#8221;]LEI Food &amp; Drinks is a leading producer of natural and healthy NFC (Not From Concentrate) juices, offering a wide range of products that prioritize taste, quality, and health. Our NFC juices are made from fresh, high-quality fruits, retaining all the natural flavors and nutrients without any artificial additives or preservatives. This makes them the ideal choice for consumers seeking pure, healthy, and refreshing beverages.<\/p>\n<h2><a href=\"https:\/\/www.polandtastesgood.pl\/en\/producenci-zywnosci\/lei-fooddrinks\/\">read more<\/a><\/h2>\n<p>[\/vc_column_text][\/vc_column][\/vc_row][vc_row][vc_column width=&#8221;1\/3&#8243;][vc_column_text css=&#8221;&#8221;]<\/p>\n<h2><strong>MIESZKO<\/strong><\/h2>\n<p>[\/vc_column_text][vc_single_image image=&#8221;16236&#8243; img_size=&#8221;medium&#8221; alignment=&#8221;center&#8221; css=&#8221;&#8221;][vc_column_text css=&#8221;&#8221;]Mieszko is a Polish brand from Rachorz with more than 100 years of tradition. Mieszko specialises in the production of confectionery products, in particular chocolate pralines. Mieszko is a recognised expert in the production of pralines and chocolates for any occasion. It offers innovative products based on top-quality natural ingredients. The most popular Mieszko brands include Cherrissimo, Amoretta, Magnifique, Chocoladorro and the popular Michaszki.<\/p>\n<h2><a href=\"https:\/\/www.polandtastesgood.pl\/en\/producenci-zywnosci\/mieszko-s-a\/\">read more<\/a><\/h2>\n<p>[\/vc_column_text][\/vc_column][vc_column width=&#8221;1\/3&#8243;][vc_column_text css=&#8221;&#8221;]<\/p>\n<h2 class=\"entry-title\"><strong>OnyyaOrganic Sp. z o.o.<\/strong><\/h2>\n<p>[\/vc_column_text][vc_single_image image=&#8221;35085&#8243; img_size=&#8221;medium&#8221; alignment=&#8221;center&#8221; css=&#8221;&#8221;][vc_column_text css=&#8221;&#8221;]Since the very beginning our company has been associated with the fruit and vegetable processing industry and international trade. Apart from natural resources our business is based on innovative technologies. Thanks to unique processes we deliver products that offer their natural nutritional values undisturbed composition of micro ingredients and vitamins and their natural aroma and flavour.[\/vc_column_text][\/vc_column][vc_column width=&#8221;1\/3&#8243;][vc_column_text css=&#8221;&#8221;]<\/p>\n<h2 class=\"entry-title\"><strong>SM MLEKPOL w Grajewie<\/strong><\/h2>\n<section class=\"entry-content pt-5\">\n<div class=\"entry-content-subsection\"><\/div>\n<\/section>\n<p>[\/vc_column_text][vc_single_image image=&#8221;27398&#8243; img_size=&#8221;medium&#8221; alignment=&#8221;center&#8221; css=&#8221;&#8221;][vc_column_text css=&#8221;&#8221;]The Mlekpol Dairy Cooperative in Grajewo is one of the largest milk and dairy products manufacturers in Poland and Europe. The strength of our company lies in the people who create it\u2014with their passion, dedication, and hard work, Mlekpol has been growing dynamically for over 40 years. The cooperative\u2019s success is also driven by modern production processes and technologies, based on the latest scientific advancements.<\/p>\n<h2><a href=\"https:\/\/www.polandtastesgood.pl\/en\/producenci-zywnosci\/sm-mlekpol-w-grajewie\/\">read more<\/a><\/h2>\n<p>[\/vc_column_text][\/vc_column][\/vc_row][vc_row][vc_column width=&#8221;1\/3&#8243;][vc_column_text css=&#8221;&#8221;]<\/p>\n<h2 class=\"entry-title\"><strong>SM Mlekovita<\/strong><\/h2>\n<p>[\/vc_column_text][vc_single_image image=&#8221;14321&#8243; img_size=&#8221;medium&#8221; alignment=&#8221;center&#8221; css=&#8221;&#8221;][vc_column_text css=&#8221;&#8221;]The MLEKOVITA Group is the largest dairy group in Poland and Central and Eastern Europe. It is a Polish company established in 1928, with 100% Polish capital.\u00a0MLEKOVITA is successfully building its market position with Dariusz Sapi\u0144ski, President of the Management Board, and 5,000 qualified employees.\u00a0 It has been enjoying the trust of customers and setting market trends for over 90 years.\u00a0Currently, the company has 25 production plants and 36 distribution centres in Poland and 185 production lines. High-quality milk is supplied to the company by 15 thousand Polish farmers. The company processes 8 million litres of milk per day.<\/p>\n<h2><a href=\"https:\/\/www.polandtastesgood.pl\/en\/producenci-zywnosci\/sm-mlekovita\/\">read more<\/a><\/h2>\n<p>[\/vc_column_text][\/vc_column][vc_column width=&#8221;1\/3&#8243;][vc_column_text css=&#8221;&#8221;]<\/p>\n<h2 class=\"entry-title\"><strong>VOBRO<\/strong><\/h2>\n<section class=\"entry-content pt-5\">\n<div class=\"entry-content-subsection\"><\/div>\n<\/section>\n<p>[\/vc_column_text][vc_single_image image=&#8221;17170&#8243; img_size=&#8221;medium&#8221; alignment=&#8221;center&#8221; css=&#8221;&#8221;][vc_column_text css=&#8221;&#8221;]VOBRO is a confectionery manufacturer with over 35 years of experience. The company specialises in producing pralines, candies, bars, and jellies, offering a variety of packaging options, including boxes of chocolates, gift sets, casual packaging, and loose products. Vobro\u2019s range features a rich assortment of praline shapes and serving styles. The company also collaborates with customers on private label projects, offering customised packaging tailored to specific customer groups and market requirements.<\/p>\n<h2><a href=\"https:\/\/www.polandtastesgood.pl\/en\/producenci-zywnosci\/vobro\/\">read more<\/a><\/h2>\n<p>[\/vc_column_text][\/vc_column][vc_column width=&#8221;1\/3&#8243;][vc_column_text css=&#8221;&#8221;]<\/p>\n<h2 class=\"entry-title\"><strong>ZPC CHYLAK \/ MULINO<\/strong><\/h2>\n<p>[\/vc_column_text][vc_single_image image=&#8221;28918&#8243; img_size=&#8221;medium&#8221; alignment=&#8221;center&#8221; css=&#8221;&#8221;][vc_column_text css=&#8221;&#8221;]Zak\u0142ad Piekarniczo-Cukierniczy J. Chylak is a family company operating since 1947. Producer of cookies, wafer sticks and fudges.<\/p>\n<h2><a href=\"https:\/\/www.polandtastesgood.pl\/en\/producenci-zywnosci\/vobro\/\">read more<\/a><\/h2>\n<p>[\/vc_column_text][\/vc_column][\/vc_row][vc_row][vc_column width=&#8221;1\/3&#8243;][vc_column_text css=&#8221;&#8221;]<\/p>\n<h2 class=\"entry-title\"><strong>SUSZARNIA WARZYW JAWORSKI S.A. Sp. K.<\/strong><\/h2>\n<p>[\/vc_column_text][\/vc_column][vc_column width=&#8221;1\/3&#8243;][vc_column_text css=&#8221;&#8221;]<\/p>\n<h2 class=\"entry-title\"><strong>WARSZAWSKA WYTW\u00d3RNIA W\u00d3DEK KONESER JAROS\u0141AW NOWOCIEL<\/strong><\/h2>\n<p>[\/vc_column_text][\/vc_column][\/vc_row]<\/p>\n<\/div>","protected":false},"excerpt":{"rendered":"<p>[vc_row][vc_column][vc_column_text css=&#8221;&#8221;][\/vc_column_text][vc_column_text css=&#8221;&#8221;][\/vc_column_text][\/vc_column][\/vc_row][vc_row][vc_column width=&#8221;1\/4&#8243;][vc_single_image image=&#8221;36&#8243; img_size=&#8221;medium&#8221; css=&#8221;&#8221;][\/vc_column][vc_column width=&#8221;3\/4&#8243;][vc_column_text css=&#8221;&#8221;] Food and Hotel Asia &#8211; Singapur 2026 21-24 April 2026 Hall 5,\u00a0 stand no. F2-01 &amp; F1-06 [\/vc_column_text][\/vc_column][\/vc_row][vc_row][vc_column][vc_column_text css=&#8221;&#8221;][\/vc_column_text][vc_column_text css=&#8221;&#8221;][\/vc_column_text][\/vc_column][\/vc_row][vc_row][vc_column width=&#8221;1\/4&#8243;][vc_single_image&#8230;<\/p>\n","protected":false},"author":9,"featured_media":0,"parent":0,"menu_order":0,"comment_status":"closed","ping_status":"closed","template":"","meta":{"_acf_changed":false,"footnotes":""},"acf":[],"_links":{"self":[{"href":"https:\/\/www.polandtastesgood.pl\/en\/wp-json\/wp\/v2\/pages\/35517"}],"collection":[{"href":"https:\/\/www.polandtastesgood.pl\/en\/wp-json\/wp\/v2\/pages"}],"about":[{"href":"https:\/\/www.polandtastesgood.pl\/en\/wp-json\/wp\/v2\/types\/page"}],"author":[{"embeddable":true,"href":"https:\/\/www.polandtastesgood.pl\/en\/wp-json\/wp\/v2\/users\/9"}],"replies":[{"embeddable":true,"href":"https:\/\/www.polandtastesgood.pl\/en\/wp-json\/wp\/v2\/comments?post=35517"}],"version-history":[{"count":12,"href":"https:\/\/www.polandtastesgood.pl\/en\/wp-json\/wp\/v2\/pages\/35517\/revisions"}],"predecessor-version":[{"id":35573,"href":"https:\/\/www.polandtastesgood.pl\/en\/wp-json\/wp\/v2\/pages\/35517\/revisions\/35573"}],"wp:attachment":[{"href":"https:\/\/www.polandtastesgood.pl\/en\/wp-json\/wp\/v2\/media?parent=35517"}],"curies":[{"name":"wp","href":"https:\/\/api.w.org\/{rel}","templated":true}]}}