{"id":34599,"date":"2026-02-19T13:06:03","date_gmt":"2026-02-19T12:06:03","guid":{"rendered":"https:\/\/www.polandtastesgood.pl\/?page_id=34599"},"modified":"2026-03-19T12:07:14","modified_gmt":"2026-03-19T11:07:14","slug":"alimentaria-2026-catalogue-of-exhibitors","status":"publish","type":"page","link":"https:\/\/www.polandtastesgood.pl\/en\/alimentaria-2026-catalogue-of-exhibitors\/","title":{"rendered":"ALIMENTARIA 2026 &#8211; CATALOGUE OF EXHIBITORS"},"content":{"rendered":"<div class=\"wpb-content-wrapper\"><p>[vc_row][vc_column][vc_column_text css=&#8221;&#8221;][\/vc_column_text][\/vc_column][\/vc_row][vc_row][vc_column width=&#8221;1\/4&#8243;][vc_single_image image=&#8221;36&#8243; img_size=&#8221;medium&#8221; css=&#8221;&#8221;][\/vc_column][vc_column width=&#8221;3\/4&#8243;][vc_column_text css=&#8221;&#8221;]<\/p>\n<h2><span style=\"font-size: 24pt;\"><strong>ALIMENTARIA 2026<\/strong><\/span><\/h2>\n<h3>23-26 March 2026<\/h3>\n<h4>Pavilion 2, Stand D201<\/h4>\n<p>[\/vc_column_text][\/vc_column][\/vc_row][vc_row][vc_column][vc_column_text css=&#8221;&#8221;][\/vc_column_text][\/vc_column][\/vc_row][vc_row][vc_column width=&#8221;1\/4&#8243;][vc_single_image image=&#8221;2159&#8243; img_size=&#8221;medium&#8221; onclick=&#8221;custom_link&#8221; css=&#8221;&#8221; link=&#8221;https:\/\/www.polandtastesgood.pl\/en\/producenci-zywnosci\/exemlary-profile\/&#8221;][\/vc_column][vc_column width=&#8221;3\/4&#8243;][vc_column_text css=&#8221;&#8221;]<\/p>\n<div class=\"wpb_text_column wpb_content_element\">\n<div class=\"wpb_wrapper\">\n<p>The <strong>National Support Centre for Agriculture (KOWR)<\/strong> is a Polish governmental agency, supervised by the <strong>Minister of Agriculture and Rural Development<\/strong>.<\/p>\n<p>The KOWR is the main institution implementing promotion measures in the agri-food sector in Poland.<\/p>\n<p>A strong brand of Polish food products is built under a common slogan: \u201cPOLAND TASTES GOOD\u201d. Building a positive image and recognition of Polish food abroad under the \u201cPOLAND TASTES GOOD\u201d brand is one of the main tasks of the National Center for Agricultural Support.<\/p>\n<\/div>\n<\/div>\n<p>[\/vc_column_text][\/vc_column][\/vc_row][vc_row][vc_column][vc_column_text css=&#8221;&#8221;][\/vc_column_text][\/vc_column][\/vc_row][vc_row][vc_column][vc_column_text css=&#8221;&#8221;]<\/p>\n<h1 style=\"text-align: center;\"><strong><span style=\"font-size: 36pt;\">CATALOGUE OF EXHIBITORS<\/span><\/strong><\/h1>\n<p>[\/vc_column_text][\/vc_column][\/vc_row][vc_row][vc_column][vc_column_text css=&#8221;&#8221;][\/vc_column_text][\/vc_column][\/vc_row][vc_row][vc_column width=&#8221;1\/3&#8243;][vc_column_text css=&#8221;&#8221;]<\/p>\n<h2>Balviten Glutenfree<\/h2>\n<p>[\/vc_column_text][vc_single_image image=&#8221;25215&#8243; img_size=&#8221;medium&#8221; alignment=&#8221;center&#8221; css=&#8221;&#8221;][vc_column_text css=&#8221;&#8221;]Balviten Glutenfree is an internationally recognized manufacturer of high-quality gluten-free and low-protein food products. The offer includes a wide assortment, from bread and cakes, through healthy sweets, to flours and mixes for home baking. The Balviten brand provides diverse food products for people suffering from gluten intolerance.<\/p>\n<h2><a href=\"https:\/\/www.polandtastesgood.pl\/en\/producenci-zywnosci\/botanika-farm\/\">read more<\/a><\/h2>\n<p>[\/vc_column_text][\/vc_column][vc_column width=&#8221;1\/3&#8243;][vc_column_text css=&#8221;&#8221;]<\/p>\n<h2 class=\"entry-title\">BROMEX<\/h2>\n<p>[\/vc_column_text][vc_single_image image=&#8221;21063&#8243; img_size=&#8221;medium&#8221; alignment=&#8221;center&#8221; css=&#8221;&#8221;][vc_column_text css=&#8221;&#8221;]Welcome to the world of excellent ingredients! We are the Polish producer with 23 years of market experience. We supply the customers around the world in high quality seeds, spices, herbs and groats. BROMEX\u00a0is present in all continents around the world, selling our products to 40 countries.<\/p>\n<p>Our portfolio includes more than 90 products.<\/p>\n<h2><a href=\"https:\/\/www.polandtastesgood.pl\/en\/producenci-zywnosci\/bromex\/\">read more<\/a><\/h2>\n<p>[\/vc_column_text][\/vc_column][vc_column width=&#8221;1\/3&#8243;][vc_column_text css=&#8221;&#8221;]<\/p>\n<h2 class=\"entry-title\">CD S.A.<\/h2>\n<p>[\/vc_column_text][vc_single_image image=&#8221;31687&#8243; img_size=&#8221;medium&#8221; alignment=&#8221;center&#8221; css=&#8221;&#8221;][vc_column_text css=&#8221;&#8221;]Since 1989, we\u2019ve been delivering top-quality honey and delicious spreads to retail partners across the globe. Carefully selected from the most ecological regions, our products offer authentic taste, nutritional value, and full transparency.<\/p>\n<h2><a href=\"https:\/\/www.polandtastesgood.pl\/en\/producenci-zywnosci\/cd-s-a\/\">read more<\/a><\/h2>\n<p>[\/vc_column_text][\/vc_column][\/vc_row][vc_row][vc_column width=&#8221;1\/3&#8243;][vc_column_text css=&#8221;&#8221;]<\/p>\n<h2 class=\"entry-title\">Chocomoco Sp. z o.o.<\/h2>\n<p>[\/vc_column_text][vc_single_image image=&#8221;6502&#8243; img_size=&#8221;medium&#8221; alignment=&#8221;center&#8221; css=&#8221;&#8221;][vc_column_text css=&#8221;&#8221;]Chocomoco is a chocolate factory established in 1995, specialized in producing chocolate bars, couvertures, pralines, and creams. The factory\u2019s biggest advantage is creating chocolate masses from scratch. The factory processes cocoa mass, cocoa fat, sugar, and milk into delicious products exported to 30 countries worldwide.<\/p>\n<h2><a href=\"https:\/\/www.polandtastesgood.pl\/en\/producenci-zywnosci\/chocomoco-sp-z-o-o\/\">read more<\/a><\/h2>\n<p>[\/vc_column_text][\/vc_column][vc_column width=&#8221;1\/3&#8243;][vc_column_text css=&#8221;&#8221;]<\/p>\n<h2 class=\"entry-title\">Diaspolis<\/h2>\n<p>[\/vc_column_text][vc_single_image image=&#8221;32973&#8243; img_size=&#8221;medium&#8221; alignment=&#8221;center&#8221; css=&#8221;&#8221;][vc_column_text css=&#8221;&#8221;]We are one of the leading companies in the processing of grains as well as nut, fig and raisin mixes for the food industry.<br \/>\nWe process the highest-quality raw materials, subject them to special cleaning, roasting and sterilisation and then distribute them to the world\u2019s major producers.<\/p>\n<h2><a href=\"https:\/\/www.polandtastesgood.pl\/en\/producenci-zywnosci\/diaspolis\/\">read more<\/a><\/h2>\n<p>[\/vc_column_text][\/vc_column][vc_column width=&#8221;1\/3&#8243;][vc_column_text css=&#8221;&#8221;]<\/p>\n<h2 class=\"entry-title\">Frank&amp;Oli<\/h2>\n<p>[\/vc_column_text][vc_single_image image=&#8221;12538&#8243; img_size=&#8221;medium&#8221; alignment=&#8221;center&#8221; css=&#8221;&#8221;][vc_column_text css=&#8221;&#8221;]Frank&amp;Oli is a company that was born out of a passion for sports and a love for healthy food. We put our whole heart and the best ingredients into our products. We create well-thought-out recipes in which every ingredient has a purpose \u2013 to replenish vitamins and minerals, provide energy or improve well-being.<\/p>\n<h2><a href=\"https:\/\/www.polandtastesgood.pl\/en\/producenci-zywnosci\/frankoli\/\">read more<\/a><\/h2>\n<p>[\/vc_column_text][\/vc_column][\/vc_row][vc_row][vc_column width=&#8221;1\/3&#8243;][vc_column_text css=&#8221;&#8221;]<\/p>\n<h2>FREEZCO<\/h2>\n<p>[\/vc_column_text][vc_single_image image=&#8221;14188&#8243; img_size=&#8221;medium&#8221; alignment=&#8221;center&#8221; css=&#8221;&#8221;][vc_column_text css=&#8221;&#8221;]Freezco is an international operating company with extensive experience in the fish processing industry, that sells its products to almost 30 countries worldwide. Freezco is a team of people with many years of experience and extensive knowledge in the fish and seafood processing industry. We \u00a0are passionate about creating high-quality products for the most demanding customers.<\/p>\n<h2><a href=\"https:\/\/www.polandtastesgood.pl\/en\/producenci-zywnosci\/freezco-sp-z-o-o\/\">read more<\/a><\/h2>\n<p>[\/vc_column_text][\/vc_column][vc_column width=&#8221;1\/3&#8243;][vc_column_text css=&#8221;&#8221;]<\/p>\n<h2 class=\"entry-title\">Iglotex S.A.<\/h2>\n<p>[\/vc_column_text][vc_single_image image=&#8221;20467&#8243; img_size=&#8221;medium&#8221; alignment=&#8221;center&#8221; css=&#8221;&#8221;][vc_column_text css=&#8221;&#8221;]Producer of frozen and chilled food.<\/p>\n<h2><a href=\"https:\/\/www.polandtastesgood.pl\/en\/producenci-zywnosci\/iglotex-s-a\/\">read more<\/a><\/h2>\n<p>[\/vc_column_text][\/vc_column][vc_column width=&#8221;1\/3&#8243;][vc_column_text css=&#8221;&#8221;]<\/p>\n<h2 class=\"entry-title\">KUPIEC SP. Z O.O.<\/h2>\n<p>[\/vc_column_text][vc_single_image image=&#8221;12740&#8243; img_size=&#8221;medium&#8221; alignment=&#8221;center&#8221; css=&#8221;&#8221;][vc_column_text css=&#8221;&#8221;]We are a Polish, family-owned company, known in the market for more than 30 years.<\/p>\n<p>Our factory produces more than 200 different products in brand and private labels. We create innovative and natural products. We focus on both modern production methods and the quality of raw materials. We are one of the largest producers of healthy food in Poland.<\/p>\n<h2><a href=\"https:\/\/www.polandtastesgood.pl\/en\/producenci-zywnosci\/kupiec-sp-z-o-o\/\">read more<\/a><\/h2>\n<p>[\/vc_column_text][\/vc_column][\/vc_row][vc_row][vc_column width=&#8221;1\/3&#8243;][vc_column_text css=&#8221;&#8221;]<\/p>\n<h2>Lestello sp. z o.o.<\/h2>\n<p>[\/vc_column_text][vc_single_image image=&#8221;16506&#8243; img_size=&#8221;medium&#8221; alignment=&#8221;center&#8221; css=&#8221;&#8221;][vc_column_text css=&#8221;&#8221;]We are the Polish company operating on the market since 1992. Our core business with a long-lasting tradition is packaging and production of cereal products. We are one of the leading producers of healthy food in Poland.<\/p>\n<h2><a href=\"https:\/\/www.polandtastesgood.pl\/en\/producenci-zywnosci\/lestello-sp-z-o-o\/\">read more<\/a><\/h2>\n<p>[\/vc_column_text][\/vc_column][vc_column width=&#8221;1\/3&#8243;][vc_column_text css=&#8221;&#8221;]<\/p>\n<h2 class=\"entry-title\">MIESZKO S. A.<\/h2>\n<p>[\/vc_column_text][vc_single_image image=&#8221;16236&#8243; img_size=&#8221;medium&#8221; alignment=&#8221;center&#8221; css=&#8221;&#8221;][vc_column_text css=&#8221;&#8221;]Mieszko is a Polish brand from Rachorz with more than 100 years of tradition. Mieszko specialises in the production of confectionery products, in particular chocolate pralines. Mieszko is a recognised expert in the production of pralines and chocolates for any occasion. It offers innovative products based on top-quality natural ingredients.<\/p>\n<h2><a href=\"https:\/\/www.polandtastesgood.pl\/en\/producenci-zywnosci\/mieszko-s-a\/\">read more<\/a><\/h2>\n<p>[\/vc_column_text][\/vc_column][vc_column width=&#8221;1\/3&#8243;][vc_column_text css=&#8221;&#8221;]<\/p>\n<h2 class=\"entry-title\">MITMAR Sp. z o.o.<\/h2>\n<p>[\/vc_column_text][vc_single_image image=&#8221;34641&#8243; img_size=&#8221;medium&#8221; alignment=&#8221;center&#8221; css=&#8221;&#8221;][vc_column_text css=&#8221;&#8221;]We are a production and trading company, present on the Polish and foreign meat markets since 1995.\u00a0We offer a wide range of frozen and chilled meat: pork, beef and poultry. We cut pork carcasses and heads. We also produce MSM and poultry meat. As a producer, we are able to provide customised processing to meet the market needs of our customers.<\/p>\n<h2><a href=\"https:\/\/www.polandtastesgood.pl\/en\/producenci-zywnosci\/mitmar-sp-z-o-o\/\">read more<\/a><\/h2>\n<p>[\/vc_column_text][\/vc_column][\/vc_row][vc_row][vc_column width=&#8221;1\/3&#8243;][vc_column_text css=&#8221;&#8221;]<\/p>\n<h2 class=\"entry-title\">NEWTRITION<\/h2>\n<p>[\/vc_column_text][vc_single_image image=&#8221;12249&#8243; img_size=&#8221;medium&#8221; alignment=&#8221;center&#8221; css=&#8221;&#8221;][vc_column_text css=&#8221;&#8221;]Newtrition is developing a new generation of innovative, unique and healthy sweets, snacks and small meals under the Feel FIT brand. The mission of the Feel FIT brand is to provide products that are not only healthy and high quality, but also taste great. Key advantages of our products: protein-rich, no added sugar, gluten-free, vegan, clean label.<\/p>\n<h2><a href=\"https:\/\/www.polandtastesgood.pl\/en\/producenci-zywnosci\/newtrition\/\">read more<\/a><\/h2>\n<p>[\/vc_column_text][\/vc_column][vc_column width=&#8221;1\/3&#8243;][vc_column_text css=&#8221;&#8221;]<\/p>\n<h2 class=\"entry-title\">Orzech Production &amp; Distribution<\/h2>\n<p>[\/vc_column_text][vc_single_image image=&#8221;17775&#8243; img_size=&#8221;medium&#8221; alignment=&#8221;center&#8221; css=&#8221;&#8221;][vc_column_text css=&#8221;&#8221;]Founded in 1996, our family-owned company specialises in producing and selling healthy, unique fruit and vegetable preserves. Our products stand out thanks to their exquisite recipes, which are continuously refined. We have proudly maintained our family-owned business while embracing the latest technologies and solutions.<\/p>\n<h2><a href=\"https:\/\/www.polandtastesgood.pl\/en\/producenci-zywnosci\/orzech-production-distribution\/\">read more<\/a><\/h2>\n<p>[\/vc_column_text][\/vc_column][vc_column width=&#8221;1\/3&#8243;][vc_column_text css=&#8221;&#8221;]<\/p>\n<h2 class=\"entry-title\">OSM \u0141owicz<\/h2>\n<p>[\/vc_column_text][vc_single_image image=&#8221;26321&#8243; img_size=&#8221;medium&#8221; alignment=&#8221;center&#8221; css=&#8221;&#8221;][vc_column_text css=&#8221;&#8221;]The \u0141owicz Regional Dairy Cooperative (OSM \u0141owicz) has been renowned for generations for producing high-quality dairy products, using Polish milk. The iconic\u00a0<em>\u0141owiczanka<\/em>\u00a0featured in the brand\u2019s logo is widely recognised on store shelves across Poland and in more than 74 countries worldwide.<\/p>\n<h2><a href=\"https:\/\/www.polandtastesgood.pl\/en\/producenci-zywnosci\/osm-lowicz\/\">read more<\/a><\/h2>\n<p>[\/vc_column_text][\/vc_column][\/vc_row][vc_row][vc_column width=&#8221;1\/3&#8243;][vc_column_text css=&#8221;&#8221;]<\/p>\n<h2>ROS-SWEET sp. z.o.o.<\/h2>\n<p>[\/vc_column_text][vc_single_image image=&#8221;34720&#8243; img_size=&#8221;medium&#8221; alignment=&#8221;center&#8221; css=&#8221;&#8221;][vc_column_text css=&#8221;&#8221;]We are a Polish manufacturer with the experience, technology and flexibility that private label projects require. For 20 years, ROS-SWEET has been developing impulse products, healthy snacks, nut creams and innovative forms of chocolate-covered dried fruit and nuts products.<\/p>\n<h2><a href=\"https:\/\/www.polandtastesgood.pl\/en\/producenci-zywnosci\/ros-sweet-sp-z-o-o\/\">read more<\/a><\/h2>\n<p>[\/vc_column_text][\/vc_column][vc_column width=&#8221;1\/3&#8243;][vc_column_text css=&#8221;&#8221;]<\/p>\n<h2 class=\"entry-title\">SM MLEKPOL w Grajewie<\/h2>\n<p>[\/vc_column_text][vc_single_image image=&#8221;27398&#8243; img_size=&#8221;medium&#8221; alignment=&#8221;center&#8221; css=&#8221;&#8221;][vc_column_text css=&#8221;&#8221;]The Mlekpol Dairy Cooperative in Grajewo is one of the largest milk and dairy products manufacturers in Poland and Europe. The strength of our company lies in the people who create it\u2014with their passion, dedication, and hard work, Mlekpol has been growing dynamically for over 40 years. The cooperative\u2019s success is also driven by modern production processes and technologies, based on the latest scientific advancements. The company is managed with respect for food production traditions, drawing on the richness of local regions.<\/p>\n<h2><a href=\"https:\/\/www.polandtastesgood.pl\/en\/producenci-zywnosci\/sm-mlekpol-w-grajewie\/\">read more<\/a><\/h2>\n<p>[\/vc_column_text][\/vc_column][vc_column width=&#8221;1\/3&#8243;][vc_column_text css=&#8221;&#8221;]<\/p>\n<h2 class=\"entry-title\">SOLIGRANO<\/h2>\n<p>[\/vc_column_text][vc_single_image image=&#8221;12859&#8243; img_size=&#8221;medium&#8221; alignment=&#8221;center&#8221; css=&#8221;&#8221;][vc_column_text css=&#8221;&#8221;]We are a family-owned company that produces grain-based foods. We specialize in organic products and have a wide range of organic products, including cereals from our own crops. We offer breakfast products, mixes for preparing plant-based burgers, for baking bread. We also offer our customers a wide selection of flours, groats and legumes. Soligrano also offers a Private Label service, which allows us to customize our products to our customers\u2019 brand.<\/p>\n<h2><a href=\"https:\/\/www.polandtastesgood.pl\/en\/producenci-zywnosci\/soligrano\/\">read more<\/a><\/h2>\n<p>[\/vc_column_text][\/vc_column][\/vc_row][vc_row][vc_column width=&#8221;1\/3&#8243;][vc_column_text css=&#8221;&#8221;]<\/p>\n<h2 class=\"entry-title\">SWEET BRANDS<\/h2>\n<p>[\/vc_column_text][vc_single_image image=&#8221;17277&#8243; img_size=&#8221;medium&#8221; alignment=&#8221;center&#8221; css=&#8221;&#8221;][vc_column_text css=&#8221;&#8221;]SWEET BRANDS offers a wide range of high-quality confectionery, including biscuits, sugar-free biscuits, cream-filled wafer balls, wafers, meringue biscuits, butter tubes, chocolates, toffees, and fruit chews, with sugar-free options available. Our products are manufactured to the highest quality standards, certified by IFS and BRC. SWEET BRANDS is also the proud owner of the SWEET&amp;JOY brand.<\/p>\n<h2><a href=\"https:\/\/www.polandtastesgood.pl\/en\/producenci-zywnosci\/sweet-brands\/\">read more<\/a><\/h2>\n<p>[\/vc_column_text][\/vc_column][vc_column width=&#8221;1\/3&#8243;][vc_column_text css=&#8221;&#8221;]<\/p>\n<h2 class=\"entry-title\">VOBRO<\/h2>\n<p>[\/vc_column_text][vc_single_image image=&#8221;17170&#8243; img_size=&#8221;medium&#8221; alignment=&#8221;center&#8221; css=&#8221;&#8221;][vc_column_text css=&#8221;&#8221;]VOBRO is a confectionery manufacturer with over 35 years of experience. The company specialises in producing pralines, candies, bars, and jellies, offering a variety of packaging options, including boxes of chocolates, gift sets, casual packaging, and loose products. Vobro\u2019s range features a rich assortment of praline shapes and serving styles.<\/p>\n<h2><a href=\"https:\/\/www.polandtastesgood.pl\/en\/producenci-zywnosci\/vobro\/\">read more<\/a><\/h2>\n<p>[\/vc_column_text][\/vc_column][vc_column width=&#8221;1\/3&#8243;][vc_column_text css=&#8221;&#8221;]<\/p>\n<h2>Z.M. &#8220;PEKPOL-OSTRO\u0141\u0118KA&#8221; S.A<\/h2>\n<p>[\/vc_column_text][vc_single_image image=&#8221;25190&#8243; img_size=&#8221;medium&#8221; alignment=&#8221;center&#8221; css=&#8221;&#8221;][vc_column_text css=&#8221;&#8221;]Zak\u0142ady Mi\u0119sne Pekpol Ostro\u0142\u0119ka S.A. is one of the pillars of the Polish meat industry, a company with more than 50 years of tradition that successfully combines the regional heritage of the Kurpie region with modern production technologies. The company is based in \u0141awy near Ostro\u0142\u0119ka, which for decades has defined the brand\u2019s identity as a producer with strong ties to the local community and nature. The \u2018Tasty by nature\u2019 slogan is the foundation of Pekpol\u2019s strategy.<\/p>\n<h2><a href=\"https:\/\/www.polandtastesgood.pl\/en\/producenci-zywnosci\/pekpol\/\">read more<\/a><\/h2>\n<p>[\/vc_column_text][\/vc_column][\/vc_row]<\/p>\n<\/div>","protected":false},"excerpt":{"rendered":"<p>[vc_row][vc_column][vc_column_text css=&#8221;&#8221;][\/vc_column_text][\/vc_column][\/vc_row][vc_row][vc_column width=&#8221;1\/4&#8243;][vc_single_image image=&#8221;36&#8243; img_size=&#8221;medium&#8221; css=&#8221;&#8221;][\/vc_column][vc_column width=&#8221;3\/4&#8243;][vc_column_text css=&#8221;&#8221;] ALIMENTARIA 2026 23-26 March 2026 Pavilion 2, Stand D201 [\/vc_column_text][\/vc_column][\/vc_row][vc_row][vc_column][vc_column_text css=&#8221;&#8221;][\/vc_column_text][\/vc_column][\/vc_row][vc_row][vc_column width=&#8221;1\/4&#8243;][vc_single_image image=&#8221;2159&#8243; img_size=&#8221;medium&#8221; onclick=&#8221;custom_link&#8221; css=&#8221;&#8221; link=&#8221;https:\/\/www.polandtastesgood.pl\/en\/producenci-zywnosci\/exemlary-profile\/&#8221;][\/vc_column][vc_column width=&#8221;3\/4&#8243;][vc_column_text css=&#8221;&#8221;] The National Support&#8230;<\/p>\n","protected":false},"author":9,"featured_media":0,"parent":0,"menu_order":0,"comment_status":"closed","ping_status":"closed","template":"","meta":{"_acf_changed":false,"footnotes":""},"acf":[],"_links":{"self":[{"href":"https:\/\/www.polandtastesgood.pl\/en\/wp-json\/wp\/v2\/pages\/34599"}],"collection":[{"href":"https:\/\/www.polandtastesgood.pl\/en\/wp-json\/wp\/v2\/pages"}],"about":[{"href":"https:\/\/www.polandtastesgood.pl\/en\/wp-json\/wp\/v2\/types\/page"}],"author":[{"embeddable":true,"href":"https:\/\/www.polandtastesgood.pl\/en\/wp-json\/wp\/v2\/users\/9"}],"replies":[{"embeddable":true,"href":"https:\/\/www.polandtastesgood.pl\/en\/wp-json\/wp\/v2\/comments?post=34599"}],"version-history":[{"count":14,"href":"https:\/\/www.polandtastesgood.pl\/en\/wp-json\/wp\/v2\/pages\/34599\/revisions"}],"predecessor-version":[{"id":35571,"href":"https:\/\/www.polandtastesgood.pl\/en\/wp-json\/wp\/v2\/pages\/34599\/revisions\/35571"}],"wp:attachment":[{"href":"https:\/\/www.polandtastesgood.pl\/en\/wp-json\/wp\/v2\/media?parent=34599"}],"curies":[{"name":"wp","href":"https:\/\/api.w.org\/{rel}","templated":true}]}}