{"id":33345,"date":"2026-01-07T09:17:24","date_gmt":"2026-01-07T08:17:24","guid":{"rendered":"https:\/\/www.polandtastesgood.pl\/?page_id=33345"},"modified":"2026-01-26T14:08:01","modified_gmt":"2026-01-26T13:08:01","slug":"ism-cologne-2026-catalogue-of-exhibitors","status":"publish","type":"page","link":"https:\/\/www.polandtastesgood.pl\/en\/ism-cologne-2026-catalogue-of-exhibitors\/","title":{"rendered":"ISM Cologne 2026 &#8211; CATALOGUE OF EXHIBITORS"},"content":{"rendered":"<div class=\"wpb-content-wrapper\"><p>[vc_row][vc_column width=&#8221;1\/4&#8243;][vc_single_image image=&#8221;36&#8243; img_size=&#8221;medium&#8221; css=&#8221;&#8221;][\/vc_column][vc_column width=&#8221;3\/4&#8243;][vc_column_text css=&#8221;&#8221;]<\/p>\n<h1>ISM Cologne 2026<\/h1>\n<h4>01-04 February 2026<\/h4>\n<p>[\/vc_column_text][\/vc_column][\/vc_row][vc_row][vc_column width=&#8221;1\/4&#8243;][vc_single_image image=&#8221;2159&#8243; img_size=&#8221;medium&#8221; onclick=&#8221;custom_link&#8221; css=&#8221;&#8221; link=&#8221;https:\/\/www.polandtastesgood.pl\/en\/producenci-zywnosci\/exemlary-profile\/&#8221;][\/vc_column][vc_column width=&#8221;3\/4&#8243;][vc_column_text css=&#8221;&#8221;]<\/p>\n<div class=\"wpb_text_column wpb_content_element\">\n<div class=\"wpb_wrapper\">\n<p>The <strong>National Support Centre for Agriculture (KOWR)<\/strong> is a Polish governmental agency, supervised by the <strong>Minister of Agriculture and Rural Development<\/strong>.<\/p>\n<p>The KOWR is the main institution implementing promotion measures in the agri-food sector in Poland.<\/p>\n<p>A strong brand of Polish food products is built under a common slogan: \u201cPOLAND TASTES GOOD\u201d. Building a positive image and recognition of Polish food abroad under the \u201cPOLAND TASTES GOOD\u201d brand is one of the main tasks of the National Center for Agricultural Support.<\/p>\n<\/div>\n<\/div>\n<p>[\/vc_column_text][\/vc_column][\/vc_row][vc_row][vc_column][vc_column_text css=&#8221;&#8221;]<\/p>\n<h1><\/h1>\n<h1 style=\"text-align: center;\"><strong><span style=\"font-size: 36pt;\">CATALOGUE OF EXHIBITORS<\/span><\/strong><\/h1>\n<p>[\/vc_column_text][\/vc_column][\/vc_row][vc_row][vc_column][vc_column_text css=&#8221;&#8221;]\u00a0[\/vc_column_text][\/vc_column][\/vc_row][vc_row][vc_column width=&#8221;1\/3&#8243;][vc_column_text css=&#8221;&#8221;]<\/p>\n<h2>Kupiec sp. z o.o.<\/h2>\n<p>[\/vc_column_text][vc_single_image image=&#8221;12740&#8243; img_size=&#8221;medium&#8221; alignment=&#8221;center&#8221; css=&#8221;&#8221;][vc_column_text css=&#8221;&#8221;]We are a Polish, family-owned company, known in the market for more than 30 years.<\/p>\n<p>Our factory produces more than 200 different products in brand and private labels. We create innovative and natural products. We focus on both modern production methods and the quality of raw materials. We are one of the largest producers of healthy food in Poland.<\/p>\n<h2><a href=\"https:\/\/www.polandtastesgood.pl\/en\/producenci-zywnosci\/kupiec-sp-z-o-o\/\">read more<\/a><\/h2>\n<p>[\/vc_column_text][\/vc_column][vc_column width=&#8221;1\/3&#8243;][vc_column_text css=&#8221;&#8221;]<\/p>\n<h2 class=\"entry-title\">EUROWAFEL<\/h2>\n<p>[\/vc_column_text][vc_single_image image=&#8221;19471&#8243; img_size=&#8221;medium&#8221; alignment=&#8221;center&#8221; css=&#8221;&#8221;][vc_column_text css=&#8221;&#8221;]Eurowafel is a company that has been delighting its clients with the unique products for years. It specialises in the production of waffles, which are both tasty and healthy. Based on carefully selected ingredients and state-of-the-art production method, Eurowafel supplies products of high quality, meeting the expectations of even the most demanding consumers.<\/p>\n<h2><a href=\"https:\/\/www.polandtastesgood.pl\/pl\/producenci-zywnosci\/eurowafel\/\">read more<\/a><\/h2>\n<p>[\/vc_column_text][\/vc_column][vc_column width=&#8221;1\/3&#8243;][vc_column_text css=&#8221;&#8221;]<\/p>\n<h2>Fabryka Cukierk\u00f3w &#8220;Pszcz\u00f3\u0142ka&#8221; sp. z o.o.<\/h2>\n<p>[\/vc_column_text][vc_single_image image=&#8221;18109&#8243; img_size=&#8221;medium&#8221; alignment=&#8221;center&#8221; css=&#8221;&#8221;][vc_column_text css=&#8221;&#8221;]\u2018PSZCZ\u00d3\u0141KA\u2019 Candy Factory is currently one of the largest confectionery manufacturers in Poland. We produce chocolate-covered candies, pralines, jellies, hard and filled caramels, as well as toffees, under our two brands: \u2018Pszcz\u00f3\u0142ka\u2019 and \u2018Dolce Amo\u2019. We also create private labels for our customers worldwide.<\/p>\n<h2><a href=\"https:\/\/www.polandtastesgood.pl\/en\/producenci-zywnosci\/fabryka-cukierkow-pszczolka-sp-z-o-o\/\">read more<\/a><\/h2>\n<p>[\/vc_column_text][\/vc_column][\/vc_row][vc_row][vc_column width=&#8221;1\/3&#8243;][vc_column_text css=&#8221;&#8221;]<\/p>\n<h2>GRAN-PIK Liwocz sp. z o.o.<\/h2>\n<p>[\/vc_column_text][vc_single_image image=&#8221;7344&#8243; img_size=&#8221;medium&#8221; alignment=&#8221;center&#8221; css=&#8221;&#8221;][vc_column_text css=&#8221;&#8221;]GRAN-PIK Liwocz is a company composed of two different product brands:<br \/>\n\u2013 GRAN-PIK comes from traditional confectionery producing cookies and snacks since 1980,<br \/>\n\u2013 Liwocz factory has 67 years of experience in handmade lollipops and candies production.<\/p>\n<h2><a href=\"https:\/\/www.polandtastesgood.pl\/en\/producenci-zywnosci\/gran-pik-liwocz-spolka-z-ograniczona-odpowiedzialnoscia-sp-k\/\">read more<\/a><\/h2>\n<p>[\/vc_column_text][\/vc_column][vc_column width=&#8221;1\/3&#8243;][vc_column_text css=&#8221;&#8221;]<\/p>\n<h2>MLB Biotrade Sp. z o.o.<\/h2>\n<p>[\/vc_column_text][vc_single_image image=&#8221;18919&#8243; img_size=&#8221;medium&#8221; alignment=&#8221;center&#8221; css=&#8221;&#8221;][vc_column_text css=&#8221;&#8221;]MLB Biotrade provides expert knowledge on lyophilisation for the food industry. We offer organic lyophilised fruits and vegetables, cut and in powder. They are 100% natural and contain no additives. Our research and development department supports the clients in creating the innovating lyophilised concepts, such as smoothie powders or puree snacks.<\/p>\n<h2><a href=\"https:\/\/www.polandtastesgood.pl\/en\/producenci-zywnosci\/mlb-bio-trade-sp-z-o-o\/\">read more<\/a><\/h2>\n<p>[\/vc_column_text][\/vc_column][vc_column width=&#8221;1\/3&#8243;][vc_column_text css=&#8221;&#8221;]<\/p>\n<h2>Frank&amp;Oli sp. z o.o.<\/h2>\n<p>[\/vc_column_text][vc_single_image image=&#8221;12538&#8243; img_size=&#8221;medium&#8221; alignment=&#8221;center&#8221; css=&#8221;&#8221;][vc_column_text css=&#8221;&#8221;]Frank&amp;Oli is a company that was born out of a passion for sports and a love for healthy food. We put our whole heart and the best ingredients into our products. We create well-thought-out recipes in which every ingredient has a purpose \u2013 to replenish vitamins and minerals, provide energy or improve well-being.<\/p>\n<h2><a href=\"https:\/\/www.polandtastesgood.pl\/en\/producenci-zywnosci\/frankoli\/\">read more<\/a><\/h2>\n<p>[\/vc_column_text][\/vc_column][\/vc_row][vc_row][vc_column width=&#8221;1\/3&#8243;][vc_column_text css=&#8221;&#8221;]<\/p>\n<h2>Doti Sp\u00f3\u0142ka Jawna Manufaktura D.M. Mroczkowscy<\/h2>\n<p>[\/vc_column_text][vc_single_image image=&#8221;7202&#8243; img_size=&#8221;medium&#8221; alignment=&#8221;center&#8221; css=&#8221;&#8221;][vc_column_text css=&#8221;&#8221;]DOTI is a family-owned chocolates factory specialising in producing delicious chocolate covered fruit and nuts. The company was established over 30 years ago and since then has been making premium chocolates under Doti brand.<\/p>\n<h2><a href=\"https:\/\/www.polandtastesgood.pl\/en\/producenci-zywnosci\/doti\/\">read more<\/a><\/h2>\n<p>[\/vc_column_text][\/vc_column][vc_column width=&#8221;1\/3&#8243;][vc_column_text css=&#8221;&#8221;]<\/p>\n<h2>Piedmont Cookies<\/h2>\n<p>[\/vc_column_text][vc_single_image image=&#8221;18016&#8243; img_size=&#8221;medium&#8221; alignment=&#8221;center&#8221; css=&#8221;&#8221;][vc_column_text css=&#8221;&#8221;]PIEDMONT COOKIES specialises in baking biscuits, especially shortbread and wafer rolls with and without filling. We bake various type of shortbread according to our proven recipe in a modern plant in Prosz\u00f3wki near Bochnia. We constantly expand our range of products with new treats including crackers in recent years.<\/p>\n<h2><a href=\"https:\/\/www.polandtastesgood.pl\/en\/producenci-zywnosci\/lestello-sp-z-o-o\/\">read more<\/a><\/h2>\n<p>[\/vc_column_text][\/vc_column][vc_column width=&#8221;1\/3&#8243;][vc_column_text css=&#8221;&#8221;]<\/p>\n<h2>PPH Okruszek<\/h2>\n<p>[\/vc_column_text][vc_single_image image=&#8221;13413&#8243; img_size=&#8221;medium&#8221; alignment=&#8221;center&#8221; css=&#8221;&#8221;][vc_column_text css=&#8221;&#8221;]<strong>PPH Okruszek<\/strong>\u00a0is a family company established in 1989. Our offer includes pasta, breadsticks, puffs, crisps, waffles and our new product \u2013 food pellets for snacks. Our company specialises in private labels and products commissioned by our customers. Continuous investment in new technologies allows us to develop, and thus expand our product portfolio and win new customers.<\/p>\n<h2><a href=\"https:\/\/www.polandtastesgood.pl\/en\/producenci-zywnosci\/p-p-h-okruszek-tomasz-jarosinski\/\">read more<\/a><\/h2>\n<p>[\/vc_column_text][\/vc_column][\/vc_row][vc_row][vc_column width=&#8221;1\/3&#8243;][vc_column_text css=&#8221;&#8221;]<\/p>\n<h2>Brze\u015b\u0107 Sipa<\/h2>\n<p>[\/vc_column_text][vc_single_image image=&#8221;6619&#8243; img_size=&#8221;medium&#8221; alignment=&#8221;center&#8221; css=&#8221;&#8221;][vc_column_text css=&#8221;&#8221;]BRZE\u015a\u0106 Sipa sp.k. is a family company that has been manufacturing since 1984. It\u00a0 produces confectionery and snacks based on steamed dough on fully automated lines. Its flagship product is puff straws in various flavours: with sugar, cinnamon, and seeds \u2013 Mini Eclairs and fillable puff pastries. Production is carried out in accordance with BRC, US FDA certification and meets Halal requirements.<\/p>\n<h2><a href=\"https:\/\/www.polandtastesgood.pl\/en\/producenci-zywnosci\/doti\/\">read more<\/a><\/h2>\n<p>[\/vc_column_text][\/vc_column][vc_column width=&#8221;1\/3&#8243;][vc_column_text css=&#8221;&#8221;]<\/p>\n<h2>Lestello sp. z o.o.<\/h2>\n<p>[\/vc_column_text][vc_single_image image=&#8221;16506&#8243; img_size=&#8221;medium&#8221; alignment=&#8221;center&#8221; css=&#8221;&#8221;][vc_column_text css=&#8221;&#8221;]We are the Polish company operating on the market since 1992. Our core business with a long-lasting tradition is packaging and production of cereal products. We are one of the leading producers of healthy food in Poland.<\/p>\n<h2><a href=\"https:\/\/www.polandtastesgood.pl\/en\/producenci-zywnosci\/lestello-sp-z-o-o\/\">read more<\/a><\/h2>\n<p>[\/vc_column_text][\/vc_column][vc_column width=&#8221;1\/3&#8243;][vc_column_text css=&#8221;&#8221;]<\/p>\n<h2>Magnat<\/h2>\n<p>[\/vc_column_text][vc_single_image image=&#8221;12239&#8243; img_size=&#8221;medium&#8221; alignment=&#8221;center&#8221; css=&#8221;&#8221;][vc_column_text css=&#8221;&#8221;]FPH Magnat was established in 1994. Our business has changed significantly from the beginnings to the present day, with the expansion of the company\u2019s product range, number of employees and \u2013 our greatest pride \u2013 the number of foreign clients. This would not have been possible without our participation \u2013 for over 15 years \u2013 in many international confectionery and food trade fairs. Our best-known product are pralines with a cherry in liqueur.<\/p>\n<h2><a href=\"https:\/\/www.polandtastesgood.pl\/en\/producenci-zywnosci\/magnat-sp-j\/\">read more<\/a><\/h2>\n<p>[\/vc_column_text][\/vc_column][\/vc_row][vc_row][vc_column width=&#8221;1\/3&#8243;][vc_column_text css=&#8221;&#8221;]<\/p>\n<h2>Adikam<\/h2>\n<p>[\/vc_column_text][vc_single_image image=&#8221;19725&#8243; img_size=&#8221;medium&#8221; alignment=&#8221;center&#8221; css=&#8221;&#8221;][vc_column_text css=&#8221;&#8221;]ADIKAM is the Polish producer of chocolate confectionery.\u00a0Since we are keeping quality as our priority, our chocolate factory continues to develop and modernise.<\/p>\n<p>The state-of-the-art production line allows us controlling quality of the products on the thorough and on-going basis, including also when we handle large volumes. Therefore we are prepared to commence wide-scale cooperation.<\/p>\n<h2><a href=\"https:\/\/www.polandtastesgood.pl\/en\/producenci-zywnosci\/adikam\/\">read more<\/a><\/h2>\n<p>[\/vc_column_text][\/vc_column][vc_column width=&#8221;1\/3&#8243;][vc_column_text css=&#8221;&#8221;]<\/p>\n<h2>Sp\u00f3\u0142dzielnia &#8220;POK\u00d3J&#8221;<\/h2>\n<p>[\/vc_column_text][vc_single_image image=&#8221;26272&#8243; img_size=&#8221;medium&#8221; alignment=&#8221;center&#8221; css=&#8221;&#8221;][vc_column_text css=&#8221;&#8221;]Since 1949, Sp\u00f3\u0142dzielnia Pok\u00f3j has been offering high-quality milk caramel products to customers all over the world. We are a market leader in many international markets. In Poland, our products are available through both traditional and modern distribution channels.<\/p>\n<h2><a href=\"https:\/\/www.polandtastesgood.pl\/en\/producenci-zywnosci\/spoldzielnia-pokoj\/\">read more<\/a><\/h2>\n<p>[\/vc_column_text][\/vc_column][vc_column width=&#8221;1\/3&#8243;][vc_column_text css=&#8221;&#8221;]<\/p>\n<h2 class=\"entry-title\">CUKRY NYSKIE<\/h2>\n<p>[\/vc_column_text][vc_single_image image=&#8221;14598&#8243; img_size=&#8221;medium&#8221; alignment=&#8221;center&#8221; css=&#8221;&#8221;][vc_column_text css=&#8221;&#8221;]Cukry Nyskie is the producer of a wide range of cookies, including sugar-free cookies, sandwich biscuits, wafers and sugar-free wafers. Our offer also covers shortbread streusel (oreo-like) for bakery and ice-cream production.\u00a0Our company has been in business since 1949, which means we have a rich tradition of 70 years.<\/p>\n<h2><a href=\"https:\/\/www.polandtastesgood.pl\/en\/producenci-zywnosci\/cukry-nyskie\/\">read more<\/a><\/h2>\n<p>[\/vc_column_text][\/vc_column][\/vc_row][vc_row][vc_column width=&#8221;1\/3&#8243;][vc_column_text css=&#8221;&#8221;]<\/p>\n<h2>TBM Snacks<\/h2>\n<p>[\/vc_column_text][vc_single_image image=&#8221;18420&#8243; img_size=&#8221;medium&#8221; alignment=&#8221;center&#8221; css=&#8221;&#8221;][vc_column_text css=&#8221;&#8221;]We are a Polish family company and a trusted business partner. With 30 years of experience in the market we take great pride in our history and are committed to serving our clients. We are the largest Polish producer of the extruded products and the leader in the category of the first-choice natural corn curls.<\/p>\n<h2><a href=\"https:\/\/www.polandtastesgood.pl\/en\/producenci-zywnosci\/tbm-sp-z-o-o\/\">read more<\/a><\/h2>\n<p>[\/vc_column_text][\/vc_column][vc_column width=&#8221;1\/3&#8243;][vc_column_text css=&#8221;&#8221;]<\/p>\n<h2>KILARGO<\/h2>\n<p>[\/vc_column_text][vc_single_image image=&#8221;17091&#8243; img_size=&#8221;medium&#8221; alignment=&#8221;center&#8221; css=&#8221;&#8221;][vc_column_text css=&#8221;&#8221;]KILARGO is one of Europe\u2019s largest private label ice cream producers, well-known for its high-quality collaboration. A highly specialised team, dedicated to following and shaping global trends in ice cream production, develops new recipes and implements ready-made solutions on a daily basis.<\/p>\n<p>Kilargo is also an experienced exporter, supplying both private label ice cream and its own brand, Augusto, to over 40 countries.<\/p>\n<h2><a href=\"https:\/\/www.polandtastesgood.pl\/en\/producenci-zywnosci\/kilargo\/\">read more<\/a><\/h2>\n<p>[\/vc_column_text][\/vc_column][vc_column width=&#8221;1\/3&#8243;][vc_column_text css=&#8221;&#8221;]<\/p>\n<h2>Foodwell sp. z o.o.<\/h2>\n<p>[\/vc_column_text][vc_single_image image=&#8221;28641&#8243; img_size=&#8221;medium&#8221; alignment=&#8221;center&#8221; css=&#8221;&#8221;][vc_column_text css=&#8221;&#8221;]FoodWell is one of the largest food companies in Poland and a leading producer of healthy snacks \u2013 including muesli, granola, protein bars, dried fruits and nuts, cereals and many more.<\/p>\n<p>Thanks to more than 30 years of experience we proudly create the innovative products, while continuously maintaining the highest quality standards.<\/p>\n<h2><a href=\"https:\/\/www.polandtastesgood.pl\/en\/producenci-zywnosci\/foodwell\/\">read more<\/a><\/h2>\n<p>[\/vc_column_text][\/vc_column][\/vc_row][vc_row][vc_column width=&#8221;1\/3&#8243;][vc_column_text css=&#8221;&#8221;]<\/p>\n<h2 class=\"entry-title\">ZPC \u015aNIE\u017bKA S.A.<\/h2>\n<p>[\/vc_column_text][vc_single_image image=&#8221;18600&#8243; img_size=&#8221;medium&#8221; alignment=&#8221;center&#8221; css=&#8221;&#8221;][vc_column_text css=&#8221;&#8221;]Since 1946, ZPC \u015anie\u017cka (Confectionery Industry Plants) has been bringing generations together and continuing their sweet journey through the world of chocolate treats.<\/p>\n<p>As a Polish family-owned company, we ensure that the taste and quality of our products are the foundation of our business. Traditional recipes combined with a modern approach guarantee our growth, and our professional staff is the internal strength of our company.<\/p>\n<h2><a href=\"https:\/\/www.polandtastesgood.pl\/en\/producenci-zywnosci\/zpc-sniezka-s-a\/\">read more<\/a><\/h2>\n<p>[\/vc_column_text][\/vc_column][vc_column width=&#8221;1\/3&#8243;][vc_column_text css=&#8221;&#8221;]<\/p>\n<h2 class=\"entry-title\">CD S.A.<\/h2>\n<p>[\/vc_column_text][vc_single_image image=&#8221;31687&#8243; img_size=&#8221;medium&#8221; alignment=&#8221;center&#8221; css=&#8221;&#8221;][vc_column_text css=&#8221;&#8221;]Since 1989, we\u2019ve been delivering top-quality honey and delicious spreads to retail partners across the globe. Carefully selected from the most ecological regions, our products offer authentic taste, nutritional value, and full transparency.<\/p>\n<h2><a href=\"https:\/\/www.polandtastesgood.pl\/en\/producenci-zywnosci\/cd-s-a\/\">read more<\/a><\/h2>\n<p>[\/vc_column_text][\/vc_column][vc_column width=&#8221;1\/3&#8243;][vc_column_text css=&#8221;&#8221;]<\/p>\n<h2 class=\"entry-title\">VITAMIZU<\/h2>\n<p>[\/vc_column_text][vc_single_image image=&#8221;18456&#8243; img_size=&#8221;medium&#8221; alignment=&#8221;center&#8221; css=&#8221;&#8221;][vc_column_text css=&#8221;&#8221;]Vitamizu is an innovative Polish company producing top-quality beverages in the \u201curban drinks\u201d category and licensed beverages for youth and children since 2016. \u00a0An extensive range of products, compelling recipes, high-quality ingredients, captivating design and a history behind each beverage have erned us fans both among the Polish and foreign consumers.<\/p>\n<h2><a href=\"https:\/\/www.polandtastesgood.pl\/en\/producenci-zywnosci\/vitamizu\/\">read more<\/a><\/h2>\n<p>[\/vc_column_text][\/vc_column][\/vc_row][vc_row][vc_column width=&#8221;1\/3&#8243;][vc_column_text css=&#8221;&#8221;]<\/p>\n<h2 class=\"entry-title\">CELIKO S.A.<\/h2>\n<p>[\/vc_column_text][vc_single_image image=&#8221;22647&#8243; img_size=&#8221;medium&#8221; alignment=&#8221;center&#8221; css=&#8221;&#8221;][vc_column_text css=&#8221;&#8221;]Celiko is the experienced Polish food producer, in particular of functional and dietary food. The company was established in 1982 and has been specialising and developing in the area of food production, especially dry food concentrates, from the very beginning of its operation. We have commenced our activity with difficult production requiring strict regime i.e. dietary food for elimination diets, in particular for celiac syndrome.<\/p>\n<h2><a href=\"https:\/\/www.polandtastesgood.pl\/en\/producenci-zywnosci\/celiko-s-a\/\">read more<\/a><\/h2>\n<h2><\/h2>\n<p>[\/vc_column_text][\/vc_column][vc_column width=&#8221;1\/3&#8243;][vc_column_text css=&#8221;&#8221;]<\/p>\n<h2 class=\"entry-title\">Tarczy\u0144ski S.A.<\/h2>\n<p>[\/vc_column_text][vc_single_image image=&#8221;29454&#8243; img_size=&#8221;medium&#8221; alignment=&#8221;center&#8221; css=&#8221;&#8221;][vc_column_text css=&#8221;&#8221;]Tarczy\u0144ski S.A. is an innovative producer of high-quality cold meats, cabanos sausages, frankfurters and protein snacks. For years we have been inspiring for smart and aware nutrition to change life for better, following the concept \u2013 YOU EAT BETTER, YOU LIVE BETTER.<\/p>\n<h2><a href=\"https:\/\/www.polandtastesgood.pl\/en\/producenci-zywnosci\/tarczynski\/\">read more<\/a><\/h2>\n<h2><\/h2>\n<p>[\/vc_column_text][\/vc_column][vc_column width=&#8221;1\/3&#8243;][vc_column_text css=&#8221;&#8221;]<\/p>\n<h2>Balviten Glutenfree sp. z o.o. sp.k.<\/h2>\n<p>[\/vc_column_text][vc_single_image image=&#8221;25215&#8243; img_size=&#8221;medium&#8221; alignment=&#8221;center&#8221; css=&#8221;&#8221;][vc_column_text css=&#8221;&#8221;]Balviten Glutenfree is an internationally recognized manufacturer of high-quality gluten-free and low-protein food products. The offer includes a wide assortment, from bread and cakes, through healthy sweets, to flours and mixes for home baking. The Balviten brand provides diverse food products for people suffering from gluten intolerance.[\/vc_column_text][\/vc_column][\/vc_row][vc_row][vc_column width=&#8221;1\/3&#8243;][vc_column_text css=&#8221;&#8221;]<\/p>\n<h2 class=\"entry-title\">EMIX<\/h2>\n<p>[\/vc_column_text][vc_single_image image=&#8221;33517&#8243; img_size=&#8221;medium&#8221; alignment=&#8221;center&#8221; css=&#8221;&#8221;][vc_column_text css=&#8221;&#8221;]<strong>EMIX Sp. z o.o.<\/strong> is a Polish food manufacturer with over 33 years of experience. We specialize in baking and dessert mixes, confectionery ingredients, sprinkles, jellies, and food aromas. We develop both branded and private-label products, supplying international markets worldwide.[\/vc_column_text][\/vc_column][vc_column width=&#8221;1\/3&#8243;][vc_column_text css=&#8221;&#8221;]<\/p>\n<h2>P.W. &#8220;MAT&#8221; Marzena Tkaczuk<\/h2>\n<p>[\/vc_column_text][vc_single_image image=&#8221;33510&#8243; img_size=&#8221;medium&#8221; alignment=&#8221;center&#8221; css=&#8221;&#8221;][vc_column_text css=&#8221;&#8221;]The company <strong>P.W. &#8220;MAT&#8221;<\/strong> was established in 2002. It\u2019s based in Starachowice, in the southeastern part Polish. It\u2019s a family business, quite thriving, open to cooperation. The main activity of the company is the manufacture of confectionery. We specialize in the production of chocolate sweets and cotton candy in cups. Modern technologies, high quality materials and excellent recipes guarantee offered by our products the highest quality standards.[\/vc_column_text][\/vc_column][vc_column width=&#8221;1\/3&#8243;][vc_column_text css=&#8221;&#8221;]<\/p>\n<h2>Moderno Concept sp. z o.o.<\/h2>\n<p>[\/vc_column_text][vc_single_image image=&#8221;33531&#8243; img_size=&#8221;medium&#8221; alignment=&#8221;center&#8221; css=&#8221;&#8221;][vc_column_text css=&#8221;&#8221;]<\/p>\n<p style=\"margin: 0cm 0cm 9.0pt 0cm;\"><span style=\"font-size: 12pt;\"><strong>Moderno Concept Sp. z o.o.<\/strong> is a Polish manufacturer of cookies and wafers, operating two complementary brands: CiNi Cookies \u2013 a modern, dynamic brand, and Grandma Rosa\u2019s Bakery (Cukiernia Babci R\u00f3\u017cy) \u2013 a traditional brand inspired by classic homemade recipes.<\/span><\/p>\n<p style=\"font-variant-caps: normal; font-width: normal; font-size-adjust: none; font-kerning: auto; font-variant-alternates: normal; font-variant-ligatures: normal; font-variant-numeric: normal; font-variant-east-asian: normal; font-variant-position: normal; font-variant-emoji: normal; font-feature-settings: normal; font-optical-sizing: auto; font-variation-settings: normal; -webkit-text-stroke-width: 0px; -webkit-text-stroke-color: #000000; min-height: 13.8px; margin: 0cm 0cm 9.0pt 0cm;\"><span style=\"font-size: 12pt;\">We operate a modern production facility with high manufacturing capacity, which allows us to efficiently serve large retail chains, wholesalers, and international partners. Our offer includes a wide range of biscuits and wafers, produced with a strong focus on quality, consistency, and scalability.\u00a0<\/span><\/p>\n<p>[\/vc_column_text][\/vc_column][\/vc_row][vc_row][vc_column width=&#8221;1\/3&#8243;][vc_column_text css=&#8221;&#8221;]<\/p>\n<h2>EUROBRAND sp. z o.o.<\/h2>\n<p>[\/vc_column_text][vc_single_image image=&#8221;33524&#8243; img_size=&#8221;medium&#8221; alignment=&#8221;center&#8221; css=&#8221;&#8221;][vc_column_text css=&#8221;&#8221;][\/vc_column_text][\/vc_column][\/vc_row]<\/p>\n<\/div>","protected":false},"excerpt":{"rendered":"<p>[vc_row][vc_column width=&#8221;1\/4&#8243;][vc_single_image image=&#8221;36&#8243; img_size=&#8221;medium&#8221; css=&#8221;&#8221;][\/vc_column][vc_column width=&#8221;3\/4&#8243;][vc_column_text css=&#8221;&#8221;] ISM Cologne 2026 01-04 February 2026 [\/vc_column_text][\/vc_column][\/vc_row][vc_row][vc_column width=&#8221;1\/4&#8243;][vc_single_image image=&#8221;2159&#8243; img_size=&#8221;medium&#8221; onclick=&#8221;custom_link&#8221; css=&#8221;&#8221; link=&#8221;https:\/\/www.polandtastesgood.pl\/en\/producenci-zywnosci\/exemlary-profile\/&#8221;][\/vc_column][vc_column width=&#8221;3\/4&#8243;][vc_column_text css=&#8221;&#8221;] The National Support Centre for Agriculture (KOWR) is&#8230;<\/p>\n","protected":false},"author":9,"featured_media":0,"parent":0,"menu_order":0,"comment_status":"closed","ping_status":"closed","template":"","meta":{"_acf_changed":false,"footnotes":""},"acf":[],"_links":{"self":[{"href":"https:\/\/www.polandtastesgood.pl\/en\/wp-json\/wp\/v2\/pages\/33345"}],"collection":[{"href":"https:\/\/www.polandtastesgood.pl\/en\/wp-json\/wp\/v2\/pages"}],"about":[{"href":"https:\/\/www.polandtastesgood.pl\/en\/wp-json\/wp\/v2\/types\/page"}],"author":[{"embeddable":true,"href":"https:\/\/www.polandtastesgood.pl\/en\/wp-json\/wp\/v2\/users\/9"}],"replies":[{"embeddable":true,"href":"https:\/\/www.polandtastesgood.pl\/en\/wp-json\/wp\/v2\/comments?post=33345"}],"version-history":[{"count":17,"href":"https:\/\/www.polandtastesgood.pl\/en\/wp-json\/wp\/v2\/pages\/33345\/revisions"}],"predecessor-version":[{"id":33349,"href":"https:\/\/www.polandtastesgood.pl\/en\/wp-json\/wp\/v2\/pages\/33345\/revisions\/33349"}],"wp:attachment":[{"href":"https:\/\/www.polandtastesgood.pl\/en\/wp-json\/wp\/v2\/media?parent=33345"}],"curies":[{"name":"wp","href":"https:\/\/api.w.org\/{rel}","templated":true}]}}