{"id":30686,"date":"2025-07-10T12:42:21","date_gmt":"2025-07-10T10:42:21","guid":{"rendered":"https:\/\/www.polandtastesgood.pl\/?page_id=30686"},"modified":"2025-07-11T13:36:26","modified_gmt":"2025-07-11T11:36:26","slug":"ism-middle-east-2025-catalogue-of-polish-exhibitors","status":"publish","type":"page","link":"https:\/\/www.polandtastesgood.pl\/en\/ism-middle-east-2025-catalogue-of-polish-exhibitors\/","title":{"rendered":"ISM MIDDLE EAST 2025 &#8211; CATALOGUE OF POLISH EXHIBITORS"},"content":{"rendered":"<div class=\"wpb-content-wrapper\"><p>[vc_row][vc_column][\/vc_column][\/vc_row][vc_row][vc_column width=&#8221;1\/4&#8243;][vc_single_image image=&#8221;36&#8243; img_size=&#8221;medium&#8221; css=&#8221;&#8221;][\/vc_column][vc_column width=&#8221;3\/4&#8243;][vc_column_text css=&#8221;&#8221;]<\/p>\n<h1 style=\"text-align: center;\"><strong>ISM MIDDLE EAST 2025<\/strong><\/h1>\n<h3 style=\"text-align: center;\"><span style=\"font-size: 18pt;\"><strong>Dubai, United Arab Emirates<\/strong><\/span><\/h3>\n<h4 style=\"text-align: center;\"><span style=\"font-size: 18pt;\">13-15 September 2025<\/span><\/h4>\n<p>[\/vc_column_text][\/vc_column][\/vc_row][vc_row][vc_column][vc_column_text css=&#8221;&#8221;]<\/p>\n<h1 style=\"text-align: center;\">CATALOGUE OF POLISH EXHIBITORS<\/h1>\n<p>&nbsp;<\/p>\n<p style=\"text-align: center;\"><span style=\"font-size: 18pt;\"><strong>HALL F1<\/strong><br \/>\n<strong>STAND NO. 51 G, 35 G<\/strong><\/span><\/p>\n<p>[\/vc_column_text][\/vc_column][\/vc_row][vc_row][vc_column width=&#8221;1\/4&#8243;][vc_single_image image=&#8221;2159&#8243; img_size=&#8221;medium&#8221; onclick=&#8221;custom_link&#8221; css=&#8221;&#8221; link=&#8221;https:\/\/www.polandtastesgood.pl\/en\/producenci-zywnosci\/exemlary-profile\/&#8221;][\/vc_column][vc_column width=&#8221;3\/4&#8243;][vc_column_text css=&#8221;&#8221;]<\/p>\n<div class=\"wpb_text_column wpb_content_element\">\n<div class=\"wpb_wrapper\">\n<p>The <strong>National Support Centre for Agriculture (KOWR)<\/strong> is a Polish governmental agency, supervised by the <strong>Minister of Agriculture and Rural Development<\/strong>.<\/p>\n<p>The KOWR is the main institution implementing promotion measures in the agri-food sector in Poland.<\/p>\n<p>A strong brand of Polish food products is built under a common slogan: \u201cPoland tastes good\u201d. Building a positive image and recognition of Polish food abroad under the \u201cPOLAND TASTES GOOD\u201d brand is one of the main tasks of the National Center for Agricultural Support.<\/p>\n<\/div>\n<\/div>\n<p>[\/vc_column_text][\/vc_column][\/vc_row][vc_row][vc_column width=&#8221;1\/3&#8243;][vc_column_text css=&#8221;&#8221;]<\/p>\n<h2><strong>ADIKAM<\/strong><\/h2>\n<p>[\/vc_column_text][vc_single_image image=&#8221;19725&#8243; img_size=&#8221;medium&#8221; alignment=&#8221;center&#8221; onclick=&#8221;custom_link&#8221; css=&#8221;&#8221; link=&#8221;https:\/\/www.polandtastesgood.pl\/en\/producenci-zywnosci\/activ-sp-z-o-o\/&#8221;][vc_column_text css=&#8221;&#8221;]<strong>ADIKAM <\/strong>is the Polish producer of chocolate confectionery. Since we are keeping quality as our priority, our chocolate factory continues to develop and modernise. The state-of-the-art production line allows us controlling quality of the products on the thorough and on-going basis, including also when we handle large volumes. Therefore we are prepared to commence wide-scale cooperation. Our skilled employees and technologically advanced machine park make us receptive and open to the upcoming challenges.<\/p>\n<p><span style=\"font-size: 12pt; font-family: georgia, palatino, serif;\"><a href=\"https:\/\/www.polandtastesgood.pl\/en\/producenci-zywnosci\/adikam\/\" target=\"_blank\" rel=\"noopener\">read more<\/a><\/span>[\/vc_column_text][\/vc_column][vc_column width=&#8221;1\/3&#8243;][vc_column_text css=&#8221;&#8221;]<\/p>\n<h2><strong>CHYLAK \/ MULINO<\/strong><\/h2>\n<h2><\/h2>\n<p>[\/vc_column_text][vc_single_image image=&#8221;28918&#8243; img_size=&#8221;medium&#8221; alignment=&#8221;center&#8221; css=&#8221;&#8221;][vc_column_text css=&#8221;&#8221;]ZPC J. Chylak is a family company operating since 1947.<br \/>\nProducer of cookies, wafer sticks and fudges.<\/p>\n<p><span style=\"font-size: 12pt; font-family: georgia, palatino, serif;\"><a href=\"https:\/\/www.polandtastesgood.pl\/en\/producenci-zywnosci\/zpc-chylak-mulino\/\" target=\"_blank\" rel=\"noopener\">read more<\/a><\/span>[\/vc_column_text][\/vc_column][vc_column width=&#8221;1\/3&#8243;][vc_column_text css=&#8221;&#8221;]<\/p>\n<h2><strong>COLIAN<\/strong><\/h2>\n<p>[\/vc_column_text][vc_single_image image=&#8221;16384&#8243; img_size=&#8221;medium&#8221; alignment=&#8221;center&#8221; onclick=&#8221;custom_link&#8221; img_link_target=&#8221;_blank&#8221; css=&#8221;&#8221; link=&#8221;https:\/\/www.polandtastesgood.pl\/en\/producenci-zywnosci\/kupiec-sp-z-o-o\/&#8221;][vc_column_text css=&#8221;&#8221;]Our consumers are offered high-quality food products, which bring them simple, everyday pleasures and life happiness! The <strong>COLIAN<\/strong>\u00a0products are exported to nearly 70 countries around the world. They reach far corners of the world, delighting the taste buds of consumers across the continents. Keeping the highest safety standards in the production plants is our priority.<\/p>\n<h2><span style=\"font-size: 12pt; font-family: georgia, palatino, serif;\"><a href=\"https:\/\/www.polandtastesgood.pl\/en\/producenci-zywnosci\/colian-ltd\/\">read more<\/a><\/span><\/h2>\n<p>[\/vc_column_text][\/vc_column][\/vc_row][vc_row][vc_column width=&#8221;1\/3&#8243;][vc_column_text css=&#8221;&#8221;]<\/p>\n<h2><strong>FC PSZCZ\u00d3\u0141KA<\/strong><\/h2>\n<p>[\/vc_column_text][vc_single_image image=&#8221;18109&#8243; img_size=&#8221;medium&#8221; alignment=&#8221;center&#8221; onclick=&#8221;custom_link&#8221; css=&#8221;&#8221; link=&#8221;https:\/\/www.polandtastesgood.pl\/en\/producenci-zywnosci\/activ-sp-z-o-o\/&#8221;][vc_column_text css=&#8221;&#8221;]<strong>\u2018PSZCZ\u00d3\u0141KA\u2019<\/strong> Candy Factory is currently one of the largest confectionery manufacturers in Poland. We produce chocolate-covered candies, pralines, jellies, hard and filled caramels, as well as toffees, under our two brands: \u2018Pszcz\u00f3\u0142ka\u2019 and \u2018Dolce Amo\u2019. We also create private labels for our customers worldwide. We are part of the Krajowa Grupa Spo\u017cywcza S.A. Group and are a 100% Polish-owned company. Our sweets are made in one of the most modern factories in Europe.<\/p>\n<p><span style=\"font-size: 12pt; font-family: georgia, palatino, serif;\"><a href=\"https:\/\/www.polandtastesgood.pl\/en\/producenci-zywnosci\/fabryka-cukierkow-pszczolka-sp-z-o-o\/\" target=\"_blank\" rel=\"noopener\">read more<\/a><\/span>[\/vc_column_text][\/vc_column][vc_column width=&#8221;1\/3&#8243;][vc_column_text css=&#8221;&#8221;]<\/p>\n<h2><strong>FRANK &amp; OLI<\/strong><\/h2>\n<p>[\/vc_column_text][vc_single_image image=&#8221;12538&#8243; img_size=&#8221;medium&#8221; alignment=&#8221;center&#8221; css=&#8221;&#8221;][vc_column_text css=&#8221;&#8221;]<strong>FRANK &amp; OLI<\/strong> is a company that was born out of a passion for sports and a love for healthy food. We put our whole heart and the best ingredients into our products. We create well-thought-out recipes in which every ingredient has a purpose \u2013 to replenish vitamins and minerals, provide energy or improve well-being. Together, we strive to ensure that our activities and products have a positive impact on the world around us, making it a friendly place for all of us to live.<\/p>\n<p><span style=\"font-size: 12pt; font-family: georgia, palatino, serif;\"><a href=\"https:\/\/www.polandtastesgood.pl\/en\/producenci-zywnosci\/frankoli\/\" target=\"_blank\" rel=\"noopener\">read more<\/a><\/span>[\/vc_column_text][\/vc_column][vc_column width=&#8221;1\/3&#8243;][vc_column_text css=&#8221;&#8221;]<\/p>\n<h2><strong>GRAN-PIK Liwocz<\/strong><\/h2>\n<p>[\/vc_column_text][vc_single_image image=&#8221;7344&#8243; img_size=&#8221;medium&#8221; alignment=&#8221;center&#8221; onclick=&#8221;custom_link&#8221; img_link_target=&#8221;_blank&#8221; css=&#8221;&#8221; link=&#8221;https:\/\/www.polandtastesgood.pl\/en\/producenci-zywnosci\/kupiec-sp-z-o-o\/&#8221;][vc_column_text css=&#8221;&#8221;]<strong>GRAN-PIK Liwocz<\/strong> is a company composed of two different product brands:<br \/>\n\u2013 GRAN-PIK comes from traditional confectionery producing cookies and snacks since 1980,<br \/>\n\u2013 Liwocz factory has 67 years of experience in handmade lollipops and candies production.<\/p>\n<p>GRAN-PIK Liwocz produces wide range of confectionery: lollipops, hard and filled candies, gingerbreads, jaffa cakes and pretzels. Our main goal is to produce high quality confectionery.<\/p>\n<h2><span style=\"font-size: 12pt; font-family: georgia, palatino, serif;\"><a href=\"https:\/\/www.polandtastesgood.pl\/en\/producenci-zywnosci\/gran-pik-liwocz-spolka-z-ograniczona-odpowiedzialnoscia-sp-k\/\">read more<\/a><\/span><\/h2>\n<p>[\/vc_column_text][\/vc_column][\/vc_row][vc_row][vc_column width=&#8221;1\/3&#8243;][vc_column_text css=&#8221;&#8221;]<\/p>\n<h2><strong>LESTELLO<\/strong><\/h2>\n<p>[\/vc_column_text][vc_single_image image=&#8221;16506&#8243; img_size=&#8221;medium&#8221; alignment=&#8221;center&#8221; onclick=&#8221;custom_link&#8221; css=&#8221;&#8221; link=&#8221;https:\/\/www.polandtastesgood.pl\/en\/producenci-zywnosci\/activ-sp-z-o-o\/&#8221;][vc_column_text css=&#8221;&#8221;]<strong>LESTELLO<\/strong> is a Polish company operating on the market since 1992. Our core business with a long-lasting tradition is packaging and production of cereal products. We are one of the leading producers of healthy food in Poland.<\/p>\n<p><span style=\"font-size: 12pt; font-family: georgia, palatino, serif;\"><a href=\"https:\/\/www.polandtastesgood.pl\/en\/producenci-zywnosci\/lestello-sp-z-o-o\/\" target=\"_blank\" rel=\"noopener\">read more<\/a><\/span>[\/vc_column_text][\/vc_column][vc_column width=&#8221;1\/3&#8243;][vc_column_text css=&#8221;&#8221;]<\/p>\n<h2><strong>PIEDMONT COOKIES<\/strong><\/h2>\n<p>[\/vc_column_text][vc_single_image image=&#8221;18016&#8243; img_size=&#8221;medium&#8221; alignment=&#8221;center&#8221; css=&#8221;&#8221;][vc_column_text css=&#8221;&#8221;]<strong>PIEDMONT COOKIES<\/strong> specialises in baking biscuits, especially shortbread and wafer rolls with and without filling. We bake various type of shortbread according to our proven recipe in a modern plant in Prosz\u00f3wki near Bochnia. We constantly expand our range of products with new treats including crackers in recent years.<\/p>\n<p><span style=\"font-size: 12pt; font-family: georgia, palatino, serif;\"><a href=\"https:\/\/www.polandtastesgood.pl\/en\/producenci-zywnosci\/piedmont-cookies-andrzej-bloniarczyk\/\" target=\"_blank\" rel=\"noopener\">read more<\/a><\/span>[\/vc_column_text][\/vc_column][vc_column width=&#8221;1\/3&#8243;][vc_column_text css=&#8221;&#8221;]<\/p>\n<h2><strong>POK\u00d3J<\/strong><\/h2>\n<p>[\/vc_column_text][vc_single_image image=&#8221;26272&#8243; img_size=&#8221;medium&#8221; alignment=&#8221;center&#8221; onclick=&#8221;custom_link&#8221; img_link_target=&#8221;_blank&#8221; css=&#8221;&#8221; link=&#8221;https:\/\/www.polandtastesgood.pl\/en\/producenci-zywnosci\/kupiec-sp-z-o-o\/&#8221;][vc_column_text css=&#8221;&#8221;]Since 1949, <strong>Sp\u00f3\u0142dzielnia POK\u00d3J<\/strong> has been offering high-quality milk caramel products to customers all over the world. We are a market leader in many international markets. In Poland, our products are available through both traditional and modern distribution channels.<\/p>\n<h2><span style=\"font-size: 12pt; font-family: georgia, palatino, serif;\"><a href=\"https:\/\/www.polandtastesgood.pl\/en\/producenci-zywnosci\/spoldzielnia-pokoj\/\">read more<\/a><\/span><\/h2>\n<p>[\/vc_column_text][\/vc_column][\/vc_row][vc_row][vc_column width=&#8221;1\/3&#8243;][vc_column_text css=&#8221;&#8221;]<\/p>\n<h2><strong>PRIMART<\/strong><\/h2>\n<p>[\/vc_column_text][vc_single_image image=&#8221;14714&#8243; img_size=&#8221;medium&#8221; alignment=&#8221;center&#8221; onclick=&#8221;custom_link&#8221; css=&#8221;&#8221; link=&#8221;https:\/\/www.polandtastesgood.pl\/en\/producenci-zywnosci\/activ-sp-z-o-o\/&#8221;][vc_column_text css=&#8221;&#8221;]The P.P.H <strong>\u201cPRIMART\u201d<\/strong> Marek \u0141ukasiewicz company was established in September 1995. It was a small family business, which \u2013 over time \u2013 has become a medium-sized enterprise offering a wide range of products. We make all efforts to ensure the top-quality of our products at any time. Our plant holds the level 6 IFS certificate.<\/p>\n<p><span style=\"font-size: 12pt; font-family: georgia, palatino, serif;\"><a href=\"https:\/\/www.polandtastesgood.pl\/en\/producenci-zywnosci\/pph-primart-marek-lukasiewicz\/\" target=\"_blank\" rel=\"noopener\">read more<\/a><\/span>[\/vc_column_text][\/vc_column][vc_column width=&#8221;1\/3&#8243;][vc_column_text css=&#8221;&#8221;]<\/p>\n<h2><strong>SAN-PAJDA<\/strong><\/h2>\n<p>[\/vc_column_text][vc_single_image image=&#8221;28101&#8243; img_size=&#8221;medium&#8221; alignment=&#8221;center&#8221; css=&#8221;&#8221;][vc_column_text css=&#8221;&#8221;]<strong>SAN-Pajda<\/strong> is a producer of confectionery bakery goods: ladyfingers, meringues, and biscuits. For many years, the primary product has been Ladyfingers biscuits. These biscuits have made us the national leader in the sale of this type of product. Their traditional, 19th-century recipe is still used today. Ladyfingers biscuits are supplied not only to domestic and European markets but also to consumers in the USA, Canada, and the Middle East.<\/p>\n<p><span style=\"font-size: 12pt; font-family: georgia, palatino, serif;\"><a href=\"https:\/\/www.polandtastesgood.pl\/en\/producenci-zywnosci\/san-pajda\/\" target=\"_blank\" rel=\"noopener\">read more<\/a><\/span>[\/vc_column_text][\/vc_column][vc_column width=&#8221;1\/3&#8243;][vc_column_text css=&#8221;&#8221;]<\/p>\n<h2><strong>CUKRY NYSKIE<\/strong><\/h2>\n<p>[\/vc_column_text][vc_single_image image=&#8221;14598&#8243; img_size=&#8221;medium&#8221; alignment=&#8221;center&#8221; onclick=&#8221;custom_link&#8221; img_link_target=&#8221;_blank&#8221; css=&#8221;&#8221; link=&#8221;https:\/\/www.polandtastesgood.pl\/en\/producenci-zywnosci\/kupiec-sp-z-o-o\/&#8221;][vc_column_text css=&#8221;&#8221;]<strong>Cukry Nyskie<\/strong> is the producer of a wide range of cookies, including sugar-free cookies, sandwich biscuits, wafers and sugar-free wafers. Our offer also covers shortbread streusel (oreo-like) for bakery and ice-cream production. Our company has been in business since 1949, which means we have a rich tradition of 70 years. Our products under the \u201cCukry Nyskie\u201d brand are known for their top-quality and reasonable prices.<\/p>\n<h2><span style=\"font-size: 12pt; font-family: georgia, palatino, serif;\"><a href=\"https:\/\/www.polandtastesgood.pl\/en\/producenci-zywnosci\/cukry-nyskie\/\">read more<\/a><\/span><\/h2>\n<p>[\/vc_column_text][\/vc_column][\/vc_row][vc_row][vc_column width=&#8221;1\/3&#8243;][vc_column_text css=&#8221;&#8221;]<\/p>\n<h2><strong>VOBRO<\/strong><\/h2>\n<p>[\/vc_column_text][vc_single_image image=&#8221;17170&#8243; img_size=&#8221;medium&#8221; alignment=&#8221;center&#8221; onclick=&#8221;custom_link&#8221; css=&#8221;&#8221; link=&#8221;https:\/\/www.polandtastesgood.pl\/en\/producenci-zywnosci\/activ-sp-z-o-o\/&#8221;][vc_column_text css=&#8221;&#8221;]<strong>VOBRO<\/strong> is a confectionery manufacturer with over 35 years of experience. The company specialises in producing pralines, candies, bars, and jellies, offering a variety of packaging options, including boxes of chocolates, gift sets, casual packaging, and loose products. Vobro\u2019s range features a rich assortment of praline shapes and serving styles. The company also collaborates with customers on private label projects, offering customised packaging tailored to specific customer groups and market requirements.<\/p>\n<p><span style=\"font-size: 12pt; font-family: georgia, palatino, serif;\"><a href=\"https:\/\/www.polandtastesgood.pl\/en\/producenci-zywnosci\/vobro\/\" target=\"_blank\" rel=\"noopener\">read more<\/a><\/span>[\/vc_column_text][\/vc_column][vc_column width=&#8221;1\/3&#8243;][vc_column_text css=&#8221;&#8221;]<\/p>\n<h2><strong>BMB<\/strong><\/h2>\n<p>[\/vc_column_text][vc_single_image image=&#8221;30696&#8243; img_size=&#8221;medium&#8221; alignment=&#8221;center&#8221; css=&#8221;&#8221;][vc_column_text css=&#8221;&#8221;]<strong>BMB<\/strong> company was founded in 1993. It is a family company with entirely Polish capital. We offer high-quality sugar and sugar-free candies. Our products are characterized not only by high quality confirmed by IFS but also a very attractive price. We have a modern machinery park. We are open to customer needs also in terms of innovative packaging. Our products are known globally.<\/p>\n<p>[\/vc_column_text][\/vc_column][vc_column width=&#8221;1\/3&#8243;][vc_column_text css=&#8221;&#8221;]<\/p>\n<h2><strong>Bretton Foods<\/strong><\/h2>\n<p>[\/vc_column_text][vc_single_image image=&#8221;30703&#8243; img_size=&#8221;medium&#8221; alignment=&#8221;center&#8221; onclick=&#8221;custom_link&#8221; img_link_target=&#8221;_blank&#8221; css=&#8221;&#8221; link=&#8221;https:\/\/www.polandtastesgood.pl\/en\/producenci-zywnosci\/kupiec-sp-z-o-o\/&#8221;][vc_column_text css=&#8221;&#8221;]For 25 years making drinks is our passion. This exact passion lead to an idea of adding coffee drinks \u2013 world\u2019s most beloved beverages \u2013 to our assortment. We are bale to produce coffee drinks with a vast choice of flavours. It may be classical black coffee or cold brew. We\u2019re offering various additions based on our clients\u2019 requirements: sweet coffee, milk coffee, flavoured coffee and so on. Our beverages are produced in state-of-the-art production facility using highly advanced equipment. This enables us to offer drinks with one year expiry date, that do not need to be stored in refrigerators.[\/vc_column_text][\/vc_column][\/vc_row][vc_row][vc_column width=&#8221;1\/3&#8243;][vc_column_text css=&#8221;&#8221;]<\/p>\n<h2><strong>CD S.A.<\/strong><\/h2>\n<p>[\/vc_column_text][vc_single_image image=&#8221;30709&#8243; img_size=&#8221;medium&#8221; alignment=&#8221;center&#8221; onclick=&#8221;custom_link&#8221; img_link_target=&#8221;_blank&#8221; css=&#8221;&#8221; link=&#8221;https:\/\/www.polandtastesgood.pl\/en\/producenci-zywnosci\/kupiec-sp-z-o-o\/&#8221;][vc_column_text css=&#8221;&#8221;]Since 1989, we\u2019ve been delivering premium honey and spreads worldwide. We combine tradition with top food safety standards (HACCP, ISO, BRC, IFS) to meet the highest expectations. We support retail, catering, and food industries with reliable products, coatings, icings, glazes, and pastes tailored to their needs.<\/p>\n<p>&nbsp;<\/p>\n<p>[\/vc_column_text][\/vc_column][vc_column width=&#8221;1\/3&#8243;][vc_column_text css=&#8221;&#8221;]<\/p>\n<h2><strong>ICE DOTS S.A. \/ COOLS<\/strong><\/h2>\n<p>[\/vc_column_text][vc_single_image image=&#8221;30745&#8243; img_size=&#8221;medium&#8221; alignment=&#8221;center&#8221; onclick=&#8221;custom_link&#8221; css=&#8221;&#8221; link=&#8221;https:\/\/www.polandtastesgood.pl\/en\/producenci-zywnosci\/activ-sp-z-o-o\/&#8221;][vc_column_text css=&#8221;&#8221;]We are pleased to introduce <strong>COOLS<\/strong>, an ice cream with a unique dots form that is revolutionising the way consumers experience ice cream desserts! Our innovative ice cream is not only unique in appearance, but also offers an amazing taste experience and captures the attention of children and adults alike.<\/p>\n<p>Why is our COOLS ice cream the perfect choice?<br \/>\n&#8211; Ice cream dots is an unusual and attractive alternative to traditional ice cream. This makes the product eye-catching and intriguing to consumers.<br \/>\n&#8211; We take care of the best possible product composition, where more than 85% is pure cream. We obtain the colours from vegetables and fruits and the flavours from natural flavours.<\/p>\n<p>[\/vc_column_text][\/vc_column][vc_column width=&#8221;1\/3&#8243;][vc_column_text css=&#8221;&#8221;]<\/p>\n<h2><strong>&#8220;MAGI&#8221;<\/strong><\/h2>\n<p>[\/vc_column_text][vc_single_image image=&#8221;30752&#8243; img_size=&#8221;medium&#8221; alignment=&#8221;center&#8221; css=&#8221;&#8221;][vc_column_text css=&#8221;&#8221;]<strong>\u201cMAGI\u201d<\/strong> has been operating since 2013, founded by enthusiasts of homemade and traditional flavors. The company specializes in products such as dumplings and ready-made meals, as well as confectionery items including cakes, cookies, and chocolates. The offer also includes sweet and savory snacks, high-protein bars, and beverages in bottles ranging from 60 to 250 ml. The company uses Polish ingredients supplied by local farmers.<\/p>\n<p>[\/vc_column_text][\/vc_column][\/vc_row][vc_row][vc_column width=&#8221;1\/3&#8243;][vc_column_text css=&#8221;&#8221;]<\/p>\n<h2><strong>Diaspolis \/ Sunme<\/strong><\/h2>\n<p>[\/vc_column_text][vc_single_image image=&#8221;30760&#8243; img_size=&#8221;medium&#8221; alignment=&#8221;center&#8221; onclick=&#8221;custom_link&#8221; img_link_target=&#8221;_blank&#8221; css=&#8221;&#8221; link=&#8221;https:\/\/www.polandtastesgood.pl\/en\/producenci-zywnosci\/kupiec-sp-z-o-o\/&#8221;][vc_column_text css=&#8221;&#8221;]Sunme offers premium nuts, seeds, dried fruits, healthy muesli, and sesame bars. Our products are roasted, cut, or flavored and carefully packed.<br \/>\nWe combine tradition with innovation and guarantee top quality, clean labels, and certified food safety in every batch.<\/p>\n<p>[\/vc_column_text][\/vc_column][vc_column width=&#8221;1\/3&#8243;][vc_column_text css=&#8221;&#8221;]<\/p>\n<h2><strong>Uno Foods \/ Candy Planet<\/strong><\/h2>\n<p>[\/vc_column_text][vc_single_image image=&#8221;30774&#8243; img_size=&#8221;medium&#8221; alignment=&#8221;center&#8221; onclick=&#8221;custom_link&#8221; css=&#8221;&#8221; link=&#8221;https:\/\/www.polandtastesgood.pl\/en\/producenci-zywnosci\/activ-sp-z-o-o\/&#8221;][vc_column_text css=&#8221;&#8221;]Uno Foods is a Polish manufacturer of licensed sweets, the only partner of Disney (including Stitch and many other top licenses) and Marvel (Spiderman) in the biscuit category in the entire European Union and the Middle East.<\/p>\n<p>In the Middle East, we are already well-active in Kuwait and Qatar, in the UAE and Saudi Arabia. We cooperate with selected retail chains, currently we are working on expanding our presence in the GCC, Israel, North Africa and selected African countries, including South Africa, for which we have purchased Disney and Marvel licenses.<\/p>\n<p>In the Middle East markets, we have our own registered trademarks Candy Planet, Sour King, which effectively protects the intellectual property of Polish products.[\/vc_column_text][\/vc_column][\/vc_row]<\/p>\n<\/div>","protected":false},"excerpt":{"rendered":"<p>[vc_row][vc_column][\/vc_column][\/vc_row][vc_row][vc_column width=&#8221;1\/4&#8243;][vc_single_image image=&#8221;36&#8243; img_size=&#8221;medium&#8221; css=&#8221;&#8221;][\/vc_column][vc_column width=&#8221;3\/4&#8243;][vc_column_text css=&#8221;&#8221;] ISM MIDDLE EAST 2025 Dubai, United Arab Emirates 13-15 September 2025 [\/vc_column_text][\/vc_column][\/vc_row][vc_row][vc_column][vc_column_text css=&#8221;&#8221;] CATALOGUE OF POLISH EXHIBITORS &nbsp; HALL F1 STAND NO. 51&#8230;<\/p>\n","protected":false},"author":10,"featured_media":0,"parent":0,"menu_order":0,"comment_status":"closed","ping_status":"closed","template":"","meta":{"_acf_changed":false,"footnotes":""},"acf":[],"_links":{"self":[{"href":"https:\/\/www.polandtastesgood.pl\/en\/wp-json\/wp\/v2\/pages\/30686"}],"collection":[{"href":"https:\/\/www.polandtastesgood.pl\/en\/wp-json\/wp\/v2\/pages"}],"about":[{"href":"https:\/\/www.polandtastesgood.pl\/en\/wp-json\/wp\/v2\/types\/page"}],"author":[{"embeddable":true,"href":"https:\/\/www.polandtastesgood.pl\/en\/wp-json\/wp\/v2\/users\/10"}],"replies":[{"embeddable":true,"href":"https:\/\/www.polandtastesgood.pl\/en\/wp-json\/wp\/v2\/comments?post=30686"}],"version-history":[{"count":14,"href":"https:\/\/www.polandtastesgood.pl\/en\/wp-json\/wp\/v2\/pages\/30686\/revisions"}],"predecessor-version":[{"id":30782,"href":"https:\/\/www.polandtastesgood.pl\/en\/wp-json\/wp\/v2\/pages\/30686\/revisions\/30782"}],"wp:attachment":[{"href":"https:\/\/www.polandtastesgood.pl\/en\/wp-json\/wp\/v2\/media?parent=30686"}],"curies":[{"name":"wp","href":"https:\/\/api.w.org\/{rel}","templated":true}]}}