{"id":29438,"date":"2025-06-04T13:14:07","date_gmt":"2025-06-04T11:14:07","guid":{"rendered":"https:\/\/www.polandtastesgood.pl\/?page_id=29438"},"modified":"2025-06-27T15:37:12","modified_gmt":"2025-06-27T13:37:12","slug":"vietfoodbeverages-2025-catalogue-of-polish-exhibitors","status":"publish","type":"page","link":"https:\/\/www.polandtastesgood.pl\/en\/vietfoodbeverages-2025-catalogue-of-polish-exhibitors\/","title":{"rendered":"VIETFOOD&#038;BEVERAGES 2025 &#8211; CATALOGUE OF POLISH EXHIBITORS"},"content":{"rendered":"<div class=\"wpb-content-wrapper\"><p>[vc_row][vc_column width=&#8221;1\/4&#8243;][vc_single_image image=&#8221;36&#8243; img_size=&#8221;medium&#8221; css=&#8221;&#8221;][\/vc_column][vc_column width=&#8221;3\/4&#8243;][vc_column_text css=&#8221;&#8221;]<\/p>\n<h1 style=\"text-align: center;\"><strong>VIETFOOD&amp;BEVERAGES 2025<\/strong><\/h1>\n<h3 style=\"text-align: center;\"><span style=\"font-size: 18pt;\"><strong>Ho Chi Minh, Wietnam<\/strong><\/span><\/h3>\n<h4 style=\"text-align: center;\"><span style=\"font-size: 18pt;\">07-09 August 2025<\/span><\/h4>\n<p>[\/vc_column_text][\/vc_column][\/vc_row][vc_row][vc_column][vc_column_text css=&#8221;&#8221;]<\/p>\n<h1 style=\"text-align: center;\">CATALOGUE OF POLISH EXHIBITORS<\/h1>\n<p>&nbsp;<\/p>\n<p style=\"text-align: center;\"><span style=\"font-family: verdana, geneva, sans-serif; font-size: 24pt;\"><strong>\u00a0HALL A1<br \/>\nSTAND NO.\u00a0 C01 &amp; D01<\/strong><\/span><\/p>\n<p style=\"text-align: center;\"><span style=\"font-size: 18pt;\">\u00a0<\/span><\/p>\n<p>[\/vc_column_text][\/vc_column][\/vc_row][vc_row][vc_column width=&#8221;1\/4&#8243;][vc_single_image image=&#8221;2159&#8243; img_size=&#8221;medium&#8221; onclick=&#8221;custom_link&#8221; css=&#8221;&#8221; link=&#8221;https:\/\/www.polandtastesgood.pl\/en\/producenci-zywnosci\/exemlary-profile\/&#8221;][\/vc_column][vc_column width=&#8221;3\/4&#8243;][vc_column_text css=&#8221;&#8221;]<\/p>\n<div class=\"wpb_text_column wpb_content_element\">\n<div class=\"wpb_wrapper\">\n<p>The <strong>National Support Centre for Agriculture (KOWR)<\/strong> is a Polish governmental agency, supervised by the <strong>Minister of Agriculture and Rural Development<\/strong>.<\/p>\n<p>The KOWR is the main institution implementing promotion measures in the agri-food sector in Poland.<\/p>\n<p>A strong brand of Polish food products is built under a common slogan: \u201cPoland tastes good\u201d. Building a positive image and recognition of Polish food abroad under the \u201cPoland tastes good\u201d brand is one of the main tasks of the National Center for Agricultural Support.<\/p>\n<\/div>\n<\/div>\n<p>[\/vc_column_text][\/vc_column][\/vc_row][vc_row][vc_column width=&#8221;1\/3&#8243;][vc_column_text css=&#8221;&#8221;]<\/p>\n<h2><strong>LOTTE Wedel Sp zo.o.<\/strong><\/h2>\n<p>[\/vc_column_text][vc_single_image image=&#8221;27573&#8243; img_size=&#8221;medium&#8221; alignment=&#8221;center&#8221; onclick=&#8221;custom_link&#8221; css=&#8221;&#8221; link=&#8221;https:\/\/www.polandtastesgood.pl\/en\/producenci-zywnosci\/activ-sp-z-o-o\/&#8221;][vc_column_text css=&#8221;&#8221;]From the very beginning, E.Wedel has been dedicated to using the finest ingredients and innovative techniques to create exceptional products. This commitment to excellence has remained unchanged, even as the company has expanded and evolved over the years.<\/p>\n<p><a href=\"https:\/\/www.polandtastesgood.pl\/en\/producenci-zywnosci\/lotte-wedel-sp-z-o-o\/\"><span style=\"font-size: 12pt;\"><span style=\"font-family: georgia, palatino, serif; font-size: 12pt;\">read more<\/span><\/span><\/a>[\/vc_column_text][\/vc_column][vc_column width=&#8221;1\/3&#8243;][vc_column_text css=&#8221;&#8221;]<\/p>\n<h2><strong>ARAD<\/strong><\/h2>\n<p>[\/vc_column_text][vc_single_image image=&#8221;29577&#8243; img_size=&#8221;medium&#8221; alignment=&#8221;center&#8221; css=&#8221;&#8221;][vc_column_text css=&#8221;&#8221;]ARAD is a leading Polish meat cutting plant specializing in pork and poultry. With over 30 years of experience, we export high-quality meat products to Europe, Asia, and Africa. Reliable logistics, EU standards, and customer satisfaction are our priority.<\/p>\n<p>[\/vc_column_text][\/vc_column][vc_column width=&#8221;1\/3&#8243;][vc_column_text css=&#8221;&#8221;]<\/p>\n<h2><strong>DROBEX Sp z o.o.<\/strong><\/h2>\n<p>[\/vc_column_text][vc_single_image image=&#8221;23752&#8243; img_size=&#8221;medium&#8221; alignment=&#8221;center&#8221; onclick=&#8221;custom_link&#8221; img_link_target=&#8221;_blank&#8221; css=&#8221;&#8221; link=&#8221;https:\/\/www.polandtastesgood.pl\/en\/producenci-zywnosci\/kupiec-sp-z-o-o\/&#8221;][vc_column_text css=&#8221;&#8221;]The Drobex company with its seat in Solec Kujawski has been known in the food sector for more than 40 years as one of the leading producers of top quality poultry meat and products. The company is a part of the Drobex group composed of closely related entities ensuring continuous supervision over each production stage, from parent flocks breeding, production of hatching eggs, chick hatching, broiler farming, production of compound feed, to poultry slaughtering, meat packaging and production of cold meats.<\/p>\n<p><a href=\"https:\/\/www.polandtastesgood.pl\/en\/producenci-zywnosci\/pd-drobex\/\"><span style=\"font-size: 12pt;\"><span style=\"font-family: georgia, palatino, serif; font-size: 12pt;\">read more<\/span><\/span><\/a>[\/vc_column_text][\/vc_column][\/vc_row][vc_row][vc_column width=&#8221;1\/3&#8243;][vc_column_text css=&#8221;&#8221;]<\/p>\n<h2 class=\"entry-title\"><strong>CEDROB FOODS S.A.<\/strong><\/h2>\n<p>[\/vc_column_text][vc_single_image image=&#8221;20380&#8243; img_size=&#8221;medium&#8221; alignment=&#8221;center&#8221; onclick=&#8221;custom_link&#8221; css=&#8221;&#8221; link=&#8221;https:\/\/www.polandtastesgood.pl\/en\/producenci-zywnosci\/activ-sp-z-o-o\/&#8221;][vc_column_text css=&#8221;&#8221;]Cedrob Foods is leading company in the meat industry in Poland, specializing in processing. The company produces a variery of products including cold meats, convenience foods, wieners, frankfurters, meat snacks such as cabanossi, dry sausage and pates. The products are marketed under the producer\u2019s brands, such as Duda, and private labels for clients in Poland and abroad.<\/p>\n<p><a href=\"https:\/\/www.polandtastesgood.pl\/en\/producenci-zywnosci\/cedrob-foods-s-a\/\"><span style=\"font-size: 12pt; font-family: georgia, palatino, serif;\">read more<\/span><\/a>[\/vc_column_text][\/vc_column][vc_column width=&#8221;1\/3&#8243;][vc_column_text css=&#8221;&#8221;]<\/p>\n<h2><strong>VOBRO<\/strong><\/h2>\n<p>[\/vc_column_text][vc_single_image image=&#8221;17170&#8243; img_size=&#8221;medium&#8221; alignment=&#8221;center&#8221; css=&#8221;&#8221;][vc_column_text css=&#8221;&#8221;]VOBRO is a confectionery manufacturer with over 35 years of experience. The company specialises in producing pralines, candies, bars, and jellies, offering a variety of packaging options, including boxes of chocolates, gift sets, casual packaging, and loose products. Vobro\u2019s range features a rich assortment of praline shapes and serving styles. The company also collaborates with customers on private label projects, offering customised packaging tailored to specific customer groups and market requirements.<\/p>\n<p><span style=\"font-size: 12pt; font-family: georgia, palatino, serif;\"><a href=\"https:\/\/www.polandtastesgood.pl\/en\/producenci-zywnosci\/vobro\/\" target=\"_blank\" rel=\"noopener\">read more<\/a><\/span>[\/vc_column_text][\/vc_column][vc_column width=&#8221;1\/3&#8243;][vc_column_text css=&#8221;&#8221;]<\/p>\n<h2><span style=\"font-size: 24pt;\"><strong>LACTIMA Sp. z o.o.<\/strong><\/span><\/h2>\n<p>[\/vc_column_text][vc_single_image image=&#8221;6584&#8243; img_size=&#8221;medium&#8221; alignment=&#8221;center&#8221; onclick=&#8221;custom_link&#8221; img_link_target=&#8221;_blank&#8221; css=&#8221;&#8221; link=&#8221;https:\/\/www.polandtastesgood.pl\/en\/producenci-zywnosci\/kupiec-sp-z-o-o\/&#8221;][vc_column_text css=&#8221;&#8221;]LACTIMA is a processed cheese producer from Poland. Our factory is based in Morag, in a Warmian \u2013 Masurian province, known as a thousand lakes area. As the first Polish company ever to produce individually wrapped slices, since 1989 we managed to successfully develop our products range to meet our customer needs and cover all sales channels. Moreover slices, portions, spreads in cups, pouches and bars are available in many different tastes and formats. We also have cream cheese products, butter and margarine in small cups in our portfolio.<\/p>\n<h2><a href=\"https:\/\/www.polandtastesgood.pl\/en\/producenci-zywnosci\/lactima\/\"><span style=\"font-size: 12pt; font-family: georgia, palatino, serif;\">read more<\/span><\/a><\/h2>\n<p>[\/vc_column_text][\/vc_column][\/vc_row][vc_row][vc_column width=&#8221;1\/3&#8243;][vc_column_text css=&#8221;&#8221;]<\/p>\n<h2><strong>PREMIUM ROSA Sp. z o.o.<\/strong><\/h2>\n<p>[\/vc_column_text][vc_single_image image=&#8221;9645&#8243; img_size=&#8221;medium&#8221; alignment=&#8221;center&#8221; onclick=&#8221;custom_link&#8221; css=&#8221;&#8221; link=&#8221;https:\/\/www.polandtastesgood.pl\/en\/producenci-zywnosci\/activ-sp-z-o-o\/&#8221;][vc_column_text css=&#8221;&#8221;]We are a Polish company present on the market for more than 15 years. We specialize in the production of healthy NFC juices, syrups, functional beverages, lemonades, and natural herbal teas. All our products are manufactured according to proven methods that are far from the modern concept of industrial, large-scale food production. Reliable solutions are at the heart of our activities as a manufacturer of premium products: from high-quality raw materials through recipes and traditional production technology.<\/p>\n<p><a href=\"https:\/\/www.polandtastesgood.pl\/en\/producenci-zywnosci\/premium-rosa\/\"><span style=\"font-size: 12pt;\"><span style=\"font-family: georgia, palatino, serif; font-size: 12pt;\">read more<\/span><\/span><\/a>[\/vc_column_text][\/vc_column][vc_column width=&#8221;1\/3&#8243;][vc_column_text css=&#8221;&#8221;]<\/p>\n<h2><strong>BROMEX<\/strong><\/h2>\n<p>[\/vc_column_text][vc_single_image image=&#8221;22624&#8243; img_size=&#8221;medium&#8221; alignment=&#8221;center&#8221; css=&#8221;&#8221;][vc_column_text css=&#8221;&#8221;]We are the Polish producer with 23 years of market experience. We supply the customers around the world in high quality seeds, spices, herbs and groats.<br \/>\nThe company is present in all continents around the world, selling our products to 40 countries.<\/p>\n<p>&nbsp;<\/p>\n<p><a href=\"https:\/\/www.polandtastesgood.pl\/en\/producenci-zywnosci\/bromex\/\">read more<\/a>[\/vc_column_text][\/vc_column][vc_column width=&#8221;1\/3&#8243;][vc_column_text css=&#8221;&#8221;]<\/p>\n<h2><strong>KASKAT<\/strong><\/h2>\n<p>[\/vc_column_text][vc_single_image image=&#8221;25156&#8243; img_size=&#8221;medium&#8221; alignment=&#8221;center&#8221; onclick=&#8221;custom_link&#8221; img_link_target=&#8221;_blank&#8221; css=&#8221;&#8221; link=&#8221;https:\/\/www.polandtastesgood.pl\/en\/producenci-zywnosci\/kupiec-sp-z-o-o\/&#8221;][vc_column_text css=&#8221;&#8221;]<strong>Kaskat Dairy<\/strong> \u2013 Trusted Food &amp; Dairy Partner.<\/p>\n<p>Since 1997 we deliver smart dairy &amp; food solutions for global markets. We export to over 80 countries. We offer milk powders, instant meals, prebiotic products &amp; private label options. Certified quality, flexibility &amp; innovation are our strength. Kaskat Dairy \u2013 Adding Value. Delivering Trust.<\/p>\n<p>[\/vc_column_text][\/vc_column][\/vc_row][vc_row][vc_column width=&#8221;1\/3&#8243;][vc_column_text css=&#8221;&#8221;]<\/p>\n<h2><strong>TARCZY\u0143SKI S.A.<\/strong><\/h2>\n<p>[\/vc_column_text][vc_single_image image=&#8221;29454&#8243; img_size=&#8221;medium&#8221; alignment=&#8221;center&#8221; onclick=&#8221;custom_link&#8221; css=&#8221;&#8221; link=&#8221;https:\/\/www.polandtastesgood.pl\/en\/producenci-zywnosci\/activ-sp-z-o-o\/&#8221;][vc_column_text css=&#8221;&#8221;]Tarczynski S.A. is an innovative producer of high quality kabanos sausages, frankfurters, cold cuts and protein snacks. For years we\u2019ve been inspiring people to eat healthy in order to change their lives following our motto \u2013 EAT BETTER, LIVE BETTER.<\/p>\n<p><a href=\"https:\/\/www.polandtastesgood.pl\/en\/producenci-zywnosci\/tarczynski\/\">read more<\/a>[\/vc_column_text][\/vc_column][vc_column width=&#8221;1\/3&#8243;][vc_column_text css=&#8221;&#8221;]<\/p>\n<h2><strong>FREEZCO<\/strong><\/h2>\n<p>[\/vc_column_text][vc_single_image image=&#8221;14188&#8243; img_size=&#8221;medium&#8221; alignment=&#8221;center&#8221; css=&#8221;&#8221;][vc_column_text css=&#8221;&#8221;]Freezco is an international operating company with extensive experience in the fish processing industry, that sells its products to almost 30 countries worldwide. Freezco is a team of people with many years of experience and extensive knowledge in the fish and seafood processing industry. We \u00a0are passionate about creating high-quality products for the most demanding customers.<\/p>\n<p><a href=\"https:\/\/www.polandtastesgood.pl\/en\/producenci-zywnosci\/freezco-sp-z-o-o\/\">read more<\/a>[\/vc_column_text][\/vc_column][vc_column width=&#8221;1\/3&#8243;][vc_column_text css=&#8221;&#8221;]<\/p>\n<h2><strong>BARTEX<\/strong><\/h2>\n<p>[\/vc_column_text][vc_single_image image=&#8221;6893&#8243; img_size=&#8221;medium&#8221; alignment=&#8221;center&#8221; onclick=&#8221;custom_link&#8221; img_link_target=&#8221;_blank&#8221; css=&#8221;&#8221; link=&#8221;https:\/\/www.polandtastesgood.pl\/en\/producenci-zywnosci\/kupiec-sp-z-o-o\/&#8221;][vc_column_text css=&#8221;&#8221;]BARTEX Sp. z o.o. was established in 1995 and specializes in the production of high-quality milk powders. It was the first company in Poland to produce milk powder blends and has earned a great number of followers.<\/p>\n<p><a href=\"https:\/\/www.polandtastesgood.pl\/en\/producenci-zywnosci\/bartex\/\">read more<\/a><\/p>\n<p>[\/vc_column_text][\/vc_column][\/vc_row][vc_row][vc_column width=&#8221;1\/3&#8243;][vc_column_text css=&#8221;&#8221;]<\/p>\n<h2><strong>ARGO<\/strong><\/h2>\n<p>[\/vc_column_text][vc_single_image image=&#8221;29505&#8243; img_size=&#8221;medium&#8221; alignment=&#8221;center&#8221; onclick=&#8221;custom_link&#8221; css=&#8221;&#8221; link=&#8221;https:\/\/www.polandtastesgood.pl\/en\/producenci-zywnosci\/activ-sp-z-o-o\/&#8221;][vc_column_text css=&#8221;&#8221;]Argo is a renowned Polish confectionery company with long-lasting traditions. 100% privately owned business with over 30 years of experience. Quality and safety of the products are top priorities. In Poland we are the only manufacturer of lollipops filled with chewing gum, bottle shaped candies with fizzy filling, skull shaped candies and lollipops.[\/vc_column_text][\/vc_column][vc_column width=&#8221;1\/3&#8243;][vc_column_text css=&#8221;&#8221;]<\/p>\n<h2><strong>SUSZARNIA WARZYW JAWORSKI<\/strong><\/h2>\n<p>[\/vc_column_text][vc_single_image image=&#8221;29520&#8243; img_size=&#8221;medium&#8221; alignment=&#8221;center&#8221; css=&#8221;&#8221;][vc_column_text css=&#8221;&#8221;]Jaworski Vegetable Drying Plant is a family-owned company with a 41-year tradition, and one of the largest producers of dried vegetables in Europe. Currently, the company produces around 8,000 tons of dried vegetables and herbs annually. The products are used across various sectors of the food industry, including the production of spices, ready-made meals, food additives, pet food, as well as in the meat, fish, and bakery industries.[\/vc_column_text][\/vc_column][vc_column width=&#8221;1\/3&#8243;][vc_column_text css=&#8221;&#8221;]<\/p>\n<h2><strong>STOKSON<\/strong><\/h2>\n<p>[\/vc_column_text][vc_single_image image=&#8221;29569&#8243; img_size=&#8221;medium&#8221; alignment=&#8221;center&#8221; onclick=&#8221;custom_link&#8221; img_link_target=&#8221;_blank&#8221; css=&#8221;&#8221; link=&#8221;https:\/\/www.polandtastesgood.pl\/en\/producenci-zywnosci\/kupiec-sp-z-o-o\/&#8221;][vc_column_text css=&#8221;&#8221;]Stokson has been committed to quality for 35 years, combining tradition with modernity in the production of sweet baked goods. Quality is our priority at every stage of production. We ensure full consistency and unparalleled quality in our products, without compromise.<\/p>\n<p>[\/vc_column_text][\/vc_column][\/vc_row][vc_row][vc_column width=&#8221;1\/3&#8243;][vc_column_text css=&#8221;&#8221;]<\/p>\n<h2><strong>SP POK\u00d3J<\/strong><\/h2>\n<p>[\/vc_column_text][vc_single_image image=&#8221;26272&#8243; img_size=&#8221;medium&#8221; alignment=&#8221;center&#8221; onclick=&#8221;custom_link&#8221; css=&#8221;&#8221; link=&#8221;https:\/\/www.polandtastesgood.pl\/en\/producenci-zywnosci\/activ-sp-z-o-o\/&#8221;][vc_column_text css=&#8221;&#8221;]Since 1949, Sp\u00f3\u0142dzielnia Pok\u00f3j has been offering high-quality milk caramel products to customers all over the world. We are a market leader in many international markets. In Poland, our products are available through both traditional and modern distribution channels.<\/p>\n<p><a href=\"https:\/\/www.polandtastesgood.pl\/en\/producenci-zywnosci\/spoldzielnia-pokoj\/\">read more<\/a>[\/vc_column_text][\/vc_column][\/vc_row]<\/p>\n<\/div>","protected":false},"excerpt":{"rendered":"<p>[vc_row][vc_column width=&#8221;1\/4&#8243;][vc_single_image image=&#8221;36&#8243; img_size=&#8221;medium&#8221; css=&#8221;&#8221;][\/vc_column][vc_column width=&#8221;3\/4&#8243;][vc_column_text css=&#8221;&#8221;] VIETFOOD&amp;BEVERAGES 2025 Ho Chi Minh, Wietnam 07-09 August 2025 [\/vc_column_text][\/vc_column][\/vc_row][vc_row][vc_column][vc_column_text css=&#8221;&#8221;] CATALOGUE OF POLISH EXHIBITORS &nbsp; \u00a0HALL A1 STAND NO.\u00a0 C01 &amp; D01&#8230;<\/p>\n","protected":false},"author":16,"featured_media":0,"parent":0,"menu_order":0,"comment_status":"closed","ping_status":"closed","template":"","meta":{"_acf_changed":false,"footnotes":""},"acf":[],"_links":{"self":[{"href":"https:\/\/www.polandtastesgood.pl\/en\/wp-json\/wp\/v2\/pages\/29438"}],"collection":[{"href":"https:\/\/www.polandtastesgood.pl\/en\/wp-json\/wp\/v2\/pages"}],"about":[{"href":"https:\/\/www.polandtastesgood.pl\/en\/wp-json\/wp\/v2\/types\/page"}],"author":[{"embeddable":true,"href":"https:\/\/www.polandtastesgood.pl\/en\/wp-json\/wp\/v2\/users\/16"}],"replies":[{"embeddable":true,"href":"https:\/\/www.polandtastesgood.pl\/en\/wp-json\/wp\/v2\/comments?post=29438"}],"version-history":[{"count":23,"href":"https:\/\/www.polandtastesgood.pl\/en\/wp-json\/wp\/v2\/pages\/29438\/revisions"}],"predecessor-version":[{"id":30188,"href":"https:\/\/www.polandtastesgood.pl\/en\/wp-json\/wp\/v2\/pages\/29438\/revisions\/30188"}],"wp:attachment":[{"href":"https:\/\/www.polandtastesgood.pl\/en\/wp-json\/wp\/v2\/media?parent=29438"}],"curies":[{"name":"wp","href":"https:\/\/api.w.org\/{rel}","templated":true}]}}