{"id":27106,"date":"2025-03-14T10:49:40","date_gmt":"2025-03-14T09:49:40","guid":{"rendered":"https:\/\/www.polandtastesgood.pl\/?page_id=27106"},"modified":"2025-04-04T14:35:45","modified_gmt":"2025-04-04T12:35:45","slug":"sial-china-2025-catalogue-of-exhibitors","status":"publish","type":"page","link":"https:\/\/www.polandtastesgood.pl\/en\/sial-china-2025-catalogue-of-exhibitors\/","title":{"rendered":"SIAL CHINA 2025 &#8211; CATALOGUE OF EXHIBITORS"},"content":{"rendered":"<div class=\"wpb-content-wrapper\"><p>[vc_row][vc_column width=&#8221;1\/4&#8243;][vc_single_image image=&#8221;36&#8243; img_size=&#8221;medium&#8221; css=&#8221;&#8221;][\/vc_column][vc_column width=&#8221;3\/4&#8243;][vc_column_text css=&#8221;&#8221;]<\/p>\n<h1><strong><span style=\"font-size: 24pt;\">SIAL China &#8211; Shanghai 2025<\/span><\/strong><\/h1>\n<h2><span style=\"font-size: 24pt;\">19-21 May 2025<\/span><\/h2>\n<p>[\/vc_column_text][\/vc_column][\/vc_row][vc_row][vc_column width=&#8221;1\/4&#8243;][vc_single_image image=&#8221;2159&#8243; img_size=&#8221;medium&#8221; onclick=&#8221;custom_link&#8221; css=&#8221;&#8221; link=&#8221;https:\/\/www.polandtastesgood.pl\/en\/producenci-zywnosci\/exemlary-profile\/&#8221;][\/vc_column][vc_column width=&#8221;3\/4&#8243;][vc_column_text css=&#8221;&#8221;]<\/p>\n<div class=\"wpb_text_column wpb_content_element\">\n<div class=\"wpb_wrapper\">\n<p>The <strong>National Support Centre for Agriculture (KOWR)<\/strong> is a Polish governmental agency, supervised by the <strong>Minister of Agriculture and Rural Development<\/strong>.<\/p>\n<p>The KOWR is the main institution implementing promotion measures in the agri-food sector in Poland.<\/p>\n<p>A strong brand of Polish food products is built under a common slogan: \u201cPoland tastes good\u201d. Building a positive image and recognition of Polish food abroad under the \u201cPOLAND TASTES GOOD\u201d brand is one of the main tasks of the National Center for Agricultural Support.<\/p><\/div>\n<\/div>\n<p>[\/vc_column_text][\/vc_column][\/vc_row][vc_row][vc_column][vc_column_text css=&#8221;&#8221;][\/vc_column_text][vc_column_text css=&#8221;&#8221;][\/vc_column_text][\/vc_column][\/vc_row][vc_row][vc_column][vc_column_text css=&#8221;&#8221;]<\/p>\n<h1><\/h1>\n<h1 style=\"text-align: center;\"><strong><span style=\"font-size: 36pt;\">CATALOGUE OF EXHIBITORS<\/span><\/strong><\/h1>\n<p>[\/vc_column_text][\/vc_column][\/vc_row][vc_row][vc_column][vc_column_text css=&#8221;&#8221;]<\/p>\n<h1><\/h1>\n<h1 style=\"text-align: center;\"><span style=\"font-size: 24pt;\">Stand W4E080 &amp; W4D090<\/span><\/h1>\n<p>&nbsp;[\/vc_column_text][vc_column_text css=&#8221;&#8221;][\/vc_column_text][\/vc_column][\/vc_row][vc_row][vc_column width=&#8221;1\/3&#8243;][vc_column_text css=&#8221;&#8221;]<\/p>\n<h1 class=\"entry-title\">Maspex B2B<\/h1>\n<p>[\/vc_column_text][vc_single_image image=&#8221;27052&#8243; img_size=&#8221;medium&#8221; alignment=&#8221;center&#8221; css=&#8221;&#8221;][vc_column_text css=&#8221;&#8221;]The B2B sales department is responsible for cooperation with institutional customers from Poland as well as foreign companies. Our customers include international food corporations, leading yoghurt producers and companies from the confectionery and convenience sector.<\/p>\n<h2><a href=\"https:\/\/www.polandtastesgood.pl\/en\/producenci-zywnosci\/maspex-b2b\/\">read more<\/a><\/h2>\n<p>[\/vc_column_text][\/vc_column][vc_column width=&#8221;1\/3&#8243;][vc_column_text css=&#8221;&#8221;]<\/p>\n<h1 class=\"entry-title\">MIESZKO S. A.<\/h1>\n<p>[\/vc_column_text][vc_single_image image=&#8221;16236&#8243; img_size=&#8221;medium&#8221; alignment=&#8221;center&#8221; css=&#8221;&#8221;][vc_column_text css=&#8221;&#8221;]Mieszko is a Polish brand from Rachorz with more than 100 years of tradition. Mieszko specialises in the production of confectionery products, in particular chocolate pralines. Mieszko is a recognised expert in the production of pralines and chocolates for any occasion. It offers innovative products based on top-quality natural ingredients. The most popular Mieszko brands include Cherrissimo, Amoretta, Magnifique, Chocoladorro and the popular Michaszki.<\/p>\n<h2><a href=\"https:\/\/www.polandtastesgood.pl\/en\/producenci-zywnosci\/mieszko-s-a\/\">read more<\/a><\/h2>\n<p>[\/vc_column_text][\/vc_column][vc_column width=&#8221;1\/3&#8243;][vc_column_text css=&#8221;&#8221;]<\/p>\n<h1 class=\"entry-title\">POL-MAK S.A.<\/h1>\n<p>[\/vc_column_text][vc_single_image image=&#8221;8674&#8243; img_size=&#8221;medium&#8221; alignment=&#8221;center&#8221; css=&#8221;&#8221;][vc_column_text css=&#8221;&#8221;]Our mission is to provide consumers with high-quality products that taste as close to homemade as possible. Our offer includes traditional pasta, made from knife-rolled and cut dough, and modern shapes that give dishes a unique character.<\/p>\n<h2><a href=\"https:\/\/www.polandtastesgood.pl\/en\/producenci-zywnosci\/pol-mak-s-a\/\">read more<\/a><\/h2>\n<p>[\/vc_column_text][\/vc_column][\/vc_row][vc_row][vc_column width=&#8221;1\/3&#8243;][vc_column_text css=&#8221;&#8221;]<\/p>\n<h1 class=\"entry-title\">Gda\u0144skie M\u0142yny<\/h1>\n<p>[\/vc_column_text][vc_single_image image=&#8221;12569&#8243; img_size=&#8221;medium&#8221; alignment=&#8221;center&#8221; css=&#8221;&#8221;][vc_column_text css=&#8221;&#8221;]We offer a full list of wheat, rye and spelt flours used in the baking industry, as well as interesting proposals for complex products such as 100% spelt mix or pizza flour. We have access to one of the best quality raw material market facilities in Poland, which is Zulawy.\u00a0 Thanks to\u00a0 convenient location, we have the ability to easily import specialized raw material for production and export our products. The company has modern machinery and equipment necessary for the production of safe products.<\/p>\n<h2><a href=\"https:\/\/www.polandtastesgood.pl\/en\/producenci-zywnosci\/gdanskie-mlyny\/\">read more<\/a><\/h2>\n<p>[\/vc_column_text][\/vc_column][vc_column width=&#8221;1\/3&#8243;][vc_column_text css=&#8221;&#8221;]<\/p>\n<h1 class=\"entry-title\">Sante Sp. z o.o.<\/h1>\n<p>[\/vc_column_text][vc_single_image image=&#8221;26868&#8243; img_size=&#8221;medium&#8221; alignment=&#8221;center&#8221; css=&#8221;&#8221;][vc_column_text css=&#8221;&#8221;]Sante\u2019s broad and diverse range features approximately 200 products, including breakfast cereals, cookies and cereal bars, groats, seeds, protein bars, peanut butters, plant-based beverages, \u00a0spreads, and p\u00e2t\u00e9s, as well as professional sports nutrition products.<\/p>\n<h2><a href=\"https:\/\/www.polandtastesgood.pl\/en\/producenci-zywnosci\/sante-sp-z-o-o\/\">read more<\/a><\/h2>\n<p>[\/vc_column_text][\/vc_column][vc_column width=&#8221;1\/3&#8243;][vc_column_text css=&#8221;&#8221;]<\/p>\n<h1 class=\"entry-title\">SM Mlekovita<\/h1>\n<p>[\/vc_column_text][vc_single_image image=&#8221;14321&#8243; img_size=&#8221;medium&#8221; alignment=&#8221;center&#8221; css=&#8221;&#8221;][vc_column_text css=&#8221;&#8221;]MLEKOVITA, as a leader in dairy production in Poland, focuses on research and development as well as innovations. Every year, we allocate several dozen million zlotys to new investments, related mainly to production, technical and technological solutions as well as environment friendly activities. The establishment of the Research and Development Centre helps the company maintain its leading position in the domestic market as well as develop and strengthen its position in the international markets.<\/p>\n<h2><a href=\"https:\/\/www.polandtastesgood.pl\/en\/producenci-zywnosci\/sm-mlekovita\/\">read more<\/a><\/h2>\n<p>[\/vc_column_text][\/vc_column][\/vc_row][vc_row][vc_column width=&#8221;1\/3&#8243;][vc_column_text css=&#8221;&#8221;]<\/p>\n<h1 class=\"entry-title\">VOBRO<\/h1>\n<p>[\/vc_column_text][vc_single_image image=&#8221;17170&#8243; img_size=&#8221;medium&#8221; alignment=&#8221;center&#8221; css=&#8221;&#8221;][vc_column_text css=&#8221;&#8221;]VOBRO is a confectionery manufacturer with over 35 years of experience. The company specialises in producing pralines, candies, bars, and jellies, offering a variety of packaging options, including boxes of chocolates, gift sets, casual packaging, and loose products. Vobro\u2019s range features a rich assortment of praline shapes and serving styles.<\/p>\n<h2><a href=\"https:\/\/www.polandtastesgood.pl\/en\/producenci-zywnosci\/vobro\/\">read more<\/a><\/h2>\n<p>[\/vc_column_text][\/vc_column][vc_column width=&#8221;1\/3&#8243;][vc_column_text css=&#8221;&#8221;]<\/p>\n<h1 class=\"entry-title\">Bartex<\/h1>\n<p>[\/vc_column_text][vc_single_image image=&#8221;6893&#8243; img_size=&#8221;medium&#8221; alignment=&#8221;center&#8221; css=&#8221;&#8221;][vc_column_text css=&#8221;&#8221;]The company is an undisputed pioneer in the food industry. We offer a full range of milk powder products: FCMP, SMP, SWP, DWP, WPC, MPC, Lactose, Permeate, as well as milk powder blends: Full Cream Milk Powder with various parameters, Fat Filled Milk Powders, Skimmed Milk Powder blends, etc.<\/p>\n<h2><a href=\"https:\/\/www.polandtastesgood.pl\/en\/producenci-zywnosci\/bartex\/\">read more<\/a><\/h2>\n<p>[\/vc_column_text][\/vc_column][vc_column width=&#8221;1\/3&#8243;][vc_column_text css=&#8221;&#8221;]<\/p>\n<h1 class=\"entry-title\">LACTEX<\/h1>\n<p>[\/vc_column_text][vc_single_image image=&#8221;27266&#8243; img_size=&#8221;medium&#8221; alignment=&#8221;center&#8221; css=&#8221;&#8221;][vc_column_text css=&#8221;&#8221;]Lactex is one of the leading exporters of dairy products, specialising in skimmed and whole milk powder, whey and whey permeate powder, as well as lactose. We source our products from dairies and processing plants across Poland and the EU, including leaders of the Polish dairy market.<\/p>\n<h2><a href=\"https:\/\/www.polandtastesgood.pl\/en\/producenci-zywnosci\/lactex-sp-z-o-o\/\">read more<\/a><\/h2>\n<p>[\/vc_column_text][\/vc_column][\/vc_row][vc_row][vc_column width=&#8221;1\/3&#8243;][vc_column_text css=&#8221;&#8221;]<\/p>\n<h1 class=\"entry-title\">EVRA FISH<\/h1>\n<p>[\/vc_column_text][vc_single_image image=&#8221;27934&#8243; img_size=&#8221;medium&#8221; alignment=&#8221;center&#8221; css=&#8221;&#8221;][\/vc_column][vc_column width=&#8221;1\/3&#8243;][vc_column_text css=&#8221;&#8221;]<\/p>\n<h1 class=\"entry-title\">SP\u00d3\u0141DZIELNIA POK\u00d3J<\/h1>\n<p>[\/vc_column_text][vc_single_image image=&#8221;26272&#8243; img_size=&#8221;medium&#8221; alignment=&#8221;center&#8221; css=&#8221;&#8221;][\/vc_column][vc_column width=&#8221;1\/3&#8243;][vc_column_text css=&#8221;&#8221;]<\/p>\n<h1 class=\"entry-title\">NaturFresh Produce<\/h1>\n<p>[\/vc_column_text][vc_single_image image=&#8221;26307&#8243; img_size=&#8221;medium&#8221; alignment=&#8221;center&#8221; css=&#8221;&#8221;][\/vc_column][\/vc_row]<\/p>\n<\/div>","protected":false},"excerpt":{"rendered":"<p>[vc_row][vc_column width=&#8221;1\/4&#8243;][vc_single_image image=&#8221;36&#8243; img_size=&#8221;medium&#8221; css=&#8221;&#8221;][\/vc_column][vc_column width=&#8221;3\/4&#8243;][vc_column_text css=&#8221;&#8221;] SIAL China &#8211; Shanghai 2025 19-21 May 2025 [\/vc_column_text][\/vc_column][\/vc_row][vc_row][vc_column width=&#8221;1\/4&#8243;][vc_single_image image=&#8221;2159&#8243; img_size=&#8221;medium&#8221; onclick=&#8221;custom_link&#8221; css=&#8221;&#8221; link=&#8221;https:\/\/www.polandtastesgood.pl\/en\/producenci-zywnosci\/exemlary-profile\/&#8221;][\/vc_column][vc_column width=&#8221;3\/4&#8243;][vc_column_text css=&#8221;&#8221;] The National Support Centre for Agriculture&#8230;<\/p>\n","protected":false},"author":16,"featured_media":0,"parent":0,"menu_order":0,"comment_status":"closed","ping_status":"closed","template":"","meta":{"_acf_changed":false,"footnotes":""},"acf":[],"_links":{"self":[{"href":"https:\/\/www.polandtastesgood.pl\/en\/wp-json\/wp\/v2\/pages\/27106"}],"collection":[{"href":"https:\/\/www.polandtastesgood.pl\/en\/wp-json\/wp\/v2\/pages"}],"about":[{"href":"https:\/\/www.polandtastesgood.pl\/en\/wp-json\/wp\/v2\/types\/page"}],"author":[{"embeddable":true,"href":"https:\/\/www.polandtastesgood.pl\/en\/wp-json\/wp\/v2\/users\/16"}],"replies":[{"embeddable":true,"href":"https:\/\/www.polandtastesgood.pl\/en\/wp-json\/wp\/v2\/comments?post=27106"}],"version-history":[{"count":15,"href":"https:\/\/www.polandtastesgood.pl\/en\/wp-json\/wp\/v2\/pages\/27106\/revisions"}],"predecessor-version":[{"id":33482,"href":"https:\/\/www.polandtastesgood.pl\/en\/wp-json\/wp\/v2\/pages\/27106\/revisions\/33482"}],"wp:attachment":[{"href":"https:\/\/www.polandtastesgood.pl\/en\/wp-json\/wp\/v2\/media?parent=27106"}],"curies":[{"name":"wp","href":"https:\/\/api.w.org\/{rel}","templated":true}]}}