{"id":22335,"date":"2025-01-14T09:57:35","date_gmt":"2025-01-14T08:57:35","guid":{"rendered":"https:\/\/www.polandtastesgood.pl\/?page_id=22335"},"modified":"2025-01-15T09:30:00","modified_gmt":"2025-01-15T08:30:00","slug":"ism-cologne-2025-catalogue-of-exhibitors","status":"publish","type":"page","link":"https:\/\/www.polandtastesgood.pl\/en\/ism-cologne-2025-catalogue-of-exhibitors\/","title":{"rendered":"ISM Cologne 2025 &#8211; CATALOGUE OF EXHIBITORS"},"content":{"rendered":"<div class=\"wpb-content-wrapper\"><p>[vc_row][vc_column width=&#8221;1\/4&#8243;][vc_single_image image=&#8221;36&#8243; img_size=&#8221;medium&#8221; css=&#8221;&#8221;][\/vc_column][vc_column width=&#8221;3\/4&#8243;][vc_column_text css=&#8221;&#8221;]<\/p>\n<h1>ISM Cologne 2025<\/h1>\n<h4>02-05 February 2025<\/h4>\n<p>[\/vc_column_text][\/vc_column][\/vc_row][vc_row][vc_column width=&#8221;1\/4&#8243;][vc_single_image image=&#8221;2159&#8243; img_size=&#8221;medium&#8221; onclick=&#8221;custom_link&#8221; css=&#8221;&#8221; link=&#8221;https:\/\/www.polandtastesgood.pl\/en\/producenci-zywnosci\/exemlary-profile\/&#8221;][\/vc_column][vc_column width=&#8221;3\/4&#8243;][vc_column_text css=&#8221;&#8221;]<\/p>\n<div class=\"wpb_text_column wpb_content_element\">\n<div class=\"wpb_wrapper\">\n<p>The <strong>National Support Centre for Agriculture (KOWR)<\/strong> is a Polish governmental agency, supervised by the <strong>Minister of Agriculture and Rural Development<\/strong>.<\/p>\n<p>The KOWR is the main institution implementing promotion measures in the agri-food sector in Poland.<\/p>\n<p>A strong brand of Polish food products is built under a common slogan: \u201cPolska tastes good\u201d. Building a positive image and recognition of Polish food abroad under the \u201cPOLAND TASTES GOOD\u201d brand is one of the main tasks of the National Center for Agricultural Support.<\/p>\n<\/div>\n<\/div>\n<p>[\/vc_column_text][\/vc_column][\/vc_row][vc_row][vc_column][vc_column_text css=&#8221;&#8221;]\u00a0[\/vc_column_text][\/vc_column][\/vc_row][vc_row][vc_column][vc_column_text css=&#8221;&#8221;]<\/p>\n<h1><\/h1>\n<h1 style=\"text-align: center;\"><strong><span style=\"font-size: 36pt;\">CATALOGUE OF EXHIBITORS<\/span><\/strong><\/h1>\n<p>[\/vc_column_text][\/vc_column][\/vc_row][vc_row][vc_column][vc_column_text css=&#8221;&#8221;]\u00a0[\/vc_column_text][\/vc_column][\/vc_row][vc_row][vc_column width=&#8221;1\/3&#8243;][vc_column_text css=&#8221;&#8221;]<\/p>\n<h2>Kupiec sp. z o.o.<\/h2>\n<p>[\/vc_column_text][vc_single_image image=&#8221;12740&#8243; img_size=&#8221;medium&#8221; alignment=&#8221;center&#8221; css=&#8221;&#8221;][vc_column_text css=&#8221;&#8221;]We are a Polish, family-owned company, known in the market for more than 30 years.<\/p>\n<p>Our factory produces more than 200 different products in brand and private labels. We create innovative and natural products. We focus on both modern production methods and the quality of raw materials. We are one of the largest producers of healthy food in Poland.<\/p>\n<h2><a href=\"https:\/\/www.polandtastesgood.pl\/en\/producenci-zywnosci\/kupiec-sp-z-o-o\/\">read more<\/a><\/h2>\n<p>[\/vc_column_text][\/vc_column][vc_column width=&#8221;1\/3&#8243;][vc_column_text css=&#8221;&#8221;]<\/p>\n<h2>Zak\u0142ady Przemys\u0142u Cukierniczego &#8220;SKAWA&#8221; S.A.<\/h2>\n<p>[\/vc_column_text][vc_single_image image=&#8221;8856&#8243; img_size=&#8221;medium&#8221; alignment=&#8221;center&#8221; css=&#8221;&#8221;][vc_column_text css=&#8221;&#8221;]SKAWA SA\u00a0<span class=\"HwtZe\" lang=\"en\"><span class=\"jCAhz ChMk0b\"><span class=\"ryNqvb\">Confectionery Industry Plant<\/span><\/span><\/span> offers high-quality products made from natural, non-genetically modified raw materials. The company produces coated and uncoated wafers, chocolate-filled gingerbread, biscuits and dragees \u2013 all in many flavours and different forms of serving.<\/p>\n<h2><a href=\"https:\/\/www.polandtastesgood.pl\/en\/producenci-zywnosci\/zpc-skawa-sa\/\">read more<\/a><\/h2>\n<p>[\/vc_column_text][\/vc_column][vc_column width=&#8221;1\/3&#8243;][vc_column_text css=&#8221;&#8221;]<\/p>\n<h2>Fabryka Cukierk\u00f3w &#8220;Pszcz\u00f3\u0142ka&#8221; sp. z o.o.<\/h2>\n<p>[\/vc_column_text][vc_single_image image=&#8221;18109&#8243; img_size=&#8221;medium&#8221; alignment=&#8221;center&#8221; css=&#8221;&#8221;][vc_column_text css=&#8221;&#8221;]\u2018PSZCZ\u00d3\u0141KA\u2019 Candy Factory is currently one of the largest confectionery manufacturers in Poland. We produce chocolate-covered candies, pralines, jellies, hard and filled caramels, as well as toffees, under our two brands: \u2018Pszcz\u00f3\u0142ka\u2019 and \u2018Dolce Amo\u2019. We also create private labels for our customers worldwide.<\/p>\n<h2><a href=\"https:\/\/www.polandtastesgood.pl\/en\/producenci-zywnosci\/fabryka-cukierkow-pszczolka-sp-z-o-o\/\">read more<\/a><\/h2>\n<p>[\/vc_column_text][\/vc_column][\/vc_row][vc_row][vc_column width=&#8221;1\/3&#8243;][vc_column_text css=&#8221;&#8221;]<\/p>\n<h2>GRAN-PIK Liwocz sp. z o.o.<\/h2>\n<p>[\/vc_column_text][vc_single_image image=&#8221;7344&#8243; img_size=&#8221;medium&#8221; alignment=&#8221;center&#8221; css=&#8221;&#8221;][vc_column_text css=&#8221;&#8221;]GRAN-PIK Liwocz is a company composed of two different product brands:<br \/>\n\u2013 GRAN-PIK comes from traditional confectionery producing cookies and snacks since 1980,<br \/>\n\u2013 Liwocz factory has 67 years of experience in handmade lollipops and candies production.<\/p>\n<h2><a href=\"https:\/\/www.polandtastesgood.pl\/en\/producenci-zywnosci\/gran-pik-liwocz-spolka-z-ograniczona-odpowiedzialnoscia-sp-k\/\">read more<\/a><\/h2>\n<p>[\/vc_column_text][\/vc_column][vc_column width=&#8221;1\/3&#8243;][vc_column_text css=&#8221;&#8221;]<\/p>\n<h2>MLB Biotrade Sp. z o.o.<\/h2>\n<p>[\/vc_column_text][vc_single_image image=&#8221;18919&#8243; img_size=&#8221;medium&#8221; alignment=&#8221;center&#8221; css=&#8221;&#8221;][vc_column_text css=&#8221;&#8221;]MLB Biotrade provides expert knowledge on lyophilisation for the food industry. We offer organic lyophilised fruits and vegetables, cut and in powder. They are 100% natural and contain no additives. Our research and development department supports the clients in creating the innovating lyophilised concepts, such as smoothie powders or puree snacks.<\/p>\n<h2><a href=\"https:\/\/www.polandtastesgood.pl\/en\/producenci-zywnosci\/mlb-bio-trade-sp-z-o-o\/\">read more<\/a><\/h2>\n<p>[\/vc_column_text][\/vc_column][vc_column width=&#8221;1\/3&#8243;][vc_column_text css=&#8221;&#8221;]<\/p>\n<h2>Frank&amp;Oli sp. z o.o.<\/h2>\n<p>[\/vc_column_text][vc_single_image image=&#8221;12538&#8243; img_size=&#8221;medium&#8221; alignment=&#8221;center&#8221; css=&#8221;&#8221;][vc_column_text css=&#8221;&#8221;]Frank&amp;Oli is a company that was born out of a passion for sports and a love for healthy food. We put our whole heart and the best ingredients into our products. We create well-thought-out recipes in which every ingredient has a purpose \u2013 to replenish vitamins and minerals, provide energy or improve well-being.<\/p>\n<h2><a href=\"https:\/\/www.polandtastesgood.pl\/en\/producenci-zywnosci\/frankoli\/\">read more<\/a><\/h2>\n<p>[\/vc_column_text][\/vc_column][\/vc_row][vc_row][vc_column width=&#8221;1\/3&#8243;][vc_column_text css=&#8221;&#8221;]<\/p>\n<h2>Doti Sp\u00f3\u0142ka Jawna Manufaktura D.M. Mroczkowscy<\/h2>\n<p>[\/vc_column_text][vc_single_image image=&#8221;7202&#8243; img_size=&#8221;medium&#8221; alignment=&#8221;center&#8221; css=&#8221;&#8221;][vc_column_text css=&#8221;&#8221;]DOTI is a family-owned chocolates factory specialising in producing delicious chocolate covered fruit and nuts. The company was established over 30 years ago and since then has been making premium chocolates under Doti brand.<\/p>\n<h2><a href=\"https:\/\/www.polandtastesgood.pl\/en\/producenci-zywnosci\/doti\/\">read more<\/a><\/h2>\n<p>[\/vc_column_text][\/vc_column][vc_column width=&#8221;1\/3&#8243;][vc_column_text css=&#8221;&#8221;]<\/p>\n<h2>Soligrano<\/h2>\n<p>[\/vc_column_text][vc_single_image image=&#8221;12859&#8243; img_size=&#8221;medium&#8221; alignment=&#8221;center&#8221; css=&#8221;&#8221;][vc_column_text css=&#8221;&#8221;]We are a family-owned company that produces grain-based foods. We specialize in organic products and have a wide range of organic products, including cereals from our own crops. We offer breakfast products, mixes for preparing plant-based burgers, for baking bread. We also offer our customers a wide selection of flours, groats and legumes. Soligrano also offers a Private Label service, which allows us to customize our products to our customers\u2019 brand.<\/p>\n<h2><a href=\"https:\/\/www.polandtastesgood.pl\/en\/producenci-zywnosci\/soligrano\/\">read more<\/a><\/h2>\n<p>[\/vc_column_text][\/vc_column][vc_column width=&#8221;1\/3&#8243;][vc_column_text css=&#8221;&#8221;]<\/p>\n<h2>PPH Okruszek<\/h2>\n<p>[\/vc_column_text][vc_single_image image=&#8221;13413&#8243; img_size=&#8221;medium&#8221; alignment=&#8221;center&#8221; css=&#8221;&#8221;][vc_column_text css=&#8221;&#8221;]<strong>PPH Okruszek<\/strong>\u00a0is a family company established in 1989. Our offer includes pasta, breadsticks, puffs, crisps, waffles and our new product \u2013 food pellets for snacks. Our company specialises in private labels and products commissioned by our customers. Continuous investment in new technologies allows us to develop, and thus expand our product portfolio and win new customers.<\/p>\n<h2><a href=\"https:\/\/www.polandtastesgood.pl\/en\/producenci-zywnosci\/p-p-h-okruszek-tomasz-jarosinski\/\">read more<\/a><\/h2>\n<p>[\/vc_column_text][\/vc_column][\/vc_row][vc_row][vc_column width=&#8221;1\/3&#8243;][vc_column_text css=&#8221;&#8221;]<\/p>\n<h2>Brze\u015b\u0107 Sipa<\/h2>\n<p>[\/vc_column_text][vc_single_image image=&#8221;6619&#8243; img_size=&#8221;medium&#8221; alignment=&#8221;center&#8221; css=&#8221;&#8221;][vc_column_text css=&#8221;&#8221;]BRZE\u015a\u0106 Sipa sp.k. is a family company that has been manufacturing since 1984. It\u00a0 produces confectionery and snacks based on steamed dough on fully automated lines. Its flagship product is puff straws in various flavours: with sugar, cinnamon, and seeds \u2013 Mini Eclairs and fillable puff pastries. Production is carried out in accordance with BRC, US FDA certification and meets Halal requirements.<\/p>\n<h2><a href=\"https:\/\/www.polandtastesgood.pl\/en\/producenci-zywnosci\/doti\/\">read more<\/a><\/h2>\n<p>[\/vc_column_text][\/vc_column][vc_column width=&#8221;1\/3&#8243;][vc_column_text css=&#8221;&#8221;]<\/p>\n<h2>Lestello sp. z o.o.<\/h2>\n<p>[\/vc_column_text][vc_single_image image=&#8221;16506&#8243; img_size=&#8221;medium&#8221; alignment=&#8221;center&#8221; css=&#8221;&#8221;][vc_column_text css=&#8221;&#8221;]We are the Polish company operating on the market since 1992. Our core business with a long-lasting tradition is packaging and production of cereal products. We are one of the leading producers of healthy food in Poland.<\/p>\n<h2><a href=\"https:\/\/www.polandtastesgood.pl\/en\/producenci-zywnosci\/lestello-sp-z-o-o\/\">read more<\/a><\/h2>\n<p>[\/vc_column_text][\/vc_column][vc_column width=&#8221;1\/3&#8243;][vc_column_text css=&#8221;&#8221;]<\/p>\n<h2>Magnat<\/h2>\n<p>[\/vc_column_text][vc_single_image image=&#8221;12239&#8243; img_size=&#8221;medium&#8221; alignment=&#8221;center&#8221; css=&#8221;&#8221;][vc_column_text css=&#8221;&#8221;]FPH Magnat was established in 1994. Our business has changed significantly from the beginnings to the present day, with the expansion of the company\u2019s product range, number of employees and \u2013 our greatest pride \u2013 the number of foreign clients. This would not have been possible without our participation \u2013 for over 15 years \u2013 in many international confectionery and food trade fairs. Our best-known product are pralines with a cherry in liqueur.<\/p>\n<h2><a href=\"https:\/\/www.polandtastesgood.pl\/en\/producenci-zywnosci\/magnat-sp-j\/\">read more<\/a><\/h2>\n<p>[\/vc_column_text][\/vc_column][\/vc_row][vc_row][vc_column width=&#8221;1\/3&#8243;][vc_column_text css=&#8221;&#8221;]<\/p>\n<h2>Adikam<\/h2>\n<p>[\/vc_column_text][vc_single_image image=&#8221;19725&#8243; img_size=&#8221;medium&#8221; alignment=&#8221;center&#8221; css=&#8221;&#8221;][vc_column_text css=&#8221;&#8221;]ADIKAM is the Polish producer of chocolate confectionery.\u00a0Since we are keeping quality as our priority, our chocolate factory continues to develop and modernise.<\/p>\n<p>The state-of-the-art production line allows us controlling quality of the products on the thorough and on-going basis, including also when we handle large volumes. Therefore we are prepared to commence wide-scale cooperation.<\/p>\n<h2><a href=\"https:\/\/www.polandtastesgood.pl\/en\/producenci-zywnosci\/adikam\/\">read more<\/a><\/h2>\n<p>[\/vc_column_text][\/vc_column][vc_column width=&#8221;1\/3&#8243;][vc_column_text css=&#8221;&#8221;]<\/p>\n<h2>Piedmont Cookies<\/h2>\n<p>[\/vc_column_text][vc_single_image image=&#8221;18016&#8243; img_size=&#8221;medium&#8221; alignment=&#8221;center&#8221; css=&#8221;&#8221;][vc_column_text css=&#8221;&#8221;]PIEDMONT COOKIES specialises in baking biscuits, especially shortbread and wafer rolls with and without filling. We bake various type of shortbread according to our proven recipe in a modern plant in Prosz\u00f3wki near Bochnia. We constantly expand our range of products with new treats including crackers in recent years.<\/p>\n<h2><a href=\"https:\/\/www.polandtastesgood.pl\/en\/producenci-zywnosci\/lestello-sp-z-o-o\/\">read more<\/a><\/h2>\n<p>[\/vc_column_text][\/vc_column][vc_column width=&#8221;1\/3&#8243;][vc_column_text css=&#8221;&#8221;]<\/p>\n<h2>Blueberry Roasters<\/h2>\n<p>[\/vc_column_text][vc_single_image image=&#8221;21223&#8243; img_size=&#8221;medium&#8221; alignment=&#8221;center&#8221; css=&#8221;&#8221;][vc_column_text css=&#8221;&#8221;]For many years, we have been roasting fresh coffee, creating special blends with unique flavours and selecting beans from the best plantations around the world. We place the utmost importance on choosing suppliers to ensure that the beans are always of the highest quality. This way, you can be assured of receiving only the best coffee from us. Blueberry Roasters coffee mainly includes single-origin coffees, consisting of 100% Arabica beans from more than ten different countries. It is also available with an organic certification.<\/p>\n<h2><a href=\"https:\/\/www.polandtastesgood.pl\/en\/producenci-zywnosci\/blueberry-roasters\/\">read more<\/a><\/h2>\n<p>[\/vc_column_text][\/vc_column][\/vc_row][vc_row][vc_column width=&#8221;1\/3&#8243;][vc_column_text css=&#8221;&#8221;]<\/p>\n<h2><strong>Rolnicza Sp\u00f3\u0142dzielnia Produkcyjna<br \/>\nZ\u0141OTOK\u0141OS<\/strong><\/h2>\n<p>[\/vc_column_text][vc_single_image image=&#8221;17413&#8243; img_size=&#8221;medium&#8221; alignment=&#8221;center&#8221; css=&#8221;&#8221;][vc_column_text css=&#8221;&#8221;]The Z\u0142otok\u0142os cooperative, founded in 1978, specialises in producing shortbread biscuits and fudge. Its range includes shortbread biscuits, biscuits with grains, glazed biscuits, biscuits with fillings, sugar-free biscuits, and various types of fudge, including milk, butter, cocoa, and strawberry.<\/p>\n<h2><a href=\"https:\/\/www.polandtastesgood.pl\/en\/producenci-zywnosci\/doti\/\">read more<\/a><\/h2>\n<p>[\/vc_column_text][\/vc_column][vc_column width=&#8221;1\/3&#8243;][vc_column_text css=&#8221;&#8221;]<\/p>\n<h2>Fabryka Cukiernicza Kopernik<\/h2>\n<p>[\/vc_column_text][vc_single_image image=&#8221;13251&#8243; img_size=&#8221;medium&#8221; alignment=&#8221;center&#8221; css=&#8221;&#8221;][vc_column_text css=&#8221;&#8221;]FABRYKA CUKIERNICZA KOPERNIK S.A. is the oldest confectionery factory in Poland\u2026and one of the oldest in Europe. Since its inception, the company has been specialising in the production of the world-famous and beloved Toru\u0144skie Pierniki\u00ae (Toru\u0144 gingerbread). Our offer also includes waffles and cookies. All our products are manufactured exclusively in our factory in Toru\u0144, based on original, closely guarded recipes passed down from generation to generation.<\/p>\n<h2><a href=\"https:\/\/www.polandtastesgood.pl\/en\/producenci-zywnosci\/lestello-sp-z-o-o\/\">read more<\/a><\/h2>\n<p>[\/vc_column_text][\/vc_column][\/vc_row][vc_row][vc_column width=&#8221;1\/3&#8243;][vc_column_text css=&#8221;&#8221;]<\/p>\n<h2>Sp\u00f3\u0142dzielnia &#8220;POK\u00d3J&#8221;<\/h2>\n<p>[\/vc_column_text][\/vc_column][vc_column width=&#8221;1\/3&#8243;][vc_column_text css=&#8221;&#8221;]<\/p>\n<h2>Me Gusto<\/h2>\n<p>[\/vc_column_text][\/vc_column][vc_column width=&#8221;1\/3&#8243;][vc_column_text css=&#8221;&#8221;]<\/p>\n<h2>Polder<\/h2>\n<p>[\/vc_column_text][\/vc_column][\/vc_row][vc_row][vc_column width=&#8221;1\/3&#8243;][vc_column_text css=&#8221;&#8221;]<\/p>\n<h2>P.W. &#8220;MAT&#8221; Marzena Tkaczuk<\/h2>\n<p>[\/vc_column_text][\/vc_column][vc_column width=&#8221;1\/3&#8243;][vc_column_text css=&#8221;&#8221;]<\/p>\n<h2>Emix<\/h2>\n<p>[\/vc_column_text][\/vc_column][vc_column width=&#8221;1\/3&#8243;][vc_column_text css=&#8221;&#8221;]<\/p>\n<h2>Balviten Glutenfree sp. z o.o. sp.k.<\/h2>\n<p>[\/vc_column_text][\/vc_column][\/vc_row][vc_row][vc_column width=&#8221;1\/3&#8243;][vc_column_text css=&#8221;&#8221;]<\/p>\n<h2>Nerano Group<\/h2>\n<p>[\/vc_column_text][\/vc_column][vc_column width=&#8221;1\/3&#8243;][vc_column_text css=&#8221;&#8221;]<\/p>\n<h2>Pasieka \u0141yso\u0144<\/h2>\n<p>[\/vc_column_text][\/vc_column][vc_column width=&#8221;1\/3&#8243;][vc_column_text css=&#8221;&#8221;]<\/p>\n<h2>TBM Snacks<\/h2>\n<p>[\/vc_column_text][\/vc_column][\/vc_row][vc_row][vc_column width=&#8221;1\/3&#8243;][vc_column_text css=&#8221;&#8221;]<\/p>\n<h2>Union Chocolate<\/h2>\n<p>[\/vc_column_text][\/vc_column][vc_column width=&#8221;1\/3&#8243;][vc_column_text css=&#8221;&#8221;]<\/p>\n<h2>Kaskat<\/h2>\n<p>[\/vc_column_text][\/vc_column][\/vc_row]<\/p>\n<\/div>","protected":false},"excerpt":{"rendered":"<p>[vc_row][vc_column width=&#8221;1\/4&#8243;][vc_single_image image=&#8221;36&#8243; img_size=&#8221;medium&#8221; css=&#8221;&#8221;][\/vc_column][vc_column width=&#8221;3\/4&#8243;][vc_column_text css=&#8221;&#8221;] ISM Cologne 2025 02-05 February 2025 [\/vc_column_text][\/vc_column][\/vc_row][vc_row][vc_column width=&#8221;1\/4&#8243;][vc_single_image image=&#8221;2159&#8243; img_size=&#8221;medium&#8221; onclick=&#8221;custom_link&#8221; css=&#8221;&#8221; link=&#8221;https:\/\/www.polandtastesgood.pl\/en\/producenci-zywnosci\/exemlary-profile\/&#8221;][\/vc_column][vc_column width=&#8221;3\/4&#8243;][vc_column_text css=&#8221;&#8221;] The National Support Centre for Agriculture (KOWR) is&#8230;<\/p>\n","protected":false},"author":16,"featured_media":0,"parent":0,"menu_order":0,"comment_status":"closed","ping_status":"closed","template":"","meta":{"_acf_changed":false,"footnotes":""},"acf":[],"_links":{"self":[{"href":"https:\/\/www.polandtastesgood.pl\/en\/wp-json\/wp\/v2\/pages\/22335"}],"collection":[{"href":"https:\/\/www.polandtastesgood.pl\/en\/wp-json\/wp\/v2\/pages"}],"about":[{"href":"https:\/\/www.polandtastesgood.pl\/en\/wp-json\/wp\/v2\/types\/page"}],"author":[{"embeddable":true,"href":"https:\/\/www.polandtastesgood.pl\/en\/wp-json\/wp\/v2\/users\/16"}],"replies":[{"embeddable":true,"href":"https:\/\/www.polandtastesgood.pl\/en\/wp-json\/wp\/v2\/comments?post=22335"}],"version-history":[{"count":19,"href":"https:\/\/www.polandtastesgood.pl\/en\/wp-json\/wp\/v2\/pages\/22335\/revisions"}],"predecessor-version":[{"id":33346,"href":"https:\/\/www.polandtastesgood.pl\/en\/wp-json\/wp\/v2\/pages\/22335\/revisions\/33346"}],"wp:attachment":[{"href":"https:\/\/www.polandtastesgood.pl\/en\/wp-json\/wp\/v2\/media?parent=22335"}],"curies":[{"name":"wp","href":"https:\/\/api.w.org\/{rel}","templated":true}]}}