{"id":22155,"date":"2025-01-12T17:05:49","date_gmt":"2025-01-12T16:05:49","guid":{"rendered":"https:\/\/www.polandtastesgood.pl\/?page_id=22155"},"modified":"2025-01-12T17:32:30","modified_gmt":"2025-01-12T16:32:30","slug":"internationale-grune-woche-2025-catalogue-of-exhibitors","status":"publish","type":"page","link":"https:\/\/www.polandtastesgood.pl\/en\/internationale-grune-woche-2025-catalogue-of-exhibitors\/","title":{"rendered":"Internationale Gr\u00fcne Woche 2025 &#8211; CATALOGUE OF EXHIBITORS"},"content":{"rendered":"<div class=\"wpb-content-wrapper\"><p>[vc_row][vc_column width=&#8221;1\/4&#8243;][vc_single_image image=&#8221;36&#8243; img_size=&#8221;medium&#8221; css=&#8221;&#8221;][\/vc_column][vc_column width=&#8221;3\/4&#8243;][vc_column_text css=&#8221;&#8221;]<\/p>\n<h1>Internationale Gr\u00fcne Woche 2025<\/h1>\n<h4>17-26 January 2025<\/h4>\n<p>[\/vc_column_text][\/vc_column][\/vc_row][vc_row][vc_column][vc_column_text css=&#8221;&#8221;]<\/p>\n<h1 style=\"text-align: center;\">CATALOGUE OF EXHIBITORS<\/h1>\n<p>[\/vc_column_text][\/vc_column][\/vc_row][vc_row][vc_column][vc_separator css=&#8221;&#8221;][\/vc_column][\/vc_row][vc_row][vc_column width=&#8221;1\/4&#8243;][vc_single_image image=&#8221;2159&#8243; img_size=&#8221;medium&#8221; onclick=&#8221;custom_link&#8221; css=&#8221;&#8221; link=&#8221;https:\/\/www.polandtastesgood.pl\/en\/producenci-zywnosci\/exemlary-profile\/&#8221;][\/vc_column][vc_column width=&#8221;3\/4&#8243;][vc_column_text css=&#8221;&#8221;]<\/p>\n<div class=\"wpb_text_column wpb_content_element\">\n<div class=\"wpb_wrapper\">\n<p>The <strong>National Support Centre for Agriculture (KOWR)<\/strong> is a Polish governmental agency, supervised by the <strong>Minister of Agriculture and Rural Development<\/strong>.<\/p>\n<p>The KOWR is the main institution implementing promotion measures in the agri-food sector in Poland.<\/p>\n<p>A strong brand of Polish food products is built under a common slogan: \u201cPolska tastes good\u201d. Building a positive image and recognition of Polish food abroad under the \u201cPOLAND TASTES GOOD\u201d brand is one of the main tasks of the National Center for Agricultural Support.<\/p>\n<\/div>\n<\/div>\n<p>[\/vc_column_text][\/vc_column][\/vc_row][vc_row][vc_column][vc_separator css=&#8221;&#8221;][\/vc_column][\/vc_row][vc_row][vc_column width=&#8221;1\/3&#8243;][vc_column_text css=&#8221;&#8221;]<\/p>\n<h2>Zmiany Zmiany<\/h2>\n<p>[\/vc_column_text][vc_single_image image=&#8221;22018&#8243; img_size=&#8221;medium&#8221; alignment=&#8221;center&#8221; css=&#8221;&#8221;][vc_column_text css=&#8221;&#8221;]Zmiany Zmiany is a leader on the Polish market of natural snacks, offering top-quality batons combining health, perfect taste and energy. Our mission is to supply products supporting healthy lifestyle, allowing no exceptions in terms of quality and flavour.<\/p>\n<h2><a href=\"https:\/\/www.polandtastesgood.pl\/en\/producenci-zywnosci\/zmiany-zmiany\/\" target=\"_blank\" rel=\"noopener\">read more<\/a><\/h2>\n<p>[\/vc_column_text][\/vc_column][vc_column width=&#8221;1\/3&#8243;][vc_column_text css=&#8221;&#8221;]<\/p>\n<h2>MICROFOOD<\/h2>\n<p>[\/vc_column_text][vc_single_image image=&#8221;7917&#8243; img_size=&#8221;medium&#8221; alignment=&#8221;center&#8221; css=&#8221;&#8221;][vc_column_text css=&#8221;&#8221;]<strong>MicroFood S.A.<\/strong>\u00a0is a family company based in Ostrzesz\u00f3w, operating since 2011. We produce snacks of dried fruits and vegetables under the Puffins brand. This year, we have extended our offer with dried cheeses. Our products are dried using the puffing method, in low temperature and at lowered pressure. This makes our Puffins dried fruits, vegetables or cheeses distinguished by their unique crunchiness.<\/p>\n<h2><a href=\"https:\/\/www.polandtastesgood.pl\/en\/producenci-zywnosci\/microfood-s-a\/\" target=\"_blank\" rel=\"noopener\">read more<\/a><\/h2>\n<p>[\/vc_column_text][\/vc_column][vc_column width=&#8221;1\/3&#8243;][vc_column_text css=&#8221;&#8221;]<\/p>\n<h2>\u017bUR PISKOREK<\/h2>\n<p>[\/vc_column_text][vc_single_image image=&#8221;22111&#8243; img_size=&#8221;medium&#8221; alignment=&#8221;center&#8221; css=&#8221;&#8221;][vc_column_text css=&#8221;&#8221;]In our family, we have cared of flavour for generations. It was the flavour, which has invited us all to the table. Our family memories are associated with flavour. We have shared it since 1938. Our leavened sour soups and borsches are known to all Polish families, who share meals \u2013 for everyday and on special occasions.<\/p>\n<h2><a href=\"https:\/\/www.polandtastesgood.pl\/en\/producenci-zywnosci\/zur-piskorek-sp-z-o-o\/\" target=\"_blank\" rel=\"noopener\">read more<\/a><\/h2>\n<p>[\/vc_column_text][\/vc_column][\/vc_row][vc_row][vc_column][vc_separator css=&#8221;&#8221;][\/vc_column][\/vc_row][vc_row][vc_column width=&#8221;1\/3&#8243;][vc_column_text css=&#8221;&#8221;]<\/p>\n<h2>OSM Grodzisk Mazowiecki<\/h2>\n<p>[\/vc_column_text][vc_single_image image=&#8221;22163&#8243; img_size=&#8221;medium&#8221; alignment=&#8221;center&#8221; css=&#8221;&#8221;][vc_column_text css=&#8221;&#8221;]Okr\u0119gowa Sp\u00f3\u0142dzielnia Mleczarska w Grodzisku Mazowieckim (The District Dairy Cooperative in Grodzisk Mazowiecki) commenced its operation in 1944 and has been producing top quality dairy products enjoying the continuing, highest repute of our consumers for 80 years. Our product portfolio includes mozzarella cheeses, natural and smoked curds, kefirs and buttermilks, cream and ayran.<\/p>\n<h2><a href=\"https:\/\/www.polandtastesgood.pl\/en\/producenci-zywnosci\/okregowa-spoldzielnia-mleczarska-w-grodzisku-mazowieckim\/\" target=\"_blank\" rel=\"noopener\">read more<\/a><\/h2>\n<p>[\/vc_column_text][\/vc_column][vc_column width=&#8221;1\/3&#8243;][vc_column_text css=&#8221;&#8221;]<\/p>\n<h2 class=\"entry-title\">Pasieka Mu\u017cakowska<\/h2>\n<p>[\/vc_column_text][vc_single_image image=&#8221;21923&#8243; img_size=&#8221;medium&#8221; alignment=&#8221;center&#8221; css=&#8221;&#8221;][vc_column_text css=&#8221;&#8221;]<strong>Pasieka Mu\u017cakowska<\/strong>\u00a0is located at the territory of the Muskau Park entered into the UNESCO World Heritage List. With continuing passion, it has been producing honeys and apiculture products, including pollen, propolis, wax and beebread for 3 generations. \u00a0We specialise in quality honeys and our heather honey is considered one of its kind.<\/p>\n<h2><a href=\"https:\/\/www.polandtastesgood.pl\/en\/producenci-zywnosci\/pasieka-muzakowska\/\" target=\"_blank\" rel=\"noopener\">read more<\/a><\/h2>\n<p>[\/vc_column_text][\/vc_column][vc_column width=&#8221;1\/3&#8243;][vc_column_text css=&#8221;&#8221;]<\/p>\n<h2>Centrum Pszczelarskie \u0141ukasiewicz<\/h2>\n<p>[\/vc_column_text][vc_single_image image=&#8221;21722&#8243; img_size=&#8221;medium&#8221; alignment=&#8221;center&#8221; css=&#8221;&#8221;][vc_column_text css=&#8221;&#8221;]The\u00a0<strong>Centrum Pszczelarskie \u0141ukasiewicz<\/strong>\u00a0company sells all types of apiculture products. The customers may purchase natural honeys, honeys with natural additives, pollen, beebread, propolis, royal jelly, as well as natural cosmetics based on honey and apiculture products, beeswax candles and many other items. We make all efforts to ensure top quality of our products. The company\u2019s activity includes also the sale of all types of beekeeper equipment.<\/p>\n<h2><a href=\"https:\/\/www.polandtastesgood.pl\/en\/producenci-zywnosci\/centrum-pszczelarskie-lukasiewicz-sp-z-o-o\/\" target=\"_blank\" rel=\"noopener\">read more<\/a><\/h2>\n<p>[\/vc_column_text][\/vc_column][\/vc_row][vc_row][vc_column][vc_separator css=&#8221;&#8221;][\/vc_column][\/vc_row][vc_row][vc_column width=&#8221;1\/3&#8243;][vc_column_text css=&#8221;&#8221;]<\/p>\n<h2>MANUFAKTURA GRYFON &#8211; JASTARNIA<\/h2>\n<p>[\/vc_column_text][vc_single_image image=&#8221;22176&#8243; img_size=&#8221;medium&#8221; alignment=&#8221;center&#8221; css=&#8221;&#8221;][\/vc_column][vc_column width=&#8221;1\/3&#8243;][vc_column_text css=&#8221;&#8221;]<\/p>\n<h2>Cheborek (pierogi)<\/h2>\n<p>[\/vc_column_text][\/vc_column][\/vc_row]<\/p>\n<\/div>","protected":false},"excerpt":{"rendered":"<p>[vc_row][vc_column width=&#8221;1\/4&#8243;][vc_single_image image=&#8221;36&#8243; img_size=&#8221;medium&#8221; css=&#8221;&#8221;][\/vc_column][vc_column width=&#8221;3\/4&#8243;][vc_column_text css=&#8221;&#8221;] Internationale Gr\u00fcne Woche 2025 17-26 January 2025 [\/vc_column_text][\/vc_column][\/vc_row][vc_row][vc_column][vc_column_text css=&#8221;&#8221;] CATALOGUE OF EXHIBITORS [\/vc_column_text][\/vc_column][\/vc_row][vc_row][vc_column][vc_separator css=&#8221;&#8221;][\/vc_column][\/vc_row][vc_row][vc_column width=&#8221;1\/4&#8243;][vc_single_image image=&#8221;2159&#8243; img_size=&#8221;medium&#8221; onclick=&#8221;custom_link&#8221; css=&#8221;&#8221; link=&#8221;https:\/\/www.polandtastesgood.pl\/en\/producenci-zywnosci\/exemlary-profile\/&#8221;][\/vc_column][vc_column width=&#8221;3\/4&#8243;][vc_column_text css=&#8221;&#8221;] The&#8230;<\/p>\n","protected":false},"author":9,"featured_media":10643,"parent":0,"menu_order":0,"comment_status":"closed","ping_status":"closed","template":"","meta":{"_acf_changed":false,"footnotes":""},"acf":[],"_links":{"self":[{"href":"https:\/\/www.polandtastesgood.pl\/en\/wp-json\/wp\/v2\/pages\/22155"}],"collection":[{"href":"https:\/\/www.polandtastesgood.pl\/en\/wp-json\/wp\/v2\/pages"}],"about":[{"href":"https:\/\/www.polandtastesgood.pl\/en\/wp-json\/wp\/v2\/types\/page"}],"author":[{"embeddable":true,"href":"https:\/\/www.polandtastesgood.pl\/en\/wp-json\/wp\/v2\/users\/9"}],"replies":[{"embeddable":true,"href":"https:\/\/www.polandtastesgood.pl\/en\/wp-json\/wp\/v2\/comments?post=22155"}],"version-history":[{"count":8,"href":"https:\/\/www.polandtastesgood.pl\/en\/wp-json\/wp\/v2\/pages\/22155\/revisions"}],"predecessor-version":[{"id":22204,"href":"https:\/\/www.polandtastesgood.pl\/en\/wp-json\/wp\/v2\/pages\/22155\/revisions\/22204"}],"wp:featuredmedia":[{"embeddable":true,"href":"https:\/\/www.polandtastesgood.pl\/en\/wp-json\/wp\/v2\/media\/10643"}],"wp:attachment":[{"href":"https:\/\/www.polandtastesgood.pl\/en\/wp-json\/wp\/v2\/media?parent=22155"}],"curies":[{"name":"wp","href":"https:\/\/api.w.org\/{rel}","templated":true}]}}