{"id":22355,"date":"2025-01-14T14:53:39","date_gmt":"2025-01-14T13:53:39","guid":{"rendered":"https:\/\/www.polandtastesgood.pl\/?page_id=22355"},"modified":"2025-01-15T09:23:35","modified_gmt":"2025-01-15T08:23:35","slug":"ism-cologne-2025-ausstellerkatalog","status":"publish","type":"page","link":"https:\/\/www.polandtastesgood.pl\/de\/ism-cologne-2025-ausstellerkatalog\/","title":{"rendered":"ISM Cologne 2025 &#8211; AUSSTELLERKATALOG"},"content":{"rendered":"<div class=\"wpb-content-wrapper\"><p>[vc_row][vc_column width=&#8220;1\/4&#8243;][vc_single_image image=&#8220;36&#8243; img_size=&#8220;medium&#8220; css=&#8220;&#8220;][\/vc_column][vc_column width=&#8220;3\/4&#8243;][vc_column_text css=&#8220;&#8220;]<\/p>\n<h1>ISM Cologne 2025<\/h1>\n<h4>02-05 February 2025<\/h4>\n<p>[\/vc_column_text][\/vc_column][\/vc_row][vc_row][vc_column width=&#8220;1\/4&#8243;][vc_single_image image=&#8220;2159&#8243; img_size=&#8220;medium&#8220; onclick=&#8220;custom_link&#8220; css=&#8220;&#8220; link=&#8220;https:\/\/www.polandtastesgood.pl\/en\/producenci-zywnosci\/exemlary-profile\/&#8220;][\/vc_column][vc_column width=&#8220;3\/4&#8243;][vc_column_text css=&#8220;&#8220;]<\/p>\n<div class=\"wpb_text_column wpb_content_element\">\n<div class=\"wpb_wrapper\">\n<p>Das <strong>Nationale Zentrum f\u00fcr die F\u00f6rderung der Landwirtschaft<\/strong> ist eine Regierungsagentur unter der Aufsicht des <strong>Ministeriums f\u00fcr Landwirtschaft und l\u00e4ndliche Entwicklung<\/strong>.<\/p>\n<p>Das KOWR ist in Polen die zentrale Stelle, die Werbeinstrumente im Agrar- und Lebensmittelsektor implementiert. Unsere Aufgabe ist es, polnische Hersteller und Exporteure von Lebensmittelprodukten zu unterst\u00fctzen.<\/p>\n<p>Unter dem gemeinsamen Motto ,,Polska smakuje\u201d \/ \u201ePoland tastes good\u201d wird eine starke Marke f\u00fcr polnische Lebensmittelprodukte entwickelt. Der Aufbau eines positiven Images und der Wiedererkennbarkeit polnischer Lebensmittel im Ausland unter der Marke \u201ePOLAND TASTES GOOD\u201c ist eine der Hauptaufgaben des Nationalen Zentrums f\u00fcr die F\u00f6rderung der Landwirtschaft.<\/p>\n<\/div>\n<\/div>\n<p>[\/vc_column_text][\/vc_column][\/vc_row][vc_row][vc_column][vc_column_text css=&#8220;&#8220;]\u00a0[\/vc_column_text][\/vc_column][\/vc_row][vc_row][vc_column][vc_column_text css=&#8220;&#8220;]<\/p>\n<h1><\/h1>\n<h1 style=\"text-align: center;\"><span style=\"font-size: 36pt;\">AUSSTELLERKATALOG<\/span><\/h1>\n<h1 style=\"text-align: center;\"><\/h1>\n<p>[\/vc_column_text][\/vc_column][\/vc_row][vc_row][vc_column][vc_column_text css=&#8220;&#8220;]\u00a0[\/vc_column_text][\/vc_column][\/vc_row][vc_row][vc_column width=&#8220;1\/3&#8243;][vc_column_text css=&#8220;&#8220;]<\/p>\n<h2>Kupiec sp. z o.o.<\/h2>\n<p>[\/vc_column_text][vc_single_image image=&#8220;12740&#8243; img_size=&#8220;medium&#8220; alignment=&#8220;center&#8220; css=&#8220;&#8220;][vc_column_text css=&#8220;&#8220;]Wir sind ein polnisches Familienunternehmen, das seit mehr als 30 Jahren auf dem Markt bekannt ist.<\/p>\n<p>In unserer Fabrik werden mehr als 200 verschiedene Produkte f\u00fcr unsere Marke und f\u00fcr Eigenmarken hergestellt. Wir kreieren innovative und nat\u00fcrliche Produkte. Dabei setzen wir sowohl auf moderne Produktionsmethoden als auch auf die Qualit\u00e4t der Rohwaren. Wir sind einer der gr\u00f6\u00dften Hersteller von gesunden Lebensmitteln in Polen.<\/p>\n<h2><a href=\"https:\/\/www.polandtastesgood.pl\/de\/producenci-zywnosci\/kupiec-sp-z-o-o\/\">read more<\/a><\/h2>\n<p>[\/vc_column_text][\/vc_column][vc_column width=&#8220;1\/3&#8243;][vc_column_text css=&#8220;&#8220;]<\/p>\n<h2>Zak\u0142ady Przemys\u0142u Cukierniczego &#8222;SKAWA&#8220; S.A.<\/h2>\n<p>[\/vc_column_text][vc_single_image image=&#8220;8856&#8243; img_size=&#8220;medium&#8220; alignment=&#8220;center&#8220; css=&#8220;&#8220;][vc_column_text css=&#8220;&#8220;]Die S\u00fc\u00dfwarenbetriebe\u00a0<strong>Zak\u0142ady Przemys\u0142u Cukierniczego SKAWA SA<\/strong>\u00a0bieten hochwertige Produkte aus nat\u00fcrlichen, nicht gentechnisch ver\u00e4nderten Rohstoffen. Das Unternehmen produziert Waffeln ohne und mit \u00dcberguss, mit Schokolade gef\u00fcllte Lebkuchen, Kekse und Dragees \u2013\u00a0 alles in vielen Geschmacksrichtungen und verschiedenen Servierformen.<\/p>\n<h2><a href=\"https:\/\/www.polandtastesgood.pl\/de\/producenci-zywnosci\/zpc-skawa-sa\/\">read more<\/a><\/h2>\n<p>[\/vc_column_text][\/vc_column][vc_column width=&#8220;1\/3&#8243;][vc_column_text css=&#8220;&#8220;]<\/p>\n<h2>Fabryka Cukierk\u00f3w &#8222;Pszcz\u00f3\u0142ka&#8220; sp. z o.o.<\/h2>\n<p>[\/vc_column_text][vc_single_image image=&#8220;18109&#8243; img_size=&#8220;medium&#8220; alignment=&#8220;center&#8220; css=&#8220;&#8220;][vc_column_text css=&#8220;&#8220;]Fabryka Cukierk\u00f3w \u201ePSZCZ\u00d3\u0141KA\u201c ist derzeit einer der gr\u00f6\u00dften S\u00fc\u00dfwarenhersteller in Polen. Wir produzieren Schokoladenbonbons, Pralinen, Gelees, harte und gef\u00fcllte Karamellen sowie Toffees unter unseren beiden Marken: \u201ePszcz\u00f3\u0142ka\u201c und \u201eDolce Amo\u201c. Dar\u00fcber hinaus entwickeln wir auch Eigenmarken f\u00fcr unsere Kunden weltweit.<\/p>\n<h2><a href=\"https:\/\/www.polandtastesgood.pl\/de\/producenci-zywnosci\/fabryka-cukierkow-pszczolka-sp-z-o-o\/\">read more<\/a><\/h2>\n<p>[\/vc_column_text][\/vc_column][\/vc_row][vc_row][vc_column width=&#8220;1\/3&#8243;][vc_column_text css=&#8220;&#8220;]<\/p>\n<h2>GRAN-PIK Liwocz sp. z o.o.<\/h2>\n<p>[\/vc_column_text][vc_single_image image=&#8220;7344&#8243; img_size=&#8220;medium&#8220; alignment=&#8220;center&#8220; css=&#8220;&#8220;][vc_column_text css=&#8220;&#8220;]GRAN-PIK Liwocz produziert und vertreibt eine breite Palette von S\u00fc\u00dfigkeiten (\u00fcber 100 verschiedene Produkte): Lebkuchen, Biskuit-Kekse, Brezeln sowie Lutscher und Bonbons. Um den wachsenden Erwartungen der Verbraucher gerecht zu werden, bringt das Unternehmen st\u00e4ndig neue Produkte auf den Markt.<\/p>\n<h2><a href=\"https:\/\/www.polandtastesgood.pl\/de\/producenci-zywnosci\/gran-pik-liwocz\/\">read more<\/a><\/h2>\n<p>[\/vc_column_text][\/vc_column][vc_column width=&#8220;1\/3&#8243;][vc_column_text css=&#8220;&#8220;]<\/p>\n<h2>MLB Biotrade Sp. z o.o.<\/h2>\n<p>[\/vc_column_text][vc_single_image image=&#8220;18919&#8243; img_size=&#8220;medium&#8220; alignment=&#8220;center&#8220; css=&#8220;&#8220;][vc_column_text css=&#8220;&#8220;]MLB Biotrade liefert Fachwissen im Bereich der Gefriertrocknung f\u00fcr die Lebensmittelindustrie. Wir bieten gefriergetrocknete, organische Fr\u00fcchte und Gem\u00fcse in St\u00fccken und Pulverform an, 100 % nat\u00fcrlich, ohne Zusatzstoffe. Unsere Forschungs- und Entwicklungsabteilung unterst\u00fctzt Kunden bei der Entwicklung innovativer gefriergetrockneter Konzepte, wie Smoothie-Pulver oder Snacks in Form von P\u00fcree.<\/p>\n<h2><a href=\"https:\/\/www.polandtastesgood.pl\/de\/producenci-zywnosci\/mlb-bio-trade-sp-z-o-o\/\">read more<\/a><\/h2>\n<p>[\/vc_column_text][\/vc_column][vc_column width=&#8220;1\/3&#8243;][vc_column_text css=&#8220;&#8220;]<\/p>\n<h2>Frank&amp;Oli sp. z o.o.<\/h2>\n<p>[\/vc_column_text][vc_single_image image=&#8220;12538&#8243; img_size=&#8220;medium&#8220; alignment=&#8220;center&#8220; css=&#8220;&#8220;][vc_column_text css=&#8220;&#8220;]Frank&amp;Oli ist ein Unternehmen, das aus der Leidenschaft f\u00fcr Sport und der Liebe zu gesunder Ern\u00e4hrung entstanden ist. \u00a0In unsere Produkte stecken wir unser ganzes Herz und die besten Zutaten. Wir kreieren durchdachte Rezepte, in denen jede Zutat einen Zweck erf\u00fcllt \u2013 um Vitamine und Mineralien zu erg\u00e4nzen, Energie zu liefern oder das Wohlbefinden zu verbessern.<\/p>\n<h2><a href=\"https:\/\/www.polandtastesgood.pl\/de\/producenci-zywnosci\/frankoli\/\">read more<\/a><\/h2>\n<p>[\/vc_column_text][\/vc_column][\/vc_row][vc_row][vc_column width=&#8220;1\/3&#8243;][vc_column_text css=&#8220;&#8220;]<\/p>\n<h2>Doti Sp\u00f3\u0142ka Jawna Manufaktura D.M. Mroczkowscy<\/h2>\n<p>[\/vc_column_text][vc_single_image image=&#8220;7202&#8243; img_size=&#8220;medium&#8220; alignment=&#8220;center&#8220; css=&#8220;&#8220;][vc_column_text css=&#8220;&#8220;]DOTI ist eine Familienschokoladenfabrik, die sich auf die Herstellung von k\u00f6stlichen Fr\u00fcchten und N\u00fcssen in Schokolade spezialisiert hat. Das Unternehmen wurde vor \u00fcber 30 Jahren gegr\u00fcndet und produziert seitdem Premium-Pralinen unter der Marke Doti.<\/p>\n<h2><a href=\"https:\/\/www.polandtastesgood.pl\/de\/producenci-zywnosci\/doti\/\">read more<\/a><\/h2>\n<p>[\/vc_column_text][\/vc_column][vc_column width=&#8220;1\/3&#8243;][vc_column_text css=&#8220;&#8220;]<\/p>\n<h2>Soligrano<\/h2>\n<p>[\/vc_column_text][vc_single_image image=&#8220;12859&#8243; img_size=&#8220;medium&#8220; alignment=&#8220;center&#8220; css=&#8220;&#8220;][vc_column_text css=&#8220;&#8220;]Wir sind ein Familienunternehmen, das Getreideprodukte herstellt. Wir haben uns auf Bioprodukte spezialisiert und verf\u00fcgen \u00fcber eine breite Palette an Bioprodukten, darunter auch Getreide aus eigenem Anbau. Wir bieten Fr\u00fchst\u00fccksprodukte, Mischungen f\u00fcr die Zubereitung pflanzlicher Burger und zum Brotbacken an. Au\u00dferdem bieten wir unseren Kunden eine gro\u00dfe Auswahl an Mehlen, Gr\u00fctzen und H\u00fclsenfr\u00fcchten. Soligrano bietet auch einen Private-Label-Service an, der es uns erm\u00f6glicht, unsere Produkte an die Marke unserer Kunden anzupassen.<\/p>\n<h2><a href=\"https:\/\/www.polandtastesgood.pl\/de\/producenci-zywnosci\/soligrano\/\">read more<\/a><\/h2>\n<p>[\/vc_column_text][\/vc_column][vc_column width=&#8220;1\/3&#8243;][vc_column_text css=&#8220;&#8220;]<\/p>\n<h2>PPH Okruszek<\/h2>\n<p>[\/vc_column_text][vc_single_image image=&#8220;13413&#8243; img_size=&#8220;medium&#8220; alignment=&#8220;center&#8220; css=&#8220;&#8220;][vc_column_text css=&#8220;&#8220;]PPH Okruszek ist ein Familienunternehmen, das seit 1989 besteht. Unser Angebot umfasst Nudeln, Grissini, ger\u00f6stetes Brot, Chips und Waffeln sowie ein neues Produkt \u2013 Lebensmittelpellets f\u00fcr Snacks. Wir sind auf die Herstellung von Eigenmarken und Auftragsproduktionen spezialisiert. Kontinuierliche Investitionen in neue Technologien erm\u00f6glichen es uns, uns weiterzuentwickeln, so dass wir unser Produktportfolio stets erweitern und neue Kunden gewinnen.<\/p>\n<h2><a href=\"https:\/\/www.polandtastesgood.pl\/de\/producenci-zywnosci\/p-p-h-okruszek-tomasz-jarosinski\/\">read more<\/a><\/h2>\n<p>[\/vc_column_text][\/vc_column][\/vc_row][vc_row][vc_column width=&#8220;1\/3&#8243;][vc_column_text css=&#8220;&#8220;]<\/p>\n<h2>Brze\u015b\u0107 Sipa<\/h2>\n<p>[\/vc_column_text][vc_single_image image=&#8220;6619&#8243; img_size=&#8220;medium&#8220; alignment=&#8220;center&#8220; css=&#8220;&#8220;][vc_column_text css=&#8220;&#8220;]BRZE\u015a\u0106 Sipa sp.k. ist ein Familienunternehmen, das seit 1984 auf die Herstellung von S\u00fc\u00dfwaren und Snacks auf der Basis Brandteig spezialisiert ist, die in vollautomatischen Anlagen hergestellt werden. Das Flaggschiff-Produkt ist eine Brandteigstange in verschiedenen Geschmacksrichtungen; mit Zucker, Zimt, K\u00f6rnern \u2013 Mini Eclairs und Windbeutel zum F\u00fcllen. Die Herstellung erfolgt in \u00dcbereinstimmung mit BRC, U.S. FDA und erf\u00fcllt die Halal-Anforderungen.<\/p>\n<h2><a href=\"https:\/\/www.polandtastesgood.pl\/de\/producenci-zywnosci\/brzesc-sipa-sp-k\/\">read more<\/a><\/h2>\n<p>[\/vc_column_text][\/vc_column][vc_column width=&#8220;1\/3&#8243;][vc_column_text css=&#8220;&#8220;]<\/p>\n<h2>Lestello sp. z o.o.<\/h2>\n<p>[\/vc_column_text][vc_single_image image=&#8220;16506&#8243; img_size=&#8220;medium&#8220; alignment=&#8220;center&#8220; css=&#8220;&#8220;][vc_column_text css=&#8220;&#8220;]Wir sind ein polnisches Unternehmen, das seit 1992 auf dem Markt t\u00e4tig ist. Die Kernaktivit\u00e4t unseres Unternehmens mit langer Tradition ist die Verpackung und Herstellung von Getreideprodukten. Wir sind einer der wichtigsten Hersteller von gesunden Lebensmitteln in Polen.<\/p>\n<h2><a href=\"https:\/\/www.polandtastesgood.pl\/de\/producenci-zywnosci\/lestello-sp-z-o-o\/\">read more<\/a><\/h2>\n<p>[\/vc_column_text][\/vc_column][vc_column width=&#8220;1\/3&#8243;][vc_column_text css=&#8220;&#8220;]<\/p>\n<h2>Magnat<\/h2>\n<p>[\/vc_column_text][vc_single_image image=&#8220;12239&#8243; img_size=&#8220;medium&#8220; alignment=&#8220;center&#8220; css=&#8220;&#8220;][vc_column_text css=&#8220;&#8220;]Die Firma FPH Magnat wurde im Jahre 1994 gegr\u00fcndet. Seit Beginn ihrer T\u00e4tigkeit bis zum heutigen Tag hat sich die Art ihrer T\u00e4tigkeit erheblich ver\u00e4ndert, da die Firma ihr Portfolio, die Anzahl der Mitarbeiter und \u2013 worauf wir am meisten stolz sind \u2013 die Anzahl der ausl\u00e4ndischen Kunden vergr\u00f6\u00dfert hat. Dies w\u00e4re ohne die Teilnahme an vielen internationalen S\u00fc\u00dfwaren- und Lebensmittelmessen, auf denen wir seit \u00fcber 15 Jahren pr\u00e4sent sind, nicht m\u00f6glich gewesen. Unser bekanntestes Produkt sind Pralinen mit Kirsche in Lik\u00f6r.<\/p>\n<h2><a href=\"https:\/\/www.polandtastesgood.pl\/de\/producenci-zywnosci\/magnat-sp-j\/\">read more<\/a><\/h2>\n<p>[\/vc_column_text][\/vc_column][\/vc_row][vc_row][vc_column width=&#8220;1\/3&#8243;][vc_column_text css=&#8220;&#8220;]<\/p>\n<h2>Adikam<\/h2>\n<p>[\/vc_column_text][vc_single_image image=&#8220;19725&#8243; img_size=&#8220;medium&#8220; alignment=&#8220;center&#8220; css=&#8220;&#8220;][vc_column_text css=&#8220;&#8220;]ADIKAM ist ein polnischer Hersteller von Schokoladenprodukten.<\/p>\n<p>Qualit\u00e4t betrachten wir als eine Priorit\u00e4t, weshalb unsere Schokoladenfabrik einer st\u00e4ndigen Entwicklung und Modernisierung unterliegt.<\/p>\n<p>Dank unserer modernen Produktionslinie kontrollieren wir kontinuierlich und sorgf\u00e4ltig die Qualit\u00e4t der Produkte, auch bei der Herstellung gro\u00dfer Volumen. Wir sind daher bereit, gro\u00dfangelegte Kooperationen einzugehen.<\/p>\n<h2><a href=\"https:\/\/www.polandtastesgood.pl\/de\/producenci-zywnosci\/adikam\/\">read more<\/a><\/h2>\n<p>[\/vc_column_text][\/vc_column][vc_column width=&#8220;1\/3&#8243;][vc_column_text css=&#8220;&#8220;]<\/p>\n<h2>Piedmont Cookies<\/h2>\n<p>[\/vc_column_text][vc_single_image image=&#8220;18016&#8243; img_size=&#8220;medium&#8220; alignment=&#8220;center&#8220; css=&#8220;&#8220;][vc_column_text css=&#8220;&#8220;]PIEDMONT COOKIES ist auf das Backen von Keksen spezialisiert, insbesondere von M\u00fcrbeteiggeb\u00e4ck und Waffelr\u00f6llchen mit und ohne F\u00fcllung. In unserem modernen Fabrik in Prosz\u00f3wki bei Bochnia backen wir verschiedene Arten von M\u00fcrbeteigkeksen nach unserem bew\u00e4hrten Rezeptur. Wir ruhen uns jedoch nicht auf unseren Lorbeeren aus; unser Sortiment wird st\u00e4ndig um neue K\u00f6stlichkeiten erweitert. In den letzten Jahren haben wir unser Angebot um neue S\u00fc\u00dfwarenprodukte, darunter Cracker, erweitert.<\/p>\n<h2><a href=\"https:\/\/www.polandtastesgood.pl\/de\/producenci-zywnosci\/piedmont-cookies-andrzej-bloniarczyk\/\">read more<\/a><\/h2>\n<p>[\/vc_column_text][\/vc_column][vc_column width=&#8220;1\/3&#8243;][vc_column_text css=&#8220;&#8220;]<\/p>\n<h2>Blueberry Roasters<\/h2>\n<p>[\/vc_column_text][vc_single_image image=&#8220;21223&#8243; img_size=&#8220;medium&#8220; alignment=&#8220;center&#8220; css=&#8220;&#8220;][vc_column_text css=&#8220;&#8220;]Seit vielen Jahren r\u00f6sten wir frischen Kaffee, kreieren spezielle Mischungen mit einzigartigen Geschmacksnoten und w\u00e4hlen Bohnen aus den besten Plantagen weltweit aus. Wir legen gr\u00f6\u00dften Wert auf die Auswahl unserer Lieferanten, um sicherzustellen, dass die Bohnen immer von h\u00f6chster Qualit\u00e4t sind. So k\u00f6nnen Sie sicher sein, von uns nur den besten Kaffee zu erhalten. Der Kaffee von Blueberry Roasters umfasst haupts\u00e4chlich Single-Origin-Kaffees, die zu 100 % aus Arabica-Bohnen aus mehr als zehn verschiedenen L\u00e4ndern bestehen. Er ist auch mit einer Bio-Zertifizierung erh\u00e4ltlich.<\/p>\n<h2><a href=\"https:\/\/www.polandtastesgood.pl\/de\/producenci-zywnosci\/blueberry-roasters\/\">read more<\/a><\/h2>\n<p>[\/vc_column_text][\/vc_column][\/vc_row][vc_row][vc_column width=&#8220;1\/3&#8243;][vc_column_text css=&#8220;&#8220;]<\/p>\n<h2><strong>Rolnicza Sp\u00f3\u0142dzielnia Produkcyjna<br \/>\nZ\u0141OTOK\u0141OS<\/strong><\/h2>\n<p>[\/vc_column_text][vc_single_image image=&#8220;17413&#8243; img_size=&#8220;medium&#8220; alignment=&#8220;center&#8220; css=&#8220;&#8220;][vc_column_text css=&#8220;&#8220;]Die Genossenschaft Z\u0142otok\u0142os wurde 1978 gegr\u00fcndet. Wir sind ein Hersteller von Butterkeksen und Fudge. Unsere Produktpalette umfasst M\u00fcrbekekse, K\u00f6rnerkekse, glasierte Kekse, gef\u00fcllte Kekse, Kekse ohne Zuckerzusatz sowie Milch-, Butter-, Kakao- und Erdbeer-Fudge.<\/p>\n<h2><a href=\"https:\/\/www.polandtastesgood.pl\/de\/producenci-zywnosci\/rsp-zlotoklos\/\">read more<\/a><\/h2>\n<p>[\/vc_column_text][\/vc_column][vc_column width=&#8220;1\/3&#8243;][vc_column_text css=&#8220;&#8220;]<\/p>\n<h2>Fabryka Cukiernicza Kopernik<\/h2>\n<p>[\/vc_column_text][vc_single_image image=&#8220;13251&#8243; img_size=&#8220;medium&#8220; alignment=&#8220;center&#8220; css=&#8220;&#8220;][vc_column_text css=&#8220;&#8220;]FABRYKA CUKIERNICZA KOPERNIK S.A. IST DIE \u00c4LTESTE S\u00dcSSWARENFABRIK IN POLEN<\/p>\n<p>und eine der \u00e4ltesten in Europa. Von Anfang unseres Bestehens an spezialisieren wir uns auf die Produktion von weltweit bekannten und geliebten Toru\u0144er Lebkuchen Toru\u0144skie Pierniki\u00ae. Unser Angebot umfasst auch Waffeln und Kekse. Alle unsere Produkte werden ausschlie\u00dflich in unserer Fabrik in Toru\u0144 nach originalen, sorgf\u00e4ltig geh\u00fcteten Rezepten hergestellt, die von Generation zu Generation weitergegeben werden.<\/p>\n<h2><a href=\"https:\/\/www.polandtastesgood.pl\/de\/producenci-zywnosci\/fabryka-cukiernicza-kopernik-s-a\/\">read more<\/a><\/h2>\n<p>[\/vc_column_text][\/vc_column][\/vc_row][vc_row][vc_column width=&#8220;1\/3&#8243;][vc_column_text css=&#8220;&#8220;]<\/p>\n<h2>Sp\u00f3\u0142dzielnia &#8222;POK\u00d3J&#8220;<\/h2>\n<p>[\/vc_column_text][\/vc_column][vc_column width=&#8220;1\/3&#8243;][vc_column_text css=&#8220;&#8220;]<\/p>\n<h2>Me Gusto<\/h2>\n<p>[\/vc_column_text][\/vc_column][vc_column width=&#8220;1\/3&#8243;][vc_column_text css=&#8220;&#8220;]<\/p>\n<h2>Polder<\/h2>\n<p>[\/vc_column_text][\/vc_column][\/vc_row][vc_row][vc_column width=&#8220;1\/3&#8243;][vc_column_text css=&#8220;&#8220;]<\/p>\n<h2>P.W. &#8222;MAT&#8220; Marzena Tkaczuk<\/h2>\n<p>[\/vc_column_text][\/vc_column][vc_column width=&#8220;1\/3&#8243;][vc_column_text css=&#8220;&#8220;]<\/p>\n<h2>Emix<\/h2>\n<p>[\/vc_column_text][\/vc_column][vc_column width=&#8220;1\/3&#8243;][vc_column_text css=&#8220;&#8220;]<\/p>\n<h2>Balviten Glutenfree sp. z o.o. sp.k.<\/h2>\n<p>[\/vc_column_text][\/vc_column][\/vc_row][vc_row][vc_column width=&#8220;1\/3&#8243;][vc_column_text css=&#8220;&#8220;]<\/p>\n<h2>Nerano Group<\/h2>\n<p>[\/vc_column_text][\/vc_column][vc_column width=&#8220;1\/3&#8243;][vc_column_text css=&#8220;&#8220;]<\/p>\n<h2>Pasieka \u0141yso\u0144<\/h2>\n<p>[\/vc_column_text][\/vc_column][vc_column width=&#8220;1\/3&#8243;][vc_column_text css=&#8220;&#8220;]<\/p>\n<h2>TBM Snacks<\/h2>\n<p>[\/vc_column_text][\/vc_column][\/vc_row][vc_row][vc_column width=&#8220;1\/3&#8243;][vc_column_text css=&#8220;&#8220;]<\/p>\n<h2>Union Chocolate<\/h2>\n<p>[\/vc_column_text][\/vc_column][vc_column width=&#8220;1\/3&#8243;][vc_column_text css=&#8220;&#8220;]<\/p>\n<h2>Kaskat<\/h2>\n<p>[\/vc_column_text][\/vc_column][\/vc_row]<\/p>\n<\/div>","protected":false},"excerpt":{"rendered":"<p>[vc_row][vc_column width=&#8220;1\/4&#8243;][vc_single_image image=&#8220;36&#8243; img_size=&#8220;medium&#8220; css=&#8220;&#8220;][\/vc_column][vc_column width=&#8220;3\/4&#8243;][vc_column_text css=&#8220;&#8220;] ISM Cologne 2025 02-05 February 2025 [\/vc_column_text][\/vc_column][\/vc_row][vc_row][vc_column width=&#8220;1\/4&#8243;][vc_single_image image=&#8220;2159&#8243; img_size=&#8220;medium&#8220; onclick=&#8220;custom_link&#8220; css=&#8220;&#8220; link=&#8220;https:\/\/www.polandtastesgood.pl\/en\/producenci-zywnosci\/exemlary-profile\/&#8220;][\/vc_column][vc_column width=&#8220;3\/4&#8243;][vc_column_text css=&#8220;&#8220;] Das Nationale Zentrum f\u00fcr die F\u00f6rderung der Landwirtschaft&#8230;<\/p>\n","protected":false},"author":16,"featured_media":0,"parent":0,"menu_order":0,"comment_status":"closed","ping_status":"closed","template":"","meta":{"_acf_changed":false,"footnotes":""},"acf":[],"_links":{"self":[{"href":"https:\/\/www.polandtastesgood.pl\/de\/wp-json\/wp\/v2\/pages\/22355"}],"collection":[{"href":"https:\/\/www.polandtastesgood.pl\/de\/wp-json\/wp\/v2\/pages"}],"about":[{"href":"https:\/\/www.polandtastesgood.pl\/de\/wp-json\/wp\/v2\/types\/page"}],"author":[{"embeddable":true,"href":"https:\/\/www.polandtastesgood.pl\/de\/wp-json\/wp\/v2\/users\/16"}],"replies":[{"embeddable":true,"href":"https:\/\/www.polandtastesgood.pl\/de\/wp-json\/wp\/v2\/comments?post=22355"}],"version-history":[{"count":10,"href":"https:\/\/www.polandtastesgood.pl\/de\/wp-json\/wp\/v2\/pages\/22355\/revisions"}],"predecessor-version":[{"id":22366,"href":"https:\/\/www.polandtastesgood.pl\/de\/wp-json\/wp\/v2\/pages\/22355\/revisions\/22366"}],"wp:attachment":[{"href":"https:\/\/www.polandtastesgood.pl\/de\/wp-json\/wp\/v2\/media?parent=22355"}],"curies":[{"name":"wp","href":"https:\/\/api.w.org\/{rel}","templated":true}]}}