{"id":1163,"date":"2021-02-14T18:22:58","date_gmt":"2021-02-14T17:22:58","guid":{"rendered":"https:\/\/www.polandtastesgood.pl\/o-projekcie\/produkty\/"},"modified":"2025-01-23T11:22:39","modified_gmt":"2025-01-23T10:22:39","slug":"produkty","status":"publish","type":"page","link":"https:\/\/www.polandtastesgood.pl\/de\/o-projekcie\/produkty\/","title":{"rendered":"Polnische Lebensmittel"},"content":{"rendered":"<div class=\"wpb-content-wrapper\"><p>[vc_row][vc_column width=&#8220;1\/2&#8243;][vc_column_text]Polen ist einer der f\u00fchrenden Produzenten von Agrarerzeugnissen und Lebensmittelprodukten in der Europ\u00e4ischen Union und weltweit.<\/p>\n<p>Polnische Lebensmittel sind hochwertig, sicher, nat\u00fcrlich und lecker.[\/vc_column_text][\/vc_column][vc_column width=&#8220;1\/2&#8243;]<div class=\"image-with-cover\"><img decoding=\"async\" src=\"https:\/\/www.polandtastesgood.pl\/wp-content\/uploads\/2021\/04\/spizarnia2-1024x805.jpg\" class=\"img-fluid\" alt=\"Polnische Lebensmittel\" \/><\/div>[\/vc_column][\/vc_row][vc_row][vc_column]<div class=\"food-section\"><div class=\"featured-list\"><div class=\"featured-list-row row mb-4 pb-1\"><div class=\"col-12 col-md-6 col-lg-3\"><a href=\"#\"><span class=\"featured-list-thumb d-block\" style=\"background-image: url('https:\/\/www.polandtastesgood.pl\/wp-content\/uploads\/2021\/04\/1-MIESO-1-150x150.jpg');\"><img decoding=\"async\" src=\"https:\/\/www.polandtastesgood.pl\/wp-content\/uploads\/2021\/04\/1-MIESO-1-150x150.jpg\" alt=\"Fleisch \u2013 Gefl\u00fcgel-, Rind-, Schweinefleisch \"\/><\/span><\/a><\/div><div class=\"col-12 col-md-6 col-lg-9\"><h3 class=\"m-0 mx-sm-4 my-sm-4\">Fleisch \u2013 Gefl\u00fcgel-, Rind-, Schweinefleisch <\/h3><p>Polen hat vielf\u00e4ltige Traditionen bei der Erzeugung von Gefl\u00fcgel-, Rind- und Schweinefleisch. Seit 2014 sind wir der gr\u00f6\u00dfte Gefl\u00fcgelfleischproduzent in der EU. Polnisches Fleisch zeichnet sich durch hohe Qualit\u00e4t und perfekten Geschmack aus. Um die h\u00f6chste Produktqualit\u00e4t zu garantieren, wird ein Gro\u00dfteil des Fleischs in Polen im Rahmen nationaler Lebensmittelqualit\u00e4tssysteme erzeugt, wie: Pork Quality System (PQS), Quality Assurance for Food Products (QAFP) oder Quality Meat Program (QMP). Polen blickt zudem auf eine lange Tradition der Wurstwarenherstellung zur\u00fcck \u2013 W\u00fcrste (insbesondere die weltweit beliebten Cabanossi), Schinken, Lenden, Speck und Pasteten.<\/p><\/div><\/div><div class=\"featured-list-row row mb-4 pb-1\"><div class=\"col-12 col-md-6 col-lg-3\"><a href=\"#\"><span class=\"featured-list-thumb d-block\" style=\"background-image: url('https:\/\/www.polandtastesgood.pl\/wp-content\/uploads\/2021\/04\/2.-MLEKO-I-PRODUKTY-MLECZNE-1-150x150.jpg');\"><img decoding=\"async\" src=\"https:\/\/www.polandtastesgood.pl\/wp-content\/uploads\/2021\/04\/2.-MLEKO-I-PRODUKTY-MLECZNE-1-150x150.jpg\" alt=\"Milch und Milchprodukte\"\/><\/span><\/a><\/div><div class=\"col-12 col-md-6 col-lg-9\"><h3 class=\"m-0 mx-sm-4 my-sm-4\">Milch und Milchprodukte<\/h3><p>Die polnische Milchindustrie arbeitet mit Technologien auf absolutem Weltniveau.\nDie gr\u00f6\u00dfte Rolle beim Export von Milchprodukten aus Polen spielen K\u00e4se und Quark \u2013 hier nimmt Polen als Produzent weltweit den sechsten und innerhalb der EU den f\u00fcnften Rang ein.<\/p><\/div><\/div><div class=\"featured-list-row row mb-4 pb-1\"><div class=\"col-12 col-md-6 col-lg-3\"><a href=\"#\"><span class=\"featured-list-thumb d-block\" style=\"background-image: url('https:\/\/www.polandtastesgood.pl\/wp-content\/uploads\/2021\/04\/Zdjecia-studyjne-zestaw-owocow-miekkich-150x150.jpg');\"><img decoding=\"async\" src=\"https:\/\/www.polandtastesgood.pl\/wp-content\/uploads\/2021\/04\/Zdjecia-studyjne-zestaw-owocow-miekkich-150x150.jpg\" alt=\"Obst und Gem\u00fcse\"\/><\/span><\/a><\/div><div class=\"col-12 col-md-6 col-lg-9\"><h3 class=\"m-0 mx-sm-4 my-sm-4\">Obst und Gem\u00fcse<\/h3><p>\u00c4pfel sind ein polnischer Exporthit. Die Produktion der polnischen Obst- und Gem\u00fcsebauern bildet die Grundlage f\u00fcr die verarbeitende Industrie im Land. Zu den wichtigsten Produkten dieses Industriezweigs geh\u00f6ren Apfelsaftkonzentrat und hochwertige Obst- und Gem\u00fcses\u00e4fte. Polen geh\u00f6rt au\u00dferdem zu den f\u00fchrenden Herstellern von tiefgefrorenem Obst und Gem\u00fcse innerhalb der EU.<\/p><\/div><\/div><div class=\"featured-list-row row mb-4 pb-1\"><div class=\"col-12 col-md-6 col-lg-3\"><a href=\"#\"><span class=\"featured-list-thumb d-block\" style=\"background-image: url('https:\/\/www.polandtastesgood.pl\/wp-content\/uploads\/2021\/04\/Zdjecia-studyjne-chleb-razowy-lancucki-1-150x150.jpg');\"><img decoding=\"async\" src=\"https:\/\/www.polandtastesgood.pl\/wp-content\/uploads\/2021\/04\/Zdjecia-studyjne-chleb-razowy-lancucki-1-150x150.jpg\" alt=\"Verarbeitetete Getreideprodukte\"\/><\/span><\/a><\/div><div class=\"col-12 col-md-6 col-lg-9\"><h3 class=\"m-0 mx-sm-4 my-sm-4\">Verarbeitetete Getreideprodukte<\/h3><p>Die B\u00e4ckerindustrie bietet neben traditionellen Produkten auch u.a. Backwaren mit l\u00e4ngerem Haltbarkeitsdatum, Toast- und Kn\u00e4ckebrot, Hamburger- und Hot-Dog-Br\u00f6tchen sowie speziell verpackte Halbfertigprodukte zum Fertigbacken zuhause und tiefgefrorenes Geb\u00e4ck f\u00fcr die Gastronomie an. Weltweit finden auch polnische Nudeln Absatz.<\/p><\/div><\/div><div class=\"featured-list-row row mb-4 pb-1\"><div class=\"col-12 col-md-6 col-lg-3\"><a href=\"#\"><span class=\"featured-list-thumb d-block\" style=\"background-image: url('https:\/\/www.polandtastesgood.pl\/wp-content\/uploads\/2021\/04\/Zdjecia-studyjne-miod-spadziowy-150x150.jpg');\"><img decoding=\"async\" src=\"https:\/\/www.polandtastesgood.pl\/wp-content\/uploads\/2021\/04\/Zdjecia-studyjne-miod-spadziowy-150x150.jpg\" alt=\"Honig\"\/><\/span><\/a><\/div><div class=\"col-12 col-md-6 col-lg-9\"><h3 class=\"m-0 mx-sm-4 my-sm-4\">Honig<\/h3><p>Polen ist der f\u00fcnftgr\u00f6\u00dfte Honigproduzent der Europ\u00e4ischen Union. Honig aus Polen z\u00e4hlt zu den wertvollsten Gaben der Natur. Er zeichnet sich durch vielf\u00e4ltige Sorten und einzigartige sensorische und gesundheitsf\u00f6rdernde Eigenschaften aus. Dank der einzigartigen Vorz\u00fcge wird polnischer Honig auch auf den M\u00e4rkten im Ausland immer beliebter.<\/p><\/div><\/div><div class=\"featured-list-row row mb-4 pb-1\"><div class=\"col-12 col-md-6 col-lg-3\"><a href=\"#\"><span class=\"featured-list-thumb d-block\" style=\"background-image: url('https:\/\/www.polandtastesgood.pl\/wp-content\/uploads\/2021\/04\/6.-WYROBY-PIEKARNICZE-1-1-150x150.jpg');\"><img decoding=\"async\" src=\"https:\/\/www.polandtastesgood.pl\/wp-content\/uploads\/2021\/04\/6.-WYROBY-PIEKARNICZE-1-1-150x150.jpg\" alt=\"Schokoladenerzeugnisse und S\u00fc\u00dfigkeiten\"\/><\/span><\/a><\/div><div class=\"col-12 col-md-6 col-lg-9\"><h3 class=\"m-0 mx-sm-4 my-sm-4\">Schokoladenerzeugnisse und S\u00fc\u00dfigkeiten<\/h3><p>Polen ist einer der Marktf\u00fchrer bei der Herstellung von Schokoladenerzeugnissen in Europa. Das S\u00fc\u00dfwarenangebot aus Polen besticht durch die gro\u00dfe Auswahl und eine Vielzahl an Geschmacksrichtungen. Polen verkauft S\u00fc\u00dfwaren in mehr als 130 L\u00e4nder weltweit.<\/p><\/div><\/div><div class=\"featured-list-row row mb-4 pb-1\"><div class=\"col-12 col-md-6 col-lg-3\"><a href=\"#\"><span class=\"featured-list-thumb d-block\" style=\"background-image: url('https:\/\/www.polandtastesgood.pl\/wp-content\/uploads\/2021\/04\/EU_Organic_Logo-150x150.png');\"><img decoding=\"async\" src=\"https:\/\/www.polandtastesgood.pl\/wp-content\/uploads\/2021\/04\/EU_Organic_Logo-150x150.png\" alt=\"Bio-Lebensmittel\"\/><\/span><\/a><\/div><div class=\"col-12 col-md-6 col-lg-9\"><h3 class=\"m-0 mx-sm-4 my-sm-4\">Bio-Lebensmittel<\/h3><p>Polen ist ein dynamisch wachsender Hersteller von Bio-Lebensmitteln in der EU und weltweit. Die Gesamtanbaufl\u00e4che, die f\u00fcr die \u00f6kologische Landwirtschaft genutzt wird, bel\u00e4uft sich in Polen auf mehr als 500 Tsd. ha, was Polen den 9. Rang innerhalb der EU und den 19. weltweit verschafft. Auf dem gr\u00f6\u00dften Teil des Ackerlands, auf dem \u00d6ko-Landwirtschaft betrieben wird, wird Getreide angebaut. Mit mehr als 12 Tsd. Hektar belegt Polen in dieser Kategorie Platz 9 weltweit. Innerhalb der EU schafft es Polen hinsichtlich der Zahl der registrierten \u00d6ko-Landwirte auf Platz 7. Im Jahr 2019 gab es im Land mehr als 20 Tsd. \u00d6ko-Bauernh\u00f6fe. Die gr\u00f6\u00dfte Gruppe (mehr als 18 Tsd.) machten dabei Agrarerzeuger aus.<\/p><\/div><\/div><\/div><\/div><div><a class=\"btn btn-primary nf-element mt-3\" href=\"\/de\/wp-json\/wp\/v2\/pages\/1163?export_to=pdf&#038;module=polish_food&#038;lang=de_DE\"> Laden Sie alles als PDF herunter<\/a><\/div>[\/vc_column][\/vc_row]<\/p>\n<\/div>","protected":false},"excerpt":{"rendered":"<p>[vc_row][vc_column width=&#8220;1\/2&#8243;][vc_column_text]Polen ist einer der f\u00fchrenden Produzenten von Agrarerzeugnissen und Lebensmittelprodukten in der Europ\u00e4ischen Union und weltweit. Polnische Lebensmittel sind hochwertig, sicher, nat\u00fcrlich und lecker.[\/vc_column_text][\/vc_column][vc_column width=&#8220;1\/2&#8243;][\/vc_column][\/vc_row][vc_row][vc_column][\/vc_column][\/vc_row]<\/p>\n","protected":false},"author":10,"featured_media":0,"parent":1060,"menu_order":0,"comment_status":"closed","ping_status":"closed","template":"page-sidebar.php","meta":{"_acf_changed":false,"footnotes":""},"acf":[],"_links":{"self":[{"href":"https:\/\/www.polandtastesgood.pl\/de\/wp-json\/wp\/v2\/pages\/1163"}],"collection":[{"href":"https:\/\/www.polandtastesgood.pl\/de\/wp-json\/wp\/v2\/pages"}],"about":[{"href":"https:\/\/www.polandtastesgood.pl\/de\/wp-json\/wp\/v2\/types\/page"}],"author":[{"embeddable":true,"href":"https:\/\/www.polandtastesgood.pl\/de\/wp-json\/wp\/v2\/users\/10"}],"replies":[{"embeddable":true,"href":"https:\/\/www.polandtastesgood.pl\/de\/wp-json\/wp\/v2\/comments?post=1163"}],"version-history":[{"count":10,"href":"https:\/\/www.polandtastesgood.pl\/de\/wp-json\/wp\/v2\/pages\/1163\/revisions"}],"predecessor-version":[{"id":23836,"href":"https:\/\/www.polandtastesgood.pl\/de\/wp-json\/wp\/v2\/pages\/1163\/revisions\/23836"}],"up":[{"embeddable":true,"href":"https:\/\/www.polandtastesgood.pl\/de\/wp-json\/wp\/v2\/pages\/1060"}],"wp:attachment":[{"href":"https:\/\/www.polandtastesgood.pl\/de\/wp-json\/wp\/v2\/media?parent=1163"}],"curies":[{"name":"wp","href":"https:\/\/api.w.org\/{rel}","templated":true}]}}