{"id":1138,"date":"2021-02-14T18:27:34","date_gmt":"2021-02-14T17:27:34","guid":{"rendered":"https:\/\/www.polandtastesgood.pl\/o-projekcie\/zagraniczne-dzialania-promocyjne-kowr\/"},"modified":"2021-07-28T19:04:03","modified_gmt":"2021-07-28T17:04:03","slug":"zagraniczne-dzialania-promocyjne-kowr","status":"publish","type":"page","link":"https:\/\/www.polandtastesgood.pl\/de\/o-projekcie\/zagraniczne-dzialania-promocyjne-kowr\/","title":{"rendered":"PR-Kampagnen vom KOWR im Ausland"},"content":{"rendered":"<div class=\"wpb-content-wrapper\"><p>[vc_row][vc_column width=&#8220;1\/2&#8243;][vc_column_text]Das KOWR unterst\u00fctzt polnische Unternehmen aus dem Agrar- und Lebensmittelsektor bei der Eroberung neuer Absatzm\u00e4rkte und organisiert Wirtschaftsmissionen und nationale St\u00e4nde auf Lebensmittelmessen im Ausland. Die Unternehmer erhalten umfassende Unterst\u00fctzung: von organisatorischen Fragen (z.B. Transport und \u00dcbernachtung), \u00fcber die Organisation von Besuchen in Gesch\u00e4ften, bis hin zu Gesch\u00e4ftstreffen.<\/p>\n<p>Das KOWR steht polnischen Unternehmen zur Seite, organisiert Info-Veranstaltungen \u00fcber die wirtschaftlichen Bedingungen auf ausl\u00e4ndischen M\u00e4rkten und Reisen ausl\u00e4ndischer Importeure nach Polen.<br \/>\nDas KOWR organisiert und beteiligt sich an einer Reihe von PR-Aktivit\u00e4ten, bei denen polnische Lebensmittel und kulinarische Traditionen beworben werden, und nimmt an Ma\u00dfnahmen teil, die von polnischen Auslandsvertretungen und anderen Regierungseinrichtungen im Ausland zur F\u00f6rderung polnischer Qualit\u00e4tsprodukte veranstaltet werden.<\/p>\n<p>Das KOWR analysiert Informationen \u00fcber \u00c4nderungen der Bedingungen auf ausl\u00e4ndischen M\u00e4rkten und leitet diese weiter.<\/p>\n<p>Das KOWR unterst\u00fctzt au\u00dferdem brancheneigene und branchen\u00fcbergreifende Organisationen im Rahmen von PR- und Informationskampagnen mit Approbation der EU-Kommission im Rahmen der gemeinsamen Agrarpolitik.[\/vc_column_text][\/vc_column][vc_column width=&#8220;1\/2&#8243;][vc_single_image image=&#8220;1498&#8243; img_size=&#8220;full&#8220; alignment=&#8220;center&#8220;][\/vc_column][\/vc_row]<\/p>\n<\/div>","protected":false},"excerpt":{"rendered":"<p>[vc_row][vc_column width=&#8220;1\/2&#8243;][vc_column_text]Das KOWR unterst\u00fctzt polnische Unternehmen aus dem Agrar- und Lebensmittelsektor bei der Eroberung neuer Absatzm\u00e4rkte und organisiert Wirtschaftsmissionen und nationale St\u00e4nde auf Lebensmittelmessen im Ausland. Die Unternehmer erhalten umfassende&#8230;<\/p>\n","protected":false},"author":10,"featured_media":0,"parent":1060,"menu_order":0,"comment_status":"closed","ping_status":"closed","template":"page-sidebar.php","meta":{"_acf_changed":false,"footnotes":""},"acf":[],"_links":{"self":[{"href":"https:\/\/www.polandtastesgood.pl\/de\/wp-json\/wp\/v2\/pages\/1138"}],"collection":[{"href":"https:\/\/www.polandtastesgood.pl\/de\/wp-json\/wp\/v2\/pages"}],"about":[{"href":"https:\/\/www.polandtastesgood.pl\/de\/wp-json\/wp\/v2\/types\/page"}],"author":[{"embeddable":true,"href":"https:\/\/www.polandtastesgood.pl\/de\/wp-json\/wp\/v2\/users\/10"}],"replies":[{"embeddable":true,"href":"https:\/\/www.polandtastesgood.pl\/de\/wp-json\/wp\/v2\/comments?post=1138"}],"version-history":[{"count":4,"href":"https:\/\/www.polandtastesgood.pl\/de\/wp-json\/wp\/v2\/pages\/1138\/revisions"}],"predecessor-version":[{"id":2523,"href":"https:\/\/www.polandtastesgood.pl\/de\/wp-json\/wp\/v2\/pages\/1138\/revisions\/2523"}],"up":[{"embeddable":true,"href":"https:\/\/www.polandtastesgood.pl\/de\/wp-json\/wp\/v2\/pages\/1060"}],"wp:attachment":[{"href":"https:\/\/www.polandtastesgood.pl\/de\/wp-json\/wp\/v2\/media?parent=1138"}],"curies":[{"name":"wp","href":"https:\/\/api.w.org\/{rel}","templated":true}]}}