{"id":1060,"date":"2021-02-16T13:41:05","date_gmt":"2021-02-16T12:41:05","guid":{"rendered":"https:\/\/www.polandtastesgood.pl\/o-projekcie\/"},"modified":"2021-07-28T19:25:23","modified_gmt":"2021-07-28T17:25:23","slug":"o-projekcie","status":"publish","type":"page","link":"https:\/\/www.polandtastesgood.pl\/de\/o-projekcie\/","title":{"rendered":"\u00dcber das Projekt"},"content":{"rendered":"<div class=\"wpb-content-wrapper\"><p>[vc_row][vc_column width=&#8220;2\/3&#8243;][vc_column_text]Der Aufbau eines positiven Images und die Wiedererkennbarkeit polnischer Lebensmittel im Ausland unter der Marke \u201ePOLAND TASTES GOOD\u201c \/ \u201ePOLEN SCHMECKT\u201c ist eine der wichtigsten Aufgaben des Nationalen Zentrums f\u00fcr die F\u00f6rderung der Landwirtschaft (KOWR). Als Regierungsagentur unter der Aufsicht des Ministeriums f\u00fcr Landwirtschaft und l\u00e4ndliche Entwicklung ist das KOWR in Polen die zentrale Stelle, die Werbeinstrumente im Agrar- und Lebensmittelsektor implementiert.<\/p>\n<p>Die Marke \u201ePOLAND TASTES GOOD\u201d \/ \u201ePOLEN SCHMECKT\u201c ist ein echter Geschmacksgarant, ein Synonym f\u00fcr qualitativ hochwertige polnische Lebensmittel und die Antwort auf die wachsende Nachfrage nach gesunden Lebensmitteln, die in Harmonie mit der Umwelt und auf Grundlage traditioneller Technologien und Produktionsmethoden erzeugt werden.[\/vc_column_text][\/vc_column][vc_column width=&#8220;1\/3&#8243;][vc_single_image image=&#8220;2525&#8243; img_size=&#8220;full&#8220; alignment=&#8220;center&#8220;][vc_single_image image=&#8220;38&#8243; img_size=&#8220;full&#8220; alignment=&#8220;center&#8220;][\/vc_column][\/vc_row]<\/p>\n<\/div>","protected":false},"excerpt":{"rendered":"<p>[vc_row][vc_column width=&#8220;2\/3&#8243;][vc_column_text]Der Aufbau eines positiven Images und die Wiedererkennbarkeit polnischer Lebensmittel im Ausland unter der Marke \u201ePOLAND TASTES GOOD\u201c \/ \u201ePOLEN SCHMECKT\u201c ist eine der wichtigsten Aufgaben des Nationalen Zentrums&#8230;<\/p>\n","protected":false},"author":10,"featured_media":0,"parent":0,"menu_order":0,"comment_status":"closed","ping_status":"closed","template":"page-sidebar.php","meta":{"_acf_changed":false,"footnotes":""},"acf":[],"_links":{"self":[{"href":"https:\/\/www.polandtastesgood.pl\/de\/wp-json\/wp\/v2\/pages\/1060"}],"collection":[{"href":"https:\/\/www.polandtastesgood.pl\/de\/wp-json\/wp\/v2\/pages"}],"about":[{"href":"https:\/\/www.polandtastesgood.pl\/de\/wp-json\/wp\/v2\/types\/page"}],"author":[{"embeddable":true,"href":"https:\/\/www.polandtastesgood.pl\/de\/wp-json\/wp\/v2\/users\/10"}],"replies":[{"embeddable":true,"href":"https:\/\/www.polandtastesgood.pl\/de\/wp-json\/wp\/v2\/comments?post=1060"}],"version-history":[{"count":4,"href":"https:\/\/www.polandtastesgood.pl\/de\/wp-json\/wp\/v2\/pages\/1060\/revisions"}],"predecessor-version":[{"id":2533,"href":"https:\/\/www.polandtastesgood.pl\/de\/wp-json\/wp\/v2\/pages\/1060\/revisions\/2533"}],"wp:attachment":[{"href":"https:\/\/www.polandtastesgood.pl\/de\/wp-json\/wp\/v2\/media?parent=1060"}],"curies":[{"name":"wp","href":"https:\/\/api.w.org\/{rel}","templated":true}]}}